{"id":7610,"date":"2015-07-27T11:44:57","date_gmt":"2015-07-27T09:44:57","guid":{"rendered":"http:\/\/foliobooks.pl\/?post_type=product&#038;p=7610"},"modified":"2023-01-03T16:59:40","modified_gmt":"2023-01-03T15:59:40","slug":"sesame-spice","status":"publish","type":"product","link":"https:\/\/foliobooks.pl\/en\/shop\/sesame-spice\/","title":{"rendered":"Sesame &#038; Spice"},"content":{"rendered":"<p>Cinnamon, honey, dates, almonds, apples and pomegranate &#8211; these are all flavours that we have grown to love and, here in this stunning book, Anne Shooter has created cakes and bakes that celebrate these wonderful ingredients. Anne has always been inspired by her Jewish family &#8211; her grandmothers, mother and aunts who baked honey cake, almond cookies and cinnamon balls, challah bread and cheesecakes. In Sesame &amp; Spice, she gives these recipes a very modern interpretation to create her own collection of bakes for every occasion. A cinnamon coffee cake from the US via Eastern Europe, an apple and blackberry traybake, pomegranate drizzle cake from Jerusalem, flourless chocolate, pistachio and walnut brownies and a chocolate challah bread and butter pudding. But this is evolution, not revolution, and Anne has also kept precious family recipes for tahini cookies, smoked haddock pastries and the bagels and rye breads from her childhood. If you love baking, these recipes will take you on a delightful, delicious journey.<\/p>\n","protected":false},"excerpt":{"rendered":"<p>Cinnamon, honey, dates, almonds, apples and pomegranate &#8211; these are all flavours that we have grown to love and, here in this stunning book, Anne Shooter has created cakes and bakes that celebrate these wonderful ingredients. Anne has always been inspired by her Jewish family &#8211; her grandmothers, mother and aunts who baked honey cake,&#8230;<\/p>\n","protected":false},"featured_media":7609,"comment_status":"closed","ping_status":"closed","template":"","meta":[],"product_brand":[],"product_cat":[4518],"product_tag":[1010,1008,151],"class_list":{"0":"post-7610","1":"product","2":"type-product","3":"status-publish","4":"has-post-thumbnail","6":"product_cat-cookery-en","7":"product_tag-food-en","8":"product_tag-recipes-en","9":"product_tag-women","10":"pa_author_att-anne-shooter","11":"pa_cover-hardcover","12":"pa_format-19-x-25-cm-en","13":"pa_isbn-9781472223609-en","14":"pa_language-eng","15":"pa_pages-256-en-2","16":"pa_published-2015-06-01-en","17":"pa_publisher-headline-en","19":"first","20":"outofstock","21":"sale","22":"sold-individually","23":"shipping-taxable","24":"purchasable","25":"product-type-simple"},"yoast_head":"<!-- This site is optimized with the Yoast SEO plugin v27.4 - https:\/\/yoast.com\/product\/yoast-seo-wordpress\/ -->\n<title>Sesame &amp; Spice (Anne Shooter) - book \/ album - Folio<\/title>\n<meta name=\"description\" content=\"Wejd\u017a i kup ksi\u0105\u017ck\u0119 Sesame &amp; Spice autorstwa Anne Shooter wydan\u0105 przez Headline (2015-06-01) w formacie 19 x 25 cm (ISBN: 9781472223609). Zapraszamy!\" \/>\n<meta name=\"robots\" content=\"index, follow, max-snippet:-1, max-image-preview:large, max-video-preview:-1\" \/>\n<link rel=\"canonical\" href=\"https:\/\/foliobooks.pl\/en\/shop\/sesame-spice\/\" \/>\n<meta property=\"og:locale\" content=\"en_US\" \/>\n<meta property=\"og:type\" content=\"article\" \/>\n<meta property=\"og:title\" content=\"Sesame &amp; Spice (Anne Shooter) - book \/ album - Folio\" \/>\n<meta property=\"og:description\" content=\"Wejd\u017a i kup ksi\u0105\u017ck\u0119 Sesame &amp; Spice autorstwa Anne Shooter wydan\u0105 przez Headline (2015-06-01) w formacie 19 x 25 cm (ISBN: 9781472223609). Zapraszamy!\" \/>\n<meta property=\"og:url\" content=\"https:\/\/foliobooks.pl\/en\/shop\/sesame-spice\/\" \/>\n<meta property=\"og:site_name\" content=\"Folio\" \/>\n<meta property=\"article:modified_time\" content=\"2023-01-03T15:59:40+00:00\" \/>\n<meta property=\"og:image\" content=\"https:\/\/foliobooks.pl\/wp-content\/uploads\/2015\/07\/9781472223609.png\" \/>\n\t<meta property=\"og:image:width\" content=\"570\" \/>\n\t<meta property=\"og:image:height\" content=\"708\" \/>\n\t<meta property=\"og:image:type\" content=\"image\/png\" \/>\n<meta name=\"twitter:card\" content=\"summary_large_image\" \/>\n<meta name=\"twitter:label1\" content=\"Est. reading time\" \/>\n\t<meta name=\"twitter:data1\" content=\"1 minute\" \/>\n<script type=\"application\/ld+json\" class=\"yoast-schema-graph\">{\"@context\":\"https:\\\/\\\/schema.org\",\"@graph\":[{\"@type\":\"WebPage\",\"@id\":\"https:\\\/\\\/foliobooks.pl\\\/en\\\/shop\\\/sesame-spice\\\/\",\"url\":\"https:\\\/\\\/foliobooks.pl\\\/en\\\/shop\\\/sesame-spice\\\/\",\"name\":\"Sesame & Spice (Anne Shooter) - book \\\/ album - Folio\",\"isPartOf\":{\"@id\":\"https:\\\/\\\/foliobooks.pl\\\/en\\\/#website\"},\"primaryImageOfPage\":{\"@id\":\"https:\\\/\\\/foliobooks.pl\\\/en\\\/shop\\\/sesame-spice\\\/#primaryimage\"},\"image\":{\"@id\":\"https:\\\/\\\/foliobooks.pl\\\/en\\\/shop\\\/sesame-spice\\\/#primaryimage\"},\"thumbnailUrl\":\"https:\\\/\\\/foliobooks.pl\\\/wp-content\\\/uploads\\\/2015\\\/07\\\/9781472223609.png\",\"datePublished\":\"2015-07-27T09:44:57+00:00\",\"dateModified\":\"2023-01-03T15:59:40+00:00\",\"description\":\"Wejd\u017a i kup ksi\u0105\u017ck\u0119 Sesame & Spice autorstwa Anne Shooter wydan\u0105 przez Headline (2015-06-01) w formacie 19 x 25 cm (ISBN: 9781472223609). Zapraszamy!\",\"breadcrumb\":{\"@id\":\"https:\\\/\\\/foliobooks.pl\\\/en\\\/shop\\\/sesame-spice\\\/#breadcrumb\"},\"inLanguage\":\"en-US\",\"potentialAction\":[{\"@type\":\"ReadAction\",\"target\":[\"https:\\\/\\\/foliobooks.pl\\\/en\\\/shop\\\/sesame-spice\\\/\"]}]},{\"@type\":\"ImageObject\",\"inLanguage\":\"en-US\",\"@id\":\"https:\\\/\\\/foliobooks.pl\\\/en\\\/shop\\\/sesame-spice\\\/#primaryimage\",\"url\":\"https:\\\/\\\/foliobooks.pl\\\/wp-content\\\/uploads\\\/2015\\\/07\\\/9781472223609.png\",\"contentUrl\":\"https:\\\/\\\/foliobooks.pl\\\/wp-content\\\/uploads\\\/2015\\\/07\\\/9781472223609.png\",\"width\":570,\"height\":708},{\"@type\":\"BreadcrumbList\",\"@id\":\"https:\\\/\\\/foliobooks.pl\\\/en\\\/shop\\\/sesame-spice\\\/#breadcrumb\",\"itemListElement\":[{\"@type\":\"ListItem\",\"position\":1,\"name\":\"Strona g\u0142\u00f3wna\",\"item\":\"https:\\\/\\\/foliobooks.pl\\\/en\\\/\"},{\"@type\":\"ListItem\",\"position\":2,\"name\":\"Shop\",\"item\":\"https:\\\/\\\/foliobooks.pl\\\/en\\\/shop\\\/\"},{\"@type\":\"ListItem\",\"position\":3,\"name\":\"Sesame &#038; Spice\"}]},{\"@type\":\"WebSite\",\"@id\":\"https:\\\/\\\/foliobooks.pl\\\/en\\\/#website\",\"url\":\"https:\\\/\\\/foliobooks.pl\\\/en\\\/\",\"name\":\"Folio\",\"description\":\"Ksi\u0119garnia internetowa\",\"potentialAction\":[{\"@type\":\"SearchAction\",\"target\":{\"@type\":\"EntryPoint\",\"urlTemplate\":\"https:\\\/\\\/foliobooks.pl\\\/en\\\/?s={search_term_string}\"},\"query-input\":{\"@type\":\"PropertyValueSpecification\",\"valueRequired\":true,\"valueName\":\"search_term_string\"}}],\"inLanguage\":\"en-US\"}]}<\/script>\n<!-- \/ Yoast SEO plugin. -->","yoast_head_json":{"title":"Sesame & Spice (Anne Shooter) - book \/ album - Folio","description":"Wejd\u017a i kup ksi\u0105\u017ck\u0119 Sesame & Spice autorstwa Anne Shooter wydan\u0105 przez Headline (2015-06-01) w formacie 19 x 25 cm (ISBN: 9781472223609). Zapraszamy!","robots":{"index":"index","follow":"follow","max-snippet":"max-snippet:-1","max-image-preview":"max-image-preview:large","max-video-preview":"max-video-preview:-1"},"canonical":"https:\/\/foliobooks.pl\/en\/shop\/sesame-spice\/","og_locale":"en_US","og_type":"article","og_title":"Sesame & Spice (Anne Shooter) - book \/ album - Folio","og_description":"Wejd\u017a i kup ksi\u0105\u017ck\u0119 Sesame & Spice autorstwa Anne Shooter wydan\u0105 przez Headline (2015-06-01) w formacie 19 x 25 cm (ISBN: 9781472223609). Zapraszamy!","og_url":"https:\/\/foliobooks.pl\/en\/shop\/sesame-spice\/","og_site_name":"Folio","article_modified_time":"2023-01-03T15:59:40+00:00","og_image":[{"width":570,"height":708,"url":"https:\/\/foliobooks.pl\/wp-content\/uploads\/2015\/07\/9781472223609.png","type":"image\/png"}],"twitter_card":"summary_large_image","twitter_misc":{"Est. reading time":"1 minute"},"schema":{"@context":"https:\/\/schema.org","@graph":[{"@type":"WebPage","@id":"https:\/\/foliobooks.pl\/en\/shop\/sesame-spice\/","url":"https:\/\/foliobooks.pl\/en\/shop\/sesame-spice\/","name":"Sesame & Spice (Anne Shooter) - book \/ album - Folio","isPartOf":{"@id":"https:\/\/foliobooks.pl\/en\/#website"},"primaryImageOfPage":{"@id":"https:\/\/foliobooks.pl\/en\/shop\/sesame-spice\/#primaryimage"},"image":{"@id":"https:\/\/foliobooks.pl\/en\/shop\/sesame-spice\/#primaryimage"},"thumbnailUrl":"https:\/\/foliobooks.pl\/wp-content\/uploads\/2015\/07\/9781472223609.png","datePublished":"2015-07-27T09:44:57+00:00","dateModified":"2023-01-03T15:59:40+00:00","description":"Wejd\u017a i kup ksi\u0105\u017ck\u0119 Sesame & Spice autorstwa Anne Shooter wydan\u0105 przez Headline (2015-06-01) w formacie 19 x 25 cm (ISBN: 9781472223609). Zapraszamy!","breadcrumb":{"@id":"https:\/\/foliobooks.pl\/en\/shop\/sesame-spice\/#breadcrumb"},"inLanguage":"en-US","potentialAction":[{"@type":"ReadAction","target":["https:\/\/foliobooks.pl\/en\/shop\/sesame-spice\/"]}]},{"@type":"ImageObject","inLanguage":"en-US","@id":"https:\/\/foliobooks.pl\/en\/shop\/sesame-spice\/#primaryimage","url":"https:\/\/foliobooks.pl\/wp-content\/uploads\/2015\/07\/9781472223609.png","contentUrl":"https:\/\/foliobooks.pl\/wp-content\/uploads\/2015\/07\/9781472223609.png","width":570,"height":708},{"@type":"BreadcrumbList","@id":"https:\/\/foliobooks.pl\/en\/shop\/sesame-spice\/#breadcrumb","itemListElement":[{"@type":"ListItem","position":1,"name":"Strona g\u0142\u00f3wna","item":"https:\/\/foliobooks.pl\/en\/"},{"@type":"ListItem","position":2,"name":"Shop","item":"https:\/\/foliobooks.pl\/en\/shop\/"},{"@type":"ListItem","position":3,"name":"Sesame &#038; Spice"}]},{"@type":"WebSite","@id":"https:\/\/foliobooks.pl\/en\/#website","url":"https:\/\/foliobooks.pl\/en\/","name":"Folio","description":"Ksi\u0119garnia internetowa","potentialAction":[{"@type":"SearchAction","target":{"@type":"EntryPoint","urlTemplate":"https:\/\/foliobooks.pl\/en\/?s={search_term_string}"},"query-input":{"@type":"PropertyValueSpecification","valueRequired":true,"valueName":"search_term_string"}}],"inLanguage":"en-US"}]}},"_links":{"self":[{"href":"https:\/\/foliobooks.pl\/en\/wp-json\/wp\/v2\/product\/7610","targetHints":{"allow":["GET"]}}],"collection":[{"href":"https:\/\/foliobooks.pl\/en\/wp-json\/wp\/v2\/product"}],"about":[{"href":"https:\/\/foliobooks.pl\/en\/wp-json\/wp\/v2\/types\/product"}],"replies":[{"embeddable":true,"href":"https:\/\/foliobooks.pl\/en\/wp-json\/wp\/v2\/comments?post=7610"}],"wp:featuredmedia":[{"embeddable":true,"href":"https:\/\/foliobooks.pl\/en\/wp-json\/wp\/v2\/media\/7609"}],"wp:attachment":[{"href":"https:\/\/foliobooks.pl\/en\/wp-json\/wp\/v2\/media?parent=7610"}],"wp:term":[{"taxonomy":"product_brand","embeddable":true,"href":"https:\/\/foliobooks.pl\/en\/wp-json\/wp\/v2\/product_brand?post=7610"},{"taxonomy":"product_cat","embeddable":true,"href":"https:\/\/foliobooks.pl\/en\/wp-json\/wp\/v2\/product_cat?post=7610"},{"taxonomy":"product_tag","embeddable":true,"href":"https:\/\/foliobooks.pl\/en\/wp-json\/wp\/v2\/product_tag?post=7610"}],"curies":[{"name":"wp","href":"https:\/\/api.w.org\/{rel}","templated":true}]}}