{"id":75477,"date":"2022-11-16T12:27:11","date_gmt":"2022-11-16T11:27:11","guid":{"rendered":"https:\/\/foliobooks.pl\/sklep\/silent-rebels-symbolism-in-poland-around-1900\/"},"modified":"2025-11-03T15:51:29","modified_gmt":"2025-11-03T14:51:29","slug":"silent-rebels-symbolism-in-poland-around-1900","status":"publish","type":"product","link":"https:\/\/foliobooks.pl\/en\/shop\/silent-rebels-symbolism-in-poland-around-1900\/","title":{"rendered":"Silent Rebels. Symbolism in Poland around 1900"},"content":{"rendered":"<p>A discovery: Polish Symbolism between decadence and a new beginning The turn of the century was a golden age for Polish art. The publication shows about 130 masterpieces of painting from this era between decadence and a new beginning and describes its roots in Polish history, culture and nature as well as the close connections with the European art scene.<\/p>\n<p>Polish painting in around 1900 carries us into a world of myths and legends, into dream-like landscapes, old traditions and customers, into the depths of the human soul. In a nation without its own state &#8211; until its independence in 1918 Poland was divided between Russia, Prussia and Austria-Hungary &#8211; a young generation of artists emerged to renew painting. They gave it a common identity, but joined forces at the same time with the European avant-gardes.<\/p>\n","protected":false},"excerpt":{"rendered":"<p>A discovery: Polish Symbolism between decadence and a new beginning The turn of the century was a golden age for Polish art. The publication shows about 130 masterpieces of painting from this era between decadence and a new beginning and describes its roots in Polish history, culture and nature as well as the close connections&#8230;<\/p>\n","protected":false},"featured_media":75476,"comment_status":"closed","ping_status":"closed","template":"","meta":[],"product_brand":[],"product_cat":[4522,13533],"product_tag":[9083,2767,159,12455],"class_list":{"0":"post-75477","1":"product","2":"type-product","3":"status-publish","4":"has-post-thumbnail","6":"product_cat-art-en","7":"product_cat-books","8":"product_tag-art-en","9":"product_tag-art-history","10":"product_tag-art-movements-en","11":"product_tag-symbolism-en","12":"pa_author_att-roger-diederen-en","13":"pa_cover-hardcover","14":"pa_format-24-x-29-cm-en","15":"pa_isbn-9783777438566-en","16":"pa_language-eng","17":"pa_pages-272-en-2","18":"pa_published-2022-07-20-en","19":"pa_publisher-hirmer-en","21":"first","22":"outofstock","23":"sold-individually","24":"shipping-taxable","25":"purchasable","26":"product-type-simple"},"yoast_head":"<!-- This site is optimized with the Yoast SEO plugin v27.4 - https:\/\/yoast.com\/product\/yoast-seo-wordpress\/ -->\n<title>Silent Rebels. Symbolism in Poland around 1900 (Roger Diederen) - book \/ album - Folio<\/title>\n<meta name=\"description\" content=\"Wejd\u017a i kup ksi\u0105\u017ck\u0119 Silent Rebels. Symbolism in Poland around 1900 autorstwa Roger Diederen wydan\u0105 przez Hirmer (2022-07-20) w formacie 24 x 29 cm (ISBN: 9783777438566). Zapraszamy!\" \/>\n<meta name=\"robots\" content=\"index, follow, max-snippet:-1, max-image-preview:large, max-video-preview:-1\" \/>\n<link rel=\"canonical\" href=\"https:\/\/foliobooks.pl\/en\/shop\/silent-rebels-symbolism-in-poland-around-1900\/\" \/>\n<meta property=\"og:locale\" content=\"en_US\" \/>\n<meta property=\"og:type\" content=\"article\" \/>\n<meta property=\"og:title\" content=\"Silent Rebels. Symbolism in Poland around 1900 (Roger Diederen) - book \/ album - Folio\" \/>\n<meta property=\"og:description\" content=\"Wejd\u017a i kup ksi\u0105\u017ck\u0119 Silent Rebels. Symbolism in Poland around 1900 autorstwa Roger Diederen wydan\u0105 przez Hirmer (2022-07-20) w formacie 24 x 29 cm (ISBN: 9783777438566). Zapraszamy!\" \/>\n<meta property=\"og:url\" content=\"https:\/\/foliobooks.pl\/en\/shop\/silent-rebels-symbolism-in-poland-around-1900\/\" \/>\n<meta property=\"og:site_name\" content=\"Folio\" \/>\n<meta property=\"article:modified_time\" content=\"2025-11-03T14:51:29+00:00\" \/>\n<meta property=\"og:image\" content=\"https:\/\/foliobooks.pl\/wp-content\/uploads\/2022\/11\/9783777438566.png\" \/>\n\t<meta property=\"og:image:width\" content=\"570\" \/>\n\t<meta property=\"og:image:height\" content=\"708\" \/>\n\t<meta property=\"og:image:type\" content=\"image\/png\" \/>\n<meta name=\"twitter:card\" content=\"summary_large_image\" \/>\n<meta name=\"twitter:label1\" content=\"Est. reading time\" \/>\n\t<meta name=\"twitter:data1\" content=\"1 minute\" \/>\n<script type=\"application\/ld+json\" class=\"yoast-schema-graph\">{\"@context\":\"https:\\\/\\\/schema.org\",\"@graph\":[{\"@type\":\"WebPage\",\"@id\":\"https:\\\/\\\/foliobooks.pl\\\/en\\\/shop\\\/silent-rebels-symbolism-in-poland-around-1900\\\/\",\"url\":\"https:\\\/\\\/foliobooks.pl\\\/en\\\/shop\\\/silent-rebels-symbolism-in-poland-around-1900\\\/\",\"name\":\"Silent Rebels. Symbolism in Poland around 1900 (Roger Diederen) - book \\\/ album - Folio\",\"isPartOf\":{\"@id\":\"https:\\\/\\\/foliobooks.pl\\\/en\\\/#website\"},\"primaryImageOfPage\":{\"@id\":\"https:\\\/\\\/foliobooks.pl\\\/en\\\/shop\\\/silent-rebels-symbolism-in-poland-around-1900\\\/#primaryimage\"},\"image\":{\"@id\":\"https:\\\/\\\/foliobooks.pl\\\/en\\\/shop\\\/silent-rebels-symbolism-in-poland-around-1900\\\/#primaryimage\"},\"thumbnailUrl\":\"https:\\\/\\\/foliobooks.pl\\\/wp-content\\\/uploads\\\/2022\\\/11\\\/9783777438566.png\",\"datePublished\":\"2022-11-16T11:27:11+00:00\",\"dateModified\":\"2025-11-03T14:51:29+00:00\",\"description\":\"Wejd\u017a i kup ksi\u0105\u017ck\u0119 Silent Rebels. Symbolism in Poland around 1900 autorstwa Roger Diederen wydan\u0105 przez Hirmer (2022-07-20) w formacie 24 x 29 cm (ISBN: 9783777438566). Zapraszamy!\",\"breadcrumb\":{\"@id\":\"https:\\\/\\\/foliobooks.pl\\\/en\\\/shop\\\/silent-rebels-symbolism-in-poland-around-1900\\\/#breadcrumb\"},\"inLanguage\":\"en-US\",\"potentialAction\":[{\"@type\":\"ReadAction\",\"target\":[\"https:\\\/\\\/foliobooks.pl\\\/en\\\/shop\\\/silent-rebels-symbolism-in-poland-around-1900\\\/\"]}]},{\"@type\":\"ImageObject\",\"inLanguage\":\"en-US\",\"@id\":\"https:\\\/\\\/foliobooks.pl\\\/en\\\/shop\\\/silent-rebels-symbolism-in-poland-around-1900\\\/#primaryimage\",\"url\":\"https:\\\/\\\/foliobooks.pl\\\/wp-content\\\/uploads\\\/2022\\\/11\\\/9783777438566.png\",\"contentUrl\":\"https:\\\/\\\/foliobooks.pl\\\/wp-content\\\/uploads\\\/2022\\\/11\\\/9783777438566.png\",\"width\":570,\"height\":708},{\"@type\":\"BreadcrumbList\",\"@id\":\"https:\\\/\\\/foliobooks.pl\\\/en\\\/shop\\\/silent-rebels-symbolism-in-poland-around-1900\\\/#breadcrumb\",\"itemListElement\":[{\"@type\":\"ListItem\",\"position\":1,\"name\":\"Strona g\u0142\u00f3wna\",\"item\":\"https:\\\/\\\/foliobooks.pl\\\/en\\\/\"},{\"@type\":\"ListItem\",\"position\":2,\"name\":\"Shop\",\"item\":\"https:\\\/\\\/foliobooks.pl\\\/en\\\/shop\\\/\"},{\"@type\":\"ListItem\",\"position\":3,\"name\":\"Silent Rebels. Symbolism in Poland around 1900\"}]},{\"@type\":\"WebSite\",\"@id\":\"https:\\\/\\\/foliobooks.pl\\\/en\\\/#website\",\"url\":\"https:\\\/\\\/foliobooks.pl\\\/en\\\/\",\"name\":\"Folio\",\"description\":\"Ksi\u0119garnia internetowa\",\"potentialAction\":[{\"@type\":\"SearchAction\",\"target\":{\"@type\":\"EntryPoint\",\"urlTemplate\":\"https:\\\/\\\/foliobooks.pl\\\/en\\\/?s={search_term_string}\"},\"query-input\":{\"@type\":\"PropertyValueSpecification\",\"valueRequired\":true,\"valueName\":\"search_term_string\"}}],\"inLanguage\":\"en-US\"}]}<\/script>\n<!-- \/ Yoast SEO plugin. -->","yoast_head_json":{"title":"Silent Rebels. Symbolism in Poland around 1900 (Roger Diederen) - book \/ album - Folio","description":"Wejd\u017a i kup ksi\u0105\u017ck\u0119 Silent Rebels. Symbolism in Poland around 1900 autorstwa Roger Diederen wydan\u0105 przez Hirmer (2022-07-20) w formacie 24 x 29 cm (ISBN: 9783777438566). Zapraszamy!","robots":{"index":"index","follow":"follow","max-snippet":"max-snippet:-1","max-image-preview":"max-image-preview:large","max-video-preview":"max-video-preview:-1"},"canonical":"https:\/\/foliobooks.pl\/en\/shop\/silent-rebels-symbolism-in-poland-around-1900\/","og_locale":"en_US","og_type":"article","og_title":"Silent Rebels. Symbolism in Poland around 1900 (Roger Diederen) - book \/ album - Folio","og_description":"Wejd\u017a i kup ksi\u0105\u017ck\u0119 Silent Rebels. Symbolism in Poland around 1900 autorstwa Roger Diederen wydan\u0105 przez Hirmer (2022-07-20) w formacie 24 x 29 cm (ISBN: 9783777438566). Zapraszamy!","og_url":"https:\/\/foliobooks.pl\/en\/shop\/silent-rebels-symbolism-in-poland-around-1900\/","og_site_name":"Folio","article_modified_time":"2025-11-03T14:51:29+00:00","og_image":[{"width":570,"height":708,"url":"https:\/\/foliobooks.pl\/wp-content\/uploads\/2022\/11\/9783777438566.png","type":"image\/png"}],"twitter_card":"summary_large_image","twitter_misc":{"Est. reading time":"1 minute"},"schema":{"@context":"https:\/\/schema.org","@graph":[{"@type":"WebPage","@id":"https:\/\/foliobooks.pl\/en\/shop\/silent-rebels-symbolism-in-poland-around-1900\/","url":"https:\/\/foliobooks.pl\/en\/shop\/silent-rebels-symbolism-in-poland-around-1900\/","name":"Silent Rebels. Symbolism in Poland around 1900 (Roger Diederen) - book \/ album - Folio","isPartOf":{"@id":"https:\/\/foliobooks.pl\/en\/#website"},"primaryImageOfPage":{"@id":"https:\/\/foliobooks.pl\/en\/shop\/silent-rebels-symbolism-in-poland-around-1900\/#primaryimage"},"image":{"@id":"https:\/\/foliobooks.pl\/en\/shop\/silent-rebels-symbolism-in-poland-around-1900\/#primaryimage"},"thumbnailUrl":"https:\/\/foliobooks.pl\/wp-content\/uploads\/2022\/11\/9783777438566.png","datePublished":"2022-11-16T11:27:11+00:00","dateModified":"2025-11-03T14:51:29+00:00","description":"Wejd\u017a i kup ksi\u0105\u017ck\u0119 Silent Rebels. Symbolism in Poland around 1900 autorstwa Roger Diederen wydan\u0105 przez Hirmer (2022-07-20) w formacie 24 x 29 cm (ISBN: 9783777438566). Zapraszamy!","breadcrumb":{"@id":"https:\/\/foliobooks.pl\/en\/shop\/silent-rebels-symbolism-in-poland-around-1900\/#breadcrumb"},"inLanguage":"en-US","potentialAction":[{"@type":"ReadAction","target":["https:\/\/foliobooks.pl\/en\/shop\/silent-rebels-symbolism-in-poland-around-1900\/"]}]},{"@type":"ImageObject","inLanguage":"en-US","@id":"https:\/\/foliobooks.pl\/en\/shop\/silent-rebels-symbolism-in-poland-around-1900\/#primaryimage","url":"https:\/\/foliobooks.pl\/wp-content\/uploads\/2022\/11\/9783777438566.png","contentUrl":"https:\/\/foliobooks.pl\/wp-content\/uploads\/2022\/11\/9783777438566.png","width":570,"height":708},{"@type":"BreadcrumbList","@id":"https:\/\/foliobooks.pl\/en\/shop\/silent-rebels-symbolism-in-poland-around-1900\/#breadcrumb","itemListElement":[{"@type":"ListItem","position":1,"name":"Strona g\u0142\u00f3wna","item":"https:\/\/foliobooks.pl\/en\/"},{"@type":"ListItem","position":2,"name":"Shop","item":"https:\/\/foliobooks.pl\/en\/shop\/"},{"@type":"ListItem","position":3,"name":"Silent Rebels. Symbolism in Poland around 1900"}]},{"@type":"WebSite","@id":"https:\/\/foliobooks.pl\/en\/#website","url":"https:\/\/foliobooks.pl\/en\/","name":"Folio","description":"Ksi\u0119garnia internetowa","potentialAction":[{"@type":"SearchAction","target":{"@type":"EntryPoint","urlTemplate":"https:\/\/foliobooks.pl\/en\/?s={search_term_string}"},"query-input":{"@type":"PropertyValueSpecification","valueRequired":true,"valueName":"search_term_string"}}],"inLanguage":"en-US"}]}},"_links":{"self":[{"href":"https:\/\/foliobooks.pl\/en\/wp-json\/wp\/v2\/product\/75477","targetHints":{"allow":["GET"]}}],"collection":[{"href":"https:\/\/foliobooks.pl\/en\/wp-json\/wp\/v2\/product"}],"about":[{"href":"https:\/\/foliobooks.pl\/en\/wp-json\/wp\/v2\/types\/product"}],"replies":[{"embeddable":true,"href":"https:\/\/foliobooks.pl\/en\/wp-json\/wp\/v2\/comments?post=75477"}],"wp:featuredmedia":[{"embeddable":true,"href":"https:\/\/foliobooks.pl\/en\/wp-json\/wp\/v2\/media\/75476"}],"wp:attachment":[{"href":"https:\/\/foliobooks.pl\/en\/wp-json\/wp\/v2\/media?parent=75477"}],"wp:term":[{"taxonomy":"product_brand","embeddable":true,"href":"https:\/\/foliobooks.pl\/en\/wp-json\/wp\/v2\/product_brand?post=75477"},{"taxonomy":"product_cat","embeddable":true,"href":"https:\/\/foliobooks.pl\/en\/wp-json\/wp\/v2\/product_cat?post=75477"},{"taxonomy":"product_tag","embeddable":true,"href":"https:\/\/foliobooks.pl\/en\/wp-json\/wp\/v2\/product_tag?post=75477"}],"curies":[{"name":"wp","href":"https:\/\/api.w.org\/{rel}","templated":true}]}}