{"id":7399,"date":"2015-07-22T11:27:45","date_gmt":"2015-07-22T09:27:45","guid":{"rendered":"http:\/\/foliobooks.pl\/?post_type=product&#038;p=7399"},"modified":"2023-01-03T16:27:27","modified_gmt":"2023-01-03T15:27:27","slug":"meringue-girls-everything-sweet","status":"publish","type":"product","link":"https:\/\/foliobooks.pl\/en\/shop\/meringue-girls-everything-sweet\/","title":{"rendered":"Meringue Girls. Everything Sweet"},"content":{"rendered":"<p>These are the favourite sweet recipes from the Meringue Girls Bakery. Feast your eyes upon unusual edible gifts, cool confectionary and delicious things in all colours of the rainbow.<\/p>\n<p>Think raspberry &amp; lemon layer cake decorated with splattered buttercream and Persian fairy floss. Flavoured honeycombs from hazelnut &amp; coffee to rhubarb &amp; rose. \u2018CRACK\u2019 br\u00fbl\u00e9e tart with homemade vanilla bean paste. Coyo, mango and raspberry rockets and the MOTHER of all carrot cakes. This book is EVERYTHING SWEET &#8211; Meringue Girls-style.<\/p>\n<p>Quirky chapters include Gifts, Gifts, Gifts, Cakes &amp; Dreams, Ain\u2019t no party like an MG party, Save room for dessert, Just add glitter and Back to basics.<\/p>\n<p>These recipes share the Girls\u2019 baking secrets. They burst with flavour, and are totally on trend. Get your glitter out and get inspired.<\/p>\n","protected":false},"excerpt":{"rendered":"<p>These are the favourite sweet recipes from the Meringue Girls Bakery. Feast your eyes upon unusual edible gifts, cool confectionary and delicious things in all colours of the rainbow. Think raspberry &amp; lemon layer cake decorated with splattered buttercream and Persian fairy floss. Flavoured honeycombs from hazelnut &amp; coffee to rhubarb &amp; rose. \u2018CRACK\u2019 br\u00fbl\u00e9e&#8230;<\/p>\n","protected":false},"featured_media":7440,"comment_status":"closed","ping_status":"closed","template":"","meta":[],"product_brand":[],"product_cat":[4518],"product_tag":[227,1010,516,1008,1157,151],"class_list":{"0":"post-7399","1":"product","2":"type-product","3":"status-publish","4":"has-post-thumbnail","6":"product_cat-cookery-en","7":"product_tag-famous-chefs-en","8":"product_tag-food-en","9":"product_tag-places-en","10":"product_tag-recipes-en","11":"product_tag-restaurants","12":"product_tag-women","13":"pa_author_att-alex-hoffler-en","14":"pa_author_att-stacey-ogorman-en","15":"pa_cover-hardcover","16":"pa_format-25-x-18-cm-en","17":"pa_isbn-9780224101059-en","18":"pa_language-eng","19":"pa_pages-240-en","20":"pa_published-2015-06-30-en","22":"first","23":"instock","24":"sale","25":"sold-individually","26":"shipping-taxable","27":"purchasable","28":"product-type-simple"},"yoast_head":"<!-- This site is optimized with the Yoast SEO plugin v27.4 - https:\/\/yoast.com\/product\/yoast-seo-wordpress\/ -->\n<title>Meringue Girls. Everything Sweet (Alex Hoffler, Stacey O&#8217;Gorman) - book \/ album - Folio<\/title>\n<meta name=\"description\" content=\"Wejd\u017a i kup ksi\u0105\u017ck\u0119 Meringue Girls. Everything Sweet autorstwa Alex Hoffler, Stacey O&#8217;Gorman wydan\u0105 przez (2015-06-30) w formacie 25 x 18 cm (ISBN: 9780224101059). Zapraszamy!\" \/>\n<meta name=\"robots\" content=\"index, follow, max-snippet:-1, max-image-preview:large, max-video-preview:-1\" \/>\n<link rel=\"canonical\" href=\"https:\/\/foliobooks.pl\/en\/shop\/meringue-girls-everything-sweet\/\" \/>\n<meta property=\"og:locale\" content=\"en_US\" \/>\n<meta property=\"og:type\" content=\"article\" \/>\n<meta property=\"og:title\" content=\"Meringue Girls. Everything Sweet (Alex Hoffler, Stacey O&#8217;Gorman) - book \/ album - Folio\" \/>\n<meta property=\"og:description\" content=\"Wejd\u017a i kup ksi\u0105\u017ck\u0119 Meringue Girls. Everything Sweet autorstwa Alex Hoffler, Stacey O&#8217;Gorman wydan\u0105 przez (2015-06-30) w formacie 25 x 18 cm (ISBN: 9780224101059). Zapraszamy!\" \/>\n<meta property=\"og:url\" content=\"https:\/\/foliobooks.pl\/en\/shop\/meringue-girls-everything-sweet\/\" \/>\n<meta property=\"og:site_name\" content=\"Folio\" \/>\n<meta property=\"article:modified_time\" content=\"2023-01-03T15:27:27+00:00\" \/>\n<meta property=\"og:image\" content=\"https:\/\/foliobooks.pl\/wp-content\/uploads\/2015\/07\/9780224101059.png\" \/>\n\t<meta property=\"og:image:width\" content=\"570\" \/>\n\t<meta property=\"og:image:height\" content=\"708\" \/>\n\t<meta property=\"og:image:type\" content=\"image\/png\" \/>\n<meta name=\"twitter:card\" content=\"summary_large_image\" \/>\n<meta name=\"twitter:label1\" content=\"Est. reading time\" \/>\n\t<meta name=\"twitter:data1\" content=\"1 minute\" \/>\n<script type=\"application\/ld+json\" class=\"yoast-schema-graph\">{\"@context\":\"https:\\\/\\\/schema.org\",\"@graph\":[{\"@type\":\"WebPage\",\"@id\":\"https:\\\/\\\/foliobooks.pl\\\/en\\\/shop\\\/meringue-girls-everything-sweet\\\/\",\"url\":\"https:\\\/\\\/foliobooks.pl\\\/en\\\/shop\\\/meringue-girls-everything-sweet\\\/\",\"name\":\"Meringue Girls. Everything Sweet (Alex Hoffler, Stacey O&#8217;Gorman) - book \\\/ album - Folio\",\"isPartOf\":{\"@id\":\"https:\\\/\\\/foliobooks.pl\\\/en\\\/#website\"},\"primaryImageOfPage\":{\"@id\":\"https:\\\/\\\/foliobooks.pl\\\/en\\\/shop\\\/meringue-girls-everything-sweet\\\/#primaryimage\"},\"image\":{\"@id\":\"https:\\\/\\\/foliobooks.pl\\\/en\\\/shop\\\/meringue-girls-everything-sweet\\\/#primaryimage\"},\"thumbnailUrl\":\"https:\\\/\\\/foliobooks.pl\\\/wp-content\\\/uploads\\\/2015\\\/07\\\/9780224101059.png\",\"datePublished\":\"2015-07-22T09:27:45+00:00\",\"dateModified\":\"2023-01-03T15:27:27+00:00\",\"description\":\"Wejd\u017a i kup ksi\u0105\u017ck\u0119 Meringue Girls. Everything Sweet autorstwa Alex Hoffler, Stacey O&#8217;Gorman wydan\u0105 przez (2015-06-30) w formacie 25 x 18 cm (ISBN: 9780224101059). Zapraszamy!\",\"breadcrumb\":{\"@id\":\"https:\\\/\\\/foliobooks.pl\\\/en\\\/shop\\\/meringue-girls-everything-sweet\\\/#breadcrumb\"},\"inLanguage\":\"en-US\",\"potentialAction\":[{\"@type\":\"ReadAction\",\"target\":[\"https:\\\/\\\/foliobooks.pl\\\/en\\\/shop\\\/meringue-girls-everything-sweet\\\/\"]}]},{\"@type\":\"ImageObject\",\"inLanguage\":\"en-US\",\"@id\":\"https:\\\/\\\/foliobooks.pl\\\/en\\\/shop\\\/meringue-girls-everything-sweet\\\/#primaryimage\",\"url\":\"https:\\\/\\\/foliobooks.pl\\\/wp-content\\\/uploads\\\/2015\\\/07\\\/9780224101059.png\",\"contentUrl\":\"https:\\\/\\\/foliobooks.pl\\\/wp-content\\\/uploads\\\/2015\\\/07\\\/9780224101059.png\",\"width\":570,\"height\":708},{\"@type\":\"BreadcrumbList\",\"@id\":\"https:\\\/\\\/foliobooks.pl\\\/en\\\/shop\\\/meringue-girls-everything-sweet\\\/#breadcrumb\",\"itemListElement\":[{\"@type\":\"ListItem\",\"position\":1,\"name\":\"Strona g\u0142\u00f3wna\",\"item\":\"https:\\\/\\\/foliobooks.pl\\\/en\\\/\"},{\"@type\":\"ListItem\",\"position\":2,\"name\":\"Shop\",\"item\":\"https:\\\/\\\/foliobooks.pl\\\/en\\\/shop\\\/\"},{\"@type\":\"ListItem\",\"position\":3,\"name\":\"Meringue Girls. Everything Sweet\"}]},{\"@type\":\"WebSite\",\"@id\":\"https:\\\/\\\/foliobooks.pl\\\/en\\\/#website\",\"url\":\"https:\\\/\\\/foliobooks.pl\\\/en\\\/\",\"name\":\"Folio\",\"description\":\"Ksi\u0119garnia internetowa\",\"potentialAction\":[{\"@type\":\"SearchAction\",\"target\":{\"@type\":\"EntryPoint\",\"urlTemplate\":\"https:\\\/\\\/foliobooks.pl\\\/en\\\/?s={search_term_string}\"},\"query-input\":{\"@type\":\"PropertyValueSpecification\",\"valueRequired\":true,\"valueName\":\"search_term_string\"}}],\"inLanguage\":\"en-US\"}]}<\/script>\n<!-- \/ Yoast SEO plugin. -->","yoast_head_json":{"title":"Meringue Girls. Everything Sweet (Alex Hoffler, Stacey O&#8217;Gorman) - book \/ album - Folio","description":"Wejd\u017a i kup ksi\u0105\u017ck\u0119 Meringue Girls. Everything Sweet autorstwa Alex Hoffler, Stacey O&#8217;Gorman wydan\u0105 przez (2015-06-30) w formacie 25 x 18 cm (ISBN: 9780224101059). Zapraszamy!","robots":{"index":"index","follow":"follow","max-snippet":"max-snippet:-1","max-image-preview":"max-image-preview:large","max-video-preview":"max-video-preview:-1"},"canonical":"https:\/\/foliobooks.pl\/en\/shop\/meringue-girls-everything-sweet\/","og_locale":"en_US","og_type":"article","og_title":"Meringue Girls. Everything Sweet (Alex Hoffler, Stacey O&#8217;Gorman) - book \/ album - Folio","og_description":"Wejd\u017a i kup ksi\u0105\u017ck\u0119 Meringue Girls. Everything Sweet autorstwa Alex Hoffler, Stacey O&#8217;Gorman wydan\u0105 przez (2015-06-30) w formacie 25 x 18 cm (ISBN: 9780224101059). Zapraszamy!","og_url":"https:\/\/foliobooks.pl\/en\/shop\/meringue-girls-everything-sweet\/","og_site_name":"Folio","article_modified_time":"2023-01-03T15:27:27+00:00","og_image":[{"width":570,"height":708,"url":"https:\/\/foliobooks.pl\/wp-content\/uploads\/2015\/07\/9780224101059.png","type":"image\/png"}],"twitter_card":"summary_large_image","twitter_misc":{"Est. reading time":"1 minute"},"schema":{"@context":"https:\/\/schema.org","@graph":[{"@type":"WebPage","@id":"https:\/\/foliobooks.pl\/en\/shop\/meringue-girls-everything-sweet\/","url":"https:\/\/foliobooks.pl\/en\/shop\/meringue-girls-everything-sweet\/","name":"Meringue Girls. Everything Sweet (Alex Hoffler, Stacey O&#8217;Gorman) - book \/ album - Folio","isPartOf":{"@id":"https:\/\/foliobooks.pl\/en\/#website"},"primaryImageOfPage":{"@id":"https:\/\/foliobooks.pl\/en\/shop\/meringue-girls-everything-sweet\/#primaryimage"},"image":{"@id":"https:\/\/foliobooks.pl\/en\/shop\/meringue-girls-everything-sweet\/#primaryimage"},"thumbnailUrl":"https:\/\/foliobooks.pl\/wp-content\/uploads\/2015\/07\/9780224101059.png","datePublished":"2015-07-22T09:27:45+00:00","dateModified":"2023-01-03T15:27:27+00:00","description":"Wejd\u017a i kup ksi\u0105\u017ck\u0119 Meringue Girls. Everything Sweet autorstwa Alex Hoffler, Stacey O&#8217;Gorman wydan\u0105 przez (2015-06-30) w formacie 25 x 18 cm (ISBN: 9780224101059). Zapraszamy!","breadcrumb":{"@id":"https:\/\/foliobooks.pl\/en\/shop\/meringue-girls-everything-sweet\/#breadcrumb"},"inLanguage":"en-US","potentialAction":[{"@type":"ReadAction","target":["https:\/\/foliobooks.pl\/en\/shop\/meringue-girls-everything-sweet\/"]}]},{"@type":"ImageObject","inLanguage":"en-US","@id":"https:\/\/foliobooks.pl\/en\/shop\/meringue-girls-everything-sweet\/#primaryimage","url":"https:\/\/foliobooks.pl\/wp-content\/uploads\/2015\/07\/9780224101059.png","contentUrl":"https:\/\/foliobooks.pl\/wp-content\/uploads\/2015\/07\/9780224101059.png","width":570,"height":708},{"@type":"BreadcrumbList","@id":"https:\/\/foliobooks.pl\/en\/shop\/meringue-girls-everything-sweet\/#breadcrumb","itemListElement":[{"@type":"ListItem","position":1,"name":"Strona g\u0142\u00f3wna","item":"https:\/\/foliobooks.pl\/en\/"},{"@type":"ListItem","position":2,"name":"Shop","item":"https:\/\/foliobooks.pl\/en\/shop\/"},{"@type":"ListItem","position":3,"name":"Meringue Girls. Everything Sweet"}]},{"@type":"WebSite","@id":"https:\/\/foliobooks.pl\/en\/#website","url":"https:\/\/foliobooks.pl\/en\/","name":"Folio","description":"Ksi\u0119garnia internetowa","potentialAction":[{"@type":"SearchAction","target":{"@type":"EntryPoint","urlTemplate":"https:\/\/foliobooks.pl\/en\/?s={search_term_string}"},"query-input":{"@type":"PropertyValueSpecification","valueRequired":true,"valueName":"search_term_string"}}],"inLanguage":"en-US"}]}},"_links":{"self":[{"href":"https:\/\/foliobooks.pl\/en\/wp-json\/wp\/v2\/product\/7399","targetHints":{"allow":["GET"]}}],"collection":[{"href":"https:\/\/foliobooks.pl\/en\/wp-json\/wp\/v2\/product"}],"about":[{"href":"https:\/\/foliobooks.pl\/en\/wp-json\/wp\/v2\/types\/product"}],"replies":[{"embeddable":true,"href":"https:\/\/foliobooks.pl\/en\/wp-json\/wp\/v2\/comments?post=7399"}],"wp:featuredmedia":[{"embeddable":true,"href":"https:\/\/foliobooks.pl\/en\/wp-json\/wp\/v2\/media\/7440"}],"wp:attachment":[{"href":"https:\/\/foliobooks.pl\/en\/wp-json\/wp\/v2\/media?parent=7399"}],"wp:term":[{"taxonomy":"product_brand","embeddable":true,"href":"https:\/\/foliobooks.pl\/en\/wp-json\/wp\/v2\/product_brand?post=7399"},{"taxonomy":"product_cat","embeddable":true,"href":"https:\/\/foliobooks.pl\/en\/wp-json\/wp\/v2\/product_cat?post=7399"},{"taxonomy":"product_tag","embeddable":true,"href":"https:\/\/foliobooks.pl\/en\/wp-json\/wp\/v2\/product_tag?post=7399"}],"curies":[{"name":"wp","href":"https:\/\/api.w.org\/{rel}","templated":true}]}}