{"id":71175,"date":"2022-08-22T21:22:05","date_gmt":"2022-08-22T19:22:05","guid":{"rendered":"https:\/\/foliobooks.pl\/sklep\/campari-and-cinema\/"},"modified":"2025-09-09T17:40:06","modified_gmt":"2025-09-09T15:40:06","slug":"campari-and-cinema","status":"publish","type":"product","link":"https:\/\/foliobooks.pl\/en\/shop\/campari-and-cinema\/","title":{"rendered":"Campari and Cinema"},"content":{"rendered":"<p>This volume examines the longstanding and fruitful relationship between Campari and the film industry. Tracing Campari\u2019s long history as an enthusiastic and involved patron of cinema, the book details how the company\u2019s support has served as the impetus for countless experimental and groundbreaking film projects. From Campari\u2019s 1984 TV commercial directed by legendary director Fredrico Fellini to its most recent collaboration with Oscar-winning director Paolo Sorrentino and Hollywood actor Clive Owen on the\u00a0<span class=\"a-text-italic\">Red Diaries<\/span>\u00a0series\u2015an ongoing campaign of short films illustrating that \u201cevery cocktail tells a story\u201d\u2015Campari\u2019s forays into the world of film are always ambitiously crafted and masterfully realized. A perfect alchemy of passion and imagination,\u00a0<span class=\"a-text-italic\">Campari and Cinema<\/span>\u00a0offers a sweeping panorama of film history and demonstrates how cinematic creativity goes hand in hand with the innovation of Campari.<\/p>\n","protected":false},"excerpt":{"rendered":"<p>This volume examines the longstanding and fruitful relationship between Campari and the film industry. Tracing Campari\u2019s long history as an enthusiastic and involved patron of cinema, the book details how the company\u2019s support has served as the impetus for countless experimental and groundbreaking film projects. From Campari\u2019s 1984 TV commercial directed by legendary director Fredrico&#8230;<\/p>\n","protected":false},"featured_media":71158,"comment_status":"closed","ping_status":"closed","template":"","meta":[],"product_brand":[],"product_cat":[4522,13533,4518,4517],"product_tag":[7273,1273],"class_list":{"0":"post-71175","1":"product","2":"type-product","3":"status-publish","4":"has-post-thumbnail","6":"product_cat-art-en","7":"product_cat-books","8":"product_cat-cookery-en","9":"product_cat-photography-en","10":"product_tag-alcohol-en","11":"product_tag-cinema-en","12":"pa_author_att-gianni-canova-en","13":"pa_cover-hardcover","14":"pa_format-28-x-30-cm-en","15":"pa_isbn-9788857245546-en","16":"pa_language-eng","17":"pa_pages-224-2-en","18":"pa_published-2022-08-02-en","19":"pa_publisher-skira-en","21":"first","22":"instock","23":"sale","24":"sold-individually","25":"shipping-taxable","26":"purchasable","27":"product-type-simple"},"yoast_head":"<!-- This site is optimized with the Yoast SEO plugin v27.4 - https:\/\/yoast.com\/product\/yoast-seo-wordpress\/ -->\n<title>Campari and Cinema (Gianni Canova) - book \/ album - Folio<\/title>\n<meta name=\"description\" content=\"Wejd\u017a i kup ksi\u0105\u017ck\u0119 Campari and Cinema autorstwa Gianni Canova wydan\u0105 przez Skira (2022-08-02) w formacie 28 x 30 cm (ISBN: 9788857245546). Zapraszamy!\" \/>\n<meta name=\"robots\" content=\"index, follow, max-snippet:-1, max-image-preview:large, max-video-preview:-1\" \/>\n<link rel=\"canonical\" href=\"https:\/\/foliobooks.pl\/en\/shop\/campari-and-cinema\/\" \/>\n<meta property=\"og:locale\" content=\"en_US\" \/>\n<meta property=\"og:type\" content=\"article\" \/>\n<meta property=\"og:title\" content=\"Campari and Cinema (Gianni Canova) - book \/ album - Folio\" \/>\n<meta property=\"og:description\" content=\"Wejd\u017a i kup ksi\u0105\u017ck\u0119 Campari and Cinema autorstwa Gianni Canova wydan\u0105 przez Skira (2022-08-02) w formacie 28 x 30 cm (ISBN: 9788857245546). Zapraszamy!\" \/>\n<meta property=\"og:url\" content=\"https:\/\/foliobooks.pl\/en\/shop\/campari-and-cinema\/\" \/>\n<meta property=\"og:site_name\" content=\"Folio\" \/>\n<meta property=\"article:modified_time\" content=\"2025-09-09T15:40:06+00:00\" \/>\n<meta property=\"og:image\" content=\"https:\/\/foliobooks.pl\/wp-content\/uploads\/2022\/08\/9788857245546.png\" \/>\n\t<meta property=\"og:image:width\" content=\"570\" \/>\n\t<meta property=\"og:image:height\" content=\"708\" \/>\n\t<meta property=\"og:image:type\" content=\"image\/png\" \/>\n<meta name=\"twitter:card\" content=\"summary_large_image\" \/>\n<meta name=\"twitter:label1\" content=\"Est. reading time\" \/>\n\t<meta name=\"twitter:data1\" content=\"1 minute\" \/>\n<script type=\"application\/ld+json\" class=\"yoast-schema-graph\">{\"@context\":\"https:\\\/\\\/schema.org\",\"@graph\":[{\"@type\":\"WebPage\",\"@id\":\"https:\\\/\\\/foliobooks.pl\\\/en\\\/shop\\\/campari-and-cinema\\\/\",\"url\":\"https:\\\/\\\/foliobooks.pl\\\/en\\\/shop\\\/campari-and-cinema\\\/\",\"name\":\"Campari and Cinema (Gianni Canova) - book \\\/ album - Folio\",\"isPartOf\":{\"@id\":\"https:\\\/\\\/foliobooks.pl\\\/en\\\/#website\"},\"primaryImageOfPage\":{\"@id\":\"https:\\\/\\\/foliobooks.pl\\\/en\\\/shop\\\/campari-and-cinema\\\/#primaryimage\"},\"image\":{\"@id\":\"https:\\\/\\\/foliobooks.pl\\\/en\\\/shop\\\/campari-and-cinema\\\/#primaryimage\"},\"thumbnailUrl\":\"https:\\\/\\\/foliobooks.pl\\\/wp-content\\\/uploads\\\/2022\\\/08\\\/9788857245546.png\",\"datePublished\":\"2022-08-22T19:22:05+00:00\",\"dateModified\":\"2025-09-09T15:40:06+00:00\",\"description\":\"Wejd\u017a i kup ksi\u0105\u017ck\u0119 Campari and Cinema autorstwa Gianni Canova wydan\u0105 przez Skira (2022-08-02) w formacie 28 x 30 cm (ISBN: 9788857245546). Zapraszamy!\",\"breadcrumb\":{\"@id\":\"https:\\\/\\\/foliobooks.pl\\\/en\\\/shop\\\/campari-and-cinema\\\/#breadcrumb\"},\"inLanguage\":\"en-US\",\"potentialAction\":[{\"@type\":\"ReadAction\",\"target\":[\"https:\\\/\\\/foliobooks.pl\\\/en\\\/shop\\\/campari-and-cinema\\\/\"]}]},{\"@type\":\"ImageObject\",\"inLanguage\":\"en-US\",\"@id\":\"https:\\\/\\\/foliobooks.pl\\\/en\\\/shop\\\/campari-and-cinema\\\/#primaryimage\",\"url\":\"https:\\\/\\\/foliobooks.pl\\\/wp-content\\\/uploads\\\/2022\\\/08\\\/9788857245546.png\",\"contentUrl\":\"https:\\\/\\\/foliobooks.pl\\\/wp-content\\\/uploads\\\/2022\\\/08\\\/9788857245546.png\",\"width\":570,\"height\":708},{\"@type\":\"BreadcrumbList\",\"@id\":\"https:\\\/\\\/foliobooks.pl\\\/en\\\/shop\\\/campari-and-cinema\\\/#breadcrumb\",\"itemListElement\":[{\"@type\":\"ListItem\",\"position\":1,\"name\":\"Strona g\u0142\u00f3wna\",\"item\":\"https:\\\/\\\/foliobooks.pl\\\/en\\\/\"},{\"@type\":\"ListItem\",\"position\":2,\"name\":\"Shop\",\"item\":\"https:\\\/\\\/foliobooks.pl\\\/en\\\/shop\\\/\"},{\"@type\":\"ListItem\",\"position\":3,\"name\":\"Campari and Cinema\"}]},{\"@type\":\"WebSite\",\"@id\":\"https:\\\/\\\/foliobooks.pl\\\/en\\\/#website\",\"url\":\"https:\\\/\\\/foliobooks.pl\\\/en\\\/\",\"name\":\"Folio\",\"description\":\"Ksi\u0119garnia internetowa\",\"potentialAction\":[{\"@type\":\"SearchAction\",\"target\":{\"@type\":\"EntryPoint\",\"urlTemplate\":\"https:\\\/\\\/foliobooks.pl\\\/en\\\/?s={search_term_string}\"},\"query-input\":{\"@type\":\"PropertyValueSpecification\",\"valueRequired\":true,\"valueName\":\"search_term_string\"}}],\"inLanguage\":\"en-US\"}]}<\/script>\n<!-- \/ Yoast SEO plugin. -->","yoast_head_json":{"title":"Campari and Cinema (Gianni Canova) - book \/ album - Folio","description":"Wejd\u017a i kup ksi\u0105\u017ck\u0119 Campari and Cinema autorstwa Gianni Canova wydan\u0105 przez Skira (2022-08-02) w formacie 28 x 30 cm (ISBN: 9788857245546). Zapraszamy!","robots":{"index":"index","follow":"follow","max-snippet":"max-snippet:-1","max-image-preview":"max-image-preview:large","max-video-preview":"max-video-preview:-1"},"canonical":"https:\/\/foliobooks.pl\/en\/shop\/campari-and-cinema\/","og_locale":"en_US","og_type":"article","og_title":"Campari and Cinema (Gianni Canova) - book \/ album - Folio","og_description":"Wejd\u017a i kup ksi\u0105\u017ck\u0119 Campari and Cinema autorstwa Gianni Canova wydan\u0105 przez Skira (2022-08-02) w formacie 28 x 30 cm (ISBN: 9788857245546). Zapraszamy!","og_url":"https:\/\/foliobooks.pl\/en\/shop\/campari-and-cinema\/","og_site_name":"Folio","article_modified_time":"2025-09-09T15:40:06+00:00","og_image":[{"width":570,"height":708,"url":"https:\/\/foliobooks.pl\/wp-content\/uploads\/2022\/08\/9788857245546.png","type":"image\/png"}],"twitter_card":"summary_large_image","twitter_misc":{"Est. reading time":"1 minute"},"schema":{"@context":"https:\/\/schema.org","@graph":[{"@type":"WebPage","@id":"https:\/\/foliobooks.pl\/en\/shop\/campari-and-cinema\/","url":"https:\/\/foliobooks.pl\/en\/shop\/campari-and-cinema\/","name":"Campari and Cinema (Gianni Canova) - book \/ album - Folio","isPartOf":{"@id":"https:\/\/foliobooks.pl\/en\/#website"},"primaryImageOfPage":{"@id":"https:\/\/foliobooks.pl\/en\/shop\/campari-and-cinema\/#primaryimage"},"image":{"@id":"https:\/\/foliobooks.pl\/en\/shop\/campari-and-cinema\/#primaryimage"},"thumbnailUrl":"https:\/\/foliobooks.pl\/wp-content\/uploads\/2022\/08\/9788857245546.png","datePublished":"2022-08-22T19:22:05+00:00","dateModified":"2025-09-09T15:40:06+00:00","description":"Wejd\u017a i kup ksi\u0105\u017ck\u0119 Campari and Cinema autorstwa Gianni Canova wydan\u0105 przez Skira (2022-08-02) w formacie 28 x 30 cm (ISBN: 9788857245546). Zapraszamy!","breadcrumb":{"@id":"https:\/\/foliobooks.pl\/en\/shop\/campari-and-cinema\/#breadcrumb"},"inLanguage":"en-US","potentialAction":[{"@type":"ReadAction","target":["https:\/\/foliobooks.pl\/en\/shop\/campari-and-cinema\/"]}]},{"@type":"ImageObject","inLanguage":"en-US","@id":"https:\/\/foliobooks.pl\/en\/shop\/campari-and-cinema\/#primaryimage","url":"https:\/\/foliobooks.pl\/wp-content\/uploads\/2022\/08\/9788857245546.png","contentUrl":"https:\/\/foliobooks.pl\/wp-content\/uploads\/2022\/08\/9788857245546.png","width":570,"height":708},{"@type":"BreadcrumbList","@id":"https:\/\/foliobooks.pl\/en\/shop\/campari-and-cinema\/#breadcrumb","itemListElement":[{"@type":"ListItem","position":1,"name":"Strona g\u0142\u00f3wna","item":"https:\/\/foliobooks.pl\/en\/"},{"@type":"ListItem","position":2,"name":"Shop","item":"https:\/\/foliobooks.pl\/en\/shop\/"},{"@type":"ListItem","position":3,"name":"Campari and Cinema"}]},{"@type":"WebSite","@id":"https:\/\/foliobooks.pl\/en\/#website","url":"https:\/\/foliobooks.pl\/en\/","name":"Folio","description":"Ksi\u0119garnia internetowa","potentialAction":[{"@type":"SearchAction","target":{"@type":"EntryPoint","urlTemplate":"https:\/\/foliobooks.pl\/en\/?s={search_term_string}"},"query-input":{"@type":"PropertyValueSpecification","valueRequired":true,"valueName":"search_term_string"}}],"inLanguage":"en-US"}]}},"_links":{"self":[{"href":"https:\/\/foliobooks.pl\/en\/wp-json\/wp\/v2\/product\/71175","targetHints":{"allow":["GET"]}}],"collection":[{"href":"https:\/\/foliobooks.pl\/en\/wp-json\/wp\/v2\/product"}],"about":[{"href":"https:\/\/foliobooks.pl\/en\/wp-json\/wp\/v2\/types\/product"}],"replies":[{"embeddable":true,"href":"https:\/\/foliobooks.pl\/en\/wp-json\/wp\/v2\/comments?post=71175"}],"wp:featuredmedia":[{"embeddable":true,"href":"https:\/\/foliobooks.pl\/en\/wp-json\/wp\/v2\/media\/71158"}],"wp:attachment":[{"href":"https:\/\/foliobooks.pl\/en\/wp-json\/wp\/v2\/media?parent=71175"}],"wp:term":[{"taxonomy":"product_brand","embeddable":true,"href":"https:\/\/foliobooks.pl\/en\/wp-json\/wp\/v2\/product_brand?post=71175"},{"taxonomy":"product_cat","embeddable":true,"href":"https:\/\/foliobooks.pl\/en\/wp-json\/wp\/v2\/product_cat?post=71175"},{"taxonomy":"product_tag","embeddable":true,"href":"https:\/\/foliobooks.pl\/en\/wp-json\/wp\/v2\/product_tag?post=71175"}],"curies":[{"name":"wp","href":"https:\/\/api.w.org\/{rel}","templated":true}]}}