{"id":71117,"date":"2022-08-22T08:33:10","date_gmt":"2022-08-22T06:33:10","guid":{"rendered":"https:\/\/foliobooks.pl\/sklep\/st-moritz-chic\/"},"modified":"2025-03-12T14:04:48","modified_gmt":"2025-03-12T13:04:48","slug":"st-moritz-chic","status":"publish","type":"product","link":"https:\/\/foliobooks.pl\/en\/shop\/st-moritz-chic\/","title":{"rendered":"St. Moritz Chic"},"content":{"rendered":"<div id=\"tab-description\" class=\"woocommerce-Tabs-panel woocommerce-Tabs-panel--description panel entry-content wc-tab\" role=\"tabpanel\" aria-labelledby=\"tab-title-description\">\n<p>Nestled in Switzerland\u2019s alpine Engadin Valley, St. Moritz stands on its own amidst a sea of celebrated ski resorts in that it has long maintained an elusive allure. The winter home of personalities from Gunter Sachs and Gianni Agnelli to Sofia Loren, Elizabeth Taylor, Audrey Hepburn, John Lennon, and Claudia Schiffer, there are few places in the world that manage to unite so many of the top names in cinema, art, and fashion all in one place, year after year. Author Dora Lardelli takes the reader on a journey through Chanel and Hitchcock\u2019s favorite haunts and the hidden parties at Badrutt\u2019s Palace where royalty goes to play, without forgetting the natural beauty, village charm and architectural mastery that define it.\u00a0<em>St. Moritz<\/em> also takes readers on a majestic tour of its special events, from Winter Olympics to the annual Snow Polo World Cup, as well as the summertime Jazz Festival and the British Classic Car Meeting. In St. Moritz creatives and royals share skiwassers slope-side on the sheepskin benches of El Paradiso, pause to sip champagne on long strolls around its frozen, crystalline lake and enjoy coffee and confections at the centuries old Hanselmann. St. Moritz has never lost its inimitable appeal, and will continue to reign as an elegant hideaway for all those who have come to call it a home away from home<\/p>\n<\/div>\n","protected":false},"excerpt":{"rendered":"<p>Nestled in Switzerland\u2019s alpine Engadin Valley, St. Moritz stands on its own amidst a sea of celebrated ski resorts in that it has long maintained an elusive allure. The winter home of personalities from Gunter Sachs and Gianni Agnelli to Sofia Loren, Elizabeth Taylor, Audrey Hepburn, John Lennon, and Claudia Schiffer, there are few places&#8230;<\/p>\n","protected":false},"featured_media":71108,"comment_status":"closed","ping_status":"closed","template":"","meta":[],"product_brand":[],"product_cat":[13533,4517],"product_tag":[11484,156],"class_list":{"0":"post-71117","1":"product","2":"type-product","3":"status-publish","4":"has-post-thumbnail","6":"product_cat-books","7":"product_cat-photography-en","8":"product_tag-europe-en","9":"product_tag-travel","10":"pa_author_att-dora-lardelli-en","11":"pa_cover-hardcover","12":"pa_format-25-x-32-cm-en","13":"pa_isbn-9781614288534-en","14":"pa_language-eng","15":"pa_pages-268-en","16":"pa_published-2020-01-01-en","17":"pa_publisher-assouline-en","19":"first","20":"outofstock","21":"sold-individually","22":"shipping-taxable","23":"purchasable","24":"product-type-simple"},"yoast_head":"<!-- This site is optimized with the Yoast SEO plugin v27.4 - https:\/\/yoast.com\/product\/yoast-seo-wordpress\/ -->\n<title>St. Moritz Chic (Dora Lardelli) - book \/ album - Folio<\/title>\n<meta name=\"description\" content=\"Wejd\u017a i kup ksi\u0105\u017ck\u0119 St. Moritz Chic autorstwa Dora Lardelli wydan\u0105 przez Assouline (2020-01-01) w formacie 25 x 32 cm (ISBN: 9781614288534). Zapraszamy!\" \/>\n<meta name=\"robots\" content=\"index, follow, max-snippet:-1, max-image-preview:large, max-video-preview:-1\" \/>\n<link rel=\"canonical\" href=\"https:\/\/foliobooks.pl\/en\/shop\/st-moritz-chic\/\" \/>\n<meta property=\"og:locale\" content=\"en_US\" \/>\n<meta property=\"og:type\" content=\"article\" \/>\n<meta property=\"og:title\" content=\"St. Moritz Chic (Dora Lardelli) - book \/ album - Folio\" \/>\n<meta property=\"og:description\" content=\"Wejd\u017a i kup ksi\u0105\u017ck\u0119 St. Moritz Chic autorstwa Dora Lardelli wydan\u0105 przez Assouline (2020-01-01) w formacie 25 x 32 cm (ISBN: 9781614288534). Zapraszamy!\" \/>\n<meta property=\"og:url\" content=\"https:\/\/foliobooks.pl\/en\/shop\/st-moritz-chic\/\" \/>\n<meta property=\"og:site_name\" content=\"Folio\" \/>\n<meta property=\"article:modified_time\" content=\"2025-03-12T13:04:48+00:00\" \/>\n<meta property=\"og:image\" content=\"https:\/\/foliobooks.pl\/wp-content\/uploads\/2022\/08\/9781614288534.png\" \/>\n\t<meta property=\"og:image:width\" content=\"570\" \/>\n\t<meta property=\"og:image:height\" content=\"708\" \/>\n\t<meta property=\"og:image:type\" content=\"image\/png\" \/>\n<meta name=\"twitter:card\" content=\"summary_large_image\" \/>\n<meta name=\"twitter:label1\" content=\"Est. reading time\" \/>\n\t<meta name=\"twitter:data1\" content=\"2 minutes\" \/>\n<script type=\"application\/ld+json\" class=\"yoast-schema-graph\">{\"@context\":\"https:\\\/\\\/schema.org\",\"@graph\":[{\"@type\":\"WebPage\",\"@id\":\"https:\\\/\\\/foliobooks.pl\\\/en\\\/shop\\\/st-moritz-chic\\\/\",\"url\":\"https:\\\/\\\/foliobooks.pl\\\/en\\\/shop\\\/st-moritz-chic\\\/\",\"name\":\"St. Moritz Chic (Dora Lardelli) - book \\\/ album - Folio\",\"isPartOf\":{\"@id\":\"https:\\\/\\\/foliobooks.pl\\\/en\\\/#website\"},\"primaryImageOfPage\":{\"@id\":\"https:\\\/\\\/foliobooks.pl\\\/en\\\/shop\\\/st-moritz-chic\\\/#primaryimage\"},\"image\":{\"@id\":\"https:\\\/\\\/foliobooks.pl\\\/en\\\/shop\\\/st-moritz-chic\\\/#primaryimage\"},\"thumbnailUrl\":\"https:\\\/\\\/foliobooks.pl\\\/wp-content\\\/uploads\\\/2022\\\/08\\\/9781614288534.png\",\"datePublished\":\"2022-08-22T06:33:10+00:00\",\"dateModified\":\"2025-03-12T13:04:48+00:00\",\"description\":\"Wejd\u017a i kup ksi\u0105\u017ck\u0119 St. Moritz Chic autorstwa Dora Lardelli wydan\u0105 przez Assouline (2020-01-01) w formacie 25 x 32 cm (ISBN: 9781614288534). Zapraszamy!\",\"breadcrumb\":{\"@id\":\"https:\\\/\\\/foliobooks.pl\\\/en\\\/shop\\\/st-moritz-chic\\\/#breadcrumb\"},\"inLanguage\":\"en-US\",\"potentialAction\":[{\"@type\":\"ReadAction\",\"target\":[\"https:\\\/\\\/foliobooks.pl\\\/en\\\/shop\\\/st-moritz-chic\\\/\"]}]},{\"@type\":\"ImageObject\",\"inLanguage\":\"en-US\",\"@id\":\"https:\\\/\\\/foliobooks.pl\\\/en\\\/shop\\\/st-moritz-chic\\\/#primaryimage\",\"url\":\"https:\\\/\\\/foliobooks.pl\\\/wp-content\\\/uploads\\\/2022\\\/08\\\/9781614288534.png\",\"contentUrl\":\"https:\\\/\\\/foliobooks.pl\\\/wp-content\\\/uploads\\\/2022\\\/08\\\/9781614288534.png\",\"width\":570,\"height\":708},{\"@type\":\"BreadcrumbList\",\"@id\":\"https:\\\/\\\/foliobooks.pl\\\/en\\\/shop\\\/st-moritz-chic\\\/#breadcrumb\",\"itemListElement\":[{\"@type\":\"ListItem\",\"position\":1,\"name\":\"Strona g\u0142\u00f3wna\",\"item\":\"https:\\\/\\\/foliobooks.pl\\\/en\\\/\"},{\"@type\":\"ListItem\",\"position\":2,\"name\":\"Shop\",\"item\":\"https:\\\/\\\/foliobooks.pl\\\/en\\\/shop\\\/\"},{\"@type\":\"ListItem\",\"position\":3,\"name\":\"St. Moritz Chic\"}]},{\"@type\":\"WebSite\",\"@id\":\"https:\\\/\\\/foliobooks.pl\\\/en\\\/#website\",\"url\":\"https:\\\/\\\/foliobooks.pl\\\/en\\\/\",\"name\":\"Folio\",\"description\":\"Ksi\u0119garnia internetowa\",\"potentialAction\":[{\"@type\":\"SearchAction\",\"target\":{\"@type\":\"EntryPoint\",\"urlTemplate\":\"https:\\\/\\\/foliobooks.pl\\\/en\\\/?s={search_term_string}\"},\"query-input\":{\"@type\":\"PropertyValueSpecification\",\"valueRequired\":true,\"valueName\":\"search_term_string\"}}],\"inLanguage\":\"en-US\"}]}<\/script>\n<!-- \/ Yoast SEO plugin. -->","yoast_head_json":{"title":"St. Moritz Chic (Dora Lardelli) - book \/ album - Folio","description":"Wejd\u017a i kup ksi\u0105\u017ck\u0119 St. Moritz Chic autorstwa Dora Lardelli wydan\u0105 przez Assouline (2020-01-01) w formacie 25 x 32 cm (ISBN: 9781614288534). Zapraszamy!","robots":{"index":"index","follow":"follow","max-snippet":"max-snippet:-1","max-image-preview":"max-image-preview:large","max-video-preview":"max-video-preview:-1"},"canonical":"https:\/\/foliobooks.pl\/en\/shop\/st-moritz-chic\/","og_locale":"en_US","og_type":"article","og_title":"St. Moritz Chic (Dora Lardelli) - book \/ album - Folio","og_description":"Wejd\u017a i kup ksi\u0105\u017ck\u0119 St. Moritz Chic autorstwa Dora Lardelli wydan\u0105 przez Assouline (2020-01-01) w formacie 25 x 32 cm (ISBN: 9781614288534). Zapraszamy!","og_url":"https:\/\/foliobooks.pl\/en\/shop\/st-moritz-chic\/","og_site_name":"Folio","article_modified_time":"2025-03-12T13:04:48+00:00","og_image":[{"width":570,"height":708,"url":"https:\/\/foliobooks.pl\/wp-content\/uploads\/2022\/08\/9781614288534.png","type":"image\/png"}],"twitter_card":"summary_large_image","twitter_misc":{"Est. reading time":"2 minutes"},"schema":{"@context":"https:\/\/schema.org","@graph":[{"@type":"WebPage","@id":"https:\/\/foliobooks.pl\/en\/shop\/st-moritz-chic\/","url":"https:\/\/foliobooks.pl\/en\/shop\/st-moritz-chic\/","name":"St. Moritz Chic (Dora Lardelli) - book \/ album - Folio","isPartOf":{"@id":"https:\/\/foliobooks.pl\/en\/#website"},"primaryImageOfPage":{"@id":"https:\/\/foliobooks.pl\/en\/shop\/st-moritz-chic\/#primaryimage"},"image":{"@id":"https:\/\/foliobooks.pl\/en\/shop\/st-moritz-chic\/#primaryimage"},"thumbnailUrl":"https:\/\/foliobooks.pl\/wp-content\/uploads\/2022\/08\/9781614288534.png","datePublished":"2022-08-22T06:33:10+00:00","dateModified":"2025-03-12T13:04:48+00:00","description":"Wejd\u017a i kup ksi\u0105\u017ck\u0119 St. Moritz Chic autorstwa Dora Lardelli wydan\u0105 przez Assouline (2020-01-01) w formacie 25 x 32 cm (ISBN: 9781614288534). Zapraszamy!","breadcrumb":{"@id":"https:\/\/foliobooks.pl\/en\/shop\/st-moritz-chic\/#breadcrumb"},"inLanguage":"en-US","potentialAction":[{"@type":"ReadAction","target":["https:\/\/foliobooks.pl\/en\/shop\/st-moritz-chic\/"]}]},{"@type":"ImageObject","inLanguage":"en-US","@id":"https:\/\/foliobooks.pl\/en\/shop\/st-moritz-chic\/#primaryimage","url":"https:\/\/foliobooks.pl\/wp-content\/uploads\/2022\/08\/9781614288534.png","contentUrl":"https:\/\/foliobooks.pl\/wp-content\/uploads\/2022\/08\/9781614288534.png","width":570,"height":708},{"@type":"BreadcrumbList","@id":"https:\/\/foliobooks.pl\/en\/shop\/st-moritz-chic\/#breadcrumb","itemListElement":[{"@type":"ListItem","position":1,"name":"Strona g\u0142\u00f3wna","item":"https:\/\/foliobooks.pl\/en\/"},{"@type":"ListItem","position":2,"name":"Shop","item":"https:\/\/foliobooks.pl\/en\/shop\/"},{"@type":"ListItem","position":3,"name":"St. Moritz Chic"}]},{"@type":"WebSite","@id":"https:\/\/foliobooks.pl\/en\/#website","url":"https:\/\/foliobooks.pl\/en\/","name":"Folio","description":"Ksi\u0119garnia internetowa","potentialAction":[{"@type":"SearchAction","target":{"@type":"EntryPoint","urlTemplate":"https:\/\/foliobooks.pl\/en\/?s={search_term_string}"},"query-input":{"@type":"PropertyValueSpecification","valueRequired":true,"valueName":"search_term_string"}}],"inLanguage":"en-US"}]}},"_links":{"self":[{"href":"https:\/\/foliobooks.pl\/en\/wp-json\/wp\/v2\/product\/71117","targetHints":{"allow":["GET"]}}],"collection":[{"href":"https:\/\/foliobooks.pl\/en\/wp-json\/wp\/v2\/product"}],"about":[{"href":"https:\/\/foliobooks.pl\/en\/wp-json\/wp\/v2\/types\/product"}],"replies":[{"embeddable":true,"href":"https:\/\/foliobooks.pl\/en\/wp-json\/wp\/v2\/comments?post=71117"}],"wp:featuredmedia":[{"embeddable":true,"href":"https:\/\/foliobooks.pl\/en\/wp-json\/wp\/v2\/media\/71108"}],"wp:attachment":[{"href":"https:\/\/foliobooks.pl\/en\/wp-json\/wp\/v2\/media?parent=71117"}],"wp:term":[{"taxonomy":"product_brand","embeddable":true,"href":"https:\/\/foliobooks.pl\/en\/wp-json\/wp\/v2\/product_brand?post=71117"},{"taxonomy":"product_cat","embeddable":true,"href":"https:\/\/foliobooks.pl\/en\/wp-json\/wp\/v2\/product_cat?post=71117"},{"taxonomy":"product_tag","embeddable":true,"href":"https:\/\/foliobooks.pl\/en\/wp-json\/wp\/v2\/product_tag?post=71117"}],"curies":[{"name":"wp","href":"https:\/\/api.w.org\/{rel}","templated":true}]}}