{"id":71105,"date":"2022-08-22T08:26:29","date_gmt":"2022-08-22T06:26:29","guid":{"rendered":"https:\/\/foliobooks.pl\/sklep\/case-study-houses-the-complete-csh-program-1945-1966-40th-ed\/"},"modified":"2025-12-02T15:25:35","modified_gmt":"2025-12-02T14:25:35","slug":"case-study-houses-the-complete-csh-program-1945-1966-40th-ed","status":"publish","type":"product","link":"https:\/\/foliobooks.pl\/en\/shop\/case-study-houses-the-complete-csh-program-1945-1966-40th-ed\/","title":{"rendered":"Case Study Houses. the Complete CSH Program 1945-1966. 40th Ed"},"content":{"rendered":"<p>The Case Study House program (1945\u20131966) was an exceptional, innovative event in the history of American architecture and remains to this day unique. The program, which concentrated on the Los Angeles area and oversaw the design of 36 prototype homes, sought to make available plans for modern residences that could be easily and cheaply constructed during the postwar building boom.<\/p>\n<p>The program\u2019s chief motivating force was Arts &amp; Architecture editor John Entenza, a champion of modernism who had all the right connections to attract some of architecture\u2019s greatest talents, such as Richard Neutra, Charles and Ray Eames, and Eero Saarinen. Highly experimental, the program generated houses that were designed to redefine the modern home, and had a pronounced influence on architecture\u2015American and international\u2015both during the program\u2019s existence and even to this day.<\/p>\n<p>TASCHEN brings you a retrospective of the entire program with comprehensive documentation, brilliant photographs from the period and, for the houses still in existence, contemporary photos, as well as extensive floor plans and sketches.<\/p>\n","protected":false},"excerpt":{"rendered":"<p>The Case Study House program (1945\u20131966) was an exceptional, innovative event in the history of American architecture and remains to this day unique. The program, which concentrated on the Los Angeles area and oversaw the design of 36 prototype homes, sought to make available plans for modern residences that could be easily and cheaply constructed&#8230;<\/p>\n","protected":false},"featured_media":71092,"comment_status":"closed","ping_status":"closed","template":"","meta":[],"product_brand":[],"product_cat":[4516,13533],"product_tag":[6124,1122],"class_list":{"0":"post-71105","1":"product","2":"type-product","3":"status-publish","4":"has-post-thumbnail","6":"product_cat-architecture-en","7":"product_cat-books","8":"product_tag-architecture-en","9":"product_tag-houses-en","10":"pa_author_att-elizabeth-a-t-smith-en","11":"pa_cover-hardcover","12":"pa_format-156-x-217-cm-en","13":"pa_isbn-9783836587877-en","14":"pa_language-eng-f-ger","15":"pa_pages-512-en","16":"pa_published-2021-07-20-en","17":"pa_publisher-taschen-en-en","19":"first","20":"instock","21":"sold-individually","22":"shipping-taxable","23":"purchasable","24":"product-type-simple"},"yoast_head":"<!-- This site is optimized with the Yoast SEO plugin v27.4 - https:\/\/yoast.com\/product\/yoast-seo-wordpress\/ -->\n<title>Case Study Houses. the Complete CSH Program 1945-1966. 40th Ed (Elizabeth A. T. Smith) - book \/ album - Folio<\/title>\n<meta name=\"description\" content=\"Wejd\u017a i kup ksi\u0105\u017ck\u0119 Case Study Houses. the Complete CSH Program 1945-1966. 40th Ed autorstwa Elizabeth A. T. Smith wydan\u0105 przez TASCHEN (2021-07-20) w formacie 15,6 x 21,7 cm (ISBN: 9783836587877). Zapraszamy!\" \/>\n<meta name=\"robots\" content=\"index, follow, max-snippet:-1, max-image-preview:large, max-video-preview:-1\" \/>\n<link rel=\"canonical\" href=\"https:\/\/foliobooks.pl\/en\/shop\/case-study-houses-the-complete-csh-program-1945-1966-40th-ed\/\" \/>\n<meta property=\"og:locale\" content=\"en_US\" \/>\n<meta property=\"og:type\" content=\"article\" \/>\n<meta property=\"og:title\" content=\"Case Study Houses. the Complete CSH Program 1945-1966. 40th Ed (Elizabeth A. T. Smith) - book \/ album - Folio\" \/>\n<meta property=\"og:description\" content=\"Wejd\u017a i kup ksi\u0105\u017ck\u0119 Case Study Houses. the Complete CSH Program 1945-1966. 40th Ed autorstwa Elizabeth A. T. Smith wydan\u0105 przez TASCHEN (2021-07-20) w formacie 15,6 x 21,7 cm (ISBN: 9783836587877). Zapraszamy!\" \/>\n<meta property=\"og:url\" content=\"https:\/\/foliobooks.pl\/en\/shop\/case-study-houses-the-complete-csh-program-1945-1966-40th-ed\/\" \/>\n<meta property=\"og:site_name\" content=\"Folio\" \/>\n<meta property=\"article:modified_time\" content=\"2025-12-02T14:25:35+00:00\" \/>\n<meta property=\"og:image\" content=\"https:\/\/foliobooks.pl\/wp-content\/uploads\/2022\/08\/9783836587877.png\" \/>\n\t<meta property=\"og:image:width\" content=\"570\" \/>\n\t<meta property=\"og:image:height\" content=\"708\" \/>\n\t<meta property=\"og:image:type\" content=\"image\/png\" \/>\n<meta name=\"twitter:card\" content=\"summary_large_image\" \/>\n<meta name=\"twitter:label1\" content=\"Est. reading time\" \/>\n\t<meta name=\"twitter:data1\" content=\"1 minute\" \/>\n<script type=\"application\/ld+json\" class=\"yoast-schema-graph\">{\"@context\":\"https:\\\/\\\/schema.org\",\"@graph\":[{\"@type\":\"WebPage\",\"@id\":\"https:\\\/\\\/foliobooks.pl\\\/en\\\/shop\\\/case-study-houses-the-complete-csh-program-1945-1966-40th-ed\\\/\",\"url\":\"https:\\\/\\\/foliobooks.pl\\\/en\\\/shop\\\/case-study-houses-the-complete-csh-program-1945-1966-40th-ed\\\/\",\"name\":\"Case Study Houses. the Complete CSH Program 1945-1966. 40th Ed (Elizabeth A. T. Smith) - book \\\/ album - Folio\",\"isPartOf\":{\"@id\":\"https:\\\/\\\/foliobooks.pl\\\/en\\\/#website\"},\"primaryImageOfPage\":{\"@id\":\"https:\\\/\\\/foliobooks.pl\\\/en\\\/shop\\\/case-study-houses-the-complete-csh-program-1945-1966-40th-ed\\\/#primaryimage\"},\"image\":{\"@id\":\"https:\\\/\\\/foliobooks.pl\\\/en\\\/shop\\\/case-study-houses-the-complete-csh-program-1945-1966-40th-ed\\\/#primaryimage\"},\"thumbnailUrl\":\"https:\\\/\\\/foliobooks.pl\\\/wp-content\\\/uploads\\\/2022\\\/08\\\/9783836587877.png\",\"datePublished\":\"2022-08-22T06:26:29+00:00\",\"dateModified\":\"2025-12-02T14:25:35+00:00\",\"description\":\"Wejd\u017a i kup ksi\u0105\u017ck\u0119 Case Study Houses. the Complete CSH Program 1945-1966. 40th Ed autorstwa Elizabeth A. T. Smith wydan\u0105 przez TASCHEN (2021-07-20) w formacie 15,6 x 21,7 cm (ISBN: 9783836587877). Zapraszamy!\",\"breadcrumb\":{\"@id\":\"https:\\\/\\\/foliobooks.pl\\\/en\\\/shop\\\/case-study-houses-the-complete-csh-program-1945-1966-40th-ed\\\/#breadcrumb\"},\"inLanguage\":\"en-US\",\"potentialAction\":[{\"@type\":\"ReadAction\",\"target\":[\"https:\\\/\\\/foliobooks.pl\\\/en\\\/shop\\\/case-study-houses-the-complete-csh-program-1945-1966-40th-ed\\\/\"]}]},{\"@type\":\"ImageObject\",\"inLanguage\":\"en-US\",\"@id\":\"https:\\\/\\\/foliobooks.pl\\\/en\\\/shop\\\/case-study-houses-the-complete-csh-program-1945-1966-40th-ed\\\/#primaryimage\",\"url\":\"https:\\\/\\\/foliobooks.pl\\\/wp-content\\\/uploads\\\/2022\\\/08\\\/9783836587877.png\",\"contentUrl\":\"https:\\\/\\\/foliobooks.pl\\\/wp-content\\\/uploads\\\/2022\\\/08\\\/9783836587877.png\",\"width\":570,\"height\":708},{\"@type\":\"BreadcrumbList\",\"@id\":\"https:\\\/\\\/foliobooks.pl\\\/en\\\/shop\\\/case-study-houses-the-complete-csh-program-1945-1966-40th-ed\\\/#breadcrumb\",\"itemListElement\":[{\"@type\":\"ListItem\",\"position\":1,\"name\":\"Strona g\u0142\u00f3wna\",\"item\":\"https:\\\/\\\/foliobooks.pl\\\/en\\\/\"},{\"@type\":\"ListItem\",\"position\":2,\"name\":\"Shop\",\"item\":\"https:\\\/\\\/foliobooks.pl\\\/en\\\/shop\\\/\"},{\"@type\":\"ListItem\",\"position\":3,\"name\":\"Case Study Houses. the Complete CSH Program 1945-1966. 40th Ed\"}]},{\"@type\":\"WebSite\",\"@id\":\"https:\\\/\\\/foliobooks.pl\\\/en\\\/#website\",\"url\":\"https:\\\/\\\/foliobooks.pl\\\/en\\\/\",\"name\":\"Folio\",\"description\":\"Ksi\u0119garnia internetowa\",\"potentialAction\":[{\"@type\":\"SearchAction\",\"target\":{\"@type\":\"EntryPoint\",\"urlTemplate\":\"https:\\\/\\\/foliobooks.pl\\\/en\\\/?s={search_term_string}\"},\"query-input\":{\"@type\":\"PropertyValueSpecification\",\"valueRequired\":true,\"valueName\":\"search_term_string\"}}],\"inLanguage\":\"en-US\"}]}<\/script>\n<!-- \/ Yoast SEO plugin. -->","yoast_head_json":{"title":"Case Study Houses. the Complete CSH Program 1945-1966. 40th Ed (Elizabeth A. T. Smith) - book \/ album - Folio","description":"Wejd\u017a i kup ksi\u0105\u017ck\u0119 Case Study Houses. the Complete CSH Program 1945-1966. 40th Ed autorstwa Elizabeth A. T. Smith wydan\u0105 przez TASCHEN (2021-07-20) w formacie 15,6 x 21,7 cm (ISBN: 9783836587877). Zapraszamy!","robots":{"index":"index","follow":"follow","max-snippet":"max-snippet:-1","max-image-preview":"max-image-preview:large","max-video-preview":"max-video-preview:-1"},"canonical":"https:\/\/foliobooks.pl\/en\/shop\/case-study-houses-the-complete-csh-program-1945-1966-40th-ed\/","og_locale":"en_US","og_type":"article","og_title":"Case Study Houses. the Complete CSH Program 1945-1966. 40th Ed (Elizabeth A. T. Smith) - book \/ album - Folio","og_description":"Wejd\u017a i kup ksi\u0105\u017ck\u0119 Case Study Houses. the Complete CSH Program 1945-1966. 40th Ed autorstwa Elizabeth A. T. Smith wydan\u0105 przez TASCHEN (2021-07-20) w formacie 15,6 x 21,7 cm (ISBN: 9783836587877). Zapraszamy!","og_url":"https:\/\/foliobooks.pl\/en\/shop\/case-study-houses-the-complete-csh-program-1945-1966-40th-ed\/","og_site_name":"Folio","article_modified_time":"2025-12-02T14:25:35+00:00","og_image":[{"width":570,"height":708,"url":"https:\/\/foliobooks.pl\/wp-content\/uploads\/2022\/08\/9783836587877.png","type":"image\/png"}],"twitter_card":"summary_large_image","twitter_misc":{"Est. reading time":"1 minute"},"schema":{"@context":"https:\/\/schema.org","@graph":[{"@type":"WebPage","@id":"https:\/\/foliobooks.pl\/en\/shop\/case-study-houses-the-complete-csh-program-1945-1966-40th-ed\/","url":"https:\/\/foliobooks.pl\/en\/shop\/case-study-houses-the-complete-csh-program-1945-1966-40th-ed\/","name":"Case Study Houses. the Complete CSH Program 1945-1966. 40th Ed (Elizabeth A. T. Smith) - book \/ album - Folio","isPartOf":{"@id":"https:\/\/foliobooks.pl\/en\/#website"},"primaryImageOfPage":{"@id":"https:\/\/foliobooks.pl\/en\/shop\/case-study-houses-the-complete-csh-program-1945-1966-40th-ed\/#primaryimage"},"image":{"@id":"https:\/\/foliobooks.pl\/en\/shop\/case-study-houses-the-complete-csh-program-1945-1966-40th-ed\/#primaryimage"},"thumbnailUrl":"https:\/\/foliobooks.pl\/wp-content\/uploads\/2022\/08\/9783836587877.png","datePublished":"2022-08-22T06:26:29+00:00","dateModified":"2025-12-02T14:25:35+00:00","description":"Wejd\u017a i kup ksi\u0105\u017ck\u0119 Case Study Houses. the Complete CSH Program 1945-1966. 40th Ed autorstwa Elizabeth A. T. Smith wydan\u0105 przez TASCHEN (2021-07-20) w formacie 15,6 x 21,7 cm (ISBN: 9783836587877). Zapraszamy!","breadcrumb":{"@id":"https:\/\/foliobooks.pl\/en\/shop\/case-study-houses-the-complete-csh-program-1945-1966-40th-ed\/#breadcrumb"},"inLanguage":"en-US","potentialAction":[{"@type":"ReadAction","target":["https:\/\/foliobooks.pl\/en\/shop\/case-study-houses-the-complete-csh-program-1945-1966-40th-ed\/"]}]},{"@type":"ImageObject","inLanguage":"en-US","@id":"https:\/\/foliobooks.pl\/en\/shop\/case-study-houses-the-complete-csh-program-1945-1966-40th-ed\/#primaryimage","url":"https:\/\/foliobooks.pl\/wp-content\/uploads\/2022\/08\/9783836587877.png","contentUrl":"https:\/\/foliobooks.pl\/wp-content\/uploads\/2022\/08\/9783836587877.png","width":570,"height":708},{"@type":"BreadcrumbList","@id":"https:\/\/foliobooks.pl\/en\/shop\/case-study-houses-the-complete-csh-program-1945-1966-40th-ed\/#breadcrumb","itemListElement":[{"@type":"ListItem","position":1,"name":"Strona g\u0142\u00f3wna","item":"https:\/\/foliobooks.pl\/en\/"},{"@type":"ListItem","position":2,"name":"Shop","item":"https:\/\/foliobooks.pl\/en\/shop\/"},{"@type":"ListItem","position":3,"name":"Case Study Houses. the Complete CSH Program 1945-1966. 40th Ed"}]},{"@type":"WebSite","@id":"https:\/\/foliobooks.pl\/en\/#website","url":"https:\/\/foliobooks.pl\/en\/","name":"Folio","description":"Ksi\u0119garnia internetowa","potentialAction":[{"@type":"SearchAction","target":{"@type":"EntryPoint","urlTemplate":"https:\/\/foliobooks.pl\/en\/?s={search_term_string}"},"query-input":{"@type":"PropertyValueSpecification","valueRequired":true,"valueName":"search_term_string"}}],"inLanguage":"en-US"}]}},"_links":{"self":[{"href":"https:\/\/foliobooks.pl\/en\/wp-json\/wp\/v2\/product\/71105","targetHints":{"allow":["GET"]}}],"collection":[{"href":"https:\/\/foliobooks.pl\/en\/wp-json\/wp\/v2\/product"}],"about":[{"href":"https:\/\/foliobooks.pl\/en\/wp-json\/wp\/v2\/types\/product"}],"replies":[{"embeddable":true,"href":"https:\/\/foliobooks.pl\/en\/wp-json\/wp\/v2\/comments?post=71105"}],"wp:featuredmedia":[{"embeddable":true,"href":"https:\/\/foliobooks.pl\/en\/wp-json\/wp\/v2\/media\/71092"}],"wp:attachment":[{"href":"https:\/\/foliobooks.pl\/en\/wp-json\/wp\/v2\/media?parent=71105"}],"wp:term":[{"taxonomy":"product_brand","embeddable":true,"href":"https:\/\/foliobooks.pl\/en\/wp-json\/wp\/v2\/product_brand?post=71105"},{"taxonomy":"product_cat","embeddable":true,"href":"https:\/\/foliobooks.pl\/en\/wp-json\/wp\/v2\/product_cat?post=71105"},{"taxonomy":"product_tag","embeddable":true,"href":"https:\/\/foliobooks.pl\/en\/wp-json\/wp\/v2\/product_tag?post=71105"}],"curies":[{"name":"wp","href":"https:\/\/api.w.org\/{rel}","templated":true}]}}