{"id":71075,"date":"2022-08-22T08:12:47","date_gmt":"2022-08-22T06:12:47","guid":{"rendered":"https:\/\/foliobooks.pl\/sklep\/dubai-wonder\/"},"modified":"2026-04-09T16:57:41","modified_gmt":"2026-04-09T14:57:41","slug":"dubai-wonder","status":"publish","type":"product","link":"https:\/\/foliobooks.pl\/en\/shop\/dubai-wonder\/","title":{"rendered":"Dubai Wonder"},"content":{"rendered":"<div>\n<div class=\"pull-quote-container\">\n<p class=\"pull-quote\">\u201cDubai will never settle for anything less than first place.\u201d<\/p>\n<p class=\"pull-quote-author\">\u2013 HH Sheikh Mohammed bin Rashid Al Maktoum, Vice President and Prime Minister of the UAE, and ruler of Dubai<\/p>\n<\/div>\n<\/div>\n<p>An international port city and desert oasis, Dubai is one of the most important metropolises in the Middle East. With modest beginnings in the industries of pearl diving, fishing and trade, Dubai has since eclipsed its historic origins. The most populated of the seven emirates united by founder Sheikh Zayed bin Sultan Al Nahyan in 1971, Dubai is a treasure trove of the best, the biggest and the brightest, drawing such stars of architecture as Zaha Hadid, Foster + Partners, and Santiago Calatrava. Dubai\u2019s skyline features the world\u2019s tallest tower, Burj Khalifa; the giant Dubai Mall; the Burj Al Arab seven-star hotel and the Dubai International Airport\u2014the ultimate extravagance.<\/p>\n<p><em>Dubai Wonder<\/em>\u00a0tours readers through this storied city and its cultural diversity and distinct neighborhoods, including Deira, home to the Khor Dubai, a creek that Dubai\u2019s economy relied on for several decades for pearl diving and fishing; Al Quoz, the cultural heart of the city; the Dubai International Financial Centre and Jumeirah, a largely residential district featuring the emirate\u2019s notable resorts along its coast.<\/p>\n<p>Other stops on the tour include Dubai\u2019s burgeoning art scene, the Art Dubai fair and Alserkal Avenue, a cluster of warehouses containing art galleries.\u00a0<em>Dubai Wonder<\/em>\u00a0also takes readers inside the highly anticipated Expo 2020 Dubai, opening in October 2021 and already heralded as the grandest world fair in history. A hub of innovation and firsts, Dubai represents a vision for the future, where anything is possible, as each page of this awe-inspiring addition to Assouline\u2019s Travel Series demonstrates.<\/p>\n","protected":false},"excerpt":{"rendered":"<p>\u201cDubai will never settle for anything less than first place.\u201d \u2013 HH Sheikh Mohammed bin Rashid Al Maktoum, Vice President and Prime Minister of the UAE, and ruler of Dubai An international port city and desert oasis, Dubai is one of the most important metropolises in the Middle East. With modest beginnings in the industries&#8230;<\/p>\n","protected":false},"featured_media":71062,"comment_status":"closed","ping_status":"closed","template":"","meta":[],"product_brand":[],"product_cat":[13533,4517],"product_tag":[11506,156],"class_list":{"0":"post-71075","1":"product","2":"type-product","3":"status-publish","4":"has-post-thumbnail","6":"product_cat-books","7":"product_cat-photography-en","8":"product_tag-asia-en","9":"product_tag-travel","10":"pa_author_att-myrna-ayad-en","11":"pa_cover-hardcover","12":"pa_format-25-x-33-cm-en","13":"pa_isbn-9781649800237-en","14":"pa_language-eng","15":"pa_pages-296-en","16":"pa_published-2021-12-01-en","17":"pa_publisher-assouline-en","19":"first","20":"instock","21":"sale","22":"sold-individually","23":"shipping-taxable","24":"purchasable","25":"product-type-simple"},"yoast_head":"<!-- This site is optimized with the Yoast SEO plugin v27.4 - https:\/\/yoast.com\/product\/yoast-seo-wordpress\/ -->\n<title>Dubai Wonder (Myrna Ayad) - book \/ album - Folio<\/title>\n<meta name=\"description\" content=\"Wejd\u017a i kup ksi\u0105\u017ck\u0119 Dubai Wonder autorstwa Myrna Ayad wydan\u0105 przez Assouline (2021-12-01) w formacie 25 x 33 cm (ISBN: 9781649800237). Zapraszamy!\" \/>\n<meta name=\"robots\" content=\"index, follow, max-snippet:-1, max-image-preview:large, max-video-preview:-1\" \/>\n<link rel=\"canonical\" href=\"https:\/\/foliobooks.pl\/en\/shop\/dubai-wonder\/\" \/>\n<meta property=\"og:locale\" content=\"en_US\" \/>\n<meta property=\"og:type\" content=\"article\" \/>\n<meta property=\"og:title\" content=\"Dubai Wonder (Myrna Ayad) - book \/ album - Folio\" \/>\n<meta property=\"og:description\" content=\"Wejd\u017a i kup ksi\u0105\u017ck\u0119 Dubai Wonder autorstwa Myrna Ayad wydan\u0105 przez Assouline (2021-12-01) w formacie 25 x 33 cm (ISBN: 9781649800237). Zapraszamy!\" \/>\n<meta property=\"og:url\" content=\"https:\/\/foliobooks.pl\/en\/shop\/dubai-wonder\/\" \/>\n<meta property=\"og:site_name\" content=\"Folio\" \/>\n<meta property=\"article:modified_time\" content=\"2026-04-09T14:57:41+00:00\" \/>\n<meta property=\"og:image\" content=\"https:\/\/foliobooks.pl\/wp-content\/uploads\/2022\/08\/9781649800237.png\" \/>\n\t<meta property=\"og:image:width\" content=\"570\" \/>\n\t<meta property=\"og:image:height\" content=\"708\" \/>\n\t<meta property=\"og:image:type\" content=\"image\/png\" \/>\n<meta name=\"twitter:card\" content=\"summary_large_image\" \/>\n<meta name=\"twitter:label1\" content=\"Est. reading time\" \/>\n\t<meta name=\"twitter:data1\" content=\"2 minutes\" \/>\n<script type=\"application\/ld+json\" class=\"yoast-schema-graph\">{\"@context\":\"https:\\\/\\\/schema.org\",\"@graph\":[{\"@type\":\"WebPage\",\"@id\":\"https:\\\/\\\/foliobooks.pl\\\/en\\\/shop\\\/dubai-wonder\\\/\",\"url\":\"https:\\\/\\\/foliobooks.pl\\\/en\\\/shop\\\/dubai-wonder\\\/\",\"name\":\"Dubai Wonder (Myrna Ayad) - book \\\/ album - Folio\",\"isPartOf\":{\"@id\":\"https:\\\/\\\/foliobooks.pl\\\/en\\\/#website\"},\"primaryImageOfPage\":{\"@id\":\"https:\\\/\\\/foliobooks.pl\\\/en\\\/shop\\\/dubai-wonder\\\/#primaryimage\"},\"image\":{\"@id\":\"https:\\\/\\\/foliobooks.pl\\\/en\\\/shop\\\/dubai-wonder\\\/#primaryimage\"},\"thumbnailUrl\":\"https:\\\/\\\/foliobooks.pl\\\/wp-content\\\/uploads\\\/2022\\\/08\\\/9781649800237.png\",\"datePublished\":\"2022-08-22T06:12:47+00:00\",\"dateModified\":\"2026-04-09T14:57:41+00:00\",\"description\":\"Wejd\u017a i kup ksi\u0105\u017ck\u0119 Dubai Wonder autorstwa Myrna Ayad wydan\u0105 przez Assouline (2021-12-01) w formacie 25 x 33 cm (ISBN: 9781649800237). Zapraszamy!\",\"breadcrumb\":{\"@id\":\"https:\\\/\\\/foliobooks.pl\\\/en\\\/shop\\\/dubai-wonder\\\/#breadcrumb\"},\"inLanguage\":\"en-US\",\"potentialAction\":[{\"@type\":\"ReadAction\",\"target\":[\"https:\\\/\\\/foliobooks.pl\\\/en\\\/shop\\\/dubai-wonder\\\/\"]}]},{\"@type\":\"ImageObject\",\"inLanguage\":\"en-US\",\"@id\":\"https:\\\/\\\/foliobooks.pl\\\/en\\\/shop\\\/dubai-wonder\\\/#primaryimage\",\"url\":\"https:\\\/\\\/foliobooks.pl\\\/wp-content\\\/uploads\\\/2022\\\/08\\\/9781649800237.png\",\"contentUrl\":\"https:\\\/\\\/foliobooks.pl\\\/wp-content\\\/uploads\\\/2022\\\/08\\\/9781649800237.png\",\"width\":570,\"height\":708},{\"@type\":\"BreadcrumbList\",\"@id\":\"https:\\\/\\\/foliobooks.pl\\\/en\\\/shop\\\/dubai-wonder\\\/#breadcrumb\",\"itemListElement\":[{\"@type\":\"ListItem\",\"position\":1,\"name\":\"Strona g\u0142\u00f3wna\",\"item\":\"https:\\\/\\\/foliobooks.pl\\\/en\\\/\"},{\"@type\":\"ListItem\",\"position\":2,\"name\":\"Shop\",\"item\":\"https:\\\/\\\/foliobooks.pl\\\/en\\\/shop\\\/\"},{\"@type\":\"ListItem\",\"position\":3,\"name\":\"Dubai Wonder\"}]},{\"@type\":\"WebSite\",\"@id\":\"https:\\\/\\\/foliobooks.pl\\\/en\\\/#website\",\"url\":\"https:\\\/\\\/foliobooks.pl\\\/en\\\/\",\"name\":\"Folio\",\"description\":\"Ksi\u0119garnia internetowa\",\"potentialAction\":[{\"@type\":\"SearchAction\",\"target\":{\"@type\":\"EntryPoint\",\"urlTemplate\":\"https:\\\/\\\/foliobooks.pl\\\/en\\\/?s={search_term_string}\"},\"query-input\":{\"@type\":\"PropertyValueSpecification\",\"valueRequired\":true,\"valueName\":\"search_term_string\"}}],\"inLanguage\":\"en-US\"}]}<\/script>\n<!-- \/ Yoast SEO plugin. -->","yoast_head_json":{"title":"Dubai Wonder (Myrna Ayad) - book \/ album - Folio","description":"Wejd\u017a i kup ksi\u0105\u017ck\u0119 Dubai Wonder autorstwa Myrna Ayad wydan\u0105 przez Assouline (2021-12-01) w formacie 25 x 33 cm (ISBN: 9781649800237). Zapraszamy!","robots":{"index":"index","follow":"follow","max-snippet":"max-snippet:-1","max-image-preview":"max-image-preview:large","max-video-preview":"max-video-preview:-1"},"canonical":"https:\/\/foliobooks.pl\/en\/shop\/dubai-wonder\/","og_locale":"en_US","og_type":"article","og_title":"Dubai Wonder (Myrna Ayad) - book \/ album - Folio","og_description":"Wejd\u017a i kup ksi\u0105\u017ck\u0119 Dubai Wonder autorstwa Myrna Ayad wydan\u0105 przez Assouline (2021-12-01) w formacie 25 x 33 cm (ISBN: 9781649800237). Zapraszamy!","og_url":"https:\/\/foliobooks.pl\/en\/shop\/dubai-wonder\/","og_site_name":"Folio","article_modified_time":"2026-04-09T14:57:41+00:00","og_image":[{"width":570,"height":708,"url":"https:\/\/foliobooks.pl\/wp-content\/uploads\/2022\/08\/9781649800237.png","type":"image\/png"}],"twitter_card":"summary_large_image","twitter_misc":{"Est. reading time":"2 minutes"},"schema":{"@context":"https:\/\/schema.org","@graph":[{"@type":"WebPage","@id":"https:\/\/foliobooks.pl\/en\/shop\/dubai-wonder\/","url":"https:\/\/foliobooks.pl\/en\/shop\/dubai-wonder\/","name":"Dubai Wonder (Myrna Ayad) - book \/ album - Folio","isPartOf":{"@id":"https:\/\/foliobooks.pl\/en\/#website"},"primaryImageOfPage":{"@id":"https:\/\/foliobooks.pl\/en\/shop\/dubai-wonder\/#primaryimage"},"image":{"@id":"https:\/\/foliobooks.pl\/en\/shop\/dubai-wonder\/#primaryimage"},"thumbnailUrl":"https:\/\/foliobooks.pl\/wp-content\/uploads\/2022\/08\/9781649800237.png","datePublished":"2022-08-22T06:12:47+00:00","dateModified":"2026-04-09T14:57:41+00:00","description":"Wejd\u017a i kup ksi\u0105\u017ck\u0119 Dubai Wonder autorstwa Myrna Ayad wydan\u0105 przez Assouline (2021-12-01) w formacie 25 x 33 cm (ISBN: 9781649800237). Zapraszamy!","breadcrumb":{"@id":"https:\/\/foliobooks.pl\/en\/shop\/dubai-wonder\/#breadcrumb"},"inLanguage":"en-US","potentialAction":[{"@type":"ReadAction","target":["https:\/\/foliobooks.pl\/en\/shop\/dubai-wonder\/"]}]},{"@type":"ImageObject","inLanguage":"en-US","@id":"https:\/\/foliobooks.pl\/en\/shop\/dubai-wonder\/#primaryimage","url":"https:\/\/foliobooks.pl\/wp-content\/uploads\/2022\/08\/9781649800237.png","contentUrl":"https:\/\/foliobooks.pl\/wp-content\/uploads\/2022\/08\/9781649800237.png","width":570,"height":708},{"@type":"BreadcrumbList","@id":"https:\/\/foliobooks.pl\/en\/shop\/dubai-wonder\/#breadcrumb","itemListElement":[{"@type":"ListItem","position":1,"name":"Strona g\u0142\u00f3wna","item":"https:\/\/foliobooks.pl\/en\/"},{"@type":"ListItem","position":2,"name":"Shop","item":"https:\/\/foliobooks.pl\/en\/shop\/"},{"@type":"ListItem","position":3,"name":"Dubai Wonder"}]},{"@type":"WebSite","@id":"https:\/\/foliobooks.pl\/en\/#website","url":"https:\/\/foliobooks.pl\/en\/","name":"Folio","description":"Ksi\u0119garnia internetowa","potentialAction":[{"@type":"SearchAction","target":{"@type":"EntryPoint","urlTemplate":"https:\/\/foliobooks.pl\/en\/?s={search_term_string}"},"query-input":{"@type":"PropertyValueSpecification","valueRequired":true,"valueName":"search_term_string"}}],"inLanguage":"en-US"}]}},"_links":{"self":[{"href":"https:\/\/foliobooks.pl\/en\/wp-json\/wp\/v2\/product\/71075","targetHints":{"allow":["GET"]}}],"collection":[{"href":"https:\/\/foliobooks.pl\/en\/wp-json\/wp\/v2\/product"}],"about":[{"href":"https:\/\/foliobooks.pl\/en\/wp-json\/wp\/v2\/types\/product"}],"replies":[{"embeddable":true,"href":"https:\/\/foliobooks.pl\/en\/wp-json\/wp\/v2\/comments?post=71075"}],"wp:featuredmedia":[{"embeddable":true,"href":"https:\/\/foliobooks.pl\/en\/wp-json\/wp\/v2\/media\/71062"}],"wp:attachment":[{"href":"https:\/\/foliobooks.pl\/en\/wp-json\/wp\/v2\/media?parent=71075"}],"wp:term":[{"taxonomy":"product_brand","embeddable":true,"href":"https:\/\/foliobooks.pl\/en\/wp-json\/wp\/v2\/product_brand?post=71075"},{"taxonomy":"product_cat","embeddable":true,"href":"https:\/\/foliobooks.pl\/en\/wp-json\/wp\/v2\/product_cat?post=71075"},{"taxonomy":"product_tag","embeddable":true,"href":"https:\/\/foliobooks.pl\/en\/wp-json\/wp\/v2\/product_tag?post=71075"}],"curies":[{"name":"wp","href":"https:\/\/api.w.org\/{rel}","templated":true}]}}