{"id":71055,"date":"2022-08-22T08:01:40","date_gmt":"2022-08-22T06:01:40","guid":{"rendered":"https:\/\/foliobooks.pl\/sklep\/banksy\/"},"modified":"2023-03-09T12:08:40","modified_gmt":"2023-03-09T11:08:40","slug":"banksy","status":"publish","type":"product","link":"https:\/\/foliobooks.pl\/en\/shop\/banksy\/","title":{"rendered":"Banksy"},"content":{"rendered":"<p class=\"font-weight-bold h6\">The most wide-ranging and up-to-date volume available on the enigmatic and controversial graffiti artist, this deeply researched and highly personal tribute explores how Banksy continues to defy accepted wisdom about artistic success, growing only more famous and powerful even as he sticks to his anti-establishment platform and to his mission to give a voice to the voiceless.<\/p>\n<div class=\"column-count-md-2\">\n<p>Accompanied by stunning full-page, full-color reproductions and photographs of works in situ\u2014including many that have been lost to time\u2014photographer and street art expert Alessandra Mattanza\u2019s impassioned and informed text follows Banksy\u2019s career trajectory from creator of message-laden stencils on London\u2019s city walls to a sought-after champion of human and environmental rights. She investigates many of the key images that populate Banksy\u2019s work\u2014animals, children, historic figures, balloons, cartoon characters, police officers, and others. She shows how Banksy\u2019s oeuvre has expanded beyond graffiti and stenciling and how his art has helped support his activism in a variety of causes\u2014from calls for peace in the Middle East to the preservation of the natural environment. Readers will come away with a new understanding of how Banksy helped transform an illegal act of criminal damage into a high art form, and how, by ridiculing institutionalized art, he has achieved enormous fame within those very institutions.<\/p>\n<\/div>\n","protected":false},"excerpt":{"rendered":"<p>The most wide-ranging and up-to-date volume available on the enigmatic and controversial graffiti artist, this deeply researched and highly personal tribute explores how Banksy continues to defy accepted wisdom about artistic success, growing only more famous and powerful even as he sticks to his anti-establishment platform and to his mission to give a voice to&#8230;<\/p>\n","protected":false},"featured_media":71054,"comment_status":"closed","ping_status":"closed","template":"","meta":[],"product_brand":[],"product_cat":[4522,13533],"product_tag":[9083,2820],"class_list":{"0":"post-71055","1":"product","2":"type-product","3":"status-publish","4":"has-post-thumbnail","6":"product_cat-art-en","7":"product_cat-books","8":"product_tag-art-en","9":"product_tag-street-art-en","10":"pa_author_att-alessandra-mattanza-en","11":"pa_cover-hardcover","12":"pa_format-238-x-308-cm-en","13":"pa_isbn-9783791388243-en","14":"pa_language-eng","15":"pa_pages-240-en","16":"pa_published-2022-02-15-en","17":"pa_publisher-prestel-en","19":"first","20":"outofstock","21":"sold-individually","22":"shipping-taxable","23":"purchasable","24":"product-type-simple"},"yoast_head":"<!-- This site is optimized with the Yoast SEO plugin v27.4 - https:\/\/yoast.com\/product\/yoast-seo-wordpress\/ -->\n<title>Banksy (Alessandra Mattanza) - book \/ album - Folio<\/title>\n<meta name=\"description\" content=\"Wejd\u017a i kup ksi\u0105\u017ck\u0119 Banksy autorstwa Alessandra Mattanza wydan\u0105 przez PRESTEL (2022-02-15) w formacie 23,8 x 30,8 cm (ISBN: 9783791388243). Zapraszamy!\" \/>\n<meta name=\"robots\" content=\"index, follow, max-snippet:-1, max-image-preview:large, max-video-preview:-1\" \/>\n<link rel=\"canonical\" href=\"https:\/\/foliobooks.pl\/en\/shop\/banksy\/\" \/>\n<meta property=\"og:locale\" content=\"en_US\" \/>\n<meta property=\"og:type\" content=\"article\" \/>\n<meta property=\"og:title\" content=\"Banksy (Alessandra Mattanza) - book \/ album - Folio\" \/>\n<meta property=\"og:description\" content=\"Wejd\u017a i kup ksi\u0105\u017ck\u0119 Banksy autorstwa Alessandra Mattanza wydan\u0105 przez PRESTEL (2022-02-15) w formacie 23,8 x 30,8 cm (ISBN: 9783791388243). Zapraszamy!\" \/>\n<meta property=\"og:url\" content=\"https:\/\/foliobooks.pl\/en\/shop\/banksy\/\" \/>\n<meta property=\"og:site_name\" content=\"Folio\" \/>\n<meta property=\"article:modified_time\" content=\"2023-03-09T11:08:40+00:00\" \/>\n<meta property=\"og:image\" content=\"https:\/\/foliobooks.pl\/wp-content\/uploads\/2022\/08\/9783791388243.png\" \/>\n\t<meta property=\"og:image:width\" content=\"570\" \/>\n\t<meta property=\"og:image:height\" content=\"708\" \/>\n\t<meta property=\"og:image:type\" content=\"image\/png\" \/>\n<meta name=\"twitter:card\" content=\"summary_large_image\" \/>\n<meta name=\"twitter:label1\" content=\"Est. reading time\" \/>\n\t<meta name=\"twitter:data1\" content=\"2 minutes\" \/>\n<script type=\"application\/ld+json\" class=\"yoast-schema-graph\">{\"@context\":\"https:\\\/\\\/schema.org\",\"@graph\":[{\"@type\":\"WebPage\",\"@id\":\"https:\\\/\\\/foliobooks.pl\\\/en\\\/shop\\\/banksy\\\/\",\"url\":\"https:\\\/\\\/foliobooks.pl\\\/en\\\/shop\\\/banksy\\\/\",\"name\":\"Banksy (Alessandra Mattanza) - book \\\/ album - Folio\",\"isPartOf\":{\"@id\":\"https:\\\/\\\/foliobooks.pl\\\/en\\\/#website\"},\"primaryImageOfPage\":{\"@id\":\"https:\\\/\\\/foliobooks.pl\\\/en\\\/shop\\\/banksy\\\/#primaryimage\"},\"image\":{\"@id\":\"https:\\\/\\\/foliobooks.pl\\\/en\\\/shop\\\/banksy\\\/#primaryimage\"},\"thumbnailUrl\":\"https:\\\/\\\/foliobooks.pl\\\/wp-content\\\/uploads\\\/2022\\\/08\\\/9783791388243.png\",\"datePublished\":\"2022-08-22T06:01:40+00:00\",\"dateModified\":\"2023-03-09T11:08:40+00:00\",\"description\":\"Wejd\u017a i kup ksi\u0105\u017ck\u0119 Banksy autorstwa Alessandra Mattanza wydan\u0105 przez PRESTEL (2022-02-15) w formacie 23,8 x 30,8 cm (ISBN: 9783791388243). Zapraszamy!\",\"breadcrumb\":{\"@id\":\"https:\\\/\\\/foliobooks.pl\\\/en\\\/shop\\\/banksy\\\/#breadcrumb\"},\"inLanguage\":\"en-US\",\"potentialAction\":[{\"@type\":\"ReadAction\",\"target\":[\"https:\\\/\\\/foliobooks.pl\\\/en\\\/shop\\\/banksy\\\/\"]}]},{\"@type\":\"ImageObject\",\"inLanguage\":\"en-US\",\"@id\":\"https:\\\/\\\/foliobooks.pl\\\/en\\\/shop\\\/banksy\\\/#primaryimage\",\"url\":\"https:\\\/\\\/foliobooks.pl\\\/wp-content\\\/uploads\\\/2022\\\/08\\\/9783791388243.png\",\"contentUrl\":\"https:\\\/\\\/foliobooks.pl\\\/wp-content\\\/uploads\\\/2022\\\/08\\\/9783791388243.png\",\"width\":570,\"height\":708},{\"@type\":\"BreadcrumbList\",\"@id\":\"https:\\\/\\\/foliobooks.pl\\\/en\\\/shop\\\/banksy\\\/#breadcrumb\",\"itemListElement\":[{\"@type\":\"ListItem\",\"position\":1,\"name\":\"Strona g\u0142\u00f3wna\",\"item\":\"https:\\\/\\\/foliobooks.pl\\\/en\\\/\"},{\"@type\":\"ListItem\",\"position\":2,\"name\":\"Shop\",\"item\":\"https:\\\/\\\/foliobooks.pl\\\/en\\\/shop\\\/\"},{\"@type\":\"ListItem\",\"position\":3,\"name\":\"Banksy\"}]},{\"@type\":\"WebSite\",\"@id\":\"https:\\\/\\\/foliobooks.pl\\\/en\\\/#website\",\"url\":\"https:\\\/\\\/foliobooks.pl\\\/en\\\/\",\"name\":\"Folio\",\"description\":\"Ksi\u0119garnia internetowa\",\"potentialAction\":[{\"@type\":\"SearchAction\",\"target\":{\"@type\":\"EntryPoint\",\"urlTemplate\":\"https:\\\/\\\/foliobooks.pl\\\/en\\\/?s={search_term_string}\"},\"query-input\":{\"@type\":\"PropertyValueSpecification\",\"valueRequired\":true,\"valueName\":\"search_term_string\"}}],\"inLanguage\":\"en-US\"}]}<\/script>\n<!-- \/ Yoast SEO plugin. -->","yoast_head_json":{"title":"Banksy (Alessandra Mattanza) - book \/ album - Folio","description":"Wejd\u017a i kup ksi\u0105\u017ck\u0119 Banksy autorstwa Alessandra Mattanza wydan\u0105 przez PRESTEL (2022-02-15) w formacie 23,8 x 30,8 cm (ISBN: 9783791388243). Zapraszamy!","robots":{"index":"index","follow":"follow","max-snippet":"max-snippet:-1","max-image-preview":"max-image-preview:large","max-video-preview":"max-video-preview:-1"},"canonical":"https:\/\/foliobooks.pl\/en\/shop\/banksy\/","og_locale":"en_US","og_type":"article","og_title":"Banksy (Alessandra Mattanza) - book \/ album - Folio","og_description":"Wejd\u017a i kup ksi\u0105\u017ck\u0119 Banksy autorstwa Alessandra Mattanza wydan\u0105 przez PRESTEL (2022-02-15) w formacie 23,8 x 30,8 cm (ISBN: 9783791388243). Zapraszamy!","og_url":"https:\/\/foliobooks.pl\/en\/shop\/banksy\/","og_site_name":"Folio","article_modified_time":"2023-03-09T11:08:40+00:00","og_image":[{"width":570,"height":708,"url":"https:\/\/foliobooks.pl\/wp-content\/uploads\/2022\/08\/9783791388243.png","type":"image\/png"}],"twitter_card":"summary_large_image","twitter_misc":{"Est. reading time":"2 minutes"},"schema":{"@context":"https:\/\/schema.org","@graph":[{"@type":"WebPage","@id":"https:\/\/foliobooks.pl\/en\/shop\/banksy\/","url":"https:\/\/foliobooks.pl\/en\/shop\/banksy\/","name":"Banksy (Alessandra Mattanza) - book \/ album - Folio","isPartOf":{"@id":"https:\/\/foliobooks.pl\/en\/#website"},"primaryImageOfPage":{"@id":"https:\/\/foliobooks.pl\/en\/shop\/banksy\/#primaryimage"},"image":{"@id":"https:\/\/foliobooks.pl\/en\/shop\/banksy\/#primaryimage"},"thumbnailUrl":"https:\/\/foliobooks.pl\/wp-content\/uploads\/2022\/08\/9783791388243.png","datePublished":"2022-08-22T06:01:40+00:00","dateModified":"2023-03-09T11:08:40+00:00","description":"Wejd\u017a i kup ksi\u0105\u017ck\u0119 Banksy autorstwa Alessandra Mattanza wydan\u0105 przez PRESTEL (2022-02-15) w formacie 23,8 x 30,8 cm (ISBN: 9783791388243). Zapraszamy!","breadcrumb":{"@id":"https:\/\/foliobooks.pl\/en\/shop\/banksy\/#breadcrumb"},"inLanguage":"en-US","potentialAction":[{"@type":"ReadAction","target":["https:\/\/foliobooks.pl\/en\/shop\/banksy\/"]}]},{"@type":"ImageObject","inLanguage":"en-US","@id":"https:\/\/foliobooks.pl\/en\/shop\/banksy\/#primaryimage","url":"https:\/\/foliobooks.pl\/wp-content\/uploads\/2022\/08\/9783791388243.png","contentUrl":"https:\/\/foliobooks.pl\/wp-content\/uploads\/2022\/08\/9783791388243.png","width":570,"height":708},{"@type":"BreadcrumbList","@id":"https:\/\/foliobooks.pl\/en\/shop\/banksy\/#breadcrumb","itemListElement":[{"@type":"ListItem","position":1,"name":"Strona g\u0142\u00f3wna","item":"https:\/\/foliobooks.pl\/en\/"},{"@type":"ListItem","position":2,"name":"Shop","item":"https:\/\/foliobooks.pl\/en\/shop\/"},{"@type":"ListItem","position":3,"name":"Banksy"}]},{"@type":"WebSite","@id":"https:\/\/foliobooks.pl\/en\/#website","url":"https:\/\/foliobooks.pl\/en\/","name":"Folio","description":"Ksi\u0119garnia internetowa","potentialAction":[{"@type":"SearchAction","target":{"@type":"EntryPoint","urlTemplate":"https:\/\/foliobooks.pl\/en\/?s={search_term_string}"},"query-input":{"@type":"PropertyValueSpecification","valueRequired":true,"valueName":"search_term_string"}}],"inLanguage":"en-US"}]}},"_links":{"self":[{"href":"https:\/\/foliobooks.pl\/en\/wp-json\/wp\/v2\/product\/71055","targetHints":{"allow":["GET"]}}],"collection":[{"href":"https:\/\/foliobooks.pl\/en\/wp-json\/wp\/v2\/product"}],"about":[{"href":"https:\/\/foliobooks.pl\/en\/wp-json\/wp\/v2\/types\/product"}],"replies":[{"embeddable":true,"href":"https:\/\/foliobooks.pl\/en\/wp-json\/wp\/v2\/comments?post=71055"}],"wp:featuredmedia":[{"embeddable":true,"href":"https:\/\/foliobooks.pl\/en\/wp-json\/wp\/v2\/media\/71054"}],"wp:attachment":[{"href":"https:\/\/foliobooks.pl\/en\/wp-json\/wp\/v2\/media?parent=71055"}],"wp:term":[{"taxonomy":"product_brand","embeddable":true,"href":"https:\/\/foliobooks.pl\/en\/wp-json\/wp\/v2\/product_brand?post=71055"},{"taxonomy":"product_cat","embeddable":true,"href":"https:\/\/foliobooks.pl\/en\/wp-json\/wp\/v2\/product_cat?post=71055"},{"taxonomy":"product_tag","embeddable":true,"href":"https:\/\/foliobooks.pl\/en\/wp-json\/wp\/v2\/product_tag?post=71055"}],"curies":[{"name":"wp","href":"https:\/\/api.w.org\/{rel}","templated":true}]}}