{"id":70946,"date":"2022-08-21T18:40:34","date_gmt":"2022-08-21T16:40:34","guid":{"rendered":"https:\/\/foliobooks.pl\/sklep\/mercedes-benz-300-sl-book\/"},"modified":"2023-09-13T15:55:05","modified_gmt":"2023-09-13T13:55:05","slug":"mercedes-benz-300-sl-book","status":"publish","type":"product","link":"https:\/\/foliobooks.pl\/en\/shop\/mercedes-benz-300-sl-book\/","title":{"rendered":"Mercedes-Benz. 300 SL Book"},"content":{"rendered":"<p>This iconic sports car, from the first Mercedes 300 SL to its latest successors, proves that technology can indeed evolve into art. And who better to showcase this procession of pioneering automobiles than Ren\u00e9 Staud, whose striking photographs will captivate any enthusiast. This book, based on Staud\u2019s successful calendars, is an ode to an extraordinary vehicle whose spell stars such as Grace Kelly, Frank Sinatra and Alfred Hitchcock have all fallen under. The elaborately orchestrated pictures show sleek curves and precision in every detail, conveying the passion for this breathtaking automobile. A photographic tribute to the \u201csports car of the century\u201d, covering the 70-year history of the 300 SL racing car models from 1952 to the latest SL generation.<\/p>\n","protected":false},"excerpt":{"rendered":"<p>This iconic sports car, from the first Mercedes 300 SL to its latest successors, proves that technology can indeed evolve into art. And who better to showcase this procession of pioneering automobiles than Ren\u00e9 Staud, whose striking photographs will captivate any enthusiast. This book, based on Staud\u2019s successful calendars, is an ode to an extraordinary&#8230;<\/p>\n","protected":false},"featured_media":70937,"comment_status":"closed","ping_status":"closed","template":"","meta":[],"product_brand":[],"product_cat":[13533,4520],"product_tag":[216,6106],"class_list":{"0":"post-70946","1":"product","2":"type-product","3":"status-publish","4":"has-post-thumbnail","6":"product_cat-books","7":"product_cat-motorsport-en","8":"product_tag-cars-en","9":"product_tag-transport-en","10":"pa_author_att-rene-staud-2-en","11":"pa_cover-hardcover","12":"pa_format-275-x-34-cm-en","13":"pa_isbn-9783961714018-en","14":"pa_language-eng-f-ger","15":"pa_pages-256-2-en","16":"pa_published-2022-05-20-en","17":"pa_publisher-teneues-en","19":"first","20":"outofstock","21":"sold-individually","22":"shipping-taxable","23":"purchasable","24":"product-type-simple"},"yoast_head":"<!-- This site is optimized with the Yoast SEO plugin v27.4 - https:\/\/yoast.com\/product\/yoast-seo-wordpress\/ -->\n<title>Mercedes-Benz. 300 SL Book (Ren\u00e9 Staud) - book \/ album - Folio<\/title>\n<meta name=\"description\" content=\"Wejd\u017a i kup ksi\u0105\u017ck\u0119 Mercedes-Benz. 300 SL Book autorstwa Ren\u00e9 Staud wydan\u0105 przez teNeues (2022-05-20) w formacie 27,5 x 34 cm (ISBN: 9783961714018). Zapraszamy!\" \/>\n<meta name=\"robots\" content=\"index, follow, max-snippet:-1, max-image-preview:large, max-video-preview:-1\" \/>\n<link rel=\"canonical\" href=\"https:\/\/foliobooks.pl\/en\/shop\/mercedes-benz-300-sl-book\/\" \/>\n<meta property=\"og:locale\" content=\"en_US\" \/>\n<meta property=\"og:type\" content=\"article\" \/>\n<meta property=\"og:title\" content=\"Mercedes-Benz. 300 SL Book (Ren\u00e9 Staud) - book \/ album - Folio\" \/>\n<meta property=\"og:description\" content=\"Wejd\u017a i kup ksi\u0105\u017ck\u0119 Mercedes-Benz. 300 SL Book autorstwa Ren\u00e9 Staud wydan\u0105 przez teNeues (2022-05-20) w formacie 27,5 x 34 cm (ISBN: 9783961714018). Zapraszamy!\" \/>\n<meta property=\"og:url\" content=\"https:\/\/foliobooks.pl\/en\/shop\/mercedes-benz-300-sl-book\/\" \/>\n<meta property=\"og:site_name\" content=\"Folio\" \/>\n<meta property=\"article:modified_time\" content=\"2023-09-13T13:55:05+00:00\" \/>\n<meta property=\"og:image\" content=\"https:\/\/foliobooks.pl\/wp-content\/uploads\/2022\/08\/9783961714018.png\" \/>\n\t<meta property=\"og:image:width\" content=\"570\" \/>\n\t<meta property=\"og:image:height\" content=\"708\" \/>\n\t<meta property=\"og:image:type\" content=\"image\/png\" \/>\n<meta name=\"twitter:card\" content=\"summary_large_image\" \/>\n<meta name=\"twitter:label1\" content=\"Est. reading time\" \/>\n\t<meta name=\"twitter:data1\" content=\"1 minute\" \/>\n<script type=\"application\/ld+json\" class=\"yoast-schema-graph\">{\"@context\":\"https:\\\/\\\/schema.org\",\"@graph\":[{\"@type\":\"WebPage\",\"@id\":\"https:\\\/\\\/foliobooks.pl\\\/en\\\/shop\\\/mercedes-benz-300-sl-book\\\/\",\"url\":\"https:\\\/\\\/foliobooks.pl\\\/en\\\/shop\\\/mercedes-benz-300-sl-book\\\/\",\"name\":\"Mercedes-Benz. 300 SL Book (Ren\u00e9 Staud) - book \\\/ album - Folio\",\"isPartOf\":{\"@id\":\"https:\\\/\\\/foliobooks.pl\\\/en\\\/#website\"},\"primaryImageOfPage\":{\"@id\":\"https:\\\/\\\/foliobooks.pl\\\/en\\\/shop\\\/mercedes-benz-300-sl-book\\\/#primaryimage\"},\"image\":{\"@id\":\"https:\\\/\\\/foliobooks.pl\\\/en\\\/shop\\\/mercedes-benz-300-sl-book\\\/#primaryimage\"},\"thumbnailUrl\":\"https:\\\/\\\/foliobooks.pl\\\/wp-content\\\/uploads\\\/2022\\\/08\\\/9783961714018.png\",\"datePublished\":\"2022-08-21T16:40:34+00:00\",\"dateModified\":\"2023-09-13T13:55:05+00:00\",\"description\":\"Wejd\u017a i kup ksi\u0105\u017ck\u0119 Mercedes-Benz. 300 SL Book autorstwa Ren\u00e9 Staud wydan\u0105 przez teNeues (2022-05-20) w formacie 27,5 x 34 cm (ISBN: 9783961714018). Zapraszamy!\",\"breadcrumb\":{\"@id\":\"https:\\\/\\\/foliobooks.pl\\\/en\\\/shop\\\/mercedes-benz-300-sl-book\\\/#breadcrumb\"},\"inLanguage\":\"en-US\",\"potentialAction\":[{\"@type\":\"ReadAction\",\"target\":[\"https:\\\/\\\/foliobooks.pl\\\/en\\\/shop\\\/mercedes-benz-300-sl-book\\\/\"]}]},{\"@type\":\"ImageObject\",\"inLanguage\":\"en-US\",\"@id\":\"https:\\\/\\\/foliobooks.pl\\\/en\\\/shop\\\/mercedes-benz-300-sl-book\\\/#primaryimage\",\"url\":\"https:\\\/\\\/foliobooks.pl\\\/wp-content\\\/uploads\\\/2022\\\/08\\\/9783961714018.png\",\"contentUrl\":\"https:\\\/\\\/foliobooks.pl\\\/wp-content\\\/uploads\\\/2022\\\/08\\\/9783961714018.png\",\"width\":570,\"height\":708},{\"@type\":\"BreadcrumbList\",\"@id\":\"https:\\\/\\\/foliobooks.pl\\\/en\\\/shop\\\/mercedes-benz-300-sl-book\\\/#breadcrumb\",\"itemListElement\":[{\"@type\":\"ListItem\",\"position\":1,\"name\":\"Strona g\u0142\u00f3wna\",\"item\":\"https:\\\/\\\/foliobooks.pl\\\/en\\\/\"},{\"@type\":\"ListItem\",\"position\":2,\"name\":\"Shop\",\"item\":\"https:\\\/\\\/foliobooks.pl\\\/en\\\/shop\\\/\"},{\"@type\":\"ListItem\",\"position\":3,\"name\":\"Mercedes-Benz. 300 SL Book\"}]},{\"@type\":\"WebSite\",\"@id\":\"https:\\\/\\\/foliobooks.pl\\\/en\\\/#website\",\"url\":\"https:\\\/\\\/foliobooks.pl\\\/en\\\/\",\"name\":\"Folio\",\"description\":\"Ksi\u0119garnia internetowa\",\"potentialAction\":[{\"@type\":\"SearchAction\",\"target\":{\"@type\":\"EntryPoint\",\"urlTemplate\":\"https:\\\/\\\/foliobooks.pl\\\/en\\\/?s={search_term_string}\"},\"query-input\":{\"@type\":\"PropertyValueSpecification\",\"valueRequired\":true,\"valueName\":\"search_term_string\"}}],\"inLanguage\":\"en-US\"}]}<\/script>\n<!-- \/ Yoast SEO plugin. -->","yoast_head_json":{"title":"Mercedes-Benz. 300 SL Book (Ren\u00e9 Staud) - book \/ album - Folio","description":"Wejd\u017a i kup ksi\u0105\u017ck\u0119 Mercedes-Benz. 300 SL Book autorstwa Ren\u00e9 Staud wydan\u0105 przez teNeues (2022-05-20) w formacie 27,5 x 34 cm (ISBN: 9783961714018). Zapraszamy!","robots":{"index":"index","follow":"follow","max-snippet":"max-snippet:-1","max-image-preview":"max-image-preview:large","max-video-preview":"max-video-preview:-1"},"canonical":"https:\/\/foliobooks.pl\/en\/shop\/mercedes-benz-300-sl-book\/","og_locale":"en_US","og_type":"article","og_title":"Mercedes-Benz. 300 SL Book (Ren\u00e9 Staud) - book \/ album - Folio","og_description":"Wejd\u017a i kup ksi\u0105\u017ck\u0119 Mercedes-Benz. 300 SL Book autorstwa Ren\u00e9 Staud wydan\u0105 przez teNeues (2022-05-20) w formacie 27,5 x 34 cm (ISBN: 9783961714018). Zapraszamy!","og_url":"https:\/\/foliobooks.pl\/en\/shop\/mercedes-benz-300-sl-book\/","og_site_name":"Folio","article_modified_time":"2023-09-13T13:55:05+00:00","og_image":[{"width":570,"height":708,"url":"https:\/\/foliobooks.pl\/wp-content\/uploads\/2022\/08\/9783961714018.png","type":"image\/png"}],"twitter_card":"summary_large_image","twitter_misc":{"Est. reading time":"1 minute"},"schema":{"@context":"https:\/\/schema.org","@graph":[{"@type":"WebPage","@id":"https:\/\/foliobooks.pl\/en\/shop\/mercedes-benz-300-sl-book\/","url":"https:\/\/foliobooks.pl\/en\/shop\/mercedes-benz-300-sl-book\/","name":"Mercedes-Benz. 300 SL Book (Ren\u00e9 Staud) - book \/ album - Folio","isPartOf":{"@id":"https:\/\/foliobooks.pl\/en\/#website"},"primaryImageOfPage":{"@id":"https:\/\/foliobooks.pl\/en\/shop\/mercedes-benz-300-sl-book\/#primaryimage"},"image":{"@id":"https:\/\/foliobooks.pl\/en\/shop\/mercedes-benz-300-sl-book\/#primaryimage"},"thumbnailUrl":"https:\/\/foliobooks.pl\/wp-content\/uploads\/2022\/08\/9783961714018.png","datePublished":"2022-08-21T16:40:34+00:00","dateModified":"2023-09-13T13:55:05+00:00","description":"Wejd\u017a i kup ksi\u0105\u017ck\u0119 Mercedes-Benz. 300 SL Book autorstwa Ren\u00e9 Staud wydan\u0105 przez teNeues (2022-05-20) w formacie 27,5 x 34 cm (ISBN: 9783961714018). Zapraszamy!","breadcrumb":{"@id":"https:\/\/foliobooks.pl\/en\/shop\/mercedes-benz-300-sl-book\/#breadcrumb"},"inLanguage":"en-US","potentialAction":[{"@type":"ReadAction","target":["https:\/\/foliobooks.pl\/en\/shop\/mercedes-benz-300-sl-book\/"]}]},{"@type":"ImageObject","inLanguage":"en-US","@id":"https:\/\/foliobooks.pl\/en\/shop\/mercedes-benz-300-sl-book\/#primaryimage","url":"https:\/\/foliobooks.pl\/wp-content\/uploads\/2022\/08\/9783961714018.png","contentUrl":"https:\/\/foliobooks.pl\/wp-content\/uploads\/2022\/08\/9783961714018.png","width":570,"height":708},{"@type":"BreadcrumbList","@id":"https:\/\/foliobooks.pl\/en\/shop\/mercedes-benz-300-sl-book\/#breadcrumb","itemListElement":[{"@type":"ListItem","position":1,"name":"Strona g\u0142\u00f3wna","item":"https:\/\/foliobooks.pl\/en\/"},{"@type":"ListItem","position":2,"name":"Shop","item":"https:\/\/foliobooks.pl\/en\/shop\/"},{"@type":"ListItem","position":3,"name":"Mercedes-Benz. 300 SL Book"}]},{"@type":"WebSite","@id":"https:\/\/foliobooks.pl\/en\/#website","url":"https:\/\/foliobooks.pl\/en\/","name":"Folio","description":"Ksi\u0119garnia internetowa","potentialAction":[{"@type":"SearchAction","target":{"@type":"EntryPoint","urlTemplate":"https:\/\/foliobooks.pl\/en\/?s={search_term_string}"},"query-input":{"@type":"PropertyValueSpecification","valueRequired":true,"valueName":"search_term_string"}}],"inLanguage":"en-US"}]}},"_links":{"self":[{"href":"https:\/\/foliobooks.pl\/en\/wp-json\/wp\/v2\/product\/70946","targetHints":{"allow":["GET"]}}],"collection":[{"href":"https:\/\/foliobooks.pl\/en\/wp-json\/wp\/v2\/product"}],"about":[{"href":"https:\/\/foliobooks.pl\/en\/wp-json\/wp\/v2\/types\/product"}],"replies":[{"embeddable":true,"href":"https:\/\/foliobooks.pl\/en\/wp-json\/wp\/v2\/comments?post=70946"}],"wp:featuredmedia":[{"embeddable":true,"href":"https:\/\/foliobooks.pl\/en\/wp-json\/wp\/v2\/media\/70937"}],"wp:attachment":[{"href":"https:\/\/foliobooks.pl\/en\/wp-json\/wp\/v2\/media?parent=70946"}],"wp:term":[{"taxonomy":"product_brand","embeddable":true,"href":"https:\/\/foliobooks.pl\/en\/wp-json\/wp\/v2\/product_brand?post=70946"},{"taxonomy":"product_cat","embeddable":true,"href":"https:\/\/foliobooks.pl\/en\/wp-json\/wp\/v2\/product_cat?post=70946"},{"taxonomy":"product_tag","embeddable":true,"href":"https:\/\/foliobooks.pl\/en\/wp-json\/wp\/v2\/product_tag?post=70946"}],"curies":[{"name":"wp","href":"https:\/\/api.w.org\/{rel}","templated":true}]}}