{"id":70932,"date":"2022-08-21T18:23:10","date_gmt":"2022-08-21T16:23:10","guid":{"rendered":"https:\/\/foliobooks.pl\/sklep\/zanzibar\/"},"modified":"2026-01-17T03:41:29","modified_gmt":"2026-01-17T02:41:29","slug":"zanzibar","status":"publish","type":"product","link":"https:\/\/foliobooks.pl\/en\/shop\/zanzibar\/","title":{"rendered":"Zanzibar"},"content":{"rendered":"<p>Off the coast of East Africa in the Indian Ocean sits an archipelago known as Zanzibar. It all started ten million years ago when the island of Pemba separated from mainland Africa and then ten thousand years ago, the island of Unguja followed suit. Thus, begins the legend of Zanzibar. For centuries, Zanzibar has been the haven and gateway for explorers including Richard Burton and David Livingstone to penetrate the unknown African Continent. Forward to present day, and it is still possible to experience the unique wildlife whether that is by scuba diving off the coast of a private island, infinite lagoons, visiting mangroves or endemic wild forests; getting lost and immersing yourself into the historical labyrinthine streets of Stonetown. This cluster of islands is at a crossroads of cultures, featuring Omani architecture, Portuguese and British heritages as well as Swahili rituals. Photographer Aline Coquelle shares an intimate portrait of a community bursting with life. With original photography, a disappearing, indigenous culture is preserved and celebrated. This volume invites the reader to experience the paradise that is Zanzibar.<\/p>\n","protected":false},"excerpt":{"rendered":"<p>Off the coast of East Africa in the Indian Ocean sits an archipelago known as Zanzibar. It all started ten million years ago when the island of Pemba separated from mainland Africa and then ten thousand years ago, the island of Unguja followed suit. Thus, begins the legend of Zanzibar. For centuries, Zanzibar has been&#8230;<\/p>\n","protected":false},"featured_media":70901,"comment_status":"closed","ping_status":"closed","template":"","meta":[],"product_brand":[],"product_cat":[13533,4517],"product_tag":[156],"class_list":{"0":"post-70932","1":"product","2":"type-product","3":"status-publish","4":"has-post-thumbnail","6":"product_cat-books","7":"product_cat-photography-en","8":"product_tag-travel","9":"pa_author_att-aline-coquelle-en","10":"pa_cover-hardcover","11":"pa_format-25-x-33-cm-en","12":"pa_isbn-9781614288923-en","13":"pa_language-eng","14":"pa_pages-260-en","15":"pa_published-2020-05-14-en","16":"pa_publisher-assouline-en","18":"first","19":"outofstock","20":"sold-individually","21":"shipping-taxable","22":"purchasable","23":"product-type-simple"},"yoast_head":"<!-- This site is optimized with the Yoast SEO plugin v27.4 - https:\/\/yoast.com\/product\/yoast-seo-wordpress\/ -->\n<title>Zanzibar (Aline Coquelle) - book \/ album - Folio<\/title>\n<meta name=\"description\" content=\"Wejd\u017a i kup ksi\u0105\u017ck\u0119 Zanzibar autorstwa Aline Coquelle wydan\u0105 przez Assouline (2020-05-14) w formacie 25 x 33 cm (ISBN: 9781614288923). Zapraszamy!\" \/>\n<meta name=\"robots\" content=\"index, follow, max-snippet:-1, max-image-preview:large, max-video-preview:-1\" \/>\n<link rel=\"canonical\" href=\"https:\/\/foliobooks.pl\/en\/shop\/zanzibar\/\" \/>\n<meta property=\"og:locale\" content=\"en_US\" \/>\n<meta property=\"og:type\" content=\"article\" \/>\n<meta property=\"og:title\" content=\"Zanzibar (Aline Coquelle) - book \/ album - Folio\" \/>\n<meta property=\"og:description\" content=\"Wejd\u017a i kup ksi\u0105\u017ck\u0119 Zanzibar autorstwa Aline Coquelle wydan\u0105 przez Assouline (2020-05-14) w formacie 25 x 33 cm (ISBN: 9781614288923). Zapraszamy!\" \/>\n<meta property=\"og:url\" content=\"https:\/\/foliobooks.pl\/en\/shop\/zanzibar\/\" \/>\n<meta property=\"og:site_name\" content=\"Folio\" \/>\n<meta property=\"article:modified_time\" content=\"2026-01-17T02:41:29+00:00\" \/>\n<meta property=\"og:image\" content=\"https:\/\/foliobooks.pl\/wp-content\/uploads\/2022\/08\/9781614288923.png\" \/>\n\t<meta property=\"og:image:width\" content=\"570\" \/>\n\t<meta property=\"og:image:height\" content=\"708\" \/>\n\t<meta property=\"og:image:type\" content=\"image\/png\" \/>\n<meta name=\"twitter:card\" content=\"summary_large_image\" \/>\n<meta name=\"twitter:label1\" content=\"Est. reading time\" \/>\n\t<meta name=\"twitter:data1\" content=\"2 minutes\" \/>\n<script type=\"application\/ld+json\" class=\"yoast-schema-graph\">{\"@context\":\"https:\\\/\\\/schema.org\",\"@graph\":[{\"@type\":\"WebPage\",\"@id\":\"https:\\\/\\\/foliobooks.pl\\\/en\\\/shop\\\/zanzibar\\\/\",\"url\":\"https:\\\/\\\/foliobooks.pl\\\/en\\\/shop\\\/zanzibar\\\/\",\"name\":\"Zanzibar (Aline Coquelle) - book \\\/ album - Folio\",\"isPartOf\":{\"@id\":\"https:\\\/\\\/foliobooks.pl\\\/en\\\/#website\"},\"primaryImageOfPage\":{\"@id\":\"https:\\\/\\\/foliobooks.pl\\\/en\\\/shop\\\/zanzibar\\\/#primaryimage\"},\"image\":{\"@id\":\"https:\\\/\\\/foliobooks.pl\\\/en\\\/shop\\\/zanzibar\\\/#primaryimage\"},\"thumbnailUrl\":\"https:\\\/\\\/foliobooks.pl\\\/wp-content\\\/uploads\\\/2022\\\/08\\\/9781614288923.png\",\"datePublished\":\"2022-08-21T16:23:10+00:00\",\"dateModified\":\"2026-01-17T02:41:29+00:00\",\"description\":\"Wejd\u017a i kup ksi\u0105\u017ck\u0119 Zanzibar autorstwa Aline Coquelle wydan\u0105 przez Assouline (2020-05-14) w formacie 25 x 33 cm (ISBN: 9781614288923). Zapraszamy!\",\"breadcrumb\":{\"@id\":\"https:\\\/\\\/foliobooks.pl\\\/en\\\/shop\\\/zanzibar\\\/#breadcrumb\"},\"inLanguage\":\"en-US\",\"potentialAction\":[{\"@type\":\"ReadAction\",\"target\":[\"https:\\\/\\\/foliobooks.pl\\\/en\\\/shop\\\/zanzibar\\\/\"]}]},{\"@type\":\"ImageObject\",\"inLanguage\":\"en-US\",\"@id\":\"https:\\\/\\\/foliobooks.pl\\\/en\\\/shop\\\/zanzibar\\\/#primaryimage\",\"url\":\"https:\\\/\\\/foliobooks.pl\\\/wp-content\\\/uploads\\\/2022\\\/08\\\/9781614288923.png\",\"contentUrl\":\"https:\\\/\\\/foliobooks.pl\\\/wp-content\\\/uploads\\\/2022\\\/08\\\/9781614288923.png\",\"width\":570,\"height\":708},{\"@type\":\"BreadcrumbList\",\"@id\":\"https:\\\/\\\/foliobooks.pl\\\/en\\\/shop\\\/zanzibar\\\/#breadcrumb\",\"itemListElement\":[{\"@type\":\"ListItem\",\"position\":1,\"name\":\"Strona g\u0142\u00f3wna\",\"item\":\"https:\\\/\\\/foliobooks.pl\\\/en\\\/\"},{\"@type\":\"ListItem\",\"position\":2,\"name\":\"Shop\",\"item\":\"https:\\\/\\\/foliobooks.pl\\\/en\\\/shop\\\/\"},{\"@type\":\"ListItem\",\"position\":3,\"name\":\"Zanzibar\"}]},{\"@type\":\"WebSite\",\"@id\":\"https:\\\/\\\/foliobooks.pl\\\/en\\\/#website\",\"url\":\"https:\\\/\\\/foliobooks.pl\\\/en\\\/\",\"name\":\"Folio\",\"description\":\"Ksi\u0119garnia internetowa\",\"potentialAction\":[{\"@type\":\"SearchAction\",\"target\":{\"@type\":\"EntryPoint\",\"urlTemplate\":\"https:\\\/\\\/foliobooks.pl\\\/en\\\/?s={search_term_string}\"},\"query-input\":{\"@type\":\"PropertyValueSpecification\",\"valueRequired\":true,\"valueName\":\"search_term_string\"}}],\"inLanguage\":\"en-US\"}]}<\/script>\n<!-- \/ Yoast SEO plugin. -->","yoast_head_json":{"title":"Zanzibar (Aline Coquelle) - book \/ album - Folio","description":"Wejd\u017a i kup ksi\u0105\u017ck\u0119 Zanzibar autorstwa Aline Coquelle wydan\u0105 przez Assouline (2020-05-14) w formacie 25 x 33 cm (ISBN: 9781614288923). Zapraszamy!","robots":{"index":"index","follow":"follow","max-snippet":"max-snippet:-1","max-image-preview":"max-image-preview:large","max-video-preview":"max-video-preview:-1"},"canonical":"https:\/\/foliobooks.pl\/en\/shop\/zanzibar\/","og_locale":"en_US","og_type":"article","og_title":"Zanzibar (Aline Coquelle) - book \/ album - Folio","og_description":"Wejd\u017a i kup ksi\u0105\u017ck\u0119 Zanzibar autorstwa Aline Coquelle wydan\u0105 przez Assouline (2020-05-14) w formacie 25 x 33 cm (ISBN: 9781614288923). Zapraszamy!","og_url":"https:\/\/foliobooks.pl\/en\/shop\/zanzibar\/","og_site_name":"Folio","article_modified_time":"2026-01-17T02:41:29+00:00","og_image":[{"width":570,"height":708,"url":"https:\/\/foliobooks.pl\/wp-content\/uploads\/2022\/08\/9781614288923.png","type":"image\/png"}],"twitter_card":"summary_large_image","twitter_misc":{"Est. reading time":"2 minutes"},"schema":{"@context":"https:\/\/schema.org","@graph":[{"@type":"WebPage","@id":"https:\/\/foliobooks.pl\/en\/shop\/zanzibar\/","url":"https:\/\/foliobooks.pl\/en\/shop\/zanzibar\/","name":"Zanzibar (Aline Coquelle) - book \/ album - Folio","isPartOf":{"@id":"https:\/\/foliobooks.pl\/en\/#website"},"primaryImageOfPage":{"@id":"https:\/\/foliobooks.pl\/en\/shop\/zanzibar\/#primaryimage"},"image":{"@id":"https:\/\/foliobooks.pl\/en\/shop\/zanzibar\/#primaryimage"},"thumbnailUrl":"https:\/\/foliobooks.pl\/wp-content\/uploads\/2022\/08\/9781614288923.png","datePublished":"2022-08-21T16:23:10+00:00","dateModified":"2026-01-17T02:41:29+00:00","description":"Wejd\u017a i kup ksi\u0105\u017ck\u0119 Zanzibar autorstwa Aline Coquelle wydan\u0105 przez Assouline (2020-05-14) w formacie 25 x 33 cm (ISBN: 9781614288923). Zapraszamy!","breadcrumb":{"@id":"https:\/\/foliobooks.pl\/en\/shop\/zanzibar\/#breadcrumb"},"inLanguage":"en-US","potentialAction":[{"@type":"ReadAction","target":["https:\/\/foliobooks.pl\/en\/shop\/zanzibar\/"]}]},{"@type":"ImageObject","inLanguage":"en-US","@id":"https:\/\/foliobooks.pl\/en\/shop\/zanzibar\/#primaryimage","url":"https:\/\/foliobooks.pl\/wp-content\/uploads\/2022\/08\/9781614288923.png","contentUrl":"https:\/\/foliobooks.pl\/wp-content\/uploads\/2022\/08\/9781614288923.png","width":570,"height":708},{"@type":"BreadcrumbList","@id":"https:\/\/foliobooks.pl\/en\/shop\/zanzibar\/#breadcrumb","itemListElement":[{"@type":"ListItem","position":1,"name":"Strona g\u0142\u00f3wna","item":"https:\/\/foliobooks.pl\/en\/"},{"@type":"ListItem","position":2,"name":"Shop","item":"https:\/\/foliobooks.pl\/en\/shop\/"},{"@type":"ListItem","position":3,"name":"Zanzibar"}]},{"@type":"WebSite","@id":"https:\/\/foliobooks.pl\/en\/#website","url":"https:\/\/foliobooks.pl\/en\/","name":"Folio","description":"Ksi\u0119garnia internetowa","potentialAction":[{"@type":"SearchAction","target":{"@type":"EntryPoint","urlTemplate":"https:\/\/foliobooks.pl\/en\/?s={search_term_string}"},"query-input":{"@type":"PropertyValueSpecification","valueRequired":true,"valueName":"search_term_string"}}],"inLanguage":"en-US"}]}},"_links":{"self":[{"href":"https:\/\/foliobooks.pl\/en\/wp-json\/wp\/v2\/product\/70932","targetHints":{"allow":["GET"]}}],"collection":[{"href":"https:\/\/foliobooks.pl\/en\/wp-json\/wp\/v2\/product"}],"about":[{"href":"https:\/\/foliobooks.pl\/en\/wp-json\/wp\/v2\/types\/product"}],"replies":[{"embeddable":true,"href":"https:\/\/foliobooks.pl\/en\/wp-json\/wp\/v2\/comments?post=70932"}],"wp:featuredmedia":[{"embeddable":true,"href":"https:\/\/foliobooks.pl\/en\/wp-json\/wp\/v2\/media\/70901"}],"wp:attachment":[{"href":"https:\/\/foliobooks.pl\/en\/wp-json\/wp\/v2\/media?parent=70932"}],"wp:term":[{"taxonomy":"product_brand","embeddable":true,"href":"https:\/\/foliobooks.pl\/en\/wp-json\/wp\/v2\/product_brand?post=70932"},{"taxonomy":"product_cat","embeddable":true,"href":"https:\/\/foliobooks.pl\/en\/wp-json\/wp\/v2\/product_cat?post=70932"},{"taxonomy":"product_tag","embeddable":true,"href":"https:\/\/foliobooks.pl\/en\/wp-json\/wp\/v2\/product_tag?post=70932"}],"curies":[{"name":"wp","href":"https:\/\/api.w.org\/{rel}","templated":true}]}}