{"id":70896,"date":"2022-08-21T18:02:14","date_gmt":"2022-08-21T16:02:14","guid":{"rendered":"https:\/\/foliobooks.pl\/sklep\/louis-vuitton-manufactures\/"},"modified":"2025-03-12T13:54:26","modified_gmt":"2025-03-12T12:54:26","slug":"louis-vuitton-manufactures","status":"publish","type":"product","link":"https:\/\/foliobooks.pl\/en\/shop\/louis-vuitton-manufactures\/","title":{"rendered":"Louis Vuitton Manufactures"},"content":{"rendered":"<div id=\"tab-description\" class=\"woocommerce-Tabs-panel woocommerce-Tabs-panel--description panel entry-content wc-tab\" role=\"tabpanel\" aria-labelledby=\"tab-title-description\">\n<p>Louis Vuitton fosters the idea that an atelier can be a place of fulfillment and individuality. A place where savoir-faire can be learned, respected and transmitted \u2013 and innovation nurtured \u2013 by artisans who routinely challenge the image of a traditional workshop. In pursuit of regional expertise and artisanal excellence, Louis Vuitton\u2019s ateliers span the length and breadth of France and beyond, from Geneva (Switzerland), to Fiesso d\u2019Artico (Italy) and even Texas (USA). Sites of historic interest or outstanding natural beauty will often have a Louis Vuitton workshop nearby: in Normandy, the sea-girt fastness of Mont-Saint-Michel can be seen from the workshop at Ducey, and in Beaulieu-sur-Layon, the light-flooded facility promises low environmental impact.<\/p>\n<p>Fe<span class=\"DspInfo\">aturing photographs commissioned exclusively for this book, the volume showcases the extraordinary locations and buildings of Louis Vuitton\u2019s ateliers, and the equally extraordinary artisans who express their talent through Louis Vuitton\u2019s creations (trunks, bags, fragrances, watches, shoes, high jewellery and readyto- wear), while carrying the founder\u2019s techniques and savoir-faire into the twenty-first century. It is to these ateliers and the inspiring people who work there that this book is dedicated.<\/span><\/p>\n<\/div>\n<div id=\"tab-additional_information\" class=\"woocommerce-Tabs-panel woocommerce-Tabs-panel--additional_information panel entry-content wc-tab\" role=\"tabpanel\" aria-labelledby=\"tab-title-additional_information\"><\/div>\n","protected":false},"excerpt":{"rendered":"<p>Louis Vuitton fosters the idea that an atelier can be a place of fulfillment and individuality. A place where savoir-faire can be learned, respected and transmitted \u2013 and innovation nurtured \u2013 by artisans who routinely challenge the image of a traditional workshop. In pursuit of regional expertise and artisanal excellence, Louis Vuitton\u2019s ateliers span the&#8230;<\/p>\n","protected":false},"featured_media":70887,"comment_status":"closed","ping_status":"closed","template":"","meta":[],"product_brand":[],"product_cat":[13533,4519],"product_tag":[6125,11253],"class_list":{"0":"post-70896","1":"product","2":"type-product","3":"status-publish","4":"has-post-thumbnail","6":"product_cat-books","7":"product_cat-fashion-en-en","8":"product_tag-fashion","9":"product_tag-fashion-design-en","10":"pa_author_att-nicholas-foulkes-en","11":"pa_cover-hardcover","12":"pa_format-241-x-33-cm-en","13":"pa_isbn-9781649800763-en","14":"pa_language-eng","15":"pa_pages-400-en","16":"pa_published-2022-05-05-en","17":"pa_publisher-assouline-en","19":"first","20":"outofstock","21":"sold-individually","22":"shipping-taxable","23":"purchasable","24":"product-type-simple"},"yoast_head":"<!-- This site is optimized with the Yoast SEO plugin v27.4 - https:\/\/yoast.com\/product\/yoast-seo-wordpress\/ -->\n<title>Louis Vuitton Manufactures (Nicholas Foulkes) - book \/ album - Folio<\/title>\n<meta name=\"description\" content=\"Wejd\u017a i kup ksi\u0105\u017ck\u0119 Louis Vuitton Manufactures autorstwa Nicholas Foulkes wydan\u0105 przez Assouline (2022-05-05) w formacie 24,1 x 33 cm (ISBN: 9781649800763). Zapraszamy!\" \/>\n<meta name=\"robots\" content=\"index, follow, max-snippet:-1, max-image-preview:large, max-video-preview:-1\" \/>\n<link rel=\"canonical\" href=\"https:\/\/foliobooks.pl\/en\/shop\/louis-vuitton-manufactures\/\" \/>\n<meta property=\"og:locale\" content=\"en_US\" \/>\n<meta property=\"og:type\" content=\"article\" \/>\n<meta property=\"og:title\" content=\"Louis Vuitton Manufactures (Nicholas Foulkes) - book \/ album - Folio\" \/>\n<meta property=\"og:description\" content=\"Wejd\u017a i kup ksi\u0105\u017ck\u0119 Louis Vuitton Manufactures autorstwa Nicholas Foulkes wydan\u0105 przez Assouline (2022-05-05) w formacie 24,1 x 33 cm (ISBN: 9781649800763). Zapraszamy!\" \/>\n<meta property=\"og:url\" content=\"https:\/\/foliobooks.pl\/en\/shop\/louis-vuitton-manufactures\/\" \/>\n<meta property=\"og:site_name\" content=\"Folio\" \/>\n<meta property=\"article:modified_time\" content=\"2025-03-12T12:54:26+00:00\" \/>\n<meta property=\"og:image\" content=\"https:\/\/foliobooks.pl\/wp-content\/uploads\/2022\/08\/9781649800763.png\" \/>\n\t<meta property=\"og:image:width\" content=\"570\" \/>\n\t<meta property=\"og:image:height\" content=\"708\" \/>\n\t<meta property=\"og:image:type\" content=\"image\/png\" \/>\n<meta name=\"twitter:card\" content=\"summary_large_image\" \/>\n<meta name=\"twitter:label1\" content=\"Est. reading time\" \/>\n\t<meta name=\"twitter:data1\" content=\"2 minutes\" \/>\n<script type=\"application\/ld+json\" class=\"yoast-schema-graph\">{\"@context\":\"https:\\\/\\\/schema.org\",\"@graph\":[{\"@type\":\"WebPage\",\"@id\":\"https:\\\/\\\/foliobooks.pl\\\/en\\\/shop\\\/louis-vuitton-manufactures\\\/\",\"url\":\"https:\\\/\\\/foliobooks.pl\\\/en\\\/shop\\\/louis-vuitton-manufactures\\\/\",\"name\":\"Louis Vuitton Manufactures (Nicholas Foulkes) - book \\\/ album - Folio\",\"isPartOf\":{\"@id\":\"https:\\\/\\\/foliobooks.pl\\\/en\\\/#website\"},\"primaryImageOfPage\":{\"@id\":\"https:\\\/\\\/foliobooks.pl\\\/en\\\/shop\\\/louis-vuitton-manufactures\\\/#primaryimage\"},\"image\":{\"@id\":\"https:\\\/\\\/foliobooks.pl\\\/en\\\/shop\\\/louis-vuitton-manufactures\\\/#primaryimage\"},\"thumbnailUrl\":\"https:\\\/\\\/foliobooks.pl\\\/wp-content\\\/uploads\\\/2022\\\/08\\\/9781649800763.png\",\"datePublished\":\"2022-08-21T16:02:14+00:00\",\"dateModified\":\"2025-03-12T12:54:26+00:00\",\"description\":\"Wejd\u017a i kup ksi\u0105\u017ck\u0119 Louis Vuitton Manufactures autorstwa Nicholas Foulkes wydan\u0105 przez Assouline (2022-05-05) w formacie 24,1 x 33 cm (ISBN: 9781649800763). Zapraszamy!\",\"breadcrumb\":{\"@id\":\"https:\\\/\\\/foliobooks.pl\\\/en\\\/shop\\\/louis-vuitton-manufactures\\\/#breadcrumb\"},\"inLanguage\":\"en-US\",\"potentialAction\":[{\"@type\":\"ReadAction\",\"target\":[\"https:\\\/\\\/foliobooks.pl\\\/en\\\/shop\\\/louis-vuitton-manufactures\\\/\"]}]},{\"@type\":\"ImageObject\",\"inLanguage\":\"en-US\",\"@id\":\"https:\\\/\\\/foliobooks.pl\\\/en\\\/shop\\\/louis-vuitton-manufactures\\\/#primaryimage\",\"url\":\"https:\\\/\\\/foliobooks.pl\\\/wp-content\\\/uploads\\\/2022\\\/08\\\/9781649800763.png\",\"contentUrl\":\"https:\\\/\\\/foliobooks.pl\\\/wp-content\\\/uploads\\\/2022\\\/08\\\/9781649800763.png\",\"width\":570,\"height\":708},{\"@type\":\"BreadcrumbList\",\"@id\":\"https:\\\/\\\/foliobooks.pl\\\/en\\\/shop\\\/louis-vuitton-manufactures\\\/#breadcrumb\",\"itemListElement\":[{\"@type\":\"ListItem\",\"position\":1,\"name\":\"Strona g\u0142\u00f3wna\",\"item\":\"https:\\\/\\\/foliobooks.pl\\\/en\\\/\"},{\"@type\":\"ListItem\",\"position\":2,\"name\":\"Shop\",\"item\":\"https:\\\/\\\/foliobooks.pl\\\/en\\\/shop\\\/\"},{\"@type\":\"ListItem\",\"position\":3,\"name\":\"Louis Vuitton Manufactures\"}]},{\"@type\":\"WebSite\",\"@id\":\"https:\\\/\\\/foliobooks.pl\\\/en\\\/#website\",\"url\":\"https:\\\/\\\/foliobooks.pl\\\/en\\\/\",\"name\":\"Folio\",\"description\":\"Ksi\u0119garnia internetowa\",\"potentialAction\":[{\"@type\":\"SearchAction\",\"target\":{\"@type\":\"EntryPoint\",\"urlTemplate\":\"https:\\\/\\\/foliobooks.pl\\\/en\\\/?s={search_term_string}\"},\"query-input\":{\"@type\":\"PropertyValueSpecification\",\"valueRequired\":true,\"valueName\":\"search_term_string\"}}],\"inLanguage\":\"en-US\"}]}<\/script>\n<!-- \/ Yoast SEO plugin. -->","yoast_head_json":{"title":"Louis Vuitton Manufactures (Nicholas Foulkes) - book \/ album - Folio","description":"Wejd\u017a i kup ksi\u0105\u017ck\u0119 Louis Vuitton Manufactures autorstwa Nicholas Foulkes wydan\u0105 przez Assouline (2022-05-05) w formacie 24,1 x 33 cm (ISBN: 9781649800763). Zapraszamy!","robots":{"index":"index","follow":"follow","max-snippet":"max-snippet:-1","max-image-preview":"max-image-preview:large","max-video-preview":"max-video-preview:-1"},"canonical":"https:\/\/foliobooks.pl\/en\/shop\/louis-vuitton-manufactures\/","og_locale":"en_US","og_type":"article","og_title":"Louis Vuitton Manufactures (Nicholas Foulkes) - book \/ album - Folio","og_description":"Wejd\u017a i kup ksi\u0105\u017ck\u0119 Louis Vuitton Manufactures autorstwa Nicholas Foulkes wydan\u0105 przez Assouline (2022-05-05) w formacie 24,1 x 33 cm (ISBN: 9781649800763). Zapraszamy!","og_url":"https:\/\/foliobooks.pl\/en\/shop\/louis-vuitton-manufactures\/","og_site_name":"Folio","article_modified_time":"2025-03-12T12:54:26+00:00","og_image":[{"width":570,"height":708,"url":"https:\/\/foliobooks.pl\/wp-content\/uploads\/2022\/08\/9781649800763.png","type":"image\/png"}],"twitter_card":"summary_large_image","twitter_misc":{"Est. reading time":"2 minutes"},"schema":{"@context":"https:\/\/schema.org","@graph":[{"@type":"WebPage","@id":"https:\/\/foliobooks.pl\/en\/shop\/louis-vuitton-manufactures\/","url":"https:\/\/foliobooks.pl\/en\/shop\/louis-vuitton-manufactures\/","name":"Louis Vuitton Manufactures (Nicholas Foulkes) - book \/ album - Folio","isPartOf":{"@id":"https:\/\/foliobooks.pl\/en\/#website"},"primaryImageOfPage":{"@id":"https:\/\/foliobooks.pl\/en\/shop\/louis-vuitton-manufactures\/#primaryimage"},"image":{"@id":"https:\/\/foliobooks.pl\/en\/shop\/louis-vuitton-manufactures\/#primaryimage"},"thumbnailUrl":"https:\/\/foliobooks.pl\/wp-content\/uploads\/2022\/08\/9781649800763.png","datePublished":"2022-08-21T16:02:14+00:00","dateModified":"2025-03-12T12:54:26+00:00","description":"Wejd\u017a i kup ksi\u0105\u017ck\u0119 Louis Vuitton Manufactures autorstwa Nicholas Foulkes wydan\u0105 przez Assouline (2022-05-05) w formacie 24,1 x 33 cm (ISBN: 9781649800763). Zapraszamy!","breadcrumb":{"@id":"https:\/\/foliobooks.pl\/en\/shop\/louis-vuitton-manufactures\/#breadcrumb"},"inLanguage":"en-US","potentialAction":[{"@type":"ReadAction","target":["https:\/\/foliobooks.pl\/en\/shop\/louis-vuitton-manufactures\/"]}]},{"@type":"ImageObject","inLanguage":"en-US","@id":"https:\/\/foliobooks.pl\/en\/shop\/louis-vuitton-manufactures\/#primaryimage","url":"https:\/\/foliobooks.pl\/wp-content\/uploads\/2022\/08\/9781649800763.png","contentUrl":"https:\/\/foliobooks.pl\/wp-content\/uploads\/2022\/08\/9781649800763.png","width":570,"height":708},{"@type":"BreadcrumbList","@id":"https:\/\/foliobooks.pl\/en\/shop\/louis-vuitton-manufactures\/#breadcrumb","itemListElement":[{"@type":"ListItem","position":1,"name":"Strona g\u0142\u00f3wna","item":"https:\/\/foliobooks.pl\/en\/"},{"@type":"ListItem","position":2,"name":"Shop","item":"https:\/\/foliobooks.pl\/en\/shop\/"},{"@type":"ListItem","position":3,"name":"Louis Vuitton Manufactures"}]},{"@type":"WebSite","@id":"https:\/\/foliobooks.pl\/en\/#website","url":"https:\/\/foliobooks.pl\/en\/","name":"Folio","description":"Ksi\u0119garnia internetowa","potentialAction":[{"@type":"SearchAction","target":{"@type":"EntryPoint","urlTemplate":"https:\/\/foliobooks.pl\/en\/?s={search_term_string}"},"query-input":{"@type":"PropertyValueSpecification","valueRequired":true,"valueName":"search_term_string"}}],"inLanguage":"en-US"}]}},"_links":{"self":[{"href":"https:\/\/foliobooks.pl\/en\/wp-json\/wp\/v2\/product\/70896","targetHints":{"allow":["GET"]}}],"collection":[{"href":"https:\/\/foliobooks.pl\/en\/wp-json\/wp\/v2\/product"}],"about":[{"href":"https:\/\/foliobooks.pl\/en\/wp-json\/wp\/v2\/types\/product"}],"replies":[{"embeddable":true,"href":"https:\/\/foliobooks.pl\/en\/wp-json\/wp\/v2\/comments?post=70896"}],"wp:featuredmedia":[{"embeddable":true,"href":"https:\/\/foliobooks.pl\/en\/wp-json\/wp\/v2\/media\/70887"}],"wp:attachment":[{"href":"https:\/\/foliobooks.pl\/en\/wp-json\/wp\/v2\/media?parent=70896"}],"wp:term":[{"taxonomy":"product_brand","embeddable":true,"href":"https:\/\/foliobooks.pl\/en\/wp-json\/wp\/v2\/product_brand?post=70896"},{"taxonomy":"product_cat","embeddable":true,"href":"https:\/\/foliobooks.pl\/en\/wp-json\/wp\/v2\/product_cat?post=70896"},{"taxonomy":"product_tag","embeddable":true,"href":"https:\/\/foliobooks.pl\/en\/wp-json\/wp\/v2\/product_tag?post=70896"}],"curies":[{"name":"wp","href":"https:\/\/api.w.org\/{rel}","templated":true}]}}