{"id":7087,"date":"2015-07-14T14:07:59","date_gmt":"2015-07-14T12:07:59","guid":{"rendered":"http:\/\/foliobooks.pl\/?post_type=product&#038;p=7087"},"modified":"2025-03-03T14:48:49","modified_gmt":"2025-03-03T13:48:49","slug":"dali-the-paintings","status":"publish","type":"product","link":"https:\/\/foliobooks.pl\/en\/shop\/dali-the-paintings\/","title":{"rendered":"Dal\u00ed. The Paintings"},"content":{"rendered":"<p>Picasso called Dal\u00ed &#8220;an outboard motor that\u2019s always running.&#8221; Dal\u00ed thought himself a genius with a right to indulge in whatever lunacy popped into his head. Painter, sculptor, writer, and filmmaker, Salvador Dal\u00ed (1904-1989) was one of the century\u2019s greatest exhibitionists and eccentrics\u2014and was rewarded with fierce controversy wherever he went. He was one of the first to apply the insights of Sigmund Freud and psychoanalysis to the art of painting, approaching the subconscious with extraordinary sensitivity and imagination.<\/p>\n<p>This publication presents the entire painted oeuvre of Salvador Dal\u00ed. After many years of research, Robert Descharnes and Gilles N\u00e9ret finally located all the paintings of this highly prolific artist. Many of the works had been inaccessible for years\u2014in fact so many that almost half the illustrations in this book had rarely been seen.<\/p>\n","protected":false},"excerpt":{"rendered":"<p>Picasso called Dal\u00ed &#8220;an outboard motor that\u2019s always running.&#8221; Dal\u00ed thought himself a genius with a right to indulge in whatever lunacy popped into his head. Painter, sculptor, writer, and filmmaker, Salvador Dal\u00ed (1904-1989) was one of the century\u2019s greatest exhibitionists and eccentrics\u2014and was rewarded with fierce controversy wherever he went. He was one of&#8230;<\/p>\n","protected":false},"featured_media":7078,"comment_status":"closed","ping_status":"closed","template":"","meta":[],"product_brand":[],"product_cat":[4522],"product_tag":[159,334,1146,154,524],"class_list":{"0":"post-7087","1":"product","2":"type-product","3":"status-publish","4":"has-post-thumbnail","6":"product_cat-art-en","7":"product_tag-art-movements-en","8":"product_tag-collections-en","9":"product_tag-great-masters-en","10":"product_tag-monographs","11":"product_tag-painting-en","12":"pa_author_att-gilles-neret-en","13":"pa_author_att-robert-descharnes-en","14":"pa_cover-hardcover","15":"pa_format-151-x-195-cm-en","16":"pa_isbn-9783836544924-en","17":"pa_language-eng","18":"pa_pages-780-en","19":"pa_published-2013-05-15-en","20":"pa_publisher-taschen-en-en","22":"first","23":"instock","24":"sold-individually","25":"shipping-taxable","26":"purchasable","27":"product-type-simple"},"yoast_head":"<!-- This site is optimized with the Yoast SEO plugin v27.4 - https:\/\/yoast.com\/product\/yoast-seo-wordpress\/ -->\n<title>Dal\u00ed. The Paintings (Gilles Neret, Robert Descharnes) - book \/ album - Folio<\/title>\n<meta name=\"description\" content=\"Wejd\u017a i kup ksi\u0105\u017ck\u0119 Dal\u00ed. The Paintings autorstwa Gilles Neret, Robert Descharnes wydan\u0105 przez TASCHEN (2013-05-15) w formacie 15,1 x 19,5 cm (ISBN: 9783836544924). Zapraszamy!\" \/>\n<meta name=\"robots\" content=\"index, follow, max-snippet:-1, max-image-preview:large, max-video-preview:-1\" \/>\n<link rel=\"canonical\" href=\"https:\/\/foliobooks.pl\/en\/shop\/dali-the-paintings\/\" \/>\n<meta property=\"og:locale\" content=\"en_US\" \/>\n<meta property=\"og:type\" content=\"article\" \/>\n<meta property=\"og:title\" content=\"Dal\u00ed. The Paintings (Gilles Neret, Robert Descharnes) - book \/ album - Folio\" \/>\n<meta property=\"og:description\" content=\"Wejd\u017a i kup ksi\u0105\u017ck\u0119 Dal\u00ed. The Paintings autorstwa Gilles Neret, Robert Descharnes wydan\u0105 przez TASCHEN (2013-05-15) w formacie 15,1 x 19,5 cm (ISBN: 9783836544924). Zapraszamy!\" \/>\n<meta property=\"og:url\" content=\"https:\/\/foliobooks.pl\/en\/shop\/dali-the-paintings\/\" \/>\n<meta property=\"og:site_name\" content=\"Folio\" \/>\n<meta property=\"article:modified_time\" content=\"2025-03-03T13:48:49+00:00\" \/>\n<meta property=\"og:image\" content=\"https:\/\/foliobooks.pl\/wp-content\/uploads\/2015\/07\/9783836544924.png\" \/>\n\t<meta property=\"og:image:width\" content=\"570\" \/>\n\t<meta property=\"og:image:height\" content=\"708\" \/>\n\t<meta property=\"og:image:type\" content=\"image\/png\" \/>\n<meta name=\"twitter:card\" content=\"summary_large_image\" \/>\n<meta name=\"twitter:label1\" content=\"Est. reading time\" \/>\n\t<meta name=\"twitter:data1\" content=\"1 minute\" \/>\n<script type=\"application\/ld+json\" class=\"yoast-schema-graph\">{\"@context\":\"https:\\\/\\\/schema.org\",\"@graph\":[{\"@type\":\"WebPage\",\"@id\":\"https:\\\/\\\/foliobooks.pl\\\/en\\\/shop\\\/dali-the-paintings\\\/\",\"url\":\"https:\\\/\\\/foliobooks.pl\\\/en\\\/shop\\\/dali-the-paintings\\\/\",\"name\":\"Dal\u00ed. The Paintings (Gilles Neret, Robert Descharnes) - book \\\/ album - Folio\",\"isPartOf\":{\"@id\":\"https:\\\/\\\/foliobooks.pl\\\/en\\\/#website\"},\"primaryImageOfPage\":{\"@id\":\"https:\\\/\\\/foliobooks.pl\\\/en\\\/shop\\\/dali-the-paintings\\\/#primaryimage\"},\"image\":{\"@id\":\"https:\\\/\\\/foliobooks.pl\\\/en\\\/shop\\\/dali-the-paintings\\\/#primaryimage\"},\"thumbnailUrl\":\"https:\\\/\\\/foliobooks.pl\\\/wp-content\\\/uploads\\\/2015\\\/07\\\/9783836544924.png\",\"datePublished\":\"2015-07-14T12:07:59+00:00\",\"dateModified\":\"2025-03-03T13:48:49+00:00\",\"description\":\"Wejd\u017a i kup ksi\u0105\u017ck\u0119 Dal\u00ed. The Paintings autorstwa Gilles Neret, Robert Descharnes wydan\u0105 przez TASCHEN (2013-05-15) w formacie 15,1 x 19,5 cm (ISBN: 9783836544924). Zapraszamy!\",\"breadcrumb\":{\"@id\":\"https:\\\/\\\/foliobooks.pl\\\/en\\\/shop\\\/dali-the-paintings\\\/#breadcrumb\"},\"inLanguage\":\"en-US\",\"potentialAction\":[{\"@type\":\"ReadAction\",\"target\":[\"https:\\\/\\\/foliobooks.pl\\\/en\\\/shop\\\/dali-the-paintings\\\/\"]}]},{\"@type\":\"ImageObject\",\"inLanguage\":\"en-US\",\"@id\":\"https:\\\/\\\/foliobooks.pl\\\/en\\\/shop\\\/dali-the-paintings\\\/#primaryimage\",\"url\":\"https:\\\/\\\/foliobooks.pl\\\/wp-content\\\/uploads\\\/2015\\\/07\\\/9783836544924.png\",\"contentUrl\":\"https:\\\/\\\/foliobooks.pl\\\/wp-content\\\/uploads\\\/2015\\\/07\\\/9783836544924.png\",\"width\":570,\"height\":708},{\"@type\":\"BreadcrumbList\",\"@id\":\"https:\\\/\\\/foliobooks.pl\\\/en\\\/shop\\\/dali-the-paintings\\\/#breadcrumb\",\"itemListElement\":[{\"@type\":\"ListItem\",\"position\":1,\"name\":\"Strona g\u0142\u00f3wna\",\"item\":\"https:\\\/\\\/foliobooks.pl\\\/en\\\/\"},{\"@type\":\"ListItem\",\"position\":2,\"name\":\"Shop\",\"item\":\"https:\\\/\\\/foliobooks.pl\\\/en\\\/shop\\\/\"},{\"@type\":\"ListItem\",\"position\":3,\"name\":\"Dal\u00ed. The Paintings\"}]},{\"@type\":\"WebSite\",\"@id\":\"https:\\\/\\\/foliobooks.pl\\\/en\\\/#website\",\"url\":\"https:\\\/\\\/foliobooks.pl\\\/en\\\/\",\"name\":\"Folio\",\"description\":\"Ksi\u0119garnia internetowa\",\"potentialAction\":[{\"@type\":\"SearchAction\",\"target\":{\"@type\":\"EntryPoint\",\"urlTemplate\":\"https:\\\/\\\/foliobooks.pl\\\/en\\\/?s={search_term_string}\"},\"query-input\":{\"@type\":\"PropertyValueSpecification\",\"valueRequired\":true,\"valueName\":\"search_term_string\"}}],\"inLanguage\":\"en-US\"}]}<\/script>\n<!-- \/ Yoast SEO plugin. -->","yoast_head_json":{"title":"Dal\u00ed. The Paintings (Gilles Neret, Robert Descharnes) - book \/ album - Folio","description":"Wejd\u017a i kup ksi\u0105\u017ck\u0119 Dal\u00ed. The Paintings autorstwa Gilles Neret, Robert Descharnes wydan\u0105 przez TASCHEN (2013-05-15) w formacie 15,1 x 19,5 cm (ISBN: 9783836544924). Zapraszamy!","robots":{"index":"index","follow":"follow","max-snippet":"max-snippet:-1","max-image-preview":"max-image-preview:large","max-video-preview":"max-video-preview:-1"},"canonical":"https:\/\/foliobooks.pl\/en\/shop\/dali-the-paintings\/","og_locale":"en_US","og_type":"article","og_title":"Dal\u00ed. The Paintings (Gilles Neret, Robert Descharnes) - book \/ album - Folio","og_description":"Wejd\u017a i kup ksi\u0105\u017ck\u0119 Dal\u00ed. The Paintings autorstwa Gilles Neret, Robert Descharnes wydan\u0105 przez TASCHEN (2013-05-15) w formacie 15,1 x 19,5 cm (ISBN: 9783836544924). Zapraszamy!","og_url":"https:\/\/foliobooks.pl\/en\/shop\/dali-the-paintings\/","og_site_name":"Folio","article_modified_time":"2025-03-03T13:48:49+00:00","og_image":[{"width":570,"height":708,"url":"https:\/\/foliobooks.pl\/wp-content\/uploads\/2015\/07\/9783836544924.png","type":"image\/png"}],"twitter_card":"summary_large_image","twitter_misc":{"Est. reading time":"1 minute"},"schema":{"@context":"https:\/\/schema.org","@graph":[{"@type":"WebPage","@id":"https:\/\/foliobooks.pl\/en\/shop\/dali-the-paintings\/","url":"https:\/\/foliobooks.pl\/en\/shop\/dali-the-paintings\/","name":"Dal\u00ed. The Paintings (Gilles Neret, Robert Descharnes) - book \/ album - Folio","isPartOf":{"@id":"https:\/\/foliobooks.pl\/en\/#website"},"primaryImageOfPage":{"@id":"https:\/\/foliobooks.pl\/en\/shop\/dali-the-paintings\/#primaryimage"},"image":{"@id":"https:\/\/foliobooks.pl\/en\/shop\/dali-the-paintings\/#primaryimage"},"thumbnailUrl":"https:\/\/foliobooks.pl\/wp-content\/uploads\/2015\/07\/9783836544924.png","datePublished":"2015-07-14T12:07:59+00:00","dateModified":"2025-03-03T13:48:49+00:00","description":"Wejd\u017a i kup ksi\u0105\u017ck\u0119 Dal\u00ed. The Paintings autorstwa Gilles Neret, Robert Descharnes wydan\u0105 przez TASCHEN (2013-05-15) w formacie 15,1 x 19,5 cm (ISBN: 9783836544924). Zapraszamy!","breadcrumb":{"@id":"https:\/\/foliobooks.pl\/en\/shop\/dali-the-paintings\/#breadcrumb"},"inLanguage":"en-US","potentialAction":[{"@type":"ReadAction","target":["https:\/\/foliobooks.pl\/en\/shop\/dali-the-paintings\/"]}]},{"@type":"ImageObject","inLanguage":"en-US","@id":"https:\/\/foliobooks.pl\/en\/shop\/dali-the-paintings\/#primaryimage","url":"https:\/\/foliobooks.pl\/wp-content\/uploads\/2015\/07\/9783836544924.png","contentUrl":"https:\/\/foliobooks.pl\/wp-content\/uploads\/2015\/07\/9783836544924.png","width":570,"height":708},{"@type":"BreadcrumbList","@id":"https:\/\/foliobooks.pl\/en\/shop\/dali-the-paintings\/#breadcrumb","itemListElement":[{"@type":"ListItem","position":1,"name":"Strona g\u0142\u00f3wna","item":"https:\/\/foliobooks.pl\/en\/"},{"@type":"ListItem","position":2,"name":"Shop","item":"https:\/\/foliobooks.pl\/en\/shop\/"},{"@type":"ListItem","position":3,"name":"Dal\u00ed. The Paintings"}]},{"@type":"WebSite","@id":"https:\/\/foliobooks.pl\/en\/#website","url":"https:\/\/foliobooks.pl\/en\/","name":"Folio","description":"Ksi\u0119garnia internetowa","potentialAction":[{"@type":"SearchAction","target":{"@type":"EntryPoint","urlTemplate":"https:\/\/foliobooks.pl\/en\/?s={search_term_string}"},"query-input":{"@type":"PropertyValueSpecification","valueRequired":true,"valueName":"search_term_string"}}],"inLanguage":"en-US"}]}},"_links":{"self":[{"href":"https:\/\/foliobooks.pl\/en\/wp-json\/wp\/v2\/product\/7087","targetHints":{"allow":["GET"]}}],"collection":[{"href":"https:\/\/foliobooks.pl\/en\/wp-json\/wp\/v2\/product"}],"about":[{"href":"https:\/\/foliobooks.pl\/en\/wp-json\/wp\/v2\/types\/product"}],"replies":[{"embeddable":true,"href":"https:\/\/foliobooks.pl\/en\/wp-json\/wp\/v2\/comments?post=7087"}],"wp:featuredmedia":[{"embeddable":true,"href":"https:\/\/foliobooks.pl\/en\/wp-json\/wp\/v2\/media\/7078"}],"wp:attachment":[{"href":"https:\/\/foliobooks.pl\/en\/wp-json\/wp\/v2\/media?parent=7087"}],"wp:term":[{"taxonomy":"product_brand","embeddable":true,"href":"https:\/\/foliobooks.pl\/en\/wp-json\/wp\/v2\/product_brand?post=7087"},{"taxonomy":"product_cat","embeddable":true,"href":"https:\/\/foliobooks.pl\/en\/wp-json\/wp\/v2\/product_cat?post=7087"},{"taxonomy":"product_tag","embeddable":true,"href":"https:\/\/foliobooks.pl\/en\/wp-json\/wp\/v2\/product_tag?post=7087"}],"curies":[{"name":"wp","href":"https:\/\/api.w.org\/{rel}","templated":true}]}}