{"id":70010,"date":"2022-08-04T11:09:49","date_gmt":"2022-08-04T09:09:49","guid":{"rendered":"https:\/\/foliobooks.pl\/sklep\/jaipur-splendor\/"},"modified":"2025-03-12T13:40:15","modified_gmt":"2025-03-12T12:40:15","slug":"jaipur-splendor","status":"publish","type":"product","link":"https:\/\/foliobooks.pl\/en\/shop\/jaipur-splendor\/","title":{"rendered":"Jaipur Splendor"},"content":{"rendered":"<p>A delicate blend of old and new, Jaipur is a vibrant city full of energy, color and grandeur. With a history of maharajas, emperors and queens, the capital of the Rajasthan state has a prestigious heritage and an esteem that continues to this day. The City Palace, a sprawling complex of buildings and courtyards, is a testament to Jaipur\u2019s magnificence and still acts as the home of the former royal family. The impressive and intricate Hawa Mahal, composed of pink and orange sandstone, helps lend Jaipur its nickname, \u201cthe Pink City.\u201d<\/p>\n<p>But Jaipur is more than just splendid palaces and enchanting jewels. The bustling bazaars, traditional handmade crafts and delicious street food truly embody the city\u2019s dynamic spirit. Jaipur is at its most lively during the annual celebrati<span class=\"DspInfo\">on of Holi, an ebullient \u201cfestival of colors\u201d that heralds eternal love and the arrival of spring. Jaipur Splendor is a dazzling tour of this one-of-a-kind city.<\/span><\/p>\n","protected":false},"excerpt":{"rendered":"<p>A delicate blend of old and new, Jaipur is a vibrant city full of energy, color and grandeur. With a history of maharajas, emperors and queens, the capital of the Rajasthan state has a prestigious heritage and an esteem that continues to this day. The City Palace, a sprawling complex of buildings and courtyards, is&#8230;<\/p>\n","protected":false},"featured_media":69991,"comment_status":"closed","ping_status":"closed","template":"","meta":[],"product_brand":[],"product_cat":[13533,4517],"product_tag":[11506,13626,516,156],"class_list":{"0":"post-70010","1":"product","2":"type-product","3":"status-publish","4":"has-post-thumbnail","6":"product_cat-books","7":"product_cat-photography-en","8":"product_tag-asia-en","9":"product_tag-india-en","10":"product_tag-places-en","11":"product_tag-travel","12":"pa_author_att-mozez-singh-en","13":"pa_cover-hardcover","14":"pa_format-248-x-330-cm-en","15":"pa_isbn-9781649800688-en","16":"pa_language-eng","17":"pa_pages-304-2-en","18":"pa_published-2022-02-14-en","19":"pa_publisher-assouline-en","21":"first","22":"outofstock","23":"sold-individually","24":"shipping-taxable","25":"purchasable","26":"product-type-simple"},"yoast_head":"<!-- This site is optimized with the Yoast SEO plugin v27.4 - https:\/\/yoast.com\/product\/yoast-seo-wordpress\/ -->\n<title>Jaipur Splendor (Mozez Singh) - book \/ album - Folio<\/title>\n<meta name=\"description\" content=\"Wejd\u017a i kup ksi\u0105\u017ck\u0119 Jaipur Splendor autorstwa Mozez Singh wydan\u0105 przez Assouline (2022-02-14) w formacie 24,8 x 33,0 cm (ISBN: 9781649800688). Zapraszamy!\" \/>\n<meta name=\"robots\" content=\"index, follow, max-snippet:-1, max-image-preview:large, max-video-preview:-1\" \/>\n<link rel=\"canonical\" href=\"https:\/\/foliobooks.pl\/en\/shop\/jaipur-splendor\/\" \/>\n<meta property=\"og:locale\" content=\"en_US\" \/>\n<meta property=\"og:type\" content=\"article\" \/>\n<meta property=\"og:title\" content=\"Jaipur Splendor (Mozez Singh) - book \/ album - Folio\" \/>\n<meta property=\"og:description\" content=\"Wejd\u017a i kup ksi\u0105\u017ck\u0119 Jaipur Splendor autorstwa Mozez Singh wydan\u0105 przez Assouline (2022-02-14) w formacie 24,8 x 33,0 cm (ISBN: 9781649800688). Zapraszamy!\" \/>\n<meta property=\"og:url\" content=\"https:\/\/foliobooks.pl\/en\/shop\/jaipur-splendor\/\" \/>\n<meta property=\"og:site_name\" content=\"Folio\" \/>\n<meta property=\"article:modified_time\" content=\"2025-03-12T12:40:15+00:00\" \/>\n<meta property=\"og:image\" content=\"https:\/\/foliobooks.pl\/wp-content\/uploads\/2022\/08\/9781649800688.png\" \/>\n\t<meta property=\"og:image:width\" content=\"570\" \/>\n\t<meta property=\"og:image:height\" content=\"708\" \/>\n\t<meta property=\"og:image:type\" content=\"image\/png\" \/>\n<meta name=\"twitter:card\" content=\"summary_large_image\" \/>\n<meta name=\"twitter:label1\" content=\"Est. reading time\" \/>\n\t<meta name=\"twitter:data1\" content=\"1 minute\" \/>\n<script type=\"application\/ld+json\" class=\"yoast-schema-graph\">{\"@context\":\"https:\\\/\\\/schema.org\",\"@graph\":[{\"@type\":\"WebPage\",\"@id\":\"https:\\\/\\\/foliobooks.pl\\\/en\\\/shop\\\/jaipur-splendor\\\/\",\"url\":\"https:\\\/\\\/foliobooks.pl\\\/en\\\/shop\\\/jaipur-splendor\\\/\",\"name\":\"Jaipur Splendor (Mozez Singh) - book \\\/ album - Folio\",\"isPartOf\":{\"@id\":\"https:\\\/\\\/foliobooks.pl\\\/en\\\/#website\"},\"primaryImageOfPage\":{\"@id\":\"https:\\\/\\\/foliobooks.pl\\\/en\\\/shop\\\/jaipur-splendor\\\/#primaryimage\"},\"image\":{\"@id\":\"https:\\\/\\\/foliobooks.pl\\\/en\\\/shop\\\/jaipur-splendor\\\/#primaryimage\"},\"thumbnailUrl\":\"https:\\\/\\\/foliobooks.pl\\\/wp-content\\\/uploads\\\/2022\\\/08\\\/9781649800688.png\",\"datePublished\":\"2022-08-04T09:09:49+00:00\",\"dateModified\":\"2025-03-12T12:40:15+00:00\",\"description\":\"Wejd\u017a i kup ksi\u0105\u017ck\u0119 Jaipur Splendor autorstwa Mozez Singh wydan\u0105 przez Assouline (2022-02-14) w formacie 24,8 x 33,0 cm (ISBN: 9781649800688). Zapraszamy!\",\"breadcrumb\":{\"@id\":\"https:\\\/\\\/foliobooks.pl\\\/en\\\/shop\\\/jaipur-splendor\\\/#breadcrumb\"},\"inLanguage\":\"en-US\",\"potentialAction\":[{\"@type\":\"ReadAction\",\"target\":[\"https:\\\/\\\/foliobooks.pl\\\/en\\\/shop\\\/jaipur-splendor\\\/\"]}]},{\"@type\":\"ImageObject\",\"inLanguage\":\"en-US\",\"@id\":\"https:\\\/\\\/foliobooks.pl\\\/en\\\/shop\\\/jaipur-splendor\\\/#primaryimage\",\"url\":\"https:\\\/\\\/foliobooks.pl\\\/wp-content\\\/uploads\\\/2022\\\/08\\\/9781649800688.png\",\"contentUrl\":\"https:\\\/\\\/foliobooks.pl\\\/wp-content\\\/uploads\\\/2022\\\/08\\\/9781649800688.png\",\"width\":570,\"height\":708},{\"@type\":\"BreadcrumbList\",\"@id\":\"https:\\\/\\\/foliobooks.pl\\\/en\\\/shop\\\/jaipur-splendor\\\/#breadcrumb\",\"itemListElement\":[{\"@type\":\"ListItem\",\"position\":1,\"name\":\"Strona g\u0142\u00f3wna\",\"item\":\"https:\\\/\\\/foliobooks.pl\\\/en\\\/\"},{\"@type\":\"ListItem\",\"position\":2,\"name\":\"Shop\",\"item\":\"https:\\\/\\\/foliobooks.pl\\\/en\\\/shop\\\/\"},{\"@type\":\"ListItem\",\"position\":3,\"name\":\"Jaipur Splendor\"}]},{\"@type\":\"WebSite\",\"@id\":\"https:\\\/\\\/foliobooks.pl\\\/en\\\/#website\",\"url\":\"https:\\\/\\\/foliobooks.pl\\\/en\\\/\",\"name\":\"Folio\",\"description\":\"Ksi\u0119garnia internetowa\",\"potentialAction\":[{\"@type\":\"SearchAction\",\"target\":{\"@type\":\"EntryPoint\",\"urlTemplate\":\"https:\\\/\\\/foliobooks.pl\\\/en\\\/?s={search_term_string}\"},\"query-input\":{\"@type\":\"PropertyValueSpecification\",\"valueRequired\":true,\"valueName\":\"search_term_string\"}}],\"inLanguage\":\"en-US\"}]}<\/script>\n<!-- \/ Yoast SEO plugin. -->","yoast_head_json":{"title":"Jaipur Splendor (Mozez Singh) - book \/ album - Folio","description":"Wejd\u017a i kup ksi\u0105\u017ck\u0119 Jaipur Splendor autorstwa Mozez Singh wydan\u0105 przez Assouline (2022-02-14) w formacie 24,8 x 33,0 cm (ISBN: 9781649800688). Zapraszamy!","robots":{"index":"index","follow":"follow","max-snippet":"max-snippet:-1","max-image-preview":"max-image-preview:large","max-video-preview":"max-video-preview:-1"},"canonical":"https:\/\/foliobooks.pl\/en\/shop\/jaipur-splendor\/","og_locale":"en_US","og_type":"article","og_title":"Jaipur Splendor (Mozez Singh) - book \/ album - Folio","og_description":"Wejd\u017a i kup ksi\u0105\u017ck\u0119 Jaipur Splendor autorstwa Mozez Singh wydan\u0105 przez Assouline (2022-02-14) w formacie 24,8 x 33,0 cm (ISBN: 9781649800688). Zapraszamy!","og_url":"https:\/\/foliobooks.pl\/en\/shop\/jaipur-splendor\/","og_site_name":"Folio","article_modified_time":"2025-03-12T12:40:15+00:00","og_image":[{"width":570,"height":708,"url":"https:\/\/foliobooks.pl\/wp-content\/uploads\/2022\/08\/9781649800688.png","type":"image\/png"}],"twitter_card":"summary_large_image","twitter_misc":{"Est. reading time":"1 minute"},"schema":{"@context":"https:\/\/schema.org","@graph":[{"@type":"WebPage","@id":"https:\/\/foliobooks.pl\/en\/shop\/jaipur-splendor\/","url":"https:\/\/foliobooks.pl\/en\/shop\/jaipur-splendor\/","name":"Jaipur Splendor (Mozez Singh) - book \/ album - Folio","isPartOf":{"@id":"https:\/\/foliobooks.pl\/en\/#website"},"primaryImageOfPage":{"@id":"https:\/\/foliobooks.pl\/en\/shop\/jaipur-splendor\/#primaryimage"},"image":{"@id":"https:\/\/foliobooks.pl\/en\/shop\/jaipur-splendor\/#primaryimage"},"thumbnailUrl":"https:\/\/foliobooks.pl\/wp-content\/uploads\/2022\/08\/9781649800688.png","datePublished":"2022-08-04T09:09:49+00:00","dateModified":"2025-03-12T12:40:15+00:00","description":"Wejd\u017a i kup ksi\u0105\u017ck\u0119 Jaipur Splendor autorstwa Mozez Singh wydan\u0105 przez Assouline (2022-02-14) w formacie 24,8 x 33,0 cm (ISBN: 9781649800688). Zapraszamy!","breadcrumb":{"@id":"https:\/\/foliobooks.pl\/en\/shop\/jaipur-splendor\/#breadcrumb"},"inLanguage":"en-US","potentialAction":[{"@type":"ReadAction","target":["https:\/\/foliobooks.pl\/en\/shop\/jaipur-splendor\/"]}]},{"@type":"ImageObject","inLanguage":"en-US","@id":"https:\/\/foliobooks.pl\/en\/shop\/jaipur-splendor\/#primaryimage","url":"https:\/\/foliobooks.pl\/wp-content\/uploads\/2022\/08\/9781649800688.png","contentUrl":"https:\/\/foliobooks.pl\/wp-content\/uploads\/2022\/08\/9781649800688.png","width":570,"height":708},{"@type":"BreadcrumbList","@id":"https:\/\/foliobooks.pl\/en\/shop\/jaipur-splendor\/#breadcrumb","itemListElement":[{"@type":"ListItem","position":1,"name":"Strona g\u0142\u00f3wna","item":"https:\/\/foliobooks.pl\/en\/"},{"@type":"ListItem","position":2,"name":"Shop","item":"https:\/\/foliobooks.pl\/en\/shop\/"},{"@type":"ListItem","position":3,"name":"Jaipur Splendor"}]},{"@type":"WebSite","@id":"https:\/\/foliobooks.pl\/en\/#website","url":"https:\/\/foliobooks.pl\/en\/","name":"Folio","description":"Ksi\u0119garnia internetowa","potentialAction":[{"@type":"SearchAction","target":{"@type":"EntryPoint","urlTemplate":"https:\/\/foliobooks.pl\/en\/?s={search_term_string}"},"query-input":{"@type":"PropertyValueSpecification","valueRequired":true,"valueName":"search_term_string"}}],"inLanguage":"en-US"}]}},"_links":{"self":[{"href":"https:\/\/foliobooks.pl\/en\/wp-json\/wp\/v2\/product\/70010","targetHints":{"allow":["GET"]}}],"collection":[{"href":"https:\/\/foliobooks.pl\/en\/wp-json\/wp\/v2\/product"}],"about":[{"href":"https:\/\/foliobooks.pl\/en\/wp-json\/wp\/v2\/types\/product"}],"replies":[{"embeddable":true,"href":"https:\/\/foliobooks.pl\/en\/wp-json\/wp\/v2\/comments?post=70010"}],"wp:featuredmedia":[{"embeddable":true,"href":"https:\/\/foliobooks.pl\/en\/wp-json\/wp\/v2\/media\/69991"}],"wp:attachment":[{"href":"https:\/\/foliobooks.pl\/en\/wp-json\/wp\/v2\/media?parent=70010"}],"wp:term":[{"taxonomy":"product_brand","embeddable":true,"href":"https:\/\/foliobooks.pl\/en\/wp-json\/wp\/v2\/product_brand?post=70010"},{"taxonomy":"product_cat","embeddable":true,"href":"https:\/\/foliobooks.pl\/en\/wp-json\/wp\/v2\/product_cat?post=70010"},{"taxonomy":"product_tag","embeddable":true,"href":"https:\/\/foliobooks.pl\/en\/wp-json\/wp\/v2\/product_tag?post=70010"}],"curies":[{"name":"wp","href":"https:\/\/api.w.org\/{rel}","templated":true}]}}