{"id":69966,"date":"2022-08-04T10:46:23","date_gmt":"2022-08-04T08:46:23","guid":{"rendered":"https:\/\/foliobooks.pl\/sklep\/moon-paradise\/"},"modified":"2025-03-12T13:51:58","modified_gmt":"2025-03-12T12:51:58","slug":"moon-paradise","status":"publish","type":"product","link":"https:\/\/foliobooks.pl\/en\/shop\/moon-paradise\/","title":{"rendered":"Moon Paradise"},"content":{"rendered":"<p>For centuries the moon had been synonymous with mystery, an unknown. But over the years, mankind has studied this brilliant satellite and even managed to venture there. Mystery became discovery, which then became possibility. Earth\u2019s moon is a constant\u2014universal to every human, both past and present. A rare, unifying phenomenon. It transcends languages, continents and fields of study. But perhaps, most commonly, it is a source of inspiration. The moon\u2019s influence is not contained in scientific inquiry, but can be found in fashion, art, architecture and film.<\/p>\n<p>A stunning curation of images revolving around all things moon, from fashion to space travel, is presented alongside a text, by space journalist and TV host Sarah Cruddas, which examines the moon as a scientific an<span class=\"DspInfo\">d cultural symbol. The moon is more than just a natural satellite\u2014it is a beacon of hope, a pinnacle to strive for.<\/span><\/p>\n","protected":false},"excerpt":{"rendered":"<p>For centuries the moon had been synonymous with mystery, an unknown. But over the years, mankind has studied this brilliant satellite and even managed to venture there. Mystery became discovery, which then became possibility. Earth\u2019s moon is a constant\u2014universal to every human, both past and present. A rare, unifying phenomenon. It transcends languages, continents and&#8230;<\/p>\n","protected":false},"featured_media":69945,"comment_status":"closed","ping_status":"closed","template":"","meta":[],"product_brand":[],"product_cat":[13533,4517],"product_tag":[1667],"class_list":{"0":"post-69966","1":"product","2":"type-product","3":"status-publish","4":"has-post-thumbnail","6":"product_cat-books","7":"product_cat-photography-en","8":"product_tag-cosmos","9":"pa_author_att-sarah-cruddas-en","10":"pa_cover-hardcover","11":"pa_format-247-x-33-cm-en","12":"pa_isbn-9781649800770-en","13":"pa_language-eng","14":"pa_pages-294-en","15":"pa_published-2022-04-16-en","16":"pa_publisher-assouline-en","18":"first","19":"outofstock","20":"sold-individually","21":"shipping-taxable","22":"purchasable","23":"product-type-simple"},"yoast_head":"<!-- This site is optimized with the Yoast SEO plugin v27.4 - https:\/\/yoast.com\/product\/yoast-seo-wordpress\/ -->\n<title>Moon Paradise (Sarah Cruddas) - book \/ album - Folio<\/title>\n<meta name=\"description\" content=\"Wejd\u017a i kup ksi\u0105\u017ck\u0119 Moon Paradise autorstwa Sarah Cruddas wydan\u0105 przez Assouline (2022-04-16) w formacie 24,7 x 33 cm (ISBN: 9781649800770). Zapraszamy!\" \/>\n<meta name=\"robots\" content=\"index, follow, max-snippet:-1, max-image-preview:large, max-video-preview:-1\" \/>\n<link rel=\"canonical\" href=\"https:\/\/foliobooks.pl\/en\/shop\/moon-paradise\/\" \/>\n<meta property=\"og:locale\" content=\"en_US\" \/>\n<meta property=\"og:type\" content=\"article\" \/>\n<meta property=\"og:title\" content=\"Moon Paradise (Sarah Cruddas) - book \/ album - Folio\" \/>\n<meta property=\"og:description\" content=\"Wejd\u017a i kup ksi\u0105\u017ck\u0119 Moon Paradise autorstwa Sarah Cruddas wydan\u0105 przez Assouline (2022-04-16) w formacie 24,7 x 33 cm (ISBN: 9781649800770). Zapraszamy!\" \/>\n<meta property=\"og:url\" content=\"https:\/\/foliobooks.pl\/en\/shop\/moon-paradise\/\" \/>\n<meta property=\"og:site_name\" content=\"Folio\" \/>\n<meta property=\"article:modified_time\" content=\"2025-03-12T12:51:58+00:00\" \/>\n<meta property=\"og:image\" content=\"https:\/\/foliobooks.pl\/wp-content\/uploads\/2022\/08\/9781649800770.png\" \/>\n\t<meta property=\"og:image:width\" content=\"570\" \/>\n\t<meta property=\"og:image:height\" content=\"708\" \/>\n\t<meta property=\"og:image:type\" content=\"image\/png\" \/>\n<meta name=\"twitter:card\" content=\"summary_large_image\" \/>\n<meta name=\"twitter:label1\" content=\"Est. reading time\" \/>\n\t<meta name=\"twitter:data1\" content=\"1 minute\" \/>\n<script type=\"application\/ld+json\" class=\"yoast-schema-graph\">{\"@context\":\"https:\\\/\\\/schema.org\",\"@graph\":[{\"@type\":\"WebPage\",\"@id\":\"https:\\\/\\\/foliobooks.pl\\\/en\\\/shop\\\/moon-paradise\\\/\",\"url\":\"https:\\\/\\\/foliobooks.pl\\\/en\\\/shop\\\/moon-paradise\\\/\",\"name\":\"Moon Paradise (Sarah Cruddas) - book \\\/ album - Folio\",\"isPartOf\":{\"@id\":\"https:\\\/\\\/foliobooks.pl\\\/en\\\/#website\"},\"primaryImageOfPage\":{\"@id\":\"https:\\\/\\\/foliobooks.pl\\\/en\\\/shop\\\/moon-paradise\\\/#primaryimage\"},\"image\":{\"@id\":\"https:\\\/\\\/foliobooks.pl\\\/en\\\/shop\\\/moon-paradise\\\/#primaryimage\"},\"thumbnailUrl\":\"https:\\\/\\\/foliobooks.pl\\\/wp-content\\\/uploads\\\/2022\\\/08\\\/9781649800770.png\",\"datePublished\":\"2022-08-04T08:46:23+00:00\",\"dateModified\":\"2025-03-12T12:51:58+00:00\",\"description\":\"Wejd\u017a i kup ksi\u0105\u017ck\u0119 Moon Paradise autorstwa Sarah Cruddas wydan\u0105 przez Assouline (2022-04-16) w formacie 24,7 x 33 cm (ISBN: 9781649800770). Zapraszamy!\",\"breadcrumb\":{\"@id\":\"https:\\\/\\\/foliobooks.pl\\\/en\\\/shop\\\/moon-paradise\\\/#breadcrumb\"},\"inLanguage\":\"en-US\",\"potentialAction\":[{\"@type\":\"ReadAction\",\"target\":[\"https:\\\/\\\/foliobooks.pl\\\/en\\\/shop\\\/moon-paradise\\\/\"]}]},{\"@type\":\"ImageObject\",\"inLanguage\":\"en-US\",\"@id\":\"https:\\\/\\\/foliobooks.pl\\\/en\\\/shop\\\/moon-paradise\\\/#primaryimage\",\"url\":\"https:\\\/\\\/foliobooks.pl\\\/wp-content\\\/uploads\\\/2022\\\/08\\\/9781649800770.png\",\"contentUrl\":\"https:\\\/\\\/foliobooks.pl\\\/wp-content\\\/uploads\\\/2022\\\/08\\\/9781649800770.png\",\"width\":570,\"height\":708},{\"@type\":\"BreadcrumbList\",\"@id\":\"https:\\\/\\\/foliobooks.pl\\\/en\\\/shop\\\/moon-paradise\\\/#breadcrumb\",\"itemListElement\":[{\"@type\":\"ListItem\",\"position\":1,\"name\":\"Strona g\u0142\u00f3wna\",\"item\":\"https:\\\/\\\/foliobooks.pl\\\/en\\\/\"},{\"@type\":\"ListItem\",\"position\":2,\"name\":\"Shop\",\"item\":\"https:\\\/\\\/foliobooks.pl\\\/en\\\/shop\\\/\"},{\"@type\":\"ListItem\",\"position\":3,\"name\":\"Moon Paradise\"}]},{\"@type\":\"WebSite\",\"@id\":\"https:\\\/\\\/foliobooks.pl\\\/en\\\/#website\",\"url\":\"https:\\\/\\\/foliobooks.pl\\\/en\\\/\",\"name\":\"Folio\",\"description\":\"Ksi\u0119garnia internetowa\",\"potentialAction\":[{\"@type\":\"SearchAction\",\"target\":{\"@type\":\"EntryPoint\",\"urlTemplate\":\"https:\\\/\\\/foliobooks.pl\\\/en\\\/?s={search_term_string}\"},\"query-input\":{\"@type\":\"PropertyValueSpecification\",\"valueRequired\":true,\"valueName\":\"search_term_string\"}}],\"inLanguage\":\"en-US\"}]}<\/script>\n<!-- \/ Yoast SEO plugin. -->","yoast_head_json":{"title":"Moon Paradise (Sarah Cruddas) - book \/ album - Folio","description":"Wejd\u017a i kup ksi\u0105\u017ck\u0119 Moon Paradise autorstwa Sarah Cruddas wydan\u0105 przez Assouline (2022-04-16) w formacie 24,7 x 33 cm (ISBN: 9781649800770). Zapraszamy!","robots":{"index":"index","follow":"follow","max-snippet":"max-snippet:-1","max-image-preview":"max-image-preview:large","max-video-preview":"max-video-preview:-1"},"canonical":"https:\/\/foliobooks.pl\/en\/shop\/moon-paradise\/","og_locale":"en_US","og_type":"article","og_title":"Moon Paradise (Sarah Cruddas) - book \/ album - Folio","og_description":"Wejd\u017a i kup ksi\u0105\u017ck\u0119 Moon Paradise autorstwa Sarah Cruddas wydan\u0105 przez Assouline (2022-04-16) w formacie 24,7 x 33 cm (ISBN: 9781649800770). Zapraszamy!","og_url":"https:\/\/foliobooks.pl\/en\/shop\/moon-paradise\/","og_site_name":"Folio","article_modified_time":"2025-03-12T12:51:58+00:00","og_image":[{"width":570,"height":708,"url":"https:\/\/foliobooks.pl\/wp-content\/uploads\/2022\/08\/9781649800770.png","type":"image\/png"}],"twitter_card":"summary_large_image","twitter_misc":{"Est. reading time":"1 minute"},"schema":{"@context":"https:\/\/schema.org","@graph":[{"@type":"WebPage","@id":"https:\/\/foliobooks.pl\/en\/shop\/moon-paradise\/","url":"https:\/\/foliobooks.pl\/en\/shop\/moon-paradise\/","name":"Moon Paradise (Sarah Cruddas) - book \/ album - Folio","isPartOf":{"@id":"https:\/\/foliobooks.pl\/en\/#website"},"primaryImageOfPage":{"@id":"https:\/\/foliobooks.pl\/en\/shop\/moon-paradise\/#primaryimage"},"image":{"@id":"https:\/\/foliobooks.pl\/en\/shop\/moon-paradise\/#primaryimage"},"thumbnailUrl":"https:\/\/foliobooks.pl\/wp-content\/uploads\/2022\/08\/9781649800770.png","datePublished":"2022-08-04T08:46:23+00:00","dateModified":"2025-03-12T12:51:58+00:00","description":"Wejd\u017a i kup ksi\u0105\u017ck\u0119 Moon Paradise autorstwa Sarah Cruddas wydan\u0105 przez Assouline (2022-04-16) w formacie 24,7 x 33 cm (ISBN: 9781649800770). Zapraszamy!","breadcrumb":{"@id":"https:\/\/foliobooks.pl\/en\/shop\/moon-paradise\/#breadcrumb"},"inLanguage":"en-US","potentialAction":[{"@type":"ReadAction","target":["https:\/\/foliobooks.pl\/en\/shop\/moon-paradise\/"]}]},{"@type":"ImageObject","inLanguage":"en-US","@id":"https:\/\/foliobooks.pl\/en\/shop\/moon-paradise\/#primaryimage","url":"https:\/\/foliobooks.pl\/wp-content\/uploads\/2022\/08\/9781649800770.png","contentUrl":"https:\/\/foliobooks.pl\/wp-content\/uploads\/2022\/08\/9781649800770.png","width":570,"height":708},{"@type":"BreadcrumbList","@id":"https:\/\/foliobooks.pl\/en\/shop\/moon-paradise\/#breadcrumb","itemListElement":[{"@type":"ListItem","position":1,"name":"Strona g\u0142\u00f3wna","item":"https:\/\/foliobooks.pl\/en\/"},{"@type":"ListItem","position":2,"name":"Shop","item":"https:\/\/foliobooks.pl\/en\/shop\/"},{"@type":"ListItem","position":3,"name":"Moon Paradise"}]},{"@type":"WebSite","@id":"https:\/\/foliobooks.pl\/en\/#website","url":"https:\/\/foliobooks.pl\/en\/","name":"Folio","description":"Ksi\u0119garnia internetowa","potentialAction":[{"@type":"SearchAction","target":{"@type":"EntryPoint","urlTemplate":"https:\/\/foliobooks.pl\/en\/?s={search_term_string}"},"query-input":{"@type":"PropertyValueSpecification","valueRequired":true,"valueName":"search_term_string"}}],"inLanguage":"en-US"}]}},"_links":{"self":[{"href":"https:\/\/foliobooks.pl\/en\/wp-json\/wp\/v2\/product\/69966","targetHints":{"allow":["GET"]}}],"collection":[{"href":"https:\/\/foliobooks.pl\/en\/wp-json\/wp\/v2\/product"}],"about":[{"href":"https:\/\/foliobooks.pl\/en\/wp-json\/wp\/v2\/types\/product"}],"replies":[{"embeddable":true,"href":"https:\/\/foliobooks.pl\/en\/wp-json\/wp\/v2\/comments?post=69966"}],"wp:featuredmedia":[{"embeddable":true,"href":"https:\/\/foliobooks.pl\/en\/wp-json\/wp\/v2\/media\/69945"}],"wp:attachment":[{"href":"https:\/\/foliobooks.pl\/en\/wp-json\/wp\/v2\/media?parent=69966"}],"wp:term":[{"taxonomy":"product_brand","embeddable":true,"href":"https:\/\/foliobooks.pl\/en\/wp-json\/wp\/v2\/product_brand?post=69966"},{"taxonomy":"product_cat","embeddable":true,"href":"https:\/\/foliobooks.pl\/en\/wp-json\/wp\/v2\/product_cat?post=69966"},{"taxonomy":"product_tag","embeddable":true,"href":"https:\/\/foliobooks.pl\/en\/wp-json\/wp\/v2\/product_tag?post=69966"}],"curies":[{"name":"wp","href":"https:\/\/api.w.org\/{rel}","templated":true}]}}