{"id":69940,"date":"2022-08-04T09:42:20","date_gmt":"2022-08-04T07:42:20","guid":{"rendered":"https:\/\/foliobooks.pl\/sklep\/dior-by-john-galliano\/"},"modified":"2022-12-07T12:15:22","modified_gmt":"2022-12-07T11:15:22","slug":"dior-by-john-galliano","status":"publish","type":"product","link":"https:\/\/foliobooks.pl\/en\/shop\/dior-by-john-galliano\/","title":{"rendered":"Dior by John Galliano"},"content":{"rendered":"<p>During his time as a student at London\u2019s Central Saint Martins, Gibraltar-born British fashion designer John Galliano worked as a dresser at the National Theatre, learning the art of costume and the power of illusion. As a regular in London nightclubs, Galliano met a coterie of artists and colorful personalities, forging strong ties with kindred spirits who would play a decisive role in his career \u2013 among which Stephen Jones, who would become Dior\u2019s milliner.<\/p>\n<p>Following the success of his own brand (founded in 1984,) he was appointed Creative Director of ready-to-wear and haute couture at Givenchy in 1995, before joining Dior in 1996 as Artistic Director of the women\u2019s collections. There, he distinguished himself with his extravagant shows that combined eclectic histori<span class=\"DspInfo\">cal and cultural inspirations \u2013 a global kaleidoscope of references and unbridled inventiveness, imbued with romanticism and history. The designer\u2019s sensitivity for haute couture know-how and innate sense of the spectacular has garnered him a reputation as a master of the silhouette.<\/span><\/p>\n<p><span class=\"DspInfo\">John Galliano has truly reinvented the art \u2013 and the very role \u2013 of haute couture, redefining its tropes into a new type of contemporary fashion that combines the influences of his travels \u2013 whether real or born of his imagination \u2013 and the bountiful heritage of Christian Dior. This book highlights the exceptional silhouettes he created for Dior collection after collection from 1996 to 2011, through his most emblematic models, as photographed by Laziz Hamani, alongside shots by Steven Meisel, Annie Leibovitz, Irving Penn and Paolo Roversi. This singular odyssey is the fifth volume in a new series of books paying tribute to the House\u2019s Artistic Directors.<\/span><\/p>\n","protected":false},"excerpt":{"rendered":"<p>During his time as a student at London\u2019s Central Saint Martins, Gibraltar-born British fashion designer John Galliano worked as a dresser at the National Theatre, learning the art of costume and the power of illusion. As a regular in London nightclubs, Galliano met a coterie of artists and colorful personalities, forging strong ties with kindred&#8230;<\/p>\n","protected":false},"featured_media":69923,"comment_status":"closed","ping_status":"closed","template":"","meta":[],"product_brand":[],"product_cat":[13533,4519],"product_tag":[157,6125,11253],"class_list":{"0":"post-69940","1":"product","2":"type-product","3":"status-publish","4":"has-post-thumbnail","6":"product_cat-books","7":"product_cat-fashion-en-en","8":"product_tag-designers","9":"product_tag-fashion","10":"product_tag-fashion-design-en","11":"pa_author_att-andrew-bolton-en","12":"pa_author_att-laziz-hamani-en","13":"pa_cover-softcover-slipcase","14":"pa_format-297-x-37-cm-en","15":"pa_isbn-9781614287605-en","16":"pa_language-eng","17":"pa_pages-448-en","18":"pa_published-2022-02-14-en","19":"pa_publisher-assouline-en","21":"first","22":"outofstock","23":"sold-individually","24":"shipping-taxable","25":"purchasable","26":"product-type-simple"},"yoast_head":"<!-- This site is optimized with the Yoast SEO plugin v27.4 - https:\/\/yoast.com\/product\/yoast-seo-wordpress\/ -->\n<title>Dior by John Galliano (Andrew Bolton, Laziz Hamani) - book \/ album - Folio<\/title>\n<meta name=\"description\" content=\"Wejd\u017a i kup ksi\u0105\u017ck\u0119 Dior by John Galliano autorstwa Andrew Bolton, Laziz Hamani wydan\u0105 przez Assouline (2022-02-14) w formacie 29,7 x 37 cm (ISBN: 9781614287605). Zapraszamy!\" \/>\n<meta name=\"robots\" content=\"index, follow, max-snippet:-1, max-image-preview:large, max-video-preview:-1\" \/>\n<link rel=\"canonical\" href=\"https:\/\/foliobooks.pl\/en\/shop\/dior-by-john-galliano\/\" \/>\n<meta property=\"og:locale\" content=\"en_US\" \/>\n<meta property=\"og:type\" content=\"article\" \/>\n<meta property=\"og:title\" content=\"Dior by John Galliano (Andrew Bolton, Laziz Hamani) - book \/ album - Folio\" \/>\n<meta property=\"og:description\" content=\"Wejd\u017a i kup ksi\u0105\u017ck\u0119 Dior by John Galliano autorstwa Andrew Bolton, Laziz Hamani wydan\u0105 przez Assouline (2022-02-14) w formacie 29,7 x 37 cm (ISBN: 9781614287605). Zapraszamy!\" \/>\n<meta property=\"og:url\" content=\"https:\/\/foliobooks.pl\/en\/shop\/dior-by-john-galliano\/\" \/>\n<meta property=\"og:site_name\" content=\"Folio\" \/>\n<meta property=\"article:modified_time\" content=\"2022-12-07T11:15:22+00:00\" \/>\n<meta property=\"og:image\" content=\"https:\/\/foliobooks.pl\/wp-content\/uploads\/2022\/08\/9781614287605.png\" \/>\n\t<meta property=\"og:image:width\" content=\"570\" \/>\n\t<meta property=\"og:image:height\" content=\"708\" \/>\n\t<meta property=\"og:image:type\" content=\"image\/png\" \/>\n<meta name=\"twitter:card\" content=\"summary_large_image\" \/>\n<meta name=\"twitter:label1\" content=\"Est. reading time\" \/>\n\t<meta name=\"twitter:data1\" content=\"2 minutes\" \/>\n<script type=\"application\/ld+json\" class=\"yoast-schema-graph\">{\"@context\":\"https:\\\/\\\/schema.org\",\"@graph\":[{\"@type\":\"WebPage\",\"@id\":\"https:\\\/\\\/foliobooks.pl\\\/en\\\/shop\\\/dior-by-john-galliano\\\/\",\"url\":\"https:\\\/\\\/foliobooks.pl\\\/en\\\/shop\\\/dior-by-john-galliano\\\/\",\"name\":\"Dior by John Galliano (Andrew Bolton, Laziz Hamani) - book \\\/ album - Folio\",\"isPartOf\":{\"@id\":\"https:\\\/\\\/foliobooks.pl\\\/en\\\/#website\"},\"primaryImageOfPage\":{\"@id\":\"https:\\\/\\\/foliobooks.pl\\\/en\\\/shop\\\/dior-by-john-galliano\\\/#primaryimage\"},\"image\":{\"@id\":\"https:\\\/\\\/foliobooks.pl\\\/en\\\/shop\\\/dior-by-john-galliano\\\/#primaryimage\"},\"thumbnailUrl\":\"https:\\\/\\\/foliobooks.pl\\\/wp-content\\\/uploads\\\/2022\\\/08\\\/9781614287605.png\",\"datePublished\":\"2022-08-04T07:42:20+00:00\",\"dateModified\":\"2022-12-07T11:15:22+00:00\",\"description\":\"Wejd\u017a i kup ksi\u0105\u017ck\u0119 Dior by John Galliano autorstwa Andrew Bolton, Laziz Hamani wydan\u0105 przez Assouline (2022-02-14) w formacie 29,7 x 37 cm (ISBN: 9781614287605). Zapraszamy!\",\"breadcrumb\":{\"@id\":\"https:\\\/\\\/foliobooks.pl\\\/en\\\/shop\\\/dior-by-john-galliano\\\/#breadcrumb\"},\"inLanguage\":\"en-US\",\"potentialAction\":[{\"@type\":\"ReadAction\",\"target\":[\"https:\\\/\\\/foliobooks.pl\\\/en\\\/shop\\\/dior-by-john-galliano\\\/\"]}]},{\"@type\":\"ImageObject\",\"inLanguage\":\"en-US\",\"@id\":\"https:\\\/\\\/foliobooks.pl\\\/en\\\/shop\\\/dior-by-john-galliano\\\/#primaryimage\",\"url\":\"https:\\\/\\\/foliobooks.pl\\\/wp-content\\\/uploads\\\/2022\\\/08\\\/9781614287605.png\",\"contentUrl\":\"https:\\\/\\\/foliobooks.pl\\\/wp-content\\\/uploads\\\/2022\\\/08\\\/9781614287605.png\",\"width\":570,\"height\":708},{\"@type\":\"BreadcrumbList\",\"@id\":\"https:\\\/\\\/foliobooks.pl\\\/en\\\/shop\\\/dior-by-john-galliano\\\/#breadcrumb\",\"itemListElement\":[{\"@type\":\"ListItem\",\"position\":1,\"name\":\"Strona g\u0142\u00f3wna\",\"item\":\"https:\\\/\\\/foliobooks.pl\\\/en\\\/\"},{\"@type\":\"ListItem\",\"position\":2,\"name\":\"Shop\",\"item\":\"https:\\\/\\\/foliobooks.pl\\\/en\\\/shop\\\/\"},{\"@type\":\"ListItem\",\"position\":3,\"name\":\"Dior by John Galliano\"}]},{\"@type\":\"WebSite\",\"@id\":\"https:\\\/\\\/foliobooks.pl\\\/en\\\/#website\",\"url\":\"https:\\\/\\\/foliobooks.pl\\\/en\\\/\",\"name\":\"Folio\",\"description\":\"Ksi\u0119garnia internetowa\",\"potentialAction\":[{\"@type\":\"SearchAction\",\"target\":{\"@type\":\"EntryPoint\",\"urlTemplate\":\"https:\\\/\\\/foliobooks.pl\\\/en\\\/?s={search_term_string}\"},\"query-input\":{\"@type\":\"PropertyValueSpecification\",\"valueRequired\":true,\"valueName\":\"search_term_string\"}}],\"inLanguage\":\"en-US\"}]}<\/script>\n<!-- \/ Yoast SEO plugin. -->","yoast_head_json":{"title":"Dior by John Galliano (Andrew Bolton, Laziz Hamani) - book \/ album - Folio","description":"Wejd\u017a i kup ksi\u0105\u017ck\u0119 Dior by John Galliano autorstwa Andrew Bolton, Laziz Hamani wydan\u0105 przez Assouline (2022-02-14) w formacie 29,7 x 37 cm (ISBN: 9781614287605). Zapraszamy!","robots":{"index":"index","follow":"follow","max-snippet":"max-snippet:-1","max-image-preview":"max-image-preview:large","max-video-preview":"max-video-preview:-1"},"canonical":"https:\/\/foliobooks.pl\/en\/shop\/dior-by-john-galliano\/","og_locale":"en_US","og_type":"article","og_title":"Dior by John Galliano (Andrew Bolton, Laziz Hamani) - book \/ album - Folio","og_description":"Wejd\u017a i kup ksi\u0105\u017ck\u0119 Dior by John Galliano autorstwa Andrew Bolton, Laziz Hamani wydan\u0105 przez Assouline (2022-02-14) w formacie 29,7 x 37 cm (ISBN: 9781614287605). Zapraszamy!","og_url":"https:\/\/foliobooks.pl\/en\/shop\/dior-by-john-galliano\/","og_site_name":"Folio","article_modified_time":"2022-12-07T11:15:22+00:00","og_image":[{"width":570,"height":708,"url":"https:\/\/foliobooks.pl\/wp-content\/uploads\/2022\/08\/9781614287605.png","type":"image\/png"}],"twitter_card":"summary_large_image","twitter_misc":{"Est. reading time":"2 minutes"},"schema":{"@context":"https:\/\/schema.org","@graph":[{"@type":"WebPage","@id":"https:\/\/foliobooks.pl\/en\/shop\/dior-by-john-galliano\/","url":"https:\/\/foliobooks.pl\/en\/shop\/dior-by-john-galliano\/","name":"Dior by John Galliano (Andrew Bolton, Laziz Hamani) - book \/ album - Folio","isPartOf":{"@id":"https:\/\/foliobooks.pl\/en\/#website"},"primaryImageOfPage":{"@id":"https:\/\/foliobooks.pl\/en\/shop\/dior-by-john-galliano\/#primaryimage"},"image":{"@id":"https:\/\/foliobooks.pl\/en\/shop\/dior-by-john-galliano\/#primaryimage"},"thumbnailUrl":"https:\/\/foliobooks.pl\/wp-content\/uploads\/2022\/08\/9781614287605.png","datePublished":"2022-08-04T07:42:20+00:00","dateModified":"2022-12-07T11:15:22+00:00","description":"Wejd\u017a i kup ksi\u0105\u017ck\u0119 Dior by John Galliano autorstwa Andrew Bolton, Laziz Hamani wydan\u0105 przez Assouline (2022-02-14) w formacie 29,7 x 37 cm (ISBN: 9781614287605). Zapraszamy!","breadcrumb":{"@id":"https:\/\/foliobooks.pl\/en\/shop\/dior-by-john-galliano\/#breadcrumb"},"inLanguage":"en-US","potentialAction":[{"@type":"ReadAction","target":["https:\/\/foliobooks.pl\/en\/shop\/dior-by-john-galliano\/"]}]},{"@type":"ImageObject","inLanguage":"en-US","@id":"https:\/\/foliobooks.pl\/en\/shop\/dior-by-john-galliano\/#primaryimage","url":"https:\/\/foliobooks.pl\/wp-content\/uploads\/2022\/08\/9781614287605.png","contentUrl":"https:\/\/foliobooks.pl\/wp-content\/uploads\/2022\/08\/9781614287605.png","width":570,"height":708},{"@type":"BreadcrumbList","@id":"https:\/\/foliobooks.pl\/en\/shop\/dior-by-john-galliano\/#breadcrumb","itemListElement":[{"@type":"ListItem","position":1,"name":"Strona g\u0142\u00f3wna","item":"https:\/\/foliobooks.pl\/en\/"},{"@type":"ListItem","position":2,"name":"Shop","item":"https:\/\/foliobooks.pl\/en\/shop\/"},{"@type":"ListItem","position":3,"name":"Dior by John Galliano"}]},{"@type":"WebSite","@id":"https:\/\/foliobooks.pl\/en\/#website","url":"https:\/\/foliobooks.pl\/en\/","name":"Folio","description":"Ksi\u0119garnia internetowa","potentialAction":[{"@type":"SearchAction","target":{"@type":"EntryPoint","urlTemplate":"https:\/\/foliobooks.pl\/en\/?s={search_term_string}"},"query-input":{"@type":"PropertyValueSpecification","valueRequired":true,"valueName":"search_term_string"}}],"inLanguage":"en-US"}]}},"_links":{"self":[{"href":"https:\/\/foliobooks.pl\/en\/wp-json\/wp\/v2\/product\/69940","targetHints":{"allow":["GET"]}}],"collection":[{"href":"https:\/\/foliobooks.pl\/en\/wp-json\/wp\/v2\/product"}],"about":[{"href":"https:\/\/foliobooks.pl\/en\/wp-json\/wp\/v2\/types\/product"}],"replies":[{"embeddable":true,"href":"https:\/\/foliobooks.pl\/en\/wp-json\/wp\/v2\/comments?post=69940"}],"wp:featuredmedia":[{"embeddable":true,"href":"https:\/\/foliobooks.pl\/en\/wp-json\/wp\/v2\/media\/69923"}],"wp:attachment":[{"href":"https:\/\/foliobooks.pl\/en\/wp-json\/wp\/v2\/media?parent=69940"}],"wp:term":[{"taxonomy":"product_brand","embeddable":true,"href":"https:\/\/foliobooks.pl\/en\/wp-json\/wp\/v2\/product_brand?post=69940"},{"taxonomy":"product_cat","embeddable":true,"href":"https:\/\/foliobooks.pl\/en\/wp-json\/wp\/v2\/product_cat?post=69940"},{"taxonomy":"product_tag","embeddable":true,"href":"https:\/\/foliobooks.pl\/en\/wp-json\/wp\/v2\/product_tag?post=69940"}],"curies":[{"name":"wp","href":"https:\/\/api.w.org\/{rel}","templated":true}]}}