{"id":69920,"date":"2022-08-04T09:31:08","date_gmt":"2022-08-04T07:31:08","guid":{"rendered":"https:\/\/foliobooks.pl\/?post_type=product&#038;p=69920"},"modified":"2026-02-18T15:14:01","modified_gmt":"2026-02-18T14:14:01","slug":"estee-lauder-a-beautiful-life","status":"publish","type":"product","link":"https:\/\/foliobooks.pl\/en\/shop\/estee-lauder-a-beautiful-life\/","title":{"rendered":"Est\u00e9e Lauder: A Beautiful Life"},"content":{"rendered":"<p>As a businesswoman, matriarch, and innovator, Est\u00e9e Lauder was in a league of her own. From a humble background growing up in Queens as the child of Hungarian immigrants, Est\u00e9e\u2019s ambition and hard work found her tremendous success, transforming a small skincare cream business she started in her kitchen into a worldwide portfolio of beauty brands. Ever principled and determined, her charming ebullience took her far\u2014 she was the first to harness the power of word-of-mouth advertising, and to realize that a free gift with purchase would do well to win her customer\u2019s loyalty.<\/p>\n<p>Crafted like a personal album with the help of her granddaughters, Aerin and Jane, this book opens the door to the legendary woman who made her name known all over the world. As a true visionnaire, Es<span class=\"DspInfo\">t\u00e9e Lauder succeeded in building her cosmetics empire through talent, determination, hard work, and kindness, while still maintaining a rich and fulfilling family life. Adding to her iconic legacy was her eye for interiors, a reputation for hosting fabulous dinner parties, and her countless notable friends such as Princess Grace of Monaco, Hubert de Givenchy, Diana, Princess of Wales, Nancy Reagan, and Frank Sinatra, among other luminaries. To celebrate her life and important influence in business, at home, and on the town, Aerin and Jane Lauder along with Assouline, present an in-depth look at what a beloved tour de force Est\u00e9e was, as expressed through her personal letters, family photographs, company archives, and more.<\/span><\/p>\n","protected":false},"excerpt":{"rendered":"<p>As a businesswoman, matriarch, and innovator, Est\u00e9e Lauder was in a league of her own. From a humble background growing up in Queens as the child of Hungarian immigrants, Est\u00e9e\u2019s ambition and hard work found her tremendous success, transforming a small skincare cream business she started in her kitchen into a worldwide portfolio of beauty&#8230;<\/p>\n","protected":false},"featured_media":69907,"comment_status":"closed","ping_status":"closed","template":"","meta":[],"product_brand":[],"product_cat":[4522,13533,4517],"product_tag":[1651,6631,151],"class_list":{"0":"post-69920","1":"product","2":"type-product","3":"status-publish","4":"has-post-thumbnail","6":"product_cat-art-en","7":"product_cat-books","8":"product_cat-photography-en","9":"product_tag-advertising","10":"product_tag-biographies","11":"product_tag-women","12":"pa_author_att-aerin-lauder-en","13":"pa_author_att-jane-lauder-en","14":"pa_cover-softcover-slipcase","15":"pa_format-279-x-349-cm-en","16":"pa_isbn-9781649800428-en","17":"pa_language-eng","18":"pa_pages-200-en","19":"pa_published-2021-10-05-en","20":"pa_publisher-assouline-en","22":"first","23":"instock","24":"sale","25":"sold-individually","26":"shipping-taxable","27":"purchasable","28":"product-type-simple"},"yoast_head":"<!-- This site is optimized with the Yoast SEO plugin v27.4 - https:\/\/yoast.com\/product\/yoast-seo-wordpress\/ -->\n<title>Est\u00e9e Lauder: A Beautiful Life (Aerin Lauder, Jane Lauder) - book \/ album - Folio<\/title>\n<meta name=\"description\" content=\"Wejd\u017a i kup ksi\u0105\u017ck\u0119 Est\u00e9e Lauder: A Beautiful Life autorstwa Aerin Lauder, Jane Lauder wydan\u0105 przez Assouline (2021-10-05) w formacie 27,9 x 34,9 cm (ISBN: 9781649800428). Zapraszamy!\" \/>\n<meta name=\"robots\" content=\"index, follow, max-snippet:-1, max-image-preview:large, max-video-preview:-1\" \/>\n<link rel=\"canonical\" href=\"https:\/\/foliobooks.pl\/en\/shop\/estee-lauder-a-beautiful-life\/\" \/>\n<meta property=\"og:locale\" content=\"en_US\" \/>\n<meta property=\"og:type\" content=\"article\" \/>\n<meta property=\"og:title\" content=\"Est\u00e9e Lauder: A Beautiful Life (Aerin Lauder, Jane Lauder) - book \/ album - Folio\" \/>\n<meta property=\"og:description\" content=\"Wejd\u017a i kup ksi\u0105\u017ck\u0119 Est\u00e9e Lauder: A Beautiful Life autorstwa Aerin Lauder, Jane Lauder wydan\u0105 przez Assouline (2021-10-05) w formacie 27,9 x 34,9 cm (ISBN: 9781649800428). Zapraszamy!\" \/>\n<meta property=\"og:url\" content=\"https:\/\/foliobooks.pl\/en\/shop\/estee-lauder-a-beautiful-life\/\" \/>\n<meta property=\"og:site_name\" content=\"Folio\" \/>\n<meta property=\"article:modified_time\" content=\"2026-02-18T14:14:01+00:00\" \/>\n<meta property=\"og:image\" content=\"https:\/\/foliobooks.pl\/wp-content\/uploads\/2022\/08\/9781649800428.png\" \/>\n\t<meta property=\"og:image:width\" content=\"570\" \/>\n\t<meta property=\"og:image:height\" content=\"708\" \/>\n\t<meta property=\"og:image:type\" content=\"image\/png\" \/>\n<meta name=\"twitter:card\" content=\"summary_large_image\" \/>\n<meta name=\"twitter:label1\" content=\"Est. reading time\" \/>\n\t<meta name=\"twitter:data1\" content=\"2 minutes\" \/>\n<script type=\"application\/ld+json\" class=\"yoast-schema-graph\">{\"@context\":\"https:\\\/\\\/schema.org\",\"@graph\":[{\"@type\":\"WebPage\",\"@id\":\"https:\\\/\\\/foliobooks.pl\\\/en\\\/shop\\\/estee-lauder-a-beautiful-life\\\/\",\"url\":\"https:\\\/\\\/foliobooks.pl\\\/en\\\/shop\\\/estee-lauder-a-beautiful-life\\\/\",\"name\":\"Est\u00e9e Lauder: A Beautiful Life (Aerin Lauder, Jane Lauder) - book \\\/ album - Folio\",\"isPartOf\":{\"@id\":\"https:\\\/\\\/foliobooks.pl\\\/en\\\/#website\"},\"primaryImageOfPage\":{\"@id\":\"https:\\\/\\\/foliobooks.pl\\\/en\\\/shop\\\/estee-lauder-a-beautiful-life\\\/#primaryimage\"},\"image\":{\"@id\":\"https:\\\/\\\/foliobooks.pl\\\/en\\\/shop\\\/estee-lauder-a-beautiful-life\\\/#primaryimage\"},\"thumbnailUrl\":\"https:\\\/\\\/foliobooks.pl\\\/wp-content\\\/uploads\\\/2022\\\/08\\\/9781649800428.png\",\"datePublished\":\"2022-08-04T07:31:08+00:00\",\"dateModified\":\"2026-02-18T14:14:01+00:00\",\"description\":\"Wejd\u017a i kup ksi\u0105\u017ck\u0119 Est\u00e9e Lauder: A Beautiful Life autorstwa Aerin Lauder, Jane Lauder wydan\u0105 przez Assouline (2021-10-05) w formacie 27,9 x 34,9 cm (ISBN: 9781649800428). Zapraszamy!\",\"breadcrumb\":{\"@id\":\"https:\\\/\\\/foliobooks.pl\\\/en\\\/shop\\\/estee-lauder-a-beautiful-life\\\/#breadcrumb\"},\"inLanguage\":\"en-US\",\"potentialAction\":[{\"@type\":\"ReadAction\",\"target\":[\"https:\\\/\\\/foliobooks.pl\\\/en\\\/shop\\\/estee-lauder-a-beautiful-life\\\/\"]}]},{\"@type\":\"ImageObject\",\"inLanguage\":\"en-US\",\"@id\":\"https:\\\/\\\/foliobooks.pl\\\/en\\\/shop\\\/estee-lauder-a-beautiful-life\\\/#primaryimage\",\"url\":\"https:\\\/\\\/foliobooks.pl\\\/wp-content\\\/uploads\\\/2022\\\/08\\\/9781649800428.png\",\"contentUrl\":\"https:\\\/\\\/foliobooks.pl\\\/wp-content\\\/uploads\\\/2022\\\/08\\\/9781649800428.png\",\"width\":570,\"height\":708},{\"@type\":\"BreadcrumbList\",\"@id\":\"https:\\\/\\\/foliobooks.pl\\\/en\\\/shop\\\/estee-lauder-a-beautiful-life\\\/#breadcrumb\",\"itemListElement\":[{\"@type\":\"ListItem\",\"position\":1,\"name\":\"Strona g\u0142\u00f3wna\",\"item\":\"https:\\\/\\\/foliobooks.pl\\\/en\\\/\"},{\"@type\":\"ListItem\",\"position\":2,\"name\":\"Shop\",\"item\":\"https:\\\/\\\/foliobooks.pl\\\/en\\\/shop\\\/\"},{\"@type\":\"ListItem\",\"position\":3,\"name\":\"Est\u00e9e Lauder: A Beautiful Life\"}]},{\"@type\":\"WebSite\",\"@id\":\"https:\\\/\\\/foliobooks.pl\\\/en\\\/#website\",\"url\":\"https:\\\/\\\/foliobooks.pl\\\/en\\\/\",\"name\":\"Folio\",\"description\":\"Ksi\u0119garnia internetowa\",\"potentialAction\":[{\"@type\":\"SearchAction\",\"target\":{\"@type\":\"EntryPoint\",\"urlTemplate\":\"https:\\\/\\\/foliobooks.pl\\\/en\\\/?s={search_term_string}\"},\"query-input\":{\"@type\":\"PropertyValueSpecification\",\"valueRequired\":true,\"valueName\":\"search_term_string\"}}],\"inLanguage\":\"en-US\"}]}<\/script>\n<!-- \/ Yoast SEO plugin. -->","yoast_head_json":{"title":"Est\u00e9e Lauder: A Beautiful Life (Aerin Lauder, Jane Lauder) - book \/ album - Folio","description":"Wejd\u017a i kup ksi\u0105\u017ck\u0119 Est\u00e9e Lauder: A Beautiful Life autorstwa Aerin Lauder, Jane Lauder wydan\u0105 przez Assouline (2021-10-05) w formacie 27,9 x 34,9 cm (ISBN: 9781649800428). Zapraszamy!","robots":{"index":"index","follow":"follow","max-snippet":"max-snippet:-1","max-image-preview":"max-image-preview:large","max-video-preview":"max-video-preview:-1"},"canonical":"https:\/\/foliobooks.pl\/en\/shop\/estee-lauder-a-beautiful-life\/","og_locale":"en_US","og_type":"article","og_title":"Est\u00e9e Lauder: A Beautiful Life (Aerin Lauder, Jane Lauder) - book \/ album - Folio","og_description":"Wejd\u017a i kup ksi\u0105\u017ck\u0119 Est\u00e9e Lauder: A Beautiful Life autorstwa Aerin Lauder, Jane Lauder wydan\u0105 przez Assouline (2021-10-05) w formacie 27,9 x 34,9 cm (ISBN: 9781649800428). Zapraszamy!","og_url":"https:\/\/foliobooks.pl\/en\/shop\/estee-lauder-a-beautiful-life\/","og_site_name":"Folio","article_modified_time":"2026-02-18T14:14:01+00:00","og_image":[{"width":570,"height":708,"url":"https:\/\/foliobooks.pl\/wp-content\/uploads\/2022\/08\/9781649800428.png","type":"image\/png"}],"twitter_card":"summary_large_image","twitter_misc":{"Est. reading time":"2 minutes"},"schema":{"@context":"https:\/\/schema.org","@graph":[{"@type":"WebPage","@id":"https:\/\/foliobooks.pl\/en\/shop\/estee-lauder-a-beautiful-life\/","url":"https:\/\/foliobooks.pl\/en\/shop\/estee-lauder-a-beautiful-life\/","name":"Est\u00e9e Lauder: A Beautiful Life (Aerin Lauder, Jane Lauder) - book \/ album - Folio","isPartOf":{"@id":"https:\/\/foliobooks.pl\/en\/#website"},"primaryImageOfPage":{"@id":"https:\/\/foliobooks.pl\/en\/shop\/estee-lauder-a-beautiful-life\/#primaryimage"},"image":{"@id":"https:\/\/foliobooks.pl\/en\/shop\/estee-lauder-a-beautiful-life\/#primaryimage"},"thumbnailUrl":"https:\/\/foliobooks.pl\/wp-content\/uploads\/2022\/08\/9781649800428.png","datePublished":"2022-08-04T07:31:08+00:00","dateModified":"2026-02-18T14:14:01+00:00","description":"Wejd\u017a i kup ksi\u0105\u017ck\u0119 Est\u00e9e Lauder: A Beautiful Life autorstwa Aerin Lauder, Jane Lauder wydan\u0105 przez Assouline (2021-10-05) w formacie 27,9 x 34,9 cm (ISBN: 9781649800428). Zapraszamy!","breadcrumb":{"@id":"https:\/\/foliobooks.pl\/en\/shop\/estee-lauder-a-beautiful-life\/#breadcrumb"},"inLanguage":"en-US","potentialAction":[{"@type":"ReadAction","target":["https:\/\/foliobooks.pl\/en\/shop\/estee-lauder-a-beautiful-life\/"]}]},{"@type":"ImageObject","inLanguage":"en-US","@id":"https:\/\/foliobooks.pl\/en\/shop\/estee-lauder-a-beautiful-life\/#primaryimage","url":"https:\/\/foliobooks.pl\/wp-content\/uploads\/2022\/08\/9781649800428.png","contentUrl":"https:\/\/foliobooks.pl\/wp-content\/uploads\/2022\/08\/9781649800428.png","width":570,"height":708},{"@type":"BreadcrumbList","@id":"https:\/\/foliobooks.pl\/en\/shop\/estee-lauder-a-beautiful-life\/#breadcrumb","itemListElement":[{"@type":"ListItem","position":1,"name":"Strona g\u0142\u00f3wna","item":"https:\/\/foliobooks.pl\/en\/"},{"@type":"ListItem","position":2,"name":"Shop","item":"https:\/\/foliobooks.pl\/en\/shop\/"},{"@type":"ListItem","position":3,"name":"Est\u00e9e Lauder: A Beautiful Life"}]},{"@type":"WebSite","@id":"https:\/\/foliobooks.pl\/en\/#website","url":"https:\/\/foliobooks.pl\/en\/","name":"Folio","description":"Ksi\u0119garnia internetowa","potentialAction":[{"@type":"SearchAction","target":{"@type":"EntryPoint","urlTemplate":"https:\/\/foliobooks.pl\/en\/?s={search_term_string}"},"query-input":{"@type":"PropertyValueSpecification","valueRequired":true,"valueName":"search_term_string"}}],"inLanguage":"en-US"}]}},"_links":{"self":[{"href":"https:\/\/foliobooks.pl\/en\/wp-json\/wp\/v2\/product\/69920","targetHints":{"allow":["GET"]}}],"collection":[{"href":"https:\/\/foliobooks.pl\/en\/wp-json\/wp\/v2\/product"}],"about":[{"href":"https:\/\/foliobooks.pl\/en\/wp-json\/wp\/v2\/types\/product"}],"replies":[{"embeddable":true,"href":"https:\/\/foliobooks.pl\/en\/wp-json\/wp\/v2\/comments?post=69920"}],"wp:featuredmedia":[{"embeddable":true,"href":"https:\/\/foliobooks.pl\/en\/wp-json\/wp\/v2\/media\/69907"}],"wp:attachment":[{"href":"https:\/\/foliobooks.pl\/en\/wp-json\/wp\/v2\/media?parent=69920"}],"wp:term":[{"taxonomy":"product_brand","embeddable":true,"href":"https:\/\/foliobooks.pl\/en\/wp-json\/wp\/v2\/product_brand?post=69920"},{"taxonomy":"product_cat","embeddable":true,"href":"https:\/\/foliobooks.pl\/en\/wp-json\/wp\/v2\/product_cat?post=69920"},{"taxonomy":"product_tag","embeddable":true,"href":"https:\/\/foliobooks.pl\/en\/wp-json\/wp\/v2\/product_tag?post=69920"}],"curies":[{"name":"wp","href":"https:\/\/api.w.org\/{rel}","templated":true}]}}