{"id":66175,"date":"2022-05-17T13:32:02","date_gmt":"2022-05-17T11:32:02","guid":{"rendered":"https:\/\/foliobooks.pl\/sklep\/world-of-freddie-mercury\/"},"modified":"2025-11-27T11:17:45","modified_gmt":"2025-11-27T10:17:45","slug":"world-of-freddie-mercury","status":"publish","type":"product","link":"https:\/\/foliobooks.pl\/en\/shop\/world-of-freddie-mercury\/","title":{"rendered":"World of Freddie Mercury"},"content":{"rendered":"<p>Piece together the world of Freddie Mercury in this jigsaw puzzle that tells the story of his life and songs. From his childhood in Zanzibar and England to his meteoric rise to rock stardom with Queen and his tragic death from AIDS, there&#8217;s a galaxy of stars, friends, lovers and cats to explore. Discover why Freddie Mercury remains the Champion of the World.<\/p>\n","protected":false},"excerpt":{"rendered":"<p>Piece together the world of Freddie Mercury in this jigsaw puzzle that tells the story of his life and songs. From his childhood in Zanzibar and England to his meteoric rise to rock stardom with Queen and his tragic death from AIDS, there&#8217;s a galaxy of stars, friends, lovers and cats to explore. Discover why&#8230;<\/p>\n","protected":false},"featured_media":66174,"comment_status":"closed","ping_status":"closed","template":"","meta":[],"product_brand":[],"product_cat":[4797,12943],"product_tag":[1941],"class_list":{"0":"post-66175","1":"product","2":"type-product","3":"status-publish","4":"has-post-thumbnail","6":"product_cat-beautifulthings","7":"product_cat-games","8":"product_tag-puzzle-en","9":"pa_author_att-timba-smits-en","10":"pa_cover-box","11":"pa_format-266-x-266-cm-en","12":"pa_isbn-9781913947583-en","13":"pa_language-eng","14":"pa_published-2021-10-19-en","15":"pa_publisher-laurence-king-en","17":"first","18":"instock","19":"sold-individually","20":"shipping-taxable","21":"purchasable","22":"product-type-simple"},"yoast_head":"<!-- This site is optimized with the Yoast SEO plugin v27.6 - https:\/\/yoast.com\/product\/yoast-seo-wordpress\/ -->\n<title>World of Freddie Mercury (Timba Smits) - book \/ album - Folio<\/title>\n<meta name=\"description\" content=\"Wejd\u017a i kup ksi\u0105\u017ck\u0119 World of Freddie Mercury autorstwa Timba Smits wydan\u0105 przez LAURENCE KING (2021-10-19) w formacie 26,6 x 26,6 cm (ISBN: 9781913947583). Zapraszamy!\" \/>\n<meta name=\"robots\" content=\"index, follow, max-snippet:-1, max-image-preview:large, max-video-preview:-1\" \/>\n<link rel=\"canonical\" href=\"https:\/\/foliobooks.pl\/en\/shop\/world-of-freddie-mercury\/\" \/>\n<meta property=\"og:locale\" content=\"en_US\" \/>\n<meta property=\"og:type\" content=\"article\" \/>\n<meta property=\"og:title\" content=\"World of Freddie Mercury (Timba Smits) - book \/ album - Folio\" \/>\n<meta property=\"og:description\" content=\"Wejd\u017a i kup ksi\u0105\u017ck\u0119 World of Freddie Mercury autorstwa Timba Smits wydan\u0105 przez LAURENCE KING (2021-10-19) w formacie 26,6 x 26,6 cm (ISBN: 9781913947583). Zapraszamy!\" \/>\n<meta property=\"og:url\" content=\"https:\/\/foliobooks.pl\/en\/shop\/world-of-freddie-mercury\/\" \/>\n<meta property=\"og:site_name\" content=\"Folio\" \/>\n<meta property=\"article:modified_time\" content=\"2025-11-27T10:17:45+00:00\" \/>\n<meta property=\"og:image\" content=\"https:\/\/foliobooks.pl\/wp-content\/uploads\/2022\/05\/9781913947583.png\" \/>\n\t<meta property=\"og:image:width\" content=\"570\" \/>\n\t<meta property=\"og:image:height\" content=\"708\" \/>\n\t<meta property=\"og:image:type\" content=\"image\/png\" \/>\n<meta name=\"twitter:card\" content=\"summary_large_image\" \/>\n<meta name=\"twitter:label1\" content=\"Est. reading time\" \/>\n\t<meta name=\"twitter:data1\" content=\"1 minute\" \/>\n<script type=\"application\/ld+json\" class=\"yoast-schema-graph\">{\"@context\":\"https:\\\/\\\/schema.org\",\"@graph\":[{\"@type\":\"WebPage\",\"@id\":\"https:\\\/\\\/foliobooks.pl\\\/en\\\/shop\\\/world-of-freddie-mercury\\\/\",\"url\":\"https:\\\/\\\/foliobooks.pl\\\/en\\\/shop\\\/world-of-freddie-mercury\\\/\",\"name\":\"World of Freddie Mercury (Timba Smits) - book \\\/ album - Folio\",\"isPartOf\":{\"@id\":\"https:\\\/\\\/foliobooks.pl\\\/en\\\/#website\"},\"primaryImageOfPage\":{\"@id\":\"https:\\\/\\\/foliobooks.pl\\\/en\\\/shop\\\/world-of-freddie-mercury\\\/#primaryimage\"},\"image\":{\"@id\":\"https:\\\/\\\/foliobooks.pl\\\/en\\\/shop\\\/world-of-freddie-mercury\\\/#primaryimage\"},\"thumbnailUrl\":\"https:\\\/\\\/foliobooks.pl\\\/wp-content\\\/uploads\\\/2022\\\/05\\\/9781913947583.png\",\"datePublished\":\"2022-05-17T11:32:02+00:00\",\"dateModified\":\"2025-11-27T10:17:45+00:00\",\"description\":\"Wejd\u017a i kup ksi\u0105\u017ck\u0119 World of Freddie Mercury autorstwa Timba Smits wydan\u0105 przez LAURENCE KING (2021-10-19) w formacie 26,6 x 26,6 cm (ISBN: 9781913947583). Zapraszamy!\",\"breadcrumb\":{\"@id\":\"https:\\\/\\\/foliobooks.pl\\\/en\\\/shop\\\/world-of-freddie-mercury\\\/#breadcrumb\"},\"inLanguage\":\"en-US\",\"potentialAction\":[{\"@type\":\"ReadAction\",\"target\":[\"https:\\\/\\\/foliobooks.pl\\\/en\\\/shop\\\/world-of-freddie-mercury\\\/\"]}]},{\"@type\":\"ImageObject\",\"inLanguage\":\"en-US\",\"@id\":\"https:\\\/\\\/foliobooks.pl\\\/en\\\/shop\\\/world-of-freddie-mercury\\\/#primaryimage\",\"url\":\"https:\\\/\\\/foliobooks.pl\\\/wp-content\\\/uploads\\\/2022\\\/05\\\/9781913947583.png\",\"contentUrl\":\"https:\\\/\\\/foliobooks.pl\\\/wp-content\\\/uploads\\\/2022\\\/05\\\/9781913947583.png\",\"width\":570,\"height\":708},{\"@type\":\"BreadcrumbList\",\"@id\":\"https:\\\/\\\/foliobooks.pl\\\/en\\\/shop\\\/world-of-freddie-mercury\\\/#breadcrumb\",\"itemListElement\":[{\"@type\":\"ListItem\",\"position\":1,\"name\":\"Strona g\u0142\u00f3wna\",\"item\":\"https:\\\/\\\/foliobooks.pl\\\/en\\\/\"},{\"@type\":\"ListItem\",\"position\":2,\"name\":\"Shop\",\"item\":\"https:\\\/\\\/foliobooks.pl\\\/en\\\/shop\\\/\"},{\"@type\":\"ListItem\",\"position\":3,\"name\":\"World of Freddie Mercury\"}]},{\"@type\":\"WebSite\",\"@id\":\"https:\\\/\\\/foliobooks.pl\\\/en\\\/#website\",\"url\":\"https:\\\/\\\/foliobooks.pl\\\/en\\\/\",\"name\":\"Folio\",\"description\":\"Ksi\u0119garnia internetowa\",\"potentialAction\":[{\"@type\":\"SearchAction\",\"target\":{\"@type\":\"EntryPoint\",\"urlTemplate\":\"https:\\\/\\\/foliobooks.pl\\\/en\\\/?s={search_term_string}\"},\"query-input\":{\"@type\":\"PropertyValueSpecification\",\"valueRequired\":true,\"valueName\":\"search_term_string\"}}],\"inLanguage\":\"en-US\"}]}<\/script>\n<!-- \/ Yoast SEO plugin. -->","yoast_head_json":{"title":"World of Freddie Mercury (Timba Smits) - book \/ album - Folio","description":"Wejd\u017a i kup ksi\u0105\u017ck\u0119 World of Freddie Mercury autorstwa Timba Smits wydan\u0105 przez LAURENCE KING (2021-10-19) w formacie 26,6 x 26,6 cm (ISBN: 9781913947583). Zapraszamy!","robots":{"index":"index","follow":"follow","max-snippet":"max-snippet:-1","max-image-preview":"max-image-preview:large","max-video-preview":"max-video-preview:-1"},"canonical":"https:\/\/foliobooks.pl\/en\/shop\/world-of-freddie-mercury\/","og_locale":"en_US","og_type":"article","og_title":"World of Freddie Mercury (Timba Smits) - book \/ album - Folio","og_description":"Wejd\u017a i kup ksi\u0105\u017ck\u0119 World of Freddie Mercury autorstwa Timba Smits wydan\u0105 przez LAURENCE KING (2021-10-19) w formacie 26,6 x 26,6 cm (ISBN: 9781913947583). Zapraszamy!","og_url":"https:\/\/foliobooks.pl\/en\/shop\/world-of-freddie-mercury\/","og_site_name":"Folio","article_modified_time":"2025-11-27T10:17:45+00:00","og_image":[{"width":570,"height":708,"url":"https:\/\/foliobooks.pl\/wp-content\/uploads\/2022\/05\/9781913947583.png","type":"image\/png"}],"twitter_card":"summary_large_image","twitter_misc":{"Est. reading time":"1 minute"},"schema":{"@context":"https:\/\/schema.org","@graph":[{"@type":"WebPage","@id":"https:\/\/foliobooks.pl\/en\/shop\/world-of-freddie-mercury\/","url":"https:\/\/foliobooks.pl\/en\/shop\/world-of-freddie-mercury\/","name":"World of Freddie Mercury (Timba Smits) - book \/ album - Folio","isPartOf":{"@id":"https:\/\/foliobooks.pl\/en\/#website"},"primaryImageOfPage":{"@id":"https:\/\/foliobooks.pl\/en\/shop\/world-of-freddie-mercury\/#primaryimage"},"image":{"@id":"https:\/\/foliobooks.pl\/en\/shop\/world-of-freddie-mercury\/#primaryimage"},"thumbnailUrl":"https:\/\/foliobooks.pl\/wp-content\/uploads\/2022\/05\/9781913947583.png","datePublished":"2022-05-17T11:32:02+00:00","dateModified":"2025-11-27T10:17:45+00:00","description":"Wejd\u017a i kup ksi\u0105\u017ck\u0119 World of Freddie Mercury autorstwa Timba Smits wydan\u0105 przez LAURENCE KING (2021-10-19) w formacie 26,6 x 26,6 cm (ISBN: 9781913947583). Zapraszamy!","breadcrumb":{"@id":"https:\/\/foliobooks.pl\/en\/shop\/world-of-freddie-mercury\/#breadcrumb"},"inLanguage":"en-US","potentialAction":[{"@type":"ReadAction","target":["https:\/\/foliobooks.pl\/en\/shop\/world-of-freddie-mercury\/"]}]},{"@type":"ImageObject","inLanguage":"en-US","@id":"https:\/\/foliobooks.pl\/en\/shop\/world-of-freddie-mercury\/#primaryimage","url":"https:\/\/foliobooks.pl\/wp-content\/uploads\/2022\/05\/9781913947583.png","contentUrl":"https:\/\/foliobooks.pl\/wp-content\/uploads\/2022\/05\/9781913947583.png","width":570,"height":708},{"@type":"BreadcrumbList","@id":"https:\/\/foliobooks.pl\/en\/shop\/world-of-freddie-mercury\/#breadcrumb","itemListElement":[{"@type":"ListItem","position":1,"name":"Strona g\u0142\u00f3wna","item":"https:\/\/foliobooks.pl\/en\/"},{"@type":"ListItem","position":2,"name":"Shop","item":"https:\/\/foliobooks.pl\/en\/shop\/"},{"@type":"ListItem","position":3,"name":"World of Freddie Mercury"}]},{"@type":"WebSite","@id":"https:\/\/foliobooks.pl\/en\/#website","url":"https:\/\/foliobooks.pl\/en\/","name":"Folio","description":"Ksi\u0119garnia internetowa","potentialAction":[{"@type":"SearchAction","target":{"@type":"EntryPoint","urlTemplate":"https:\/\/foliobooks.pl\/en\/?s={search_term_string}"},"query-input":{"@type":"PropertyValueSpecification","valueRequired":true,"valueName":"search_term_string"}}],"inLanguage":"en-US"}]}},"_links":{"self":[{"href":"https:\/\/foliobooks.pl\/en\/wp-json\/wp\/v2\/product\/66175","targetHints":{"allow":["GET"]}}],"collection":[{"href":"https:\/\/foliobooks.pl\/en\/wp-json\/wp\/v2\/product"}],"about":[{"href":"https:\/\/foliobooks.pl\/en\/wp-json\/wp\/v2\/types\/product"}],"replies":[{"embeddable":true,"href":"https:\/\/foliobooks.pl\/en\/wp-json\/wp\/v2\/comments?post=66175"}],"wp:featuredmedia":[{"embeddable":true,"href":"https:\/\/foliobooks.pl\/en\/wp-json\/wp\/v2\/media\/66174"}],"wp:attachment":[{"href":"https:\/\/foliobooks.pl\/en\/wp-json\/wp\/v2\/media?parent=66175"}],"wp:term":[{"taxonomy":"product_brand","embeddable":true,"href":"https:\/\/foliobooks.pl\/en\/wp-json\/wp\/v2\/product_brand?post=66175"},{"taxonomy":"product_cat","embeddable":true,"href":"https:\/\/foliobooks.pl\/en\/wp-json\/wp\/v2\/product_cat?post=66175"},{"taxonomy":"product_tag","embeddable":true,"href":"https:\/\/foliobooks.pl\/en\/wp-json\/wp\/v2\/product_tag?post=66175"}],"curies":[{"name":"wp","href":"https:\/\/api.w.org\/{rel}","templated":true}]}}