{"id":66171,"date":"2022-05-17T13:27:39","date_gmt":"2022-05-17T11:27:39","guid":{"rendered":"https:\/\/foliobooks.pl\/sklep\/world-of-frida-kahlo-1000-piece-puzzle\/"},"modified":"2024-07-26T14:29:43","modified_gmt":"2024-07-26T12:29:43","slug":"world-of-frida-kahlo-1000-piece-puzzle","status":"publish","type":"product","link":"https:\/\/foliobooks.pl\/en\/shop\/world-of-frida-kahlo-1000-piece-puzzle\/","title":{"rendered":"World of Frida Kahlo 1000 Piece Puzzle"},"content":{"rendered":"<p>Piece together the world of the genius that is Frida Kahlo in this art history jigsaw puzzle that tells the story of her life, her art, and her career.<\/p>\n<p>Taking center stage is Frida herself surrounded by iconic elements of her life. Woven into the bustling Mexican scene are a huge cast of contemporary extras, from Kahlo&#8217;s family and famous friends, as well as her various exotic pets. Those with a keen eye will also spot many references to her art and the tragedies and triumphs of her career. For those just discovering Kahlo the included poster guides the puzzler along the journey with facts about the 25 references found in the jigsaw.<\/p>\n<p>Known for her self-portraits and representation of her Mexican heritage, the colourful scene in this puzzle conveys the spirit of Kahlo and her world. Travel through the medical traumas, family, love, and loss that encapsulated Kahlo&#8217;s life and discover the surrealist artist in a new light.<\/p>\n","protected":false},"excerpt":{"rendered":"<p>Piece together the world of the genius that is Frida Kahlo in this art history jigsaw puzzle that tells the story of her life, her art, and her career. Taking center stage is Frida herself surrounded by iconic elements of her life. Woven into the bustling Mexican scene are a huge cast of contemporary extras,&#8230;<\/p>\n","protected":false},"featured_media":66168,"comment_status":"closed","ping_status":"closed","template":"","meta":[],"product_brand":[],"product_cat":[4797,12943],"product_tag":[1941],"class_list":{"0":"post-66171","1":"product","2":"type-product","3":"status-publish","4":"has-post-thumbnail","6":"product_cat-beautifulthings","7":"product_cat-games","8":"product_tag-puzzle-en","9":"pa_author_att-laura-callaghan-en","10":"pa_cover-box","11":"pa_format-267-x-267-cm-en","12":"pa_isbn-9781786274953-en","13":"pa_language-eng","14":"pa_published-2020-05-07-en","15":"pa_publisher-laurence-king-en","17":"first","18":"instock","19":"sold-individually","20":"shipping-taxable","21":"purchasable","22":"product-type-simple"},"yoast_head":"<!-- This site is optimized with the Yoast SEO plugin v27.4 - https:\/\/yoast.com\/product\/yoast-seo-wordpress\/ -->\n<title>World of Frida Kahlo 1000 Piece Puzzle (Laura Callaghan) - book \/ album - Folio<\/title>\n<meta name=\"description\" content=\"Wejd\u017a i kup ksi\u0105\u017ck\u0119 World of Frida Kahlo 1000 Piece Puzzle autorstwa Laura Callaghan wydan\u0105 przez LAURENCE KING (2020-05-07) w formacie 26,7 x 26,7 cm (ISBN: 9781786274953). Zapraszamy!\" \/>\n<meta name=\"robots\" content=\"index, follow, max-snippet:-1, max-image-preview:large, max-video-preview:-1\" \/>\n<link rel=\"canonical\" href=\"https:\/\/foliobooks.pl\/en\/shop\/world-of-frida-kahlo-1000-piece-puzzle\/\" \/>\n<meta property=\"og:locale\" content=\"en_US\" \/>\n<meta property=\"og:type\" content=\"article\" \/>\n<meta property=\"og:title\" content=\"World of Frida Kahlo 1000 Piece Puzzle (Laura Callaghan) - book \/ album - Folio\" \/>\n<meta property=\"og:description\" content=\"Wejd\u017a i kup ksi\u0105\u017ck\u0119 World of Frida Kahlo 1000 Piece Puzzle autorstwa Laura Callaghan wydan\u0105 przez LAURENCE KING (2020-05-07) w formacie 26,7 x 26,7 cm (ISBN: 9781786274953). Zapraszamy!\" \/>\n<meta property=\"og:url\" content=\"https:\/\/foliobooks.pl\/en\/shop\/world-of-frida-kahlo-1000-piece-puzzle\/\" \/>\n<meta property=\"og:site_name\" content=\"Folio\" \/>\n<meta property=\"article:modified_time\" content=\"2024-07-26T12:29:43+00:00\" \/>\n<meta property=\"og:image\" content=\"https:\/\/foliobooks.pl\/wp-content\/uploads\/2022\/05\/9781786274953.png\" \/>\n\t<meta property=\"og:image:width\" content=\"570\" \/>\n\t<meta property=\"og:image:height\" content=\"708\" \/>\n\t<meta property=\"og:image:type\" content=\"image\/png\" \/>\n<meta name=\"twitter:card\" content=\"summary_large_image\" \/>\n<meta name=\"twitter:label1\" content=\"Est. reading time\" \/>\n\t<meta name=\"twitter:data1\" content=\"1 minute\" \/>\n<script type=\"application\/ld+json\" class=\"yoast-schema-graph\">{\"@context\":\"https:\\\/\\\/schema.org\",\"@graph\":[{\"@type\":\"WebPage\",\"@id\":\"https:\\\/\\\/foliobooks.pl\\\/en\\\/shop\\\/world-of-frida-kahlo-1000-piece-puzzle\\\/\",\"url\":\"https:\\\/\\\/foliobooks.pl\\\/en\\\/shop\\\/world-of-frida-kahlo-1000-piece-puzzle\\\/\",\"name\":\"World of Frida Kahlo 1000 Piece Puzzle (Laura Callaghan) - book \\\/ album - Folio\",\"isPartOf\":{\"@id\":\"https:\\\/\\\/foliobooks.pl\\\/en\\\/#website\"},\"primaryImageOfPage\":{\"@id\":\"https:\\\/\\\/foliobooks.pl\\\/en\\\/shop\\\/world-of-frida-kahlo-1000-piece-puzzle\\\/#primaryimage\"},\"image\":{\"@id\":\"https:\\\/\\\/foliobooks.pl\\\/en\\\/shop\\\/world-of-frida-kahlo-1000-piece-puzzle\\\/#primaryimage\"},\"thumbnailUrl\":\"https:\\\/\\\/foliobooks.pl\\\/wp-content\\\/uploads\\\/2022\\\/05\\\/9781786274953.png\",\"datePublished\":\"2022-05-17T11:27:39+00:00\",\"dateModified\":\"2024-07-26T12:29:43+00:00\",\"description\":\"Wejd\u017a i kup ksi\u0105\u017ck\u0119 World of Frida Kahlo 1000 Piece Puzzle autorstwa Laura Callaghan wydan\u0105 przez LAURENCE KING (2020-05-07) w formacie 26,7 x 26,7 cm (ISBN: 9781786274953). Zapraszamy!\",\"breadcrumb\":{\"@id\":\"https:\\\/\\\/foliobooks.pl\\\/en\\\/shop\\\/world-of-frida-kahlo-1000-piece-puzzle\\\/#breadcrumb\"},\"inLanguage\":\"en-US\",\"potentialAction\":[{\"@type\":\"ReadAction\",\"target\":[\"https:\\\/\\\/foliobooks.pl\\\/en\\\/shop\\\/world-of-frida-kahlo-1000-piece-puzzle\\\/\"]}]},{\"@type\":\"ImageObject\",\"inLanguage\":\"en-US\",\"@id\":\"https:\\\/\\\/foliobooks.pl\\\/en\\\/shop\\\/world-of-frida-kahlo-1000-piece-puzzle\\\/#primaryimage\",\"url\":\"https:\\\/\\\/foliobooks.pl\\\/wp-content\\\/uploads\\\/2022\\\/05\\\/9781786274953.png\",\"contentUrl\":\"https:\\\/\\\/foliobooks.pl\\\/wp-content\\\/uploads\\\/2022\\\/05\\\/9781786274953.png\",\"width\":570,\"height\":708},{\"@type\":\"BreadcrumbList\",\"@id\":\"https:\\\/\\\/foliobooks.pl\\\/en\\\/shop\\\/world-of-frida-kahlo-1000-piece-puzzle\\\/#breadcrumb\",\"itemListElement\":[{\"@type\":\"ListItem\",\"position\":1,\"name\":\"Strona g\u0142\u00f3wna\",\"item\":\"https:\\\/\\\/foliobooks.pl\\\/en\\\/\"},{\"@type\":\"ListItem\",\"position\":2,\"name\":\"Shop\",\"item\":\"https:\\\/\\\/foliobooks.pl\\\/en\\\/shop\\\/\"},{\"@type\":\"ListItem\",\"position\":3,\"name\":\"World of Frida Kahlo 1000 Piece Puzzle\"}]},{\"@type\":\"WebSite\",\"@id\":\"https:\\\/\\\/foliobooks.pl\\\/en\\\/#website\",\"url\":\"https:\\\/\\\/foliobooks.pl\\\/en\\\/\",\"name\":\"Folio\",\"description\":\"Ksi\u0119garnia internetowa\",\"potentialAction\":[{\"@type\":\"SearchAction\",\"target\":{\"@type\":\"EntryPoint\",\"urlTemplate\":\"https:\\\/\\\/foliobooks.pl\\\/en\\\/?s={search_term_string}\"},\"query-input\":{\"@type\":\"PropertyValueSpecification\",\"valueRequired\":true,\"valueName\":\"search_term_string\"}}],\"inLanguage\":\"en-US\"}]}<\/script>\n<!-- \/ Yoast SEO plugin. -->","yoast_head_json":{"title":"World of Frida Kahlo 1000 Piece Puzzle (Laura Callaghan) - book \/ album - Folio","description":"Wejd\u017a i kup ksi\u0105\u017ck\u0119 World of Frida Kahlo 1000 Piece Puzzle autorstwa Laura Callaghan wydan\u0105 przez LAURENCE KING (2020-05-07) w formacie 26,7 x 26,7 cm (ISBN: 9781786274953). Zapraszamy!","robots":{"index":"index","follow":"follow","max-snippet":"max-snippet:-1","max-image-preview":"max-image-preview:large","max-video-preview":"max-video-preview:-1"},"canonical":"https:\/\/foliobooks.pl\/en\/shop\/world-of-frida-kahlo-1000-piece-puzzle\/","og_locale":"en_US","og_type":"article","og_title":"World of Frida Kahlo 1000 Piece Puzzle (Laura Callaghan) - book \/ album - Folio","og_description":"Wejd\u017a i kup ksi\u0105\u017ck\u0119 World of Frida Kahlo 1000 Piece Puzzle autorstwa Laura Callaghan wydan\u0105 przez LAURENCE KING (2020-05-07) w formacie 26,7 x 26,7 cm (ISBN: 9781786274953). Zapraszamy!","og_url":"https:\/\/foliobooks.pl\/en\/shop\/world-of-frida-kahlo-1000-piece-puzzle\/","og_site_name":"Folio","article_modified_time":"2024-07-26T12:29:43+00:00","og_image":[{"width":570,"height":708,"url":"https:\/\/foliobooks.pl\/wp-content\/uploads\/2022\/05\/9781786274953.png","type":"image\/png"}],"twitter_card":"summary_large_image","twitter_misc":{"Est. reading time":"1 minute"},"schema":{"@context":"https:\/\/schema.org","@graph":[{"@type":"WebPage","@id":"https:\/\/foliobooks.pl\/en\/shop\/world-of-frida-kahlo-1000-piece-puzzle\/","url":"https:\/\/foliobooks.pl\/en\/shop\/world-of-frida-kahlo-1000-piece-puzzle\/","name":"World of Frida Kahlo 1000 Piece Puzzle (Laura Callaghan) - book \/ album - Folio","isPartOf":{"@id":"https:\/\/foliobooks.pl\/en\/#website"},"primaryImageOfPage":{"@id":"https:\/\/foliobooks.pl\/en\/shop\/world-of-frida-kahlo-1000-piece-puzzle\/#primaryimage"},"image":{"@id":"https:\/\/foliobooks.pl\/en\/shop\/world-of-frida-kahlo-1000-piece-puzzle\/#primaryimage"},"thumbnailUrl":"https:\/\/foliobooks.pl\/wp-content\/uploads\/2022\/05\/9781786274953.png","datePublished":"2022-05-17T11:27:39+00:00","dateModified":"2024-07-26T12:29:43+00:00","description":"Wejd\u017a i kup ksi\u0105\u017ck\u0119 World of Frida Kahlo 1000 Piece Puzzle autorstwa Laura Callaghan wydan\u0105 przez LAURENCE KING (2020-05-07) w formacie 26,7 x 26,7 cm (ISBN: 9781786274953). Zapraszamy!","breadcrumb":{"@id":"https:\/\/foliobooks.pl\/en\/shop\/world-of-frida-kahlo-1000-piece-puzzle\/#breadcrumb"},"inLanguage":"en-US","potentialAction":[{"@type":"ReadAction","target":["https:\/\/foliobooks.pl\/en\/shop\/world-of-frida-kahlo-1000-piece-puzzle\/"]}]},{"@type":"ImageObject","inLanguage":"en-US","@id":"https:\/\/foliobooks.pl\/en\/shop\/world-of-frida-kahlo-1000-piece-puzzle\/#primaryimage","url":"https:\/\/foliobooks.pl\/wp-content\/uploads\/2022\/05\/9781786274953.png","contentUrl":"https:\/\/foliobooks.pl\/wp-content\/uploads\/2022\/05\/9781786274953.png","width":570,"height":708},{"@type":"BreadcrumbList","@id":"https:\/\/foliobooks.pl\/en\/shop\/world-of-frida-kahlo-1000-piece-puzzle\/#breadcrumb","itemListElement":[{"@type":"ListItem","position":1,"name":"Strona g\u0142\u00f3wna","item":"https:\/\/foliobooks.pl\/en\/"},{"@type":"ListItem","position":2,"name":"Shop","item":"https:\/\/foliobooks.pl\/en\/shop\/"},{"@type":"ListItem","position":3,"name":"World of Frida Kahlo 1000 Piece Puzzle"}]},{"@type":"WebSite","@id":"https:\/\/foliobooks.pl\/en\/#website","url":"https:\/\/foliobooks.pl\/en\/","name":"Folio","description":"Ksi\u0119garnia internetowa","potentialAction":[{"@type":"SearchAction","target":{"@type":"EntryPoint","urlTemplate":"https:\/\/foliobooks.pl\/en\/?s={search_term_string}"},"query-input":{"@type":"PropertyValueSpecification","valueRequired":true,"valueName":"search_term_string"}}],"inLanguage":"en-US"}]}},"_links":{"self":[{"href":"https:\/\/foliobooks.pl\/en\/wp-json\/wp\/v2\/product\/66171","targetHints":{"allow":["GET"]}}],"collection":[{"href":"https:\/\/foliobooks.pl\/en\/wp-json\/wp\/v2\/product"}],"about":[{"href":"https:\/\/foliobooks.pl\/en\/wp-json\/wp\/v2\/types\/product"}],"replies":[{"embeddable":true,"href":"https:\/\/foliobooks.pl\/en\/wp-json\/wp\/v2\/comments?post=66171"}],"wp:featuredmedia":[{"embeddable":true,"href":"https:\/\/foliobooks.pl\/en\/wp-json\/wp\/v2\/media\/66168"}],"wp:attachment":[{"href":"https:\/\/foliobooks.pl\/en\/wp-json\/wp\/v2\/media?parent=66171"}],"wp:term":[{"taxonomy":"product_brand","embeddable":true,"href":"https:\/\/foliobooks.pl\/en\/wp-json\/wp\/v2\/product_brand?post=66171"},{"taxonomy":"product_cat","embeddable":true,"href":"https:\/\/foliobooks.pl\/en\/wp-json\/wp\/v2\/product_cat?post=66171"},{"taxonomy":"product_tag","embeddable":true,"href":"https:\/\/foliobooks.pl\/en\/wp-json\/wp\/v2\/product_tag?post=66171"}],"curies":[{"name":"wp","href":"https:\/\/api.w.org\/{rel}","templated":true}]}}