{"id":66154,"date":"2022-05-17T12:16:44","date_gmt":"2022-05-17T10:16:44","guid":{"rendered":"https:\/\/foliobooks.pl\/sklep\/ocean-bingo\/"},"modified":"2024-02-06T14:18:38","modified_gmt":"2024-02-06T13:18:38","slug":"ocean-bingo","status":"publish","type":"product","link":"https:\/\/foliobooks.pl\/en\/shop\/ocean-bingo\/","title":{"rendered":"Ocean Bingo"},"content":{"rendered":"<p>This family-friendly game is packed with ocean creatures for hours of bingo fun. Includes such favourites as the emperor penguin, sea otter, killer whale and Pacific seahorse as well as lesser known sea inhabitants like the yellow-bellied sea snake and the bioluminescent octopus.<\/p>\n<p>Boasting 64 weird, wonderful and beautiful species, Ocean Bingo is filled with fun facts and glorious illustrations that are guaranteed to delight aquatic afficionados. Mark each species off on your card as it&#8217;s called and be the first to shout BINGO!<\/p>\n","protected":false},"excerpt":{"rendered":"<p>This family-friendly game is packed with ocean creatures for hours of bingo fun. Includes such favourites as the emperor penguin, sea otter, killer whale and Pacific seahorse as well as lesser known sea inhabitants like the yellow-bellied sea snake and the bioluminescent octopus. Boasting 64 weird, wonderful and beautiful species, Ocean Bingo is filled with&#8230;<\/p>\n","protected":false},"featured_media":66145,"comment_status":"closed","ping_status":"closed","template":"","meta":[],"product_brand":[],"product_cat":[4797,12943],"product_tag":[4068],"class_list":{"0":"post-66154","1":"product","2":"type-product","3":"status-publish","4":"has-post-thumbnail","6":"product_cat-beautifulthings","7":"product_cat-games","8":"product_tag-games","9":"pa_author_att-mike-unwin-en","10":"pa_cover-box","11":"pa_format-236-x-232-cm-en","12":"pa_isbn-9781786272515-en","13":"pa_language-eng","14":"pa_published-2018-09-01-en","15":"pa_publisher-laurence-king-en","17":"first","18":"instock","19":"sold-individually","20":"shipping-taxable","21":"purchasable","22":"product-type-simple"},"yoast_head":"<!-- This site is optimized with the Yoast SEO plugin v27.6 - https:\/\/yoast.com\/product\/yoast-seo-wordpress\/ -->\n<title>Ocean Bingo (Mike Unwin) - book \/ album - Folio<\/title>\n<meta name=\"description\" content=\"Wejd\u017a i kup ksi\u0105\u017ck\u0119 Ocean Bingo autorstwa Mike Unwin wydan\u0105 przez LAURENCE KING (2018-09-01) w formacie 23,6 x 23,2 cm (ISBN: 9781786272515). Zapraszamy!\" \/>\n<meta name=\"robots\" content=\"index, follow, max-snippet:-1, max-image-preview:large, max-video-preview:-1\" \/>\n<link rel=\"canonical\" href=\"https:\/\/foliobooks.pl\/en\/shop\/ocean-bingo\/\" \/>\n<meta property=\"og:locale\" content=\"en_US\" \/>\n<meta property=\"og:type\" content=\"article\" \/>\n<meta property=\"og:title\" content=\"Ocean Bingo (Mike Unwin) - book \/ album - Folio\" \/>\n<meta property=\"og:description\" content=\"Wejd\u017a i kup ksi\u0105\u017ck\u0119 Ocean Bingo autorstwa Mike Unwin wydan\u0105 przez LAURENCE KING (2018-09-01) w formacie 23,6 x 23,2 cm (ISBN: 9781786272515). Zapraszamy!\" \/>\n<meta property=\"og:url\" content=\"https:\/\/foliobooks.pl\/en\/shop\/ocean-bingo\/\" \/>\n<meta property=\"og:site_name\" content=\"Folio\" \/>\n<meta property=\"article:modified_time\" content=\"2024-02-06T13:18:38+00:00\" \/>\n<meta property=\"og:image\" content=\"https:\/\/foliobooks.pl\/wp-content\/uploads\/2022\/05\/9781786272515.png\" \/>\n\t<meta property=\"og:image:width\" content=\"570\" \/>\n\t<meta property=\"og:image:height\" content=\"708\" \/>\n\t<meta property=\"og:image:type\" content=\"image\/png\" \/>\n<meta name=\"twitter:card\" content=\"summary_large_image\" \/>\n<script type=\"application\/ld+json\" class=\"yoast-schema-graph\">{\"@context\":\"https:\\\/\\\/schema.org\",\"@graph\":[{\"@type\":\"WebPage\",\"@id\":\"https:\\\/\\\/foliobooks.pl\\\/en\\\/shop\\\/ocean-bingo\\\/\",\"url\":\"https:\\\/\\\/foliobooks.pl\\\/en\\\/shop\\\/ocean-bingo\\\/\",\"name\":\"Ocean Bingo (Mike Unwin) - book \\\/ album - Folio\",\"isPartOf\":{\"@id\":\"https:\\\/\\\/foliobooks.pl\\\/en\\\/#website\"},\"primaryImageOfPage\":{\"@id\":\"https:\\\/\\\/foliobooks.pl\\\/en\\\/shop\\\/ocean-bingo\\\/#primaryimage\"},\"image\":{\"@id\":\"https:\\\/\\\/foliobooks.pl\\\/en\\\/shop\\\/ocean-bingo\\\/#primaryimage\"},\"thumbnailUrl\":\"https:\\\/\\\/foliobooks.pl\\\/wp-content\\\/uploads\\\/2022\\\/05\\\/9781786272515.png\",\"datePublished\":\"2022-05-17T10:16:44+00:00\",\"dateModified\":\"2024-02-06T13:18:38+00:00\",\"description\":\"Wejd\u017a i kup ksi\u0105\u017ck\u0119 Ocean Bingo autorstwa Mike Unwin wydan\u0105 przez LAURENCE KING (2018-09-01) w formacie 23,6 x 23,2 cm (ISBN: 9781786272515). Zapraszamy!\",\"breadcrumb\":{\"@id\":\"https:\\\/\\\/foliobooks.pl\\\/en\\\/shop\\\/ocean-bingo\\\/#breadcrumb\"},\"inLanguage\":\"en-US\",\"potentialAction\":[{\"@type\":\"ReadAction\",\"target\":[\"https:\\\/\\\/foliobooks.pl\\\/en\\\/shop\\\/ocean-bingo\\\/\"]}]},{\"@type\":\"ImageObject\",\"inLanguage\":\"en-US\",\"@id\":\"https:\\\/\\\/foliobooks.pl\\\/en\\\/shop\\\/ocean-bingo\\\/#primaryimage\",\"url\":\"https:\\\/\\\/foliobooks.pl\\\/wp-content\\\/uploads\\\/2022\\\/05\\\/9781786272515.png\",\"contentUrl\":\"https:\\\/\\\/foliobooks.pl\\\/wp-content\\\/uploads\\\/2022\\\/05\\\/9781786272515.png\",\"width\":570,\"height\":708},{\"@type\":\"BreadcrumbList\",\"@id\":\"https:\\\/\\\/foliobooks.pl\\\/en\\\/shop\\\/ocean-bingo\\\/#breadcrumb\",\"itemListElement\":[{\"@type\":\"ListItem\",\"position\":1,\"name\":\"Strona g\u0142\u00f3wna\",\"item\":\"https:\\\/\\\/foliobooks.pl\\\/en\\\/\"},{\"@type\":\"ListItem\",\"position\":2,\"name\":\"Shop\",\"item\":\"https:\\\/\\\/foliobooks.pl\\\/en\\\/shop\\\/\"},{\"@type\":\"ListItem\",\"position\":3,\"name\":\"Ocean Bingo\"}]},{\"@type\":\"WebSite\",\"@id\":\"https:\\\/\\\/foliobooks.pl\\\/en\\\/#website\",\"url\":\"https:\\\/\\\/foliobooks.pl\\\/en\\\/\",\"name\":\"Folio\",\"description\":\"Ksi\u0119garnia internetowa\",\"potentialAction\":[{\"@type\":\"SearchAction\",\"target\":{\"@type\":\"EntryPoint\",\"urlTemplate\":\"https:\\\/\\\/foliobooks.pl\\\/en\\\/?s={search_term_string}\"},\"query-input\":{\"@type\":\"PropertyValueSpecification\",\"valueRequired\":true,\"valueName\":\"search_term_string\"}}],\"inLanguage\":\"en-US\"}]}<\/script>\n<!-- \/ Yoast SEO plugin. -->","yoast_head_json":{"title":"Ocean Bingo (Mike Unwin) - book \/ album - Folio","description":"Wejd\u017a i kup ksi\u0105\u017ck\u0119 Ocean Bingo autorstwa Mike Unwin wydan\u0105 przez LAURENCE KING (2018-09-01) w formacie 23,6 x 23,2 cm (ISBN: 9781786272515). Zapraszamy!","robots":{"index":"index","follow":"follow","max-snippet":"max-snippet:-1","max-image-preview":"max-image-preview:large","max-video-preview":"max-video-preview:-1"},"canonical":"https:\/\/foliobooks.pl\/en\/shop\/ocean-bingo\/","og_locale":"en_US","og_type":"article","og_title":"Ocean Bingo (Mike Unwin) - book \/ album - Folio","og_description":"Wejd\u017a i kup ksi\u0105\u017ck\u0119 Ocean Bingo autorstwa Mike Unwin wydan\u0105 przez LAURENCE KING (2018-09-01) w formacie 23,6 x 23,2 cm (ISBN: 9781786272515). Zapraszamy!","og_url":"https:\/\/foliobooks.pl\/en\/shop\/ocean-bingo\/","og_site_name":"Folio","article_modified_time":"2024-02-06T13:18:38+00:00","og_image":[{"width":570,"height":708,"url":"https:\/\/foliobooks.pl\/wp-content\/uploads\/2022\/05\/9781786272515.png","type":"image\/png"}],"twitter_card":"summary_large_image","schema":{"@context":"https:\/\/schema.org","@graph":[{"@type":"WebPage","@id":"https:\/\/foliobooks.pl\/en\/shop\/ocean-bingo\/","url":"https:\/\/foliobooks.pl\/en\/shop\/ocean-bingo\/","name":"Ocean Bingo (Mike Unwin) - book \/ album - Folio","isPartOf":{"@id":"https:\/\/foliobooks.pl\/en\/#website"},"primaryImageOfPage":{"@id":"https:\/\/foliobooks.pl\/en\/shop\/ocean-bingo\/#primaryimage"},"image":{"@id":"https:\/\/foliobooks.pl\/en\/shop\/ocean-bingo\/#primaryimage"},"thumbnailUrl":"https:\/\/foliobooks.pl\/wp-content\/uploads\/2022\/05\/9781786272515.png","datePublished":"2022-05-17T10:16:44+00:00","dateModified":"2024-02-06T13:18:38+00:00","description":"Wejd\u017a i kup ksi\u0105\u017ck\u0119 Ocean Bingo autorstwa Mike Unwin wydan\u0105 przez LAURENCE KING (2018-09-01) w formacie 23,6 x 23,2 cm (ISBN: 9781786272515). Zapraszamy!","breadcrumb":{"@id":"https:\/\/foliobooks.pl\/en\/shop\/ocean-bingo\/#breadcrumb"},"inLanguage":"en-US","potentialAction":[{"@type":"ReadAction","target":["https:\/\/foliobooks.pl\/en\/shop\/ocean-bingo\/"]}]},{"@type":"ImageObject","inLanguage":"en-US","@id":"https:\/\/foliobooks.pl\/en\/shop\/ocean-bingo\/#primaryimage","url":"https:\/\/foliobooks.pl\/wp-content\/uploads\/2022\/05\/9781786272515.png","contentUrl":"https:\/\/foliobooks.pl\/wp-content\/uploads\/2022\/05\/9781786272515.png","width":570,"height":708},{"@type":"BreadcrumbList","@id":"https:\/\/foliobooks.pl\/en\/shop\/ocean-bingo\/#breadcrumb","itemListElement":[{"@type":"ListItem","position":1,"name":"Strona g\u0142\u00f3wna","item":"https:\/\/foliobooks.pl\/en\/"},{"@type":"ListItem","position":2,"name":"Shop","item":"https:\/\/foliobooks.pl\/en\/shop\/"},{"@type":"ListItem","position":3,"name":"Ocean Bingo"}]},{"@type":"WebSite","@id":"https:\/\/foliobooks.pl\/en\/#website","url":"https:\/\/foliobooks.pl\/en\/","name":"Folio","description":"Ksi\u0119garnia internetowa","potentialAction":[{"@type":"SearchAction","target":{"@type":"EntryPoint","urlTemplate":"https:\/\/foliobooks.pl\/en\/?s={search_term_string}"},"query-input":{"@type":"PropertyValueSpecification","valueRequired":true,"valueName":"search_term_string"}}],"inLanguage":"en-US"}]}},"_links":{"self":[{"href":"https:\/\/foliobooks.pl\/en\/wp-json\/wp\/v2\/product\/66154","targetHints":{"allow":["GET"]}}],"collection":[{"href":"https:\/\/foliobooks.pl\/en\/wp-json\/wp\/v2\/product"}],"about":[{"href":"https:\/\/foliobooks.pl\/en\/wp-json\/wp\/v2\/types\/product"}],"replies":[{"embeddable":true,"href":"https:\/\/foliobooks.pl\/en\/wp-json\/wp\/v2\/comments?post=66154"}],"wp:featuredmedia":[{"embeddable":true,"href":"https:\/\/foliobooks.pl\/en\/wp-json\/wp\/v2\/media\/66145"}],"wp:attachment":[{"href":"https:\/\/foliobooks.pl\/en\/wp-json\/wp\/v2\/media?parent=66154"}],"wp:term":[{"taxonomy":"product_brand","embeddable":true,"href":"https:\/\/foliobooks.pl\/en\/wp-json\/wp\/v2\/product_brand?post=66154"},{"taxonomy":"product_cat","embeddable":true,"href":"https:\/\/foliobooks.pl\/en\/wp-json\/wp\/v2\/product_cat?post=66154"},{"taxonomy":"product_tag","embeddable":true,"href":"https:\/\/foliobooks.pl\/en\/wp-json\/wp\/v2\/product_tag?post=66154"}],"curies":[{"name":"wp","href":"https:\/\/api.w.org\/{rel}","templated":true}]}}