{"id":65961,"date":"2022-05-13T12:00:10","date_gmt":"2022-05-13T10:00:10","guid":{"rendered":"https:\/\/foliobooks.pl\/sklep\/christian-siriano-dresses-to-dream-about\/"},"modified":"2025-10-16T16:04:33","modified_gmt":"2025-10-16T14:04:33","slug":"christian-siriano-dresses-to-dream-about","status":"publish","type":"product","link":"https:\/\/foliobooks.pl\/en\/shop\/christian-siriano-dresses-to-dream-about\/","title":{"rendered":"Christian Siriano. Dresses to Dream About"},"content":{"rendered":"<p>Following the 2008 debut of his eponymous label at New York Fashion Week, Christian Siriano burst into international stardom, becoming a red-carpet favorite and one of today\u2019s most popular young fashion designers. Known for the sophisticated structure and exquisite movement of his gowns, Siriano has also gained fans for his vision of inclusiveness in fashion. In this updated edition of\u00a0<span class=\"a-text-italic\">Dresses to Dream About<\/span>, the beloved designer offers an intimate glimpse into his imaginative design process, featuring fourteen new ensembles.<\/p>\n<p>This book takes readers through the creative journey of Siriano\u2019s coveted dresses, from initial inspiration to finished gown. Each dress featured in the book has been chosen by the designer and its creation is narrated in Siriano\u2019s own words. Sketches, mood boards, and photographs of the designer at work in his Manhattan studio give a behind-the-scenes look of the materials and crafting of his lavish dresses, culminating in images of the finished gowns, presenting an intimate look at the work of one of America\u2019s most accomplished young fashion designers.<\/p>\n","protected":false},"excerpt":{"rendered":"<p>Following the 2008 debut of his eponymous label at New York Fashion Week, Christian Siriano burst into international stardom, becoming a red-carpet favorite and one of today\u2019s most popular young fashion designers. Known for the sophisticated structure and exquisite movement of his gowns, Siriano has also gained fans for his vision of inclusiveness in fashion&#8230;.<\/p>\n","protected":false},"featured_media":65960,"comment_status":"closed","ping_status":"closed","template":"","meta":[],"product_brand":[],"product_cat":[13533,4519],"product_tag":[6125],"class_list":{"0":"post-65961","1":"product","2":"type-product","3":"status-publish","4":"has-post-thumbnail","6":"product_cat-books","7":"product_cat-fashion-en-en","8":"product_tag-fashion","9":"pa_author_att-christian-siriano-en","10":"pa_cover-hardcover","11":"pa_format-24-x-305-cm-en","12":"pa_isbn-9780847871070-en","13":"pa_language-eng","14":"pa_pages-264-en","15":"pa_published-2021-11-30-en","16":"pa_publisher-rizzoli-en","18":"first","19":"outofstock","20":"sale","21":"sold-individually","22":"shipping-taxable","23":"purchasable","24":"product-type-simple"},"yoast_head":"<!-- This site is optimized with the Yoast SEO plugin v27.4 - https:\/\/yoast.com\/product\/yoast-seo-wordpress\/ -->\n<title>Christian Siriano. Dresses to Dream About (Christian Siriano) - book \/ album - Folio<\/title>\n<meta name=\"description\" content=\"Wejd\u017a i kup ksi\u0105\u017ck\u0119 Christian Siriano. Dresses to Dream About autorstwa Christian Siriano wydan\u0105 przez Rizzoli (2021-11-30) w formacie 24 x 30,5 cm (ISBN: 9780847871070). Zapraszamy!\" \/>\n<meta name=\"robots\" content=\"index, follow, max-snippet:-1, max-image-preview:large, max-video-preview:-1\" \/>\n<link rel=\"canonical\" href=\"https:\/\/foliobooks.pl\/en\/shop\/christian-siriano-dresses-to-dream-about\/\" \/>\n<meta property=\"og:locale\" content=\"en_US\" \/>\n<meta property=\"og:type\" content=\"article\" \/>\n<meta property=\"og:title\" content=\"Christian Siriano. Dresses to Dream About (Christian Siriano) - book \/ album - Folio\" \/>\n<meta property=\"og:description\" content=\"Wejd\u017a i kup ksi\u0105\u017ck\u0119 Christian Siriano. Dresses to Dream About autorstwa Christian Siriano wydan\u0105 przez Rizzoli (2021-11-30) w formacie 24 x 30,5 cm (ISBN: 9780847871070). Zapraszamy!\" \/>\n<meta property=\"og:url\" content=\"https:\/\/foliobooks.pl\/en\/shop\/christian-siriano-dresses-to-dream-about\/\" \/>\n<meta property=\"og:site_name\" content=\"Folio\" \/>\n<meta property=\"article:modified_time\" content=\"2025-10-16T14:04:33+00:00\" \/>\n<meta property=\"og:image\" content=\"https:\/\/foliobooks.pl\/wp-content\/uploads\/2022\/05\/9780847871070.png\" \/>\n\t<meta property=\"og:image:width\" content=\"570\" \/>\n\t<meta property=\"og:image:height\" content=\"708\" \/>\n\t<meta property=\"og:image:type\" content=\"image\/png\" \/>\n<meta name=\"twitter:card\" content=\"summary_large_image\" \/>\n<meta name=\"twitter:label1\" content=\"Est. reading time\" \/>\n\t<meta name=\"twitter:data1\" content=\"2 minutes\" \/>\n<script type=\"application\/ld+json\" class=\"yoast-schema-graph\">{\"@context\":\"https:\\\/\\\/schema.org\",\"@graph\":[{\"@type\":\"WebPage\",\"@id\":\"https:\\\/\\\/foliobooks.pl\\\/en\\\/shop\\\/christian-siriano-dresses-to-dream-about\\\/\",\"url\":\"https:\\\/\\\/foliobooks.pl\\\/en\\\/shop\\\/christian-siriano-dresses-to-dream-about\\\/\",\"name\":\"Christian Siriano. Dresses to Dream About (Christian Siriano) - book \\\/ album - Folio\",\"isPartOf\":{\"@id\":\"https:\\\/\\\/foliobooks.pl\\\/en\\\/#website\"},\"primaryImageOfPage\":{\"@id\":\"https:\\\/\\\/foliobooks.pl\\\/en\\\/shop\\\/christian-siriano-dresses-to-dream-about\\\/#primaryimage\"},\"image\":{\"@id\":\"https:\\\/\\\/foliobooks.pl\\\/en\\\/shop\\\/christian-siriano-dresses-to-dream-about\\\/#primaryimage\"},\"thumbnailUrl\":\"https:\\\/\\\/foliobooks.pl\\\/wp-content\\\/uploads\\\/2022\\\/05\\\/9780847871070.png\",\"datePublished\":\"2022-05-13T10:00:10+00:00\",\"dateModified\":\"2025-10-16T14:04:33+00:00\",\"description\":\"Wejd\u017a i kup ksi\u0105\u017ck\u0119 Christian Siriano. Dresses to Dream About autorstwa Christian Siriano wydan\u0105 przez Rizzoli (2021-11-30) w formacie 24 x 30,5 cm (ISBN: 9780847871070). Zapraszamy!\",\"breadcrumb\":{\"@id\":\"https:\\\/\\\/foliobooks.pl\\\/en\\\/shop\\\/christian-siriano-dresses-to-dream-about\\\/#breadcrumb\"},\"inLanguage\":\"en-US\",\"potentialAction\":[{\"@type\":\"ReadAction\",\"target\":[\"https:\\\/\\\/foliobooks.pl\\\/en\\\/shop\\\/christian-siriano-dresses-to-dream-about\\\/\"]}]},{\"@type\":\"ImageObject\",\"inLanguage\":\"en-US\",\"@id\":\"https:\\\/\\\/foliobooks.pl\\\/en\\\/shop\\\/christian-siriano-dresses-to-dream-about\\\/#primaryimage\",\"url\":\"https:\\\/\\\/foliobooks.pl\\\/wp-content\\\/uploads\\\/2022\\\/05\\\/9780847871070.png\",\"contentUrl\":\"https:\\\/\\\/foliobooks.pl\\\/wp-content\\\/uploads\\\/2022\\\/05\\\/9780847871070.png\",\"width\":570,\"height\":708},{\"@type\":\"BreadcrumbList\",\"@id\":\"https:\\\/\\\/foliobooks.pl\\\/en\\\/shop\\\/christian-siriano-dresses-to-dream-about\\\/#breadcrumb\",\"itemListElement\":[{\"@type\":\"ListItem\",\"position\":1,\"name\":\"Strona g\u0142\u00f3wna\",\"item\":\"https:\\\/\\\/foliobooks.pl\\\/en\\\/\"},{\"@type\":\"ListItem\",\"position\":2,\"name\":\"Shop\",\"item\":\"https:\\\/\\\/foliobooks.pl\\\/en\\\/shop\\\/\"},{\"@type\":\"ListItem\",\"position\":3,\"name\":\"Christian Siriano. Dresses to Dream About\"}]},{\"@type\":\"WebSite\",\"@id\":\"https:\\\/\\\/foliobooks.pl\\\/en\\\/#website\",\"url\":\"https:\\\/\\\/foliobooks.pl\\\/en\\\/\",\"name\":\"Folio\",\"description\":\"Ksi\u0119garnia internetowa\",\"potentialAction\":[{\"@type\":\"SearchAction\",\"target\":{\"@type\":\"EntryPoint\",\"urlTemplate\":\"https:\\\/\\\/foliobooks.pl\\\/en\\\/?s={search_term_string}\"},\"query-input\":{\"@type\":\"PropertyValueSpecification\",\"valueRequired\":true,\"valueName\":\"search_term_string\"}}],\"inLanguage\":\"en-US\"}]}<\/script>\n<!-- \/ Yoast SEO plugin. -->","yoast_head_json":{"title":"Christian Siriano. Dresses to Dream About (Christian Siriano) - book \/ album - Folio","description":"Wejd\u017a i kup ksi\u0105\u017ck\u0119 Christian Siriano. Dresses to Dream About autorstwa Christian Siriano wydan\u0105 przez Rizzoli (2021-11-30) w formacie 24 x 30,5 cm (ISBN: 9780847871070). Zapraszamy!","robots":{"index":"index","follow":"follow","max-snippet":"max-snippet:-1","max-image-preview":"max-image-preview:large","max-video-preview":"max-video-preview:-1"},"canonical":"https:\/\/foliobooks.pl\/en\/shop\/christian-siriano-dresses-to-dream-about\/","og_locale":"en_US","og_type":"article","og_title":"Christian Siriano. Dresses to Dream About (Christian Siriano) - book \/ album - Folio","og_description":"Wejd\u017a i kup ksi\u0105\u017ck\u0119 Christian Siriano. Dresses to Dream About autorstwa Christian Siriano wydan\u0105 przez Rizzoli (2021-11-30) w formacie 24 x 30,5 cm (ISBN: 9780847871070). Zapraszamy!","og_url":"https:\/\/foliobooks.pl\/en\/shop\/christian-siriano-dresses-to-dream-about\/","og_site_name":"Folio","article_modified_time":"2025-10-16T14:04:33+00:00","og_image":[{"width":570,"height":708,"url":"https:\/\/foliobooks.pl\/wp-content\/uploads\/2022\/05\/9780847871070.png","type":"image\/png"}],"twitter_card":"summary_large_image","twitter_misc":{"Est. reading time":"2 minutes"},"schema":{"@context":"https:\/\/schema.org","@graph":[{"@type":"WebPage","@id":"https:\/\/foliobooks.pl\/en\/shop\/christian-siriano-dresses-to-dream-about\/","url":"https:\/\/foliobooks.pl\/en\/shop\/christian-siriano-dresses-to-dream-about\/","name":"Christian Siriano. Dresses to Dream About (Christian Siriano) - book \/ album - Folio","isPartOf":{"@id":"https:\/\/foliobooks.pl\/en\/#website"},"primaryImageOfPage":{"@id":"https:\/\/foliobooks.pl\/en\/shop\/christian-siriano-dresses-to-dream-about\/#primaryimage"},"image":{"@id":"https:\/\/foliobooks.pl\/en\/shop\/christian-siriano-dresses-to-dream-about\/#primaryimage"},"thumbnailUrl":"https:\/\/foliobooks.pl\/wp-content\/uploads\/2022\/05\/9780847871070.png","datePublished":"2022-05-13T10:00:10+00:00","dateModified":"2025-10-16T14:04:33+00:00","description":"Wejd\u017a i kup ksi\u0105\u017ck\u0119 Christian Siriano. Dresses to Dream About autorstwa Christian Siriano wydan\u0105 przez Rizzoli (2021-11-30) w formacie 24 x 30,5 cm (ISBN: 9780847871070). Zapraszamy!","breadcrumb":{"@id":"https:\/\/foliobooks.pl\/en\/shop\/christian-siriano-dresses-to-dream-about\/#breadcrumb"},"inLanguage":"en-US","potentialAction":[{"@type":"ReadAction","target":["https:\/\/foliobooks.pl\/en\/shop\/christian-siriano-dresses-to-dream-about\/"]}]},{"@type":"ImageObject","inLanguage":"en-US","@id":"https:\/\/foliobooks.pl\/en\/shop\/christian-siriano-dresses-to-dream-about\/#primaryimage","url":"https:\/\/foliobooks.pl\/wp-content\/uploads\/2022\/05\/9780847871070.png","contentUrl":"https:\/\/foliobooks.pl\/wp-content\/uploads\/2022\/05\/9780847871070.png","width":570,"height":708},{"@type":"BreadcrumbList","@id":"https:\/\/foliobooks.pl\/en\/shop\/christian-siriano-dresses-to-dream-about\/#breadcrumb","itemListElement":[{"@type":"ListItem","position":1,"name":"Strona g\u0142\u00f3wna","item":"https:\/\/foliobooks.pl\/en\/"},{"@type":"ListItem","position":2,"name":"Shop","item":"https:\/\/foliobooks.pl\/en\/shop\/"},{"@type":"ListItem","position":3,"name":"Christian Siriano. Dresses to Dream About"}]},{"@type":"WebSite","@id":"https:\/\/foliobooks.pl\/en\/#website","url":"https:\/\/foliobooks.pl\/en\/","name":"Folio","description":"Ksi\u0119garnia internetowa","potentialAction":[{"@type":"SearchAction","target":{"@type":"EntryPoint","urlTemplate":"https:\/\/foliobooks.pl\/en\/?s={search_term_string}"},"query-input":{"@type":"PropertyValueSpecification","valueRequired":true,"valueName":"search_term_string"}}],"inLanguage":"en-US"}]}},"_links":{"self":[{"href":"https:\/\/foliobooks.pl\/en\/wp-json\/wp\/v2\/product\/65961","targetHints":{"allow":["GET"]}}],"collection":[{"href":"https:\/\/foliobooks.pl\/en\/wp-json\/wp\/v2\/product"}],"about":[{"href":"https:\/\/foliobooks.pl\/en\/wp-json\/wp\/v2\/types\/product"}],"replies":[{"embeddable":true,"href":"https:\/\/foliobooks.pl\/en\/wp-json\/wp\/v2\/comments?post=65961"}],"wp:featuredmedia":[{"embeddable":true,"href":"https:\/\/foliobooks.pl\/en\/wp-json\/wp\/v2\/media\/65960"}],"wp:attachment":[{"href":"https:\/\/foliobooks.pl\/en\/wp-json\/wp\/v2\/media?parent=65961"}],"wp:term":[{"taxonomy":"product_brand","embeddable":true,"href":"https:\/\/foliobooks.pl\/en\/wp-json\/wp\/v2\/product_brand?post=65961"},{"taxonomy":"product_cat","embeddable":true,"href":"https:\/\/foliobooks.pl\/en\/wp-json\/wp\/v2\/product_cat?post=65961"},{"taxonomy":"product_tag","embeddable":true,"href":"https:\/\/foliobooks.pl\/en\/wp-json\/wp\/v2\/product_tag?post=65961"}],"curies":[{"name":"wp","href":"https:\/\/api.w.org\/{rel}","templated":true}]}}