{"id":65957,"date":"2022-05-13T11:34:40","date_gmt":"2022-05-13T09:34:40","guid":{"rendered":"https:\/\/foliobooks.pl\/sklep\/icons-of-cycling\/"},"modified":"2022-08-09T10:56:49","modified_gmt":"2022-08-09T08:56:49","slug":"icons-of-cycling","status":"publish","type":"product","link":"https:\/\/foliobooks.pl\/en\/shop\/icons-of-cycling\/","title":{"rendered":"Icons of Cycling"},"content":{"rendered":"<p>Biking inspires millions of people around the world, with an ever-growing fan base. With some 200 colour and black-and-white photographs, Icons of Cycling captures the thrill and fascination of this sport on two wheels.<\/p>\n<p>Compiling the work of some of the best cycling photographers, the book breathes the spirit of cycling &#8211; as close and emotional as if the viewer were part of the race. Discover extraordinary shots of the peloton winding along alpine serpentines; exhausted athletes at the end of a stage; and unknown heroes from the team behind the team. A microcosm of ambition and passion, pain and glory, this is both a photographic artwork and a contemporary document of a thriving sport. A cherished collector&#8217;s item for every cycle enthusiast.<\/p>\n","protected":false},"excerpt":{"rendered":"<p>Biking inspires millions of people around the world, with an ever-growing fan base. With some 200 colour and black-and-white photographs, Icons of Cycling captures the thrill and fascination of this sport on two wheels. Compiling the work of some of the best cycling photographers, the book breathes the spirit of cycling &#8211; as close and&#8230;<\/p>\n","protected":false},"featured_media":65938,"comment_status":"closed","ping_status":"closed","template":"","meta":[],"product_brand":[],"product_cat":[13533,4517],"product_tag":[5229,6121],"class_list":{"0":"post-65957","1":"product","2":"type-product","3":"status-publish","4":"has-post-thumbnail","6":"product_cat-books","7":"product_cat-photography-en","8":"product_tag-bike","9":"product_tag-photography","10":"pa_author_att-kirsten-van-steenberge-en","11":"pa_cover-hardcover","12":"pa_format-235-x-30-cm-en","13":"pa_isbn-9783961713554-en","14":"pa_language-eng","15":"pa_pages-272-en-2","16":"pa_published-2021-11-23-en","17":"pa_publisher-teneues-en","19":"first","20":"outofstock","21":"sold-individually","22":"shipping-taxable","23":"purchasable","24":"product-type-simple"},"yoast_head":"<!-- This site is optimized with the Yoast SEO plugin v27.4 - https:\/\/yoast.com\/product\/yoast-seo-wordpress\/ -->\n<title>Icons of Cycling (Kirsten Van Steenberge) - book \/ album - Folio<\/title>\n<meta name=\"description\" content=\"Wejd\u017a i kup ksi\u0105\u017ck\u0119 Icons of Cycling autorstwa Kirsten Van Steenberge wydan\u0105 przez teNeues (2021-11-23) w formacie 23,5 x 30 cm (ISBN: 9783961713554). Zapraszamy!\" \/>\n<meta name=\"robots\" content=\"index, follow, max-snippet:-1, max-image-preview:large, max-video-preview:-1\" \/>\n<link rel=\"canonical\" href=\"https:\/\/foliobooks.pl\/en\/shop\/icons-of-cycling\/\" \/>\n<meta property=\"og:locale\" content=\"en_US\" \/>\n<meta property=\"og:type\" content=\"article\" \/>\n<meta property=\"og:title\" content=\"Icons of Cycling (Kirsten Van Steenberge) - book \/ album - Folio\" \/>\n<meta property=\"og:description\" content=\"Wejd\u017a i kup ksi\u0105\u017ck\u0119 Icons of Cycling autorstwa Kirsten Van Steenberge wydan\u0105 przez teNeues (2021-11-23) w formacie 23,5 x 30 cm (ISBN: 9783961713554). Zapraszamy!\" \/>\n<meta property=\"og:url\" content=\"https:\/\/foliobooks.pl\/en\/shop\/icons-of-cycling\/\" \/>\n<meta property=\"og:site_name\" content=\"Folio\" \/>\n<meta property=\"article:modified_time\" content=\"2022-08-09T08:56:49+00:00\" \/>\n<meta property=\"og:image\" content=\"https:\/\/foliobooks.pl\/wp-content\/uploads\/2022\/05\/9783961713554.png\" \/>\n\t<meta property=\"og:image:width\" content=\"570\" \/>\n\t<meta property=\"og:image:height\" content=\"708\" \/>\n\t<meta property=\"og:image:type\" content=\"image\/png\" \/>\n<meta name=\"twitter:card\" content=\"summary_large_image\" \/>\n<meta name=\"twitter:label1\" content=\"Est. reading time\" \/>\n\t<meta name=\"twitter:data1\" content=\"1 minute\" \/>\n<script type=\"application\/ld+json\" class=\"yoast-schema-graph\">{\"@context\":\"https:\\\/\\\/schema.org\",\"@graph\":[{\"@type\":\"WebPage\",\"@id\":\"https:\\\/\\\/foliobooks.pl\\\/en\\\/shop\\\/icons-of-cycling\\\/\",\"url\":\"https:\\\/\\\/foliobooks.pl\\\/en\\\/shop\\\/icons-of-cycling\\\/\",\"name\":\"Icons of Cycling (Kirsten Van Steenberge) - book \\\/ album - Folio\",\"isPartOf\":{\"@id\":\"https:\\\/\\\/foliobooks.pl\\\/en\\\/#website\"},\"primaryImageOfPage\":{\"@id\":\"https:\\\/\\\/foliobooks.pl\\\/en\\\/shop\\\/icons-of-cycling\\\/#primaryimage\"},\"image\":{\"@id\":\"https:\\\/\\\/foliobooks.pl\\\/en\\\/shop\\\/icons-of-cycling\\\/#primaryimage\"},\"thumbnailUrl\":\"https:\\\/\\\/foliobooks.pl\\\/wp-content\\\/uploads\\\/2022\\\/05\\\/9783961713554.png\",\"datePublished\":\"2022-05-13T09:34:40+00:00\",\"dateModified\":\"2022-08-09T08:56:49+00:00\",\"description\":\"Wejd\u017a i kup ksi\u0105\u017ck\u0119 Icons of Cycling autorstwa Kirsten Van Steenberge wydan\u0105 przez teNeues (2021-11-23) w formacie 23,5 x 30 cm (ISBN: 9783961713554). Zapraszamy!\",\"breadcrumb\":{\"@id\":\"https:\\\/\\\/foliobooks.pl\\\/en\\\/shop\\\/icons-of-cycling\\\/#breadcrumb\"},\"inLanguage\":\"en-US\",\"potentialAction\":[{\"@type\":\"ReadAction\",\"target\":[\"https:\\\/\\\/foliobooks.pl\\\/en\\\/shop\\\/icons-of-cycling\\\/\"]}]},{\"@type\":\"ImageObject\",\"inLanguage\":\"en-US\",\"@id\":\"https:\\\/\\\/foliobooks.pl\\\/en\\\/shop\\\/icons-of-cycling\\\/#primaryimage\",\"url\":\"https:\\\/\\\/foliobooks.pl\\\/wp-content\\\/uploads\\\/2022\\\/05\\\/9783961713554.png\",\"contentUrl\":\"https:\\\/\\\/foliobooks.pl\\\/wp-content\\\/uploads\\\/2022\\\/05\\\/9783961713554.png\",\"width\":570,\"height\":708},{\"@type\":\"BreadcrumbList\",\"@id\":\"https:\\\/\\\/foliobooks.pl\\\/en\\\/shop\\\/icons-of-cycling\\\/#breadcrumb\",\"itemListElement\":[{\"@type\":\"ListItem\",\"position\":1,\"name\":\"Strona g\u0142\u00f3wna\",\"item\":\"https:\\\/\\\/foliobooks.pl\\\/en\\\/\"},{\"@type\":\"ListItem\",\"position\":2,\"name\":\"Shop\",\"item\":\"https:\\\/\\\/foliobooks.pl\\\/en\\\/shop\\\/\"},{\"@type\":\"ListItem\",\"position\":3,\"name\":\"Icons of Cycling\"}]},{\"@type\":\"WebSite\",\"@id\":\"https:\\\/\\\/foliobooks.pl\\\/en\\\/#website\",\"url\":\"https:\\\/\\\/foliobooks.pl\\\/en\\\/\",\"name\":\"Folio\",\"description\":\"Ksi\u0119garnia internetowa\",\"potentialAction\":[{\"@type\":\"SearchAction\",\"target\":{\"@type\":\"EntryPoint\",\"urlTemplate\":\"https:\\\/\\\/foliobooks.pl\\\/en\\\/?s={search_term_string}\"},\"query-input\":{\"@type\":\"PropertyValueSpecification\",\"valueRequired\":true,\"valueName\":\"search_term_string\"}}],\"inLanguage\":\"en-US\"}]}<\/script>\n<!-- \/ Yoast SEO plugin. -->","yoast_head_json":{"title":"Icons of Cycling (Kirsten Van Steenberge) - book \/ album - Folio","description":"Wejd\u017a i kup ksi\u0105\u017ck\u0119 Icons of Cycling autorstwa Kirsten Van Steenberge wydan\u0105 przez teNeues (2021-11-23) w formacie 23,5 x 30 cm (ISBN: 9783961713554). Zapraszamy!","robots":{"index":"index","follow":"follow","max-snippet":"max-snippet:-1","max-image-preview":"max-image-preview:large","max-video-preview":"max-video-preview:-1"},"canonical":"https:\/\/foliobooks.pl\/en\/shop\/icons-of-cycling\/","og_locale":"en_US","og_type":"article","og_title":"Icons of Cycling (Kirsten Van Steenberge) - book \/ album - Folio","og_description":"Wejd\u017a i kup ksi\u0105\u017ck\u0119 Icons of Cycling autorstwa Kirsten Van Steenberge wydan\u0105 przez teNeues (2021-11-23) w formacie 23,5 x 30 cm (ISBN: 9783961713554). Zapraszamy!","og_url":"https:\/\/foliobooks.pl\/en\/shop\/icons-of-cycling\/","og_site_name":"Folio","article_modified_time":"2022-08-09T08:56:49+00:00","og_image":[{"width":570,"height":708,"url":"https:\/\/foliobooks.pl\/wp-content\/uploads\/2022\/05\/9783961713554.png","type":"image\/png"}],"twitter_card":"summary_large_image","twitter_misc":{"Est. reading time":"1 minute"},"schema":{"@context":"https:\/\/schema.org","@graph":[{"@type":"WebPage","@id":"https:\/\/foliobooks.pl\/en\/shop\/icons-of-cycling\/","url":"https:\/\/foliobooks.pl\/en\/shop\/icons-of-cycling\/","name":"Icons of Cycling (Kirsten Van Steenberge) - book \/ album - Folio","isPartOf":{"@id":"https:\/\/foliobooks.pl\/en\/#website"},"primaryImageOfPage":{"@id":"https:\/\/foliobooks.pl\/en\/shop\/icons-of-cycling\/#primaryimage"},"image":{"@id":"https:\/\/foliobooks.pl\/en\/shop\/icons-of-cycling\/#primaryimage"},"thumbnailUrl":"https:\/\/foliobooks.pl\/wp-content\/uploads\/2022\/05\/9783961713554.png","datePublished":"2022-05-13T09:34:40+00:00","dateModified":"2022-08-09T08:56:49+00:00","description":"Wejd\u017a i kup ksi\u0105\u017ck\u0119 Icons of Cycling autorstwa Kirsten Van Steenberge wydan\u0105 przez teNeues (2021-11-23) w formacie 23,5 x 30 cm (ISBN: 9783961713554). Zapraszamy!","breadcrumb":{"@id":"https:\/\/foliobooks.pl\/en\/shop\/icons-of-cycling\/#breadcrumb"},"inLanguage":"en-US","potentialAction":[{"@type":"ReadAction","target":["https:\/\/foliobooks.pl\/en\/shop\/icons-of-cycling\/"]}]},{"@type":"ImageObject","inLanguage":"en-US","@id":"https:\/\/foliobooks.pl\/en\/shop\/icons-of-cycling\/#primaryimage","url":"https:\/\/foliobooks.pl\/wp-content\/uploads\/2022\/05\/9783961713554.png","contentUrl":"https:\/\/foliobooks.pl\/wp-content\/uploads\/2022\/05\/9783961713554.png","width":570,"height":708},{"@type":"BreadcrumbList","@id":"https:\/\/foliobooks.pl\/en\/shop\/icons-of-cycling\/#breadcrumb","itemListElement":[{"@type":"ListItem","position":1,"name":"Strona g\u0142\u00f3wna","item":"https:\/\/foliobooks.pl\/en\/"},{"@type":"ListItem","position":2,"name":"Shop","item":"https:\/\/foliobooks.pl\/en\/shop\/"},{"@type":"ListItem","position":3,"name":"Icons of Cycling"}]},{"@type":"WebSite","@id":"https:\/\/foliobooks.pl\/en\/#website","url":"https:\/\/foliobooks.pl\/en\/","name":"Folio","description":"Ksi\u0119garnia internetowa","potentialAction":[{"@type":"SearchAction","target":{"@type":"EntryPoint","urlTemplate":"https:\/\/foliobooks.pl\/en\/?s={search_term_string}"},"query-input":{"@type":"PropertyValueSpecification","valueRequired":true,"valueName":"search_term_string"}}],"inLanguage":"en-US"}]}},"_links":{"self":[{"href":"https:\/\/foliobooks.pl\/en\/wp-json\/wp\/v2\/product\/65957","targetHints":{"allow":["GET"]}}],"collection":[{"href":"https:\/\/foliobooks.pl\/en\/wp-json\/wp\/v2\/product"}],"about":[{"href":"https:\/\/foliobooks.pl\/en\/wp-json\/wp\/v2\/types\/product"}],"replies":[{"embeddable":true,"href":"https:\/\/foliobooks.pl\/en\/wp-json\/wp\/v2\/comments?post=65957"}],"wp:featuredmedia":[{"embeddable":true,"href":"https:\/\/foliobooks.pl\/en\/wp-json\/wp\/v2\/media\/65938"}],"wp:attachment":[{"href":"https:\/\/foliobooks.pl\/en\/wp-json\/wp\/v2\/media?parent=65957"}],"wp:term":[{"taxonomy":"product_brand","embeddable":true,"href":"https:\/\/foliobooks.pl\/en\/wp-json\/wp\/v2\/product_brand?post=65957"},{"taxonomy":"product_cat","embeddable":true,"href":"https:\/\/foliobooks.pl\/en\/wp-json\/wp\/v2\/product_cat?post=65957"},{"taxonomy":"product_tag","embeddable":true,"href":"https:\/\/foliobooks.pl\/en\/wp-json\/wp\/v2\/product_tag?post=65957"}],"curies":[{"name":"wp","href":"https:\/\/api.w.org\/{rel}","templated":true}]}}