{"id":65900,"date":"2022-05-13T11:01:09","date_gmt":"2022-05-13T09:01:09","guid":{"rendered":"https:\/\/foliobooks.pl\/sklep\/dior-new-looks\/"},"modified":"2023-09-29T16:01:01","modified_gmt":"2023-09-29T14:01:01","slug":"dior-new-looks","status":"publish","type":"product","link":"https:\/\/foliobooks.pl\/en\/shop\/dior-new-looks\/","title":{"rendered":"Dior New Looks"},"content":{"rendered":"<p>A timely celebration of one of the world\u2019s greatest couture houses, which combines Christian Dior\u2019s classics with the newest creations, published to celebrate the 75th anniversary of Christian Dior\u2019s first collection.<\/p>\n<p>In this lavish collection J\u00e9r\u00f4me Gautier collects the outstanding elements of Dior\u2019s style for every generation since 1947, pairing classic and contemporary photographs together with some exquisite rarities. Christian Dior\u2019s \u201cNew Look\u201d amazed the world as it emerged after wartime austerity, and reset the boundaries of modern elegance. Dior\u2019s search for the perfect line and the ideal silhouette continues with couturiers of the first rank: Yves Saint Laurent, Marc Bohan, Gianfranco Ferr\u00e9, John Galliano, Raf Simons, and Maria Grazia Chiuri have all made their distinctive contribution. In these pages, the most beautiful fashion plates from Dior\u2019s own time sit beside examples of the house\u2019s creations from each decade. This beautiful volume honors and celebrates Dior past and present with undisputed elegance and panache. Illustrated in color throughout<\/p>\n","protected":false},"excerpt":{"rendered":"<p>A timely celebration of one of the world\u2019s greatest couture houses, which combines Christian Dior\u2019s classics with the newest creations, published to celebrate the 75th anniversary of Christian Dior\u2019s first collection. In this lavish collection J\u00e9r\u00f4me Gautier collects the outstanding elements of Dior\u2019s style for every generation since 1947, pairing classic and contemporary photographs together&#8230;<\/p>\n","protected":false},"featured_media":65885,"comment_status":"closed","ping_status":"closed","template":"","meta":[],"product_brand":[],"product_cat":[13533,4519],"product_tag":[6125,1710],"class_list":{"0":"post-65900","1":"product","2":"type-product","3":"status-publish","4":"has-post-thumbnail","6":"product_cat-books","7":"product_cat-fashion-en-en","8":"product_tag-fashion","9":"product_tag-models","10":"pa_author_att-jerome-gautier-2-en","11":"pa_cover-hardcover","12":"pa_format-216-x-288-cm-en","13":"pa_isbn-9780500025048-en","14":"pa_language-eng","15":"pa_pages-312-en-2","16":"pa_published-2022-04-12-en","17":"pa_publisher-thames-hudson-en","19":"first","20":"instock","21":"sold-individually","22":"shipping-taxable","23":"purchasable","24":"product-type-simple"},"yoast_head":"<!-- This site is optimized with the Yoast SEO plugin v27.4 - https:\/\/yoast.com\/product\/yoast-seo-wordpress\/ -->\n<title>Dior New Looks (J\u00e9rome Gautier) - book \/ album - Folio<\/title>\n<meta name=\"description\" content=\"Wejd\u017a i kup ksi\u0105\u017ck\u0119 Dior New Looks autorstwa J\u00e9rome Gautier wydan\u0105 przez Thames &amp; Hudson (2022-04-12) w formacie 21,6 x 28,8 cm (ISBN: 9780500025048). Zapraszamy!\" \/>\n<meta name=\"robots\" content=\"index, follow, max-snippet:-1, max-image-preview:large, max-video-preview:-1\" \/>\n<link rel=\"canonical\" href=\"https:\/\/foliobooks.pl\/en\/shop\/dior-new-looks\/\" \/>\n<meta property=\"og:locale\" content=\"en_US\" \/>\n<meta property=\"og:type\" content=\"article\" \/>\n<meta property=\"og:title\" content=\"Dior New Looks (J\u00e9rome Gautier) - book \/ album - Folio\" \/>\n<meta property=\"og:description\" content=\"Wejd\u017a i kup ksi\u0105\u017ck\u0119 Dior New Looks autorstwa J\u00e9rome Gautier wydan\u0105 przez Thames &amp; Hudson (2022-04-12) w formacie 21,6 x 28,8 cm (ISBN: 9780500025048). Zapraszamy!\" \/>\n<meta property=\"og:url\" content=\"https:\/\/foliobooks.pl\/en\/shop\/dior-new-looks\/\" \/>\n<meta property=\"og:site_name\" content=\"Folio\" \/>\n<meta property=\"article:modified_time\" content=\"2023-09-29T14:01:01+00:00\" \/>\n<meta property=\"og:image\" content=\"https:\/\/foliobooks.pl\/wp-content\/uploads\/2022\/05\/9780500025048.png\" \/>\n\t<meta property=\"og:image:width\" content=\"570\" \/>\n\t<meta property=\"og:image:height\" content=\"708\" \/>\n\t<meta property=\"og:image:type\" content=\"image\/png\" \/>\n<meta name=\"twitter:card\" content=\"summary_large_image\" \/>\n<meta name=\"twitter:label1\" content=\"Est. reading time\" \/>\n\t<meta name=\"twitter:data1\" content=\"1 minute\" \/>\n<script type=\"application\/ld+json\" class=\"yoast-schema-graph\">{\"@context\":\"https:\\\/\\\/schema.org\",\"@graph\":[{\"@type\":\"WebPage\",\"@id\":\"https:\\\/\\\/foliobooks.pl\\\/en\\\/shop\\\/dior-new-looks\\\/\",\"url\":\"https:\\\/\\\/foliobooks.pl\\\/en\\\/shop\\\/dior-new-looks\\\/\",\"name\":\"Dior New Looks (J\u00e9rome Gautier) - book \\\/ album - Folio\",\"isPartOf\":{\"@id\":\"https:\\\/\\\/foliobooks.pl\\\/en\\\/#website\"},\"primaryImageOfPage\":{\"@id\":\"https:\\\/\\\/foliobooks.pl\\\/en\\\/shop\\\/dior-new-looks\\\/#primaryimage\"},\"image\":{\"@id\":\"https:\\\/\\\/foliobooks.pl\\\/en\\\/shop\\\/dior-new-looks\\\/#primaryimage\"},\"thumbnailUrl\":\"https:\\\/\\\/foliobooks.pl\\\/wp-content\\\/uploads\\\/2022\\\/05\\\/9780500025048.png\",\"datePublished\":\"2022-05-13T09:01:09+00:00\",\"dateModified\":\"2023-09-29T14:01:01+00:00\",\"description\":\"Wejd\u017a i kup ksi\u0105\u017ck\u0119 Dior New Looks autorstwa J\u00e9rome Gautier wydan\u0105 przez Thames &amp; Hudson (2022-04-12) w formacie 21,6 x 28,8 cm (ISBN: 9780500025048). Zapraszamy!\",\"breadcrumb\":{\"@id\":\"https:\\\/\\\/foliobooks.pl\\\/en\\\/shop\\\/dior-new-looks\\\/#breadcrumb\"},\"inLanguage\":\"en-US\",\"potentialAction\":[{\"@type\":\"ReadAction\",\"target\":[\"https:\\\/\\\/foliobooks.pl\\\/en\\\/shop\\\/dior-new-looks\\\/\"]}]},{\"@type\":\"ImageObject\",\"inLanguage\":\"en-US\",\"@id\":\"https:\\\/\\\/foliobooks.pl\\\/en\\\/shop\\\/dior-new-looks\\\/#primaryimage\",\"url\":\"https:\\\/\\\/foliobooks.pl\\\/wp-content\\\/uploads\\\/2022\\\/05\\\/9780500025048.png\",\"contentUrl\":\"https:\\\/\\\/foliobooks.pl\\\/wp-content\\\/uploads\\\/2022\\\/05\\\/9780500025048.png\",\"width\":570,\"height\":708},{\"@type\":\"BreadcrumbList\",\"@id\":\"https:\\\/\\\/foliobooks.pl\\\/en\\\/shop\\\/dior-new-looks\\\/#breadcrumb\",\"itemListElement\":[{\"@type\":\"ListItem\",\"position\":1,\"name\":\"Strona g\u0142\u00f3wna\",\"item\":\"https:\\\/\\\/foliobooks.pl\\\/en\\\/\"},{\"@type\":\"ListItem\",\"position\":2,\"name\":\"Shop\",\"item\":\"https:\\\/\\\/foliobooks.pl\\\/en\\\/shop\\\/\"},{\"@type\":\"ListItem\",\"position\":3,\"name\":\"Dior New Looks\"}]},{\"@type\":\"WebSite\",\"@id\":\"https:\\\/\\\/foliobooks.pl\\\/en\\\/#website\",\"url\":\"https:\\\/\\\/foliobooks.pl\\\/en\\\/\",\"name\":\"Folio\",\"description\":\"Ksi\u0119garnia internetowa\",\"potentialAction\":[{\"@type\":\"SearchAction\",\"target\":{\"@type\":\"EntryPoint\",\"urlTemplate\":\"https:\\\/\\\/foliobooks.pl\\\/en\\\/?s={search_term_string}\"},\"query-input\":{\"@type\":\"PropertyValueSpecification\",\"valueRequired\":true,\"valueName\":\"search_term_string\"}}],\"inLanguage\":\"en-US\"}]}<\/script>\n<!-- \/ Yoast SEO plugin. -->","yoast_head_json":{"title":"Dior New Looks (J\u00e9rome Gautier) - book \/ album - Folio","description":"Wejd\u017a i kup ksi\u0105\u017ck\u0119 Dior New Looks autorstwa J\u00e9rome Gautier wydan\u0105 przez Thames &amp; Hudson (2022-04-12) w formacie 21,6 x 28,8 cm (ISBN: 9780500025048). Zapraszamy!","robots":{"index":"index","follow":"follow","max-snippet":"max-snippet:-1","max-image-preview":"max-image-preview:large","max-video-preview":"max-video-preview:-1"},"canonical":"https:\/\/foliobooks.pl\/en\/shop\/dior-new-looks\/","og_locale":"en_US","og_type":"article","og_title":"Dior New Looks (J\u00e9rome Gautier) - book \/ album - Folio","og_description":"Wejd\u017a i kup ksi\u0105\u017ck\u0119 Dior New Looks autorstwa J\u00e9rome Gautier wydan\u0105 przez Thames &amp; Hudson (2022-04-12) w formacie 21,6 x 28,8 cm (ISBN: 9780500025048). Zapraszamy!","og_url":"https:\/\/foliobooks.pl\/en\/shop\/dior-new-looks\/","og_site_name":"Folio","article_modified_time":"2023-09-29T14:01:01+00:00","og_image":[{"width":570,"height":708,"url":"https:\/\/foliobooks.pl\/wp-content\/uploads\/2022\/05\/9780500025048.png","type":"image\/png"}],"twitter_card":"summary_large_image","twitter_misc":{"Est. reading time":"1 minute"},"schema":{"@context":"https:\/\/schema.org","@graph":[{"@type":"WebPage","@id":"https:\/\/foliobooks.pl\/en\/shop\/dior-new-looks\/","url":"https:\/\/foliobooks.pl\/en\/shop\/dior-new-looks\/","name":"Dior New Looks (J\u00e9rome Gautier) - book \/ album - Folio","isPartOf":{"@id":"https:\/\/foliobooks.pl\/en\/#website"},"primaryImageOfPage":{"@id":"https:\/\/foliobooks.pl\/en\/shop\/dior-new-looks\/#primaryimage"},"image":{"@id":"https:\/\/foliobooks.pl\/en\/shop\/dior-new-looks\/#primaryimage"},"thumbnailUrl":"https:\/\/foliobooks.pl\/wp-content\/uploads\/2022\/05\/9780500025048.png","datePublished":"2022-05-13T09:01:09+00:00","dateModified":"2023-09-29T14:01:01+00:00","description":"Wejd\u017a i kup ksi\u0105\u017ck\u0119 Dior New Looks autorstwa J\u00e9rome Gautier wydan\u0105 przez Thames &amp; Hudson (2022-04-12) w formacie 21,6 x 28,8 cm (ISBN: 9780500025048). Zapraszamy!","breadcrumb":{"@id":"https:\/\/foliobooks.pl\/en\/shop\/dior-new-looks\/#breadcrumb"},"inLanguage":"en-US","potentialAction":[{"@type":"ReadAction","target":["https:\/\/foliobooks.pl\/en\/shop\/dior-new-looks\/"]}]},{"@type":"ImageObject","inLanguage":"en-US","@id":"https:\/\/foliobooks.pl\/en\/shop\/dior-new-looks\/#primaryimage","url":"https:\/\/foliobooks.pl\/wp-content\/uploads\/2022\/05\/9780500025048.png","contentUrl":"https:\/\/foliobooks.pl\/wp-content\/uploads\/2022\/05\/9780500025048.png","width":570,"height":708},{"@type":"BreadcrumbList","@id":"https:\/\/foliobooks.pl\/en\/shop\/dior-new-looks\/#breadcrumb","itemListElement":[{"@type":"ListItem","position":1,"name":"Strona g\u0142\u00f3wna","item":"https:\/\/foliobooks.pl\/en\/"},{"@type":"ListItem","position":2,"name":"Shop","item":"https:\/\/foliobooks.pl\/en\/shop\/"},{"@type":"ListItem","position":3,"name":"Dior New Looks"}]},{"@type":"WebSite","@id":"https:\/\/foliobooks.pl\/en\/#website","url":"https:\/\/foliobooks.pl\/en\/","name":"Folio","description":"Ksi\u0119garnia internetowa","potentialAction":[{"@type":"SearchAction","target":{"@type":"EntryPoint","urlTemplate":"https:\/\/foliobooks.pl\/en\/?s={search_term_string}"},"query-input":{"@type":"PropertyValueSpecification","valueRequired":true,"valueName":"search_term_string"}}],"inLanguage":"en-US"}]}},"_links":{"self":[{"href":"https:\/\/foliobooks.pl\/en\/wp-json\/wp\/v2\/product\/65900","targetHints":{"allow":["GET"]}}],"collection":[{"href":"https:\/\/foliobooks.pl\/en\/wp-json\/wp\/v2\/product"}],"about":[{"href":"https:\/\/foliobooks.pl\/en\/wp-json\/wp\/v2\/types\/product"}],"replies":[{"embeddable":true,"href":"https:\/\/foliobooks.pl\/en\/wp-json\/wp\/v2\/comments?post=65900"}],"wp:featuredmedia":[{"embeddable":true,"href":"https:\/\/foliobooks.pl\/en\/wp-json\/wp\/v2\/media\/65885"}],"wp:attachment":[{"href":"https:\/\/foliobooks.pl\/en\/wp-json\/wp\/v2\/media?parent=65900"}],"wp:term":[{"taxonomy":"product_brand","embeddable":true,"href":"https:\/\/foliobooks.pl\/en\/wp-json\/wp\/v2\/product_brand?post=65900"},{"taxonomy":"product_cat","embeddable":true,"href":"https:\/\/foliobooks.pl\/en\/wp-json\/wp\/v2\/product_cat?post=65900"},{"taxonomy":"product_tag","embeddable":true,"href":"https:\/\/foliobooks.pl\/en\/wp-json\/wp\/v2\/product_tag?post=65900"}],"curies":[{"name":"wp","href":"https:\/\/api.w.org\/{rel}","templated":true}]}}