{"id":65428,"date":"2022-05-10T17:11:44","date_gmt":"2022-05-10T15:11:44","guid":{"rendered":"https:\/\/foliobooks.pl\/sklep\/paris-capital-of-guerlain\/"},"modified":"2025-09-09T17:00:59","modified_gmt":"2025-09-09T15:00:59","slug":"paris-capital-of-guerlain","status":"publish","type":"product","link":"https:\/\/foliobooks.pl\/en\/shop\/paris-capital-of-guerlain\/","title":{"rendered":"Paris. Capital of Guerlain"},"content":{"rendered":"<p>Maison Guerlain has epitomized the soul of Paris since it was founded on the Rue de Rivoli in 1828. Its fabled perfumes &#8211; Mitsouko, L&#8217;Heure Bleue, Shalimar, and Jicky -and its cosmetic creations &#8211; Secret de Bonne Femme, Terracotta, and Rouge G, among so many others-celebrate Guerlain&#8217;s inextricable ties to the quintessentially Parisian worlds of art, theater, cinema, literature, and performance. These affinities are celebrated in illustrations, photographs, and unpublished archives in this volume that transports the reader to the Expositions Universelles and unveils Guerlain&#8217;s close collaborations with Parisian architects, designers, decorators, craftsmen, and artists. Embark on a journey through the beloved cultural landscape of the City of Light, famed for its creativity, daring, and savoir faire.<\/p>\n","protected":false},"excerpt":{"rendered":"<p>Maison Guerlain has epitomized the soul of Paris since it was founded on the Rue de Rivoli in 1828. Its fabled perfumes &#8211; Mitsouko, L&#8217;Heure Bleue, Shalimar, and Jicky -and its cosmetic creations &#8211; Secret de Bonne Femme, Terracotta, and Rouge G, among so many others-celebrate Guerlain&#8217;s inextricable ties to the quintessentially Parisian worlds of&#8230;<\/p>\n","protected":false},"featured_media":65413,"comment_status":"closed","ping_status":"closed","template":"","meta":[],"product_brand":[],"product_cat":[13533,4519,4517],"product_tag":[6125,11476,1034],"class_list":{"0":"post-65428","1":"product","2":"type-product","3":"status-publish","4":"has-post-thumbnail","6":"product_cat-books","7":"product_cat-fashion-en-en","8":"product_cat-photography-en","9":"product_tag-fashion","10":"product_tag-france-en","11":"product_tag-perfumes-en","12":"pa_author_att-laurence-benaim-en","13":"pa_cover-hardcover","14":"pa_format-25-x-348-cm-en","15":"pa_isbn-9782080261311-en","16":"pa_language-eng","17":"pa_pages-264-en","18":"pa_published-2022-03-01-en","19":"pa_publisher-flammarion-en","21":"first","22":"outofstock","23":"sale","24":"sold-individually","25":"shipping-taxable","26":"purchasable","27":"product-type-simple"},"yoast_head":"<!-- This site is optimized with the Yoast SEO plugin v27.6 - https:\/\/yoast.com\/product\/yoast-seo-wordpress\/ -->\n<title>Paris. Capital of Guerlain (Laurence Benaim) - book \/ album - Folio<\/title>\n<meta name=\"description\" content=\"Wejd\u017a i kup ksi\u0105\u017ck\u0119 Paris. Capital of Guerlain autorstwa Laurence Benaim wydan\u0105 przez Flammarion (2022-03-01) w formacie 25 x 34,8 cm (ISBN: 9782080261311). Zapraszamy!\" \/>\n<meta name=\"robots\" content=\"index, follow, max-snippet:-1, max-image-preview:large, max-video-preview:-1\" \/>\n<link rel=\"canonical\" href=\"https:\/\/foliobooks.pl\/en\/shop\/paris-capital-of-guerlain\/\" \/>\n<meta property=\"og:locale\" content=\"en_US\" \/>\n<meta property=\"og:type\" content=\"article\" \/>\n<meta property=\"og:title\" content=\"Paris. Capital of Guerlain (Laurence Benaim) - book \/ album - Folio\" \/>\n<meta property=\"og:description\" content=\"Wejd\u017a i kup ksi\u0105\u017ck\u0119 Paris. Capital of Guerlain autorstwa Laurence Benaim wydan\u0105 przez Flammarion (2022-03-01) w formacie 25 x 34,8 cm (ISBN: 9782080261311). Zapraszamy!\" \/>\n<meta property=\"og:url\" content=\"https:\/\/foliobooks.pl\/en\/shop\/paris-capital-of-guerlain\/\" \/>\n<meta property=\"og:site_name\" content=\"Folio\" \/>\n<meta property=\"article:modified_time\" content=\"2025-09-09T15:00:59+00:00\" \/>\n<meta property=\"og:image\" content=\"https:\/\/foliobooks.pl\/wp-content\/uploads\/2022\/05\/9782080261311.png\" \/>\n\t<meta property=\"og:image:width\" content=\"570\" \/>\n\t<meta property=\"og:image:height\" content=\"708\" \/>\n\t<meta property=\"og:image:type\" content=\"image\/png\" \/>\n<meta name=\"twitter:card\" content=\"summary_large_image\" \/>\n<meta name=\"twitter:label1\" content=\"Est. reading time\" \/>\n\t<meta name=\"twitter:data1\" content=\"1 minute\" \/>\n<script type=\"application\/ld+json\" class=\"yoast-schema-graph\">{\"@context\":\"https:\\\/\\\/schema.org\",\"@graph\":[{\"@type\":\"WebPage\",\"@id\":\"https:\\\/\\\/foliobooks.pl\\\/en\\\/shop\\\/paris-capital-of-guerlain\\\/\",\"url\":\"https:\\\/\\\/foliobooks.pl\\\/en\\\/shop\\\/paris-capital-of-guerlain\\\/\",\"name\":\"Paris. Capital of Guerlain (Laurence Benaim) - book \\\/ album - Folio\",\"isPartOf\":{\"@id\":\"https:\\\/\\\/foliobooks.pl\\\/en\\\/#website\"},\"primaryImageOfPage\":{\"@id\":\"https:\\\/\\\/foliobooks.pl\\\/en\\\/shop\\\/paris-capital-of-guerlain\\\/#primaryimage\"},\"image\":{\"@id\":\"https:\\\/\\\/foliobooks.pl\\\/en\\\/shop\\\/paris-capital-of-guerlain\\\/#primaryimage\"},\"thumbnailUrl\":\"https:\\\/\\\/foliobooks.pl\\\/wp-content\\\/uploads\\\/2022\\\/05\\\/9782080261311.png\",\"datePublished\":\"2022-05-10T15:11:44+00:00\",\"dateModified\":\"2025-09-09T15:00:59+00:00\",\"description\":\"Wejd\u017a i kup ksi\u0105\u017ck\u0119 Paris. Capital of Guerlain autorstwa Laurence Benaim wydan\u0105 przez Flammarion (2022-03-01) w formacie 25 x 34,8 cm (ISBN: 9782080261311). Zapraszamy!\",\"breadcrumb\":{\"@id\":\"https:\\\/\\\/foliobooks.pl\\\/en\\\/shop\\\/paris-capital-of-guerlain\\\/#breadcrumb\"},\"inLanguage\":\"en-US\",\"potentialAction\":[{\"@type\":\"ReadAction\",\"target\":[\"https:\\\/\\\/foliobooks.pl\\\/en\\\/shop\\\/paris-capital-of-guerlain\\\/\"]}]},{\"@type\":\"ImageObject\",\"inLanguage\":\"en-US\",\"@id\":\"https:\\\/\\\/foliobooks.pl\\\/en\\\/shop\\\/paris-capital-of-guerlain\\\/#primaryimage\",\"url\":\"https:\\\/\\\/foliobooks.pl\\\/wp-content\\\/uploads\\\/2022\\\/05\\\/9782080261311.png\",\"contentUrl\":\"https:\\\/\\\/foliobooks.pl\\\/wp-content\\\/uploads\\\/2022\\\/05\\\/9782080261311.png\",\"width\":570,\"height\":708},{\"@type\":\"BreadcrumbList\",\"@id\":\"https:\\\/\\\/foliobooks.pl\\\/en\\\/shop\\\/paris-capital-of-guerlain\\\/#breadcrumb\",\"itemListElement\":[{\"@type\":\"ListItem\",\"position\":1,\"name\":\"Strona g\u0142\u00f3wna\",\"item\":\"https:\\\/\\\/foliobooks.pl\\\/en\\\/\"},{\"@type\":\"ListItem\",\"position\":2,\"name\":\"Shop\",\"item\":\"https:\\\/\\\/foliobooks.pl\\\/en\\\/shop\\\/\"},{\"@type\":\"ListItem\",\"position\":3,\"name\":\"Paris. Capital of Guerlain\"}]},{\"@type\":\"WebSite\",\"@id\":\"https:\\\/\\\/foliobooks.pl\\\/en\\\/#website\",\"url\":\"https:\\\/\\\/foliobooks.pl\\\/en\\\/\",\"name\":\"Folio\",\"description\":\"Ksi\u0119garnia internetowa\",\"potentialAction\":[{\"@type\":\"SearchAction\",\"target\":{\"@type\":\"EntryPoint\",\"urlTemplate\":\"https:\\\/\\\/foliobooks.pl\\\/en\\\/?s={search_term_string}\"},\"query-input\":{\"@type\":\"PropertyValueSpecification\",\"valueRequired\":true,\"valueName\":\"search_term_string\"}}],\"inLanguage\":\"en-US\"}]}<\/script>\n<!-- \/ Yoast SEO plugin. -->","yoast_head_json":{"title":"Paris. Capital of Guerlain (Laurence Benaim) - book \/ album - Folio","description":"Wejd\u017a i kup ksi\u0105\u017ck\u0119 Paris. Capital of Guerlain autorstwa Laurence Benaim wydan\u0105 przez Flammarion (2022-03-01) w formacie 25 x 34,8 cm (ISBN: 9782080261311). Zapraszamy!","robots":{"index":"index","follow":"follow","max-snippet":"max-snippet:-1","max-image-preview":"max-image-preview:large","max-video-preview":"max-video-preview:-1"},"canonical":"https:\/\/foliobooks.pl\/en\/shop\/paris-capital-of-guerlain\/","og_locale":"en_US","og_type":"article","og_title":"Paris. Capital of Guerlain (Laurence Benaim) - book \/ album - Folio","og_description":"Wejd\u017a i kup ksi\u0105\u017ck\u0119 Paris. Capital of Guerlain autorstwa Laurence Benaim wydan\u0105 przez Flammarion (2022-03-01) w formacie 25 x 34,8 cm (ISBN: 9782080261311). Zapraszamy!","og_url":"https:\/\/foliobooks.pl\/en\/shop\/paris-capital-of-guerlain\/","og_site_name":"Folio","article_modified_time":"2025-09-09T15:00:59+00:00","og_image":[{"width":570,"height":708,"url":"https:\/\/foliobooks.pl\/wp-content\/uploads\/2022\/05\/9782080261311.png","type":"image\/png"}],"twitter_card":"summary_large_image","twitter_misc":{"Est. reading time":"1 minute"},"schema":{"@context":"https:\/\/schema.org","@graph":[{"@type":"WebPage","@id":"https:\/\/foliobooks.pl\/en\/shop\/paris-capital-of-guerlain\/","url":"https:\/\/foliobooks.pl\/en\/shop\/paris-capital-of-guerlain\/","name":"Paris. Capital of Guerlain (Laurence Benaim) - book \/ album - Folio","isPartOf":{"@id":"https:\/\/foliobooks.pl\/en\/#website"},"primaryImageOfPage":{"@id":"https:\/\/foliobooks.pl\/en\/shop\/paris-capital-of-guerlain\/#primaryimage"},"image":{"@id":"https:\/\/foliobooks.pl\/en\/shop\/paris-capital-of-guerlain\/#primaryimage"},"thumbnailUrl":"https:\/\/foliobooks.pl\/wp-content\/uploads\/2022\/05\/9782080261311.png","datePublished":"2022-05-10T15:11:44+00:00","dateModified":"2025-09-09T15:00:59+00:00","description":"Wejd\u017a i kup ksi\u0105\u017ck\u0119 Paris. Capital of Guerlain autorstwa Laurence Benaim wydan\u0105 przez Flammarion (2022-03-01) w formacie 25 x 34,8 cm (ISBN: 9782080261311). Zapraszamy!","breadcrumb":{"@id":"https:\/\/foliobooks.pl\/en\/shop\/paris-capital-of-guerlain\/#breadcrumb"},"inLanguage":"en-US","potentialAction":[{"@type":"ReadAction","target":["https:\/\/foliobooks.pl\/en\/shop\/paris-capital-of-guerlain\/"]}]},{"@type":"ImageObject","inLanguage":"en-US","@id":"https:\/\/foliobooks.pl\/en\/shop\/paris-capital-of-guerlain\/#primaryimage","url":"https:\/\/foliobooks.pl\/wp-content\/uploads\/2022\/05\/9782080261311.png","contentUrl":"https:\/\/foliobooks.pl\/wp-content\/uploads\/2022\/05\/9782080261311.png","width":570,"height":708},{"@type":"BreadcrumbList","@id":"https:\/\/foliobooks.pl\/en\/shop\/paris-capital-of-guerlain\/#breadcrumb","itemListElement":[{"@type":"ListItem","position":1,"name":"Strona g\u0142\u00f3wna","item":"https:\/\/foliobooks.pl\/en\/"},{"@type":"ListItem","position":2,"name":"Shop","item":"https:\/\/foliobooks.pl\/en\/shop\/"},{"@type":"ListItem","position":3,"name":"Paris. Capital of Guerlain"}]},{"@type":"WebSite","@id":"https:\/\/foliobooks.pl\/en\/#website","url":"https:\/\/foliobooks.pl\/en\/","name":"Folio","description":"Ksi\u0119garnia internetowa","potentialAction":[{"@type":"SearchAction","target":{"@type":"EntryPoint","urlTemplate":"https:\/\/foliobooks.pl\/en\/?s={search_term_string}"},"query-input":{"@type":"PropertyValueSpecification","valueRequired":true,"valueName":"search_term_string"}}],"inLanguage":"en-US"}]}},"_links":{"self":[{"href":"https:\/\/foliobooks.pl\/en\/wp-json\/wp\/v2\/product\/65428","targetHints":{"allow":["GET"]}}],"collection":[{"href":"https:\/\/foliobooks.pl\/en\/wp-json\/wp\/v2\/product"}],"about":[{"href":"https:\/\/foliobooks.pl\/en\/wp-json\/wp\/v2\/types\/product"}],"replies":[{"embeddable":true,"href":"https:\/\/foliobooks.pl\/en\/wp-json\/wp\/v2\/comments?post=65428"}],"wp:featuredmedia":[{"embeddable":true,"href":"https:\/\/foliobooks.pl\/en\/wp-json\/wp\/v2\/media\/65413"}],"wp:attachment":[{"href":"https:\/\/foliobooks.pl\/en\/wp-json\/wp\/v2\/media?parent=65428"}],"wp:term":[{"taxonomy":"product_brand","embeddable":true,"href":"https:\/\/foliobooks.pl\/en\/wp-json\/wp\/v2\/product_brand?post=65428"},{"taxonomy":"product_cat","embeddable":true,"href":"https:\/\/foliobooks.pl\/en\/wp-json\/wp\/v2\/product_cat?post=65428"},{"taxonomy":"product_tag","embeddable":true,"href":"https:\/\/foliobooks.pl\/en\/wp-json\/wp\/v2\/product_tag?post=65428"}],"curies":[{"name":"wp","href":"https:\/\/api.w.org\/{rel}","templated":true}]}}