{"id":62204,"date":"2022-03-05T20:01:50","date_gmt":"2022-03-05T19:01:50","guid":{"rendered":"https:\/\/foliobooks.pl\/sklep\/rembrandt-the-complete-drawings-and-etchings\/"},"modified":"2025-06-02T13:13:17","modified_gmt":"2025-06-02T11:13:17","slug":"rembrandt-the-complete-drawings-and-etchings","status":"publish","type":"product","link":"https:\/\/foliobooks.pl\/en\/shop\/rembrandt-the-complete-drawings-and-etchings\/","title":{"rendered":"Rembrandt. The Complete Drawings and Etchings"},"content":{"rendered":"<p>Rembrandt Harmensz. van Rijn (1606-1669) stands as one of the most important painters in Western art, but nowhere else do we encounter his inimitable talent more so than in his drawings and etchings. Hinged upon experimentation and expressive line work, they garnered him unparalleled recognition from his contemporaries.<\/p>\n<p>Each portrait or quotidian scene is elevated by his masterful treatment of light, shadow, and hatching. There is another world to be accessed within Rembrandt\u2019s etchings\u2014one that dwells within the intangibilities of moody midnight contemplation and the twilit countryside, these elusive moments fixed to the page with every stroke. Meanwhile, Rembrandt\u2019s drawings display his emotional state with a candor unseen in other works. Using pen and brush, silverpoint and charcoal as well as colored chalks and ink, he drew on various types of paper which he also sometimes dyed beforehand.<\/p>\n<p>Commemorating the 350th anniversary of the artist\u2019s death, this stunning XXL monograph is the first-ever collection gathering Rembrandt\u2019s complete works on paper. Through the 708 drawings, brilliantly printed in color for the first time, and 314 etchings in pristine reproductions, we discover Rembrandt\u2019s keen eye, deft hand, and boundless depth of feeling like never before; and above all, we witness that he was far more than just a painter.<\/p>\n","protected":false},"excerpt":{"rendered":"<p>Rembrandt Harmensz. van Rijn (1606-1669) stands as one of the most important painters in Western art, but nowhere else do we encounter his inimitable talent more so than in his drawings and etchings. Hinged upon experimentation and expressive line work, they garnered him unparalleled recognition from his contemporaries. Each portrait or quotidian scene is elevated&#8230;<\/p>\n","protected":false},"featured_media":62185,"comment_status":"closed","ping_status":"closed","template":"","meta":[],"product_brand":[],"product_cat":[4522,13533],"product_tag":[2767,1702,154,524],"class_list":{"0":"post-62204","1":"product","2":"type-product","3":"status-publish","4":"has-post-thumbnail","6":"product_cat-art-en","7":"product_cat-books","8":"product_tag-art-history","9":"product_tag-artists","10":"product_tag-monographs","11":"product_tag-painting-en","12":"pa_author_att-peter-schatborn-en","13":"pa_cover-hardcover","14":"pa_format-29-x-395-cm-en","15":"pa_isbn-9783836575447-en","16":"pa_language-eng","17":"pa_pages-756-en","18":"pa_published-2020-07-07-en","19":"pa_publisher-taschen-en-en","21":"first","22":"outofstock","23":"sold-individually","24":"shipping-taxable","25":"purchasable","26":"product-type-simple"},"yoast_head":"<!-- This site is optimized with the Yoast SEO plugin v27.4 - https:\/\/yoast.com\/product\/yoast-seo-wordpress\/ -->\n<title>Rembrandt. The Complete Drawings and Etchings (Peter Schatborn) - book \/ album - Folio<\/title>\n<meta name=\"description\" content=\"Wejd\u017a i kup ksi\u0105\u017ck\u0119 Rembrandt. The Complete Drawings and Etchings autorstwa Peter Schatborn wydan\u0105 przez TASCHEN (2020-07-07) w formacie 29 x 39,5 cm (ISBN: 9783836575447). Zapraszamy!\" \/>\n<meta name=\"robots\" content=\"index, follow, max-snippet:-1, max-image-preview:large, max-video-preview:-1\" \/>\n<link rel=\"canonical\" href=\"https:\/\/foliobooks.pl\/en\/shop\/rembrandt-the-complete-drawings-and-etchings\/\" \/>\n<meta property=\"og:locale\" content=\"en_US\" \/>\n<meta property=\"og:type\" content=\"article\" \/>\n<meta property=\"og:title\" content=\"Rembrandt. The Complete Drawings and Etchings (Peter Schatborn) - book \/ album - Folio\" \/>\n<meta property=\"og:description\" content=\"Wejd\u017a i kup ksi\u0105\u017ck\u0119 Rembrandt. The Complete Drawings and Etchings autorstwa Peter Schatborn wydan\u0105 przez TASCHEN (2020-07-07) w formacie 29 x 39,5 cm (ISBN: 9783836575447). Zapraszamy!\" \/>\n<meta property=\"og:url\" content=\"https:\/\/foliobooks.pl\/en\/shop\/rembrandt-the-complete-drawings-and-etchings\/\" \/>\n<meta property=\"og:site_name\" content=\"Folio\" \/>\n<meta property=\"article:modified_time\" content=\"2025-06-02T11:13:17+00:00\" \/>\n<meta property=\"og:image\" content=\"https:\/\/foliobooks.pl\/wp-content\/uploads\/2022\/03\/9783836575447.png\" \/>\n\t<meta property=\"og:image:width\" content=\"570\" \/>\n\t<meta property=\"og:image:height\" content=\"708\" \/>\n\t<meta property=\"og:image:type\" content=\"image\/png\" \/>\n<meta name=\"twitter:card\" content=\"summary_large_image\" \/>\n<meta name=\"twitter:label1\" content=\"Est. reading time\" \/>\n\t<meta name=\"twitter:data1\" content=\"2 minutes\" \/>\n<script type=\"application\/ld+json\" class=\"yoast-schema-graph\">{\"@context\":\"https:\\\/\\\/schema.org\",\"@graph\":[{\"@type\":\"WebPage\",\"@id\":\"https:\\\/\\\/foliobooks.pl\\\/en\\\/shop\\\/rembrandt-the-complete-drawings-and-etchings\\\/\",\"url\":\"https:\\\/\\\/foliobooks.pl\\\/en\\\/shop\\\/rembrandt-the-complete-drawings-and-etchings\\\/\",\"name\":\"Rembrandt. The Complete Drawings and Etchings (Peter Schatborn) - book \\\/ album - Folio\",\"isPartOf\":{\"@id\":\"https:\\\/\\\/foliobooks.pl\\\/en\\\/#website\"},\"primaryImageOfPage\":{\"@id\":\"https:\\\/\\\/foliobooks.pl\\\/en\\\/shop\\\/rembrandt-the-complete-drawings-and-etchings\\\/#primaryimage\"},\"image\":{\"@id\":\"https:\\\/\\\/foliobooks.pl\\\/en\\\/shop\\\/rembrandt-the-complete-drawings-and-etchings\\\/#primaryimage\"},\"thumbnailUrl\":\"https:\\\/\\\/foliobooks.pl\\\/wp-content\\\/uploads\\\/2022\\\/03\\\/9783836575447.png\",\"datePublished\":\"2022-03-05T19:01:50+00:00\",\"dateModified\":\"2025-06-02T11:13:17+00:00\",\"description\":\"Wejd\u017a i kup ksi\u0105\u017ck\u0119 Rembrandt. The Complete Drawings and Etchings autorstwa Peter Schatborn wydan\u0105 przez TASCHEN (2020-07-07) w formacie 29 x 39,5 cm (ISBN: 9783836575447). Zapraszamy!\",\"breadcrumb\":{\"@id\":\"https:\\\/\\\/foliobooks.pl\\\/en\\\/shop\\\/rembrandt-the-complete-drawings-and-etchings\\\/#breadcrumb\"},\"inLanguage\":\"en-US\",\"potentialAction\":[{\"@type\":\"ReadAction\",\"target\":[\"https:\\\/\\\/foliobooks.pl\\\/en\\\/shop\\\/rembrandt-the-complete-drawings-and-etchings\\\/\"]}]},{\"@type\":\"ImageObject\",\"inLanguage\":\"en-US\",\"@id\":\"https:\\\/\\\/foliobooks.pl\\\/en\\\/shop\\\/rembrandt-the-complete-drawings-and-etchings\\\/#primaryimage\",\"url\":\"https:\\\/\\\/foliobooks.pl\\\/wp-content\\\/uploads\\\/2022\\\/03\\\/9783836575447.png\",\"contentUrl\":\"https:\\\/\\\/foliobooks.pl\\\/wp-content\\\/uploads\\\/2022\\\/03\\\/9783836575447.png\",\"width\":570,\"height\":708},{\"@type\":\"BreadcrumbList\",\"@id\":\"https:\\\/\\\/foliobooks.pl\\\/en\\\/shop\\\/rembrandt-the-complete-drawings-and-etchings\\\/#breadcrumb\",\"itemListElement\":[{\"@type\":\"ListItem\",\"position\":1,\"name\":\"Strona g\u0142\u00f3wna\",\"item\":\"https:\\\/\\\/foliobooks.pl\\\/en\\\/\"},{\"@type\":\"ListItem\",\"position\":2,\"name\":\"Shop\",\"item\":\"https:\\\/\\\/foliobooks.pl\\\/en\\\/shop\\\/\"},{\"@type\":\"ListItem\",\"position\":3,\"name\":\"Rembrandt. The Complete Drawings and Etchings\"}]},{\"@type\":\"WebSite\",\"@id\":\"https:\\\/\\\/foliobooks.pl\\\/en\\\/#website\",\"url\":\"https:\\\/\\\/foliobooks.pl\\\/en\\\/\",\"name\":\"Folio\",\"description\":\"Ksi\u0119garnia internetowa\",\"potentialAction\":[{\"@type\":\"SearchAction\",\"target\":{\"@type\":\"EntryPoint\",\"urlTemplate\":\"https:\\\/\\\/foliobooks.pl\\\/en\\\/?s={search_term_string}\"},\"query-input\":{\"@type\":\"PropertyValueSpecification\",\"valueRequired\":true,\"valueName\":\"search_term_string\"}}],\"inLanguage\":\"en-US\"}]}<\/script>\n<!-- \/ Yoast SEO plugin. -->","yoast_head_json":{"title":"Rembrandt. The Complete Drawings and Etchings (Peter Schatborn) - book \/ album - Folio","description":"Wejd\u017a i kup ksi\u0105\u017ck\u0119 Rembrandt. The Complete Drawings and Etchings autorstwa Peter Schatborn wydan\u0105 przez TASCHEN (2020-07-07) w formacie 29 x 39,5 cm (ISBN: 9783836575447). Zapraszamy!","robots":{"index":"index","follow":"follow","max-snippet":"max-snippet:-1","max-image-preview":"max-image-preview:large","max-video-preview":"max-video-preview:-1"},"canonical":"https:\/\/foliobooks.pl\/en\/shop\/rembrandt-the-complete-drawings-and-etchings\/","og_locale":"en_US","og_type":"article","og_title":"Rembrandt. The Complete Drawings and Etchings (Peter Schatborn) - book \/ album - Folio","og_description":"Wejd\u017a i kup ksi\u0105\u017ck\u0119 Rembrandt. The Complete Drawings and Etchings autorstwa Peter Schatborn wydan\u0105 przez TASCHEN (2020-07-07) w formacie 29 x 39,5 cm (ISBN: 9783836575447). Zapraszamy!","og_url":"https:\/\/foliobooks.pl\/en\/shop\/rembrandt-the-complete-drawings-and-etchings\/","og_site_name":"Folio","article_modified_time":"2025-06-02T11:13:17+00:00","og_image":[{"width":570,"height":708,"url":"https:\/\/foliobooks.pl\/wp-content\/uploads\/2022\/03\/9783836575447.png","type":"image\/png"}],"twitter_card":"summary_large_image","twitter_misc":{"Est. reading time":"2 minutes"},"schema":{"@context":"https:\/\/schema.org","@graph":[{"@type":"WebPage","@id":"https:\/\/foliobooks.pl\/en\/shop\/rembrandt-the-complete-drawings-and-etchings\/","url":"https:\/\/foliobooks.pl\/en\/shop\/rembrandt-the-complete-drawings-and-etchings\/","name":"Rembrandt. The Complete Drawings and Etchings (Peter Schatborn) - book \/ album - Folio","isPartOf":{"@id":"https:\/\/foliobooks.pl\/en\/#website"},"primaryImageOfPage":{"@id":"https:\/\/foliobooks.pl\/en\/shop\/rembrandt-the-complete-drawings-and-etchings\/#primaryimage"},"image":{"@id":"https:\/\/foliobooks.pl\/en\/shop\/rembrandt-the-complete-drawings-and-etchings\/#primaryimage"},"thumbnailUrl":"https:\/\/foliobooks.pl\/wp-content\/uploads\/2022\/03\/9783836575447.png","datePublished":"2022-03-05T19:01:50+00:00","dateModified":"2025-06-02T11:13:17+00:00","description":"Wejd\u017a i kup ksi\u0105\u017ck\u0119 Rembrandt. The Complete Drawings and Etchings autorstwa Peter Schatborn wydan\u0105 przez TASCHEN (2020-07-07) w formacie 29 x 39,5 cm (ISBN: 9783836575447). Zapraszamy!","breadcrumb":{"@id":"https:\/\/foliobooks.pl\/en\/shop\/rembrandt-the-complete-drawings-and-etchings\/#breadcrumb"},"inLanguage":"en-US","potentialAction":[{"@type":"ReadAction","target":["https:\/\/foliobooks.pl\/en\/shop\/rembrandt-the-complete-drawings-and-etchings\/"]}]},{"@type":"ImageObject","inLanguage":"en-US","@id":"https:\/\/foliobooks.pl\/en\/shop\/rembrandt-the-complete-drawings-and-etchings\/#primaryimage","url":"https:\/\/foliobooks.pl\/wp-content\/uploads\/2022\/03\/9783836575447.png","contentUrl":"https:\/\/foliobooks.pl\/wp-content\/uploads\/2022\/03\/9783836575447.png","width":570,"height":708},{"@type":"BreadcrumbList","@id":"https:\/\/foliobooks.pl\/en\/shop\/rembrandt-the-complete-drawings-and-etchings\/#breadcrumb","itemListElement":[{"@type":"ListItem","position":1,"name":"Strona g\u0142\u00f3wna","item":"https:\/\/foliobooks.pl\/en\/"},{"@type":"ListItem","position":2,"name":"Shop","item":"https:\/\/foliobooks.pl\/en\/shop\/"},{"@type":"ListItem","position":3,"name":"Rembrandt. The Complete Drawings and Etchings"}]},{"@type":"WebSite","@id":"https:\/\/foliobooks.pl\/en\/#website","url":"https:\/\/foliobooks.pl\/en\/","name":"Folio","description":"Ksi\u0119garnia internetowa","potentialAction":[{"@type":"SearchAction","target":{"@type":"EntryPoint","urlTemplate":"https:\/\/foliobooks.pl\/en\/?s={search_term_string}"},"query-input":{"@type":"PropertyValueSpecification","valueRequired":true,"valueName":"search_term_string"}}],"inLanguage":"en-US"}]}},"_links":{"self":[{"href":"https:\/\/foliobooks.pl\/en\/wp-json\/wp\/v2\/product\/62204","targetHints":{"allow":["GET"]}}],"collection":[{"href":"https:\/\/foliobooks.pl\/en\/wp-json\/wp\/v2\/product"}],"about":[{"href":"https:\/\/foliobooks.pl\/en\/wp-json\/wp\/v2\/types\/product"}],"replies":[{"embeddable":true,"href":"https:\/\/foliobooks.pl\/en\/wp-json\/wp\/v2\/comments?post=62204"}],"wp:featuredmedia":[{"embeddable":true,"href":"https:\/\/foliobooks.pl\/en\/wp-json\/wp\/v2\/media\/62185"}],"wp:attachment":[{"href":"https:\/\/foliobooks.pl\/en\/wp-json\/wp\/v2\/media?parent=62204"}],"wp:term":[{"taxonomy":"product_brand","embeddable":true,"href":"https:\/\/foliobooks.pl\/en\/wp-json\/wp\/v2\/product_brand?post=62204"},{"taxonomy":"product_cat","embeddable":true,"href":"https:\/\/foliobooks.pl\/en\/wp-json\/wp\/v2\/product_cat?post=62204"},{"taxonomy":"product_tag","embeddable":true,"href":"https:\/\/foliobooks.pl\/en\/wp-json\/wp\/v2\/product_tag?post=62204"}],"curies":[{"name":"wp","href":"https:\/\/api.w.org\/{rel}","templated":true}]}}