{"id":62127,"date":"2022-03-05T19:22:45","date_gmt":"2022-03-05T18:22:45","guid":{"rendered":"https:\/\/foliobooks.pl\/sklep\/lamborghini-with-italy-for-italy-21-views-for-a-new-drive\/"},"modified":"2025-09-09T15:42:43","modified_gmt":"2025-09-09T13:42:43","slug":"lamborghini-with-italy-for-italy-21-views-for-a-new-drive","status":"publish","type":"product","link":"https:\/\/foliobooks.pl\/en\/shop\/lamborghini-with-italy-for-italy-21-views-for-a-new-drive\/","title":{"rendered":"Lamborghini with Italy for Italy. 21 Views for a New Drive"},"content":{"rendered":"<p>A portrait of Lamborghini and the country that birthed it through 21 cars, 21 regions and 21 photographers<\/p>\n<p>For this splendid volume, 21 contemporary Italian photographers, each representing their respective regions, have been called upon by Lamborghini to collaborate in this unparalleled project helmed by the world-famous Italian brand. Together with input from legendary photographer Letizia Battaglia, Lamborghini has produced a volume that expresses the company\u2019s love for its own country.<br \/>\nPhotographers include: Letizia Battaglia (Palermo), Stefano Guindani (Sicily), Davide De Martis (Sardinia), Guido Taroni (Calabria), Gabriele Micalizzi (Puglia), Camilla Ferrari (Basilicata), Marco Casino (Campania), Roselena Ramistella (Molise), Valentina Sommariva (Abruzzo), Anna di Prospero (Lazio), Wolfango Spaccarelli (the Marche), Alessandro Cinque (Umbria), Gabriele Galimberti (Tuscany), Piero Gemelli (Emilia Romagna), Marco Valmarana (the Veneto), Mattia Balsamini (Friuli Venezia Giulia), Simone Bramante (Trentino Alto Adige), Vincenzo Grillo (Lombardy), Chiara Mirelli (Piedmont), Alberto Selvestrel (Liguria) and Fulvio Bugani (Valle d\u2019Aosta).<\/p>\n","protected":false},"excerpt":{"rendered":"<p>A portrait of Lamborghini and the country that birthed it through 21 cars, 21 regions and 21 photographers For this splendid volume, 21 contemporary Italian photographers, each representing their respective regions, have been called upon by Lamborghini to collaborate in this unparalleled project helmed by the world-famous Italian brand. Together with input from legendary photographer&#8230;<\/p>\n","protected":false},"featured_media":62110,"comment_status":"closed","ping_status":"closed","template":"","meta":[],"product_brand":[],"product_cat":[13533,4520],"product_tag":[216,6401,6106],"class_list":{"0":"post-62127","1":"product","2":"type-product","3":"status-publish","4":"has-post-thumbnail","6":"product_cat-books","7":"product_cat-motorsport-en","8":"product_tag-cars-en","9":"product_tag-motorization","10":"product_tag-transport-en","11":"pa_author_att-davide-rampello-en","12":"pa_cover-hardcover","13":"pa_format-24-x-28-cm-en","14":"pa_isbn-9788857244945-en","15":"pa_language-eng","16":"pa_pages-248-en","17":"pa_published-2021-10-05-en","18":"pa_publisher-skira-en","20":"first","21":"outofstock","22":"sale","23":"sold-individually","24":"shipping-taxable","25":"purchasable","26":"product-type-simple"},"yoast_head":"<!-- This site is optimized with the Yoast SEO plugin v27.4 - https:\/\/yoast.com\/product\/yoast-seo-wordpress\/ -->\n<title>Lamborghini with Italy for Italy. 21 Views for a New Drive (Davide Rampello) - book \/ album - Folio<\/title>\n<meta name=\"description\" content=\"Wejd\u017a i kup ksi\u0105\u017ck\u0119 Lamborghini with Italy for Italy. 21 Views for a New Drive autorstwa Davide Rampello wydan\u0105 przez Skira (2021-10-05) w formacie 24 x 28 cm (ISBN: 9788857244945). Zapraszamy!\" \/>\n<meta name=\"robots\" content=\"index, follow, max-snippet:-1, max-image-preview:large, max-video-preview:-1\" \/>\n<link rel=\"canonical\" href=\"https:\/\/foliobooks.pl\/en\/shop\/lamborghini-with-italy-for-italy-21-views-for-a-new-drive\/\" \/>\n<meta property=\"og:locale\" content=\"en_US\" \/>\n<meta property=\"og:type\" content=\"article\" \/>\n<meta property=\"og:title\" content=\"Lamborghini with Italy for Italy. 21 Views for a New Drive (Davide Rampello) - book \/ album - Folio\" \/>\n<meta property=\"og:description\" content=\"Wejd\u017a i kup ksi\u0105\u017ck\u0119 Lamborghini with Italy for Italy. 21 Views for a New Drive autorstwa Davide Rampello wydan\u0105 przez Skira (2021-10-05) w formacie 24 x 28 cm (ISBN: 9788857244945). Zapraszamy!\" \/>\n<meta property=\"og:url\" content=\"https:\/\/foliobooks.pl\/en\/shop\/lamborghini-with-italy-for-italy-21-views-for-a-new-drive\/\" \/>\n<meta property=\"og:site_name\" content=\"Folio\" \/>\n<meta property=\"article:modified_time\" content=\"2025-09-09T13:42:43+00:00\" \/>\n<meta property=\"og:image\" content=\"https:\/\/foliobooks.pl\/wp-content\/uploads\/2022\/03\/9788857244945.png\" \/>\n\t<meta property=\"og:image:width\" content=\"570\" \/>\n\t<meta property=\"og:image:height\" content=\"708\" \/>\n\t<meta property=\"og:image:type\" content=\"image\/png\" \/>\n<meta name=\"twitter:card\" content=\"summary_large_image\" \/>\n<meta name=\"twitter:label1\" content=\"Est. reading time\" \/>\n\t<meta name=\"twitter:data1\" content=\"1 minute\" \/>\n<script type=\"application\/ld+json\" class=\"yoast-schema-graph\">{\"@context\":\"https:\\\/\\\/schema.org\",\"@graph\":[{\"@type\":\"WebPage\",\"@id\":\"https:\\\/\\\/foliobooks.pl\\\/en\\\/shop\\\/lamborghini-with-italy-for-italy-21-views-for-a-new-drive\\\/\",\"url\":\"https:\\\/\\\/foliobooks.pl\\\/en\\\/shop\\\/lamborghini-with-italy-for-italy-21-views-for-a-new-drive\\\/\",\"name\":\"Lamborghini with Italy for Italy. 21 Views for a New Drive (Davide Rampello) - book \\\/ album - Folio\",\"isPartOf\":{\"@id\":\"https:\\\/\\\/foliobooks.pl\\\/en\\\/#website\"},\"primaryImageOfPage\":{\"@id\":\"https:\\\/\\\/foliobooks.pl\\\/en\\\/shop\\\/lamborghini-with-italy-for-italy-21-views-for-a-new-drive\\\/#primaryimage\"},\"image\":{\"@id\":\"https:\\\/\\\/foliobooks.pl\\\/en\\\/shop\\\/lamborghini-with-italy-for-italy-21-views-for-a-new-drive\\\/#primaryimage\"},\"thumbnailUrl\":\"https:\\\/\\\/foliobooks.pl\\\/wp-content\\\/uploads\\\/2022\\\/03\\\/9788857244945.png\",\"datePublished\":\"2022-03-05T18:22:45+00:00\",\"dateModified\":\"2025-09-09T13:42:43+00:00\",\"description\":\"Wejd\u017a i kup ksi\u0105\u017ck\u0119 Lamborghini with Italy for Italy. 21 Views for a New Drive autorstwa Davide Rampello wydan\u0105 przez Skira (2021-10-05) w formacie 24 x 28 cm (ISBN: 9788857244945). Zapraszamy!\",\"breadcrumb\":{\"@id\":\"https:\\\/\\\/foliobooks.pl\\\/en\\\/shop\\\/lamborghini-with-italy-for-italy-21-views-for-a-new-drive\\\/#breadcrumb\"},\"inLanguage\":\"en-US\",\"potentialAction\":[{\"@type\":\"ReadAction\",\"target\":[\"https:\\\/\\\/foliobooks.pl\\\/en\\\/shop\\\/lamborghini-with-italy-for-italy-21-views-for-a-new-drive\\\/\"]}]},{\"@type\":\"ImageObject\",\"inLanguage\":\"en-US\",\"@id\":\"https:\\\/\\\/foliobooks.pl\\\/en\\\/shop\\\/lamborghini-with-italy-for-italy-21-views-for-a-new-drive\\\/#primaryimage\",\"url\":\"https:\\\/\\\/foliobooks.pl\\\/wp-content\\\/uploads\\\/2022\\\/03\\\/9788857244945.png\",\"contentUrl\":\"https:\\\/\\\/foliobooks.pl\\\/wp-content\\\/uploads\\\/2022\\\/03\\\/9788857244945.png\",\"width\":570,\"height\":708},{\"@type\":\"BreadcrumbList\",\"@id\":\"https:\\\/\\\/foliobooks.pl\\\/en\\\/shop\\\/lamborghini-with-italy-for-italy-21-views-for-a-new-drive\\\/#breadcrumb\",\"itemListElement\":[{\"@type\":\"ListItem\",\"position\":1,\"name\":\"Strona g\u0142\u00f3wna\",\"item\":\"https:\\\/\\\/foliobooks.pl\\\/en\\\/\"},{\"@type\":\"ListItem\",\"position\":2,\"name\":\"Shop\",\"item\":\"https:\\\/\\\/foliobooks.pl\\\/en\\\/shop\\\/\"},{\"@type\":\"ListItem\",\"position\":3,\"name\":\"Lamborghini with Italy for Italy. 21 Views for a New Drive\"}]},{\"@type\":\"WebSite\",\"@id\":\"https:\\\/\\\/foliobooks.pl\\\/en\\\/#website\",\"url\":\"https:\\\/\\\/foliobooks.pl\\\/en\\\/\",\"name\":\"Folio\",\"description\":\"Ksi\u0119garnia internetowa\",\"potentialAction\":[{\"@type\":\"SearchAction\",\"target\":{\"@type\":\"EntryPoint\",\"urlTemplate\":\"https:\\\/\\\/foliobooks.pl\\\/en\\\/?s={search_term_string}\"},\"query-input\":{\"@type\":\"PropertyValueSpecification\",\"valueRequired\":true,\"valueName\":\"search_term_string\"}}],\"inLanguage\":\"en-US\"}]}<\/script>\n<!-- \/ Yoast SEO plugin. -->","yoast_head_json":{"title":"Lamborghini with Italy for Italy. 21 Views for a New Drive (Davide Rampello) - book \/ album - Folio","description":"Wejd\u017a i kup ksi\u0105\u017ck\u0119 Lamborghini with Italy for Italy. 21 Views for a New Drive autorstwa Davide Rampello wydan\u0105 przez Skira (2021-10-05) w formacie 24 x 28 cm (ISBN: 9788857244945). Zapraszamy!","robots":{"index":"index","follow":"follow","max-snippet":"max-snippet:-1","max-image-preview":"max-image-preview:large","max-video-preview":"max-video-preview:-1"},"canonical":"https:\/\/foliobooks.pl\/en\/shop\/lamborghini-with-italy-for-italy-21-views-for-a-new-drive\/","og_locale":"en_US","og_type":"article","og_title":"Lamborghini with Italy for Italy. 21 Views for a New Drive (Davide Rampello) - book \/ album - Folio","og_description":"Wejd\u017a i kup ksi\u0105\u017ck\u0119 Lamborghini with Italy for Italy. 21 Views for a New Drive autorstwa Davide Rampello wydan\u0105 przez Skira (2021-10-05) w formacie 24 x 28 cm (ISBN: 9788857244945). Zapraszamy!","og_url":"https:\/\/foliobooks.pl\/en\/shop\/lamborghini-with-italy-for-italy-21-views-for-a-new-drive\/","og_site_name":"Folio","article_modified_time":"2025-09-09T13:42:43+00:00","og_image":[{"width":570,"height":708,"url":"https:\/\/foliobooks.pl\/wp-content\/uploads\/2022\/03\/9788857244945.png","type":"image\/png"}],"twitter_card":"summary_large_image","twitter_misc":{"Est. reading time":"1 minute"},"schema":{"@context":"https:\/\/schema.org","@graph":[{"@type":"WebPage","@id":"https:\/\/foliobooks.pl\/en\/shop\/lamborghini-with-italy-for-italy-21-views-for-a-new-drive\/","url":"https:\/\/foliobooks.pl\/en\/shop\/lamborghini-with-italy-for-italy-21-views-for-a-new-drive\/","name":"Lamborghini with Italy for Italy. 21 Views for a New Drive (Davide Rampello) - book \/ album - Folio","isPartOf":{"@id":"https:\/\/foliobooks.pl\/en\/#website"},"primaryImageOfPage":{"@id":"https:\/\/foliobooks.pl\/en\/shop\/lamborghini-with-italy-for-italy-21-views-for-a-new-drive\/#primaryimage"},"image":{"@id":"https:\/\/foliobooks.pl\/en\/shop\/lamborghini-with-italy-for-italy-21-views-for-a-new-drive\/#primaryimage"},"thumbnailUrl":"https:\/\/foliobooks.pl\/wp-content\/uploads\/2022\/03\/9788857244945.png","datePublished":"2022-03-05T18:22:45+00:00","dateModified":"2025-09-09T13:42:43+00:00","description":"Wejd\u017a i kup ksi\u0105\u017ck\u0119 Lamborghini with Italy for Italy. 21 Views for a New Drive autorstwa Davide Rampello wydan\u0105 przez Skira (2021-10-05) w formacie 24 x 28 cm (ISBN: 9788857244945). Zapraszamy!","breadcrumb":{"@id":"https:\/\/foliobooks.pl\/en\/shop\/lamborghini-with-italy-for-italy-21-views-for-a-new-drive\/#breadcrumb"},"inLanguage":"en-US","potentialAction":[{"@type":"ReadAction","target":["https:\/\/foliobooks.pl\/en\/shop\/lamborghini-with-italy-for-italy-21-views-for-a-new-drive\/"]}]},{"@type":"ImageObject","inLanguage":"en-US","@id":"https:\/\/foliobooks.pl\/en\/shop\/lamborghini-with-italy-for-italy-21-views-for-a-new-drive\/#primaryimage","url":"https:\/\/foliobooks.pl\/wp-content\/uploads\/2022\/03\/9788857244945.png","contentUrl":"https:\/\/foliobooks.pl\/wp-content\/uploads\/2022\/03\/9788857244945.png","width":570,"height":708},{"@type":"BreadcrumbList","@id":"https:\/\/foliobooks.pl\/en\/shop\/lamborghini-with-italy-for-italy-21-views-for-a-new-drive\/#breadcrumb","itemListElement":[{"@type":"ListItem","position":1,"name":"Strona g\u0142\u00f3wna","item":"https:\/\/foliobooks.pl\/en\/"},{"@type":"ListItem","position":2,"name":"Shop","item":"https:\/\/foliobooks.pl\/en\/shop\/"},{"@type":"ListItem","position":3,"name":"Lamborghini with Italy for Italy. 21 Views for a New Drive"}]},{"@type":"WebSite","@id":"https:\/\/foliobooks.pl\/en\/#website","url":"https:\/\/foliobooks.pl\/en\/","name":"Folio","description":"Ksi\u0119garnia internetowa","potentialAction":[{"@type":"SearchAction","target":{"@type":"EntryPoint","urlTemplate":"https:\/\/foliobooks.pl\/en\/?s={search_term_string}"},"query-input":{"@type":"PropertyValueSpecification","valueRequired":true,"valueName":"search_term_string"}}],"inLanguage":"en-US"}]}},"_links":{"self":[{"href":"https:\/\/foliobooks.pl\/en\/wp-json\/wp\/v2\/product\/62127","targetHints":{"allow":["GET"]}}],"collection":[{"href":"https:\/\/foliobooks.pl\/en\/wp-json\/wp\/v2\/product"}],"about":[{"href":"https:\/\/foliobooks.pl\/en\/wp-json\/wp\/v2\/types\/product"}],"replies":[{"embeddable":true,"href":"https:\/\/foliobooks.pl\/en\/wp-json\/wp\/v2\/comments?post=62127"}],"wp:featuredmedia":[{"embeddable":true,"href":"https:\/\/foliobooks.pl\/en\/wp-json\/wp\/v2\/media\/62110"}],"wp:attachment":[{"href":"https:\/\/foliobooks.pl\/en\/wp-json\/wp\/v2\/media?parent=62127"}],"wp:term":[{"taxonomy":"product_brand","embeddable":true,"href":"https:\/\/foliobooks.pl\/en\/wp-json\/wp\/v2\/product_brand?post=62127"},{"taxonomy":"product_cat","embeddable":true,"href":"https:\/\/foliobooks.pl\/en\/wp-json\/wp\/v2\/product_cat?post=62127"},{"taxonomy":"product_tag","embeddable":true,"href":"https:\/\/foliobooks.pl\/en\/wp-json\/wp\/v2\/product_tag?post=62127"}],"curies":[{"name":"wp","href":"https:\/\/api.w.org\/{rel}","templated":true}]}}