{"id":61954,"date":"2022-03-03T13:10:38","date_gmt":"2022-03-03T12:10:38","guid":{"rendered":"https:\/\/foliobooks.pl\/?post_type=product&#038;p=61954"},"modified":"2024-01-03T15:11:33","modified_gmt":"2024-01-03T14:11:33","slug":"william-claxton-jazzlife","status":"publish","type":"product","link":"https:\/\/foliobooks.pl\/en\/shop\/william-claxton-jazzlife\/","title":{"rendered":"William Claxton. Jazzlife"},"content":{"rendered":"<p>The ultimate evocative jazz trip through time<br \/>\nIn 1960, photographer William Claxton and noted musicologist Joachim Berendt traveled the United States hot on the trail of jazz. Through music halls and marching bands, side streets and subways, they sought to document this living, breathing, beating musical phenomenon that enraptured America across social, economic, and racial lines.<\/p>\n<p>The result of Claxton and Berendt\u2019s collaboration was Jazzlife, much sought after by collectors and now revived in this fresh TASCHEN volume. From coast to coast, from unknown street performers to legends of the genre, this defining jazz journey explores just what made up this most original of American art forms. In New Orleans and New York, in St. Louis, Biloxi, Jackson, and beyond, Claxton\u2019s rapturous yet tender images and accompanying texts examine jazz\u2019s regional diversity as much as its pervasive vitality and soul. They show the music makers and the many spaces and people this music touched, from funeral parades to concert stages, from an elderly trumpet player to kids who hung from windows to catch a glimpse of a passing band.<\/p>\n<p>With images of Charlie Parker, Count Basie, Duke Ellington, Muddy Waters, Gabor Szabo, Dave Brubeck, Stan Getz, Billie Holiday, Ella Fitzgerald, Miles Davis, Charles Mingus, Thelonious Monk, John Coltrane, and many more, this is as much a compelling slice of history as it is a loving personal tribute.<\/p>\n","protected":false},"excerpt":{"rendered":"<p>The ultimate evocative jazz trip through time In 1960, photographer William Claxton and noted musicologist Joachim Berendt traveled the United States hot on the trail of jazz. Through music halls and marching bands, side streets and subways, they sought to document this living, breathing, beating musical phenomenon that enraptured America across social, economic, and racial&#8230;<\/p>\n","protected":false},"featured_media":61939,"comment_status":"closed","ping_status":"closed","template":"","meta":[],"product_brand":[],"product_cat":[4522,13533],"product_tag":[9083,1102,1269],"class_list":{"0":"post-61954","1":"product","2":"type-product","3":"status-publish","4":"has-post-thumbnail","6":"product_cat-art-en","7":"product_cat-books","8":"product_tag-art-en","9":"product_tag-music-en","10":"product_tag-musicians","11":"pa_author_att-joachim-e-berendt-en","12":"pa_cover-hardcover","13":"pa_format-24-x-336-cm-en","14":"pa_isbn-9783836542937-en","15":"pa_language-eng","16":"pa_pages-600-en","17":"pa_published-2021-05-11-en","18":"pa_publisher-taschen-en-en","20":"first","21":"outofstock","22":"sold-individually","23":"shipping-taxable","24":"purchasable","25":"product-type-simple"},"yoast_head":"<!-- This site is optimized with the Yoast SEO plugin v27.4 - https:\/\/yoast.com\/product\/yoast-seo-wordpress\/ -->\n<title>William Claxton. Jazzlife (Joachim E. Berendt) - book \/ album - Folio<\/title>\n<meta name=\"description\" content=\"Wejd\u017a i kup ksi\u0105\u017ck\u0119 William Claxton. Jazzlife autorstwa Joachim E. Berendt wydan\u0105 przez TASCHEN (2021-05-11) w formacie 24 x 33,6 cm (ISBN: 9783836542937). Zapraszamy!\" \/>\n<meta name=\"robots\" content=\"index, follow, max-snippet:-1, max-image-preview:large, max-video-preview:-1\" \/>\n<link rel=\"canonical\" href=\"https:\/\/foliobooks.pl\/en\/shop\/william-claxton-jazzlife\/\" \/>\n<meta property=\"og:locale\" content=\"en_US\" \/>\n<meta property=\"og:type\" content=\"article\" \/>\n<meta property=\"og:title\" content=\"William Claxton. Jazzlife (Joachim E. Berendt) - book \/ album - Folio\" \/>\n<meta property=\"og:description\" content=\"Wejd\u017a i kup ksi\u0105\u017ck\u0119 William Claxton. Jazzlife autorstwa Joachim E. Berendt wydan\u0105 przez TASCHEN (2021-05-11) w formacie 24 x 33,6 cm (ISBN: 9783836542937). Zapraszamy!\" \/>\n<meta property=\"og:url\" content=\"https:\/\/foliobooks.pl\/en\/shop\/william-claxton-jazzlife\/\" \/>\n<meta property=\"og:site_name\" content=\"Folio\" \/>\n<meta property=\"article:modified_time\" content=\"2024-01-03T14:11:33+00:00\" \/>\n<meta property=\"og:image\" content=\"https:\/\/foliobooks.pl\/wp-content\/uploads\/2022\/03\/9783836542937.png\" \/>\n\t<meta property=\"og:image:width\" content=\"570\" \/>\n\t<meta property=\"og:image:height\" content=\"708\" \/>\n\t<meta property=\"og:image:type\" content=\"image\/png\" \/>\n<meta name=\"twitter:card\" content=\"summary_large_image\" \/>\n<meta name=\"twitter:label1\" content=\"Est. reading time\" \/>\n\t<meta name=\"twitter:data1\" content=\"1 minute\" \/>\n<script type=\"application\/ld+json\" class=\"yoast-schema-graph\">{\"@context\":\"https:\\\/\\\/schema.org\",\"@graph\":[{\"@type\":\"WebPage\",\"@id\":\"https:\\\/\\\/foliobooks.pl\\\/en\\\/shop\\\/william-claxton-jazzlife\\\/\",\"url\":\"https:\\\/\\\/foliobooks.pl\\\/en\\\/shop\\\/william-claxton-jazzlife\\\/\",\"name\":\"William Claxton. Jazzlife (Joachim E. Berendt) - book \\\/ album - Folio\",\"isPartOf\":{\"@id\":\"https:\\\/\\\/foliobooks.pl\\\/en\\\/#website\"},\"primaryImageOfPage\":{\"@id\":\"https:\\\/\\\/foliobooks.pl\\\/en\\\/shop\\\/william-claxton-jazzlife\\\/#primaryimage\"},\"image\":{\"@id\":\"https:\\\/\\\/foliobooks.pl\\\/en\\\/shop\\\/william-claxton-jazzlife\\\/#primaryimage\"},\"thumbnailUrl\":\"https:\\\/\\\/foliobooks.pl\\\/wp-content\\\/uploads\\\/2022\\\/03\\\/9783836542937.png\",\"datePublished\":\"2022-03-03T12:10:38+00:00\",\"dateModified\":\"2024-01-03T14:11:33+00:00\",\"description\":\"Wejd\u017a i kup ksi\u0105\u017ck\u0119 William Claxton. Jazzlife autorstwa Joachim E. Berendt wydan\u0105 przez TASCHEN (2021-05-11) w formacie 24 x 33,6 cm (ISBN: 9783836542937). Zapraszamy!\",\"breadcrumb\":{\"@id\":\"https:\\\/\\\/foliobooks.pl\\\/en\\\/shop\\\/william-claxton-jazzlife\\\/#breadcrumb\"},\"inLanguage\":\"en-US\",\"potentialAction\":[{\"@type\":\"ReadAction\",\"target\":[\"https:\\\/\\\/foliobooks.pl\\\/en\\\/shop\\\/william-claxton-jazzlife\\\/\"]}]},{\"@type\":\"ImageObject\",\"inLanguage\":\"en-US\",\"@id\":\"https:\\\/\\\/foliobooks.pl\\\/en\\\/shop\\\/william-claxton-jazzlife\\\/#primaryimage\",\"url\":\"https:\\\/\\\/foliobooks.pl\\\/wp-content\\\/uploads\\\/2022\\\/03\\\/9783836542937.png\",\"contentUrl\":\"https:\\\/\\\/foliobooks.pl\\\/wp-content\\\/uploads\\\/2022\\\/03\\\/9783836542937.png\",\"width\":570,\"height\":708},{\"@type\":\"BreadcrumbList\",\"@id\":\"https:\\\/\\\/foliobooks.pl\\\/en\\\/shop\\\/william-claxton-jazzlife\\\/#breadcrumb\",\"itemListElement\":[{\"@type\":\"ListItem\",\"position\":1,\"name\":\"Strona g\u0142\u00f3wna\",\"item\":\"https:\\\/\\\/foliobooks.pl\\\/en\\\/\"},{\"@type\":\"ListItem\",\"position\":2,\"name\":\"Shop\",\"item\":\"https:\\\/\\\/foliobooks.pl\\\/en\\\/shop\\\/\"},{\"@type\":\"ListItem\",\"position\":3,\"name\":\"William Claxton. Jazzlife\"}]},{\"@type\":\"WebSite\",\"@id\":\"https:\\\/\\\/foliobooks.pl\\\/en\\\/#website\",\"url\":\"https:\\\/\\\/foliobooks.pl\\\/en\\\/\",\"name\":\"Folio\",\"description\":\"Ksi\u0119garnia internetowa\",\"potentialAction\":[{\"@type\":\"SearchAction\",\"target\":{\"@type\":\"EntryPoint\",\"urlTemplate\":\"https:\\\/\\\/foliobooks.pl\\\/en\\\/?s={search_term_string}\"},\"query-input\":{\"@type\":\"PropertyValueSpecification\",\"valueRequired\":true,\"valueName\":\"search_term_string\"}}],\"inLanguage\":\"en-US\"}]}<\/script>\n<!-- \/ Yoast SEO plugin. -->","yoast_head_json":{"title":"William Claxton. Jazzlife (Joachim E. Berendt) - book \/ album - Folio","description":"Wejd\u017a i kup ksi\u0105\u017ck\u0119 William Claxton. Jazzlife autorstwa Joachim E. Berendt wydan\u0105 przez TASCHEN (2021-05-11) w formacie 24 x 33,6 cm (ISBN: 9783836542937). Zapraszamy!","robots":{"index":"index","follow":"follow","max-snippet":"max-snippet:-1","max-image-preview":"max-image-preview:large","max-video-preview":"max-video-preview:-1"},"canonical":"https:\/\/foliobooks.pl\/en\/shop\/william-claxton-jazzlife\/","og_locale":"en_US","og_type":"article","og_title":"William Claxton. Jazzlife (Joachim E. Berendt) - book \/ album - Folio","og_description":"Wejd\u017a i kup ksi\u0105\u017ck\u0119 William Claxton. Jazzlife autorstwa Joachim E. Berendt wydan\u0105 przez TASCHEN (2021-05-11) w formacie 24 x 33,6 cm (ISBN: 9783836542937). Zapraszamy!","og_url":"https:\/\/foliobooks.pl\/en\/shop\/william-claxton-jazzlife\/","og_site_name":"Folio","article_modified_time":"2024-01-03T14:11:33+00:00","og_image":[{"width":570,"height":708,"url":"https:\/\/foliobooks.pl\/wp-content\/uploads\/2022\/03\/9783836542937.png","type":"image\/png"}],"twitter_card":"summary_large_image","twitter_misc":{"Est. reading time":"1 minute"},"schema":{"@context":"https:\/\/schema.org","@graph":[{"@type":"WebPage","@id":"https:\/\/foliobooks.pl\/en\/shop\/william-claxton-jazzlife\/","url":"https:\/\/foliobooks.pl\/en\/shop\/william-claxton-jazzlife\/","name":"William Claxton. Jazzlife (Joachim E. Berendt) - book \/ album - Folio","isPartOf":{"@id":"https:\/\/foliobooks.pl\/en\/#website"},"primaryImageOfPage":{"@id":"https:\/\/foliobooks.pl\/en\/shop\/william-claxton-jazzlife\/#primaryimage"},"image":{"@id":"https:\/\/foliobooks.pl\/en\/shop\/william-claxton-jazzlife\/#primaryimage"},"thumbnailUrl":"https:\/\/foliobooks.pl\/wp-content\/uploads\/2022\/03\/9783836542937.png","datePublished":"2022-03-03T12:10:38+00:00","dateModified":"2024-01-03T14:11:33+00:00","description":"Wejd\u017a i kup ksi\u0105\u017ck\u0119 William Claxton. Jazzlife autorstwa Joachim E. Berendt wydan\u0105 przez TASCHEN (2021-05-11) w formacie 24 x 33,6 cm (ISBN: 9783836542937). Zapraszamy!","breadcrumb":{"@id":"https:\/\/foliobooks.pl\/en\/shop\/william-claxton-jazzlife\/#breadcrumb"},"inLanguage":"en-US","potentialAction":[{"@type":"ReadAction","target":["https:\/\/foliobooks.pl\/en\/shop\/william-claxton-jazzlife\/"]}]},{"@type":"ImageObject","inLanguage":"en-US","@id":"https:\/\/foliobooks.pl\/en\/shop\/william-claxton-jazzlife\/#primaryimage","url":"https:\/\/foliobooks.pl\/wp-content\/uploads\/2022\/03\/9783836542937.png","contentUrl":"https:\/\/foliobooks.pl\/wp-content\/uploads\/2022\/03\/9783836542937.png","width":570,"height":708},{"@type":"BreadcrumbList","@id":"https:\/\/foliobooks.pl\/en\/shop\/william-claxton-jazzlife\/#breadcrumb","itemListElement":[{"@type":"ListItem","position":1,"name":"Strona g\u0142\u00f3wna","item":"https:\/\/foliobooks.pl\/en\/"},{"@type":"ListItem","position":2,"name":"Shop","item":"https:\/\/foliobooks.pl\/en\/shop\/"},{"@type":"ListItem","position":3,"name":"William Claxton. Jazzlife"}]},{"@type":"WebSite","@id":"https:\/\/foliobooks.pl\/en\/#website","url":"https:\/\/foliobooks.pl\/en\/","name":"Folio","description":"Ksi\u0119garnia internetowa","potentialAction":[{"@type":"SearchAction","target":{"@type":"EntryPoint","urlTemplate":"https:\/\/foliobooks.pl\/en\/?s={search_term_string}"},"query-input":{"@type":"PropertyValueSpecification","valueRequired":true,"valueName":"search_term_string"}}],"inLanguage":"en-US"}]}},"_links":{"self":[{"href":"https:\/\/foliobooks.pl\/en\/wp-json\/wp\/v2\/product\/61954","targetHints":{"allow":["GET"]}}],"collection":[{"href":"https:\/\/foliobooks.pl\/en\/wp-json\/wp\/v2\/product"}],"about":[{"href":"https:\/\/foliobooks.pl\/en\/wp-json\/wp\/v2\/types\/product"}],"replies":[{"embeddable":true,"href":"https:\/\/foliobooks.pl\/en\/wp-json\/wp\/v2\/comments?post=61954"}],"wp:featuredmedia":[{"embeddable":true,"href":"https:\/\/foliobooks.pl\/en\/wp-json\/wp\/v2\/media\/61939"}],"wp:attachment":[{"href":"https:\/\/foliobooks.pl\/en\/wp-json\/wp\/v2\/media?parent=61954"}],"wp:term":[{"taxonomy":"product_brand","embeddable":true,"href":"https:\/\/foliobooks.pl\/en\/wp-json\/wp\/v2\/product_brand?post=61954"},{"taxonomy":"product_cat","embeddable":true,"href":"https:\/\/foliobooks.pl\/en\/wp-json\/wp\/v2\/product_cat?post=61954"},{"taxonomy":"product_tag","embeddable":true,"href":"https:\/\/foliobooks.pl\/en\/wp-json\/wp\/v2\/product_tag?post=61954"}],"curies":[{"name":"wp","href":"https:\/\/api.w.org\/{rel}","templated":true}]}}