{"id":61886,"date":"2022-03-02T22:17:57","date_gmt":"2022-03-02T21:17:57","guid":{"rendered":"https:\/\/foliobooks.pl\/?post_type=product&#038;p=61886"},"modified":"2022-03-03T13:07:56","modified_gmt":"2022-03-03T12:07:56","slug":"selected-works-vincent-peters","status":"publish","type":"product","link":"https:\/\/foliobooks.pl\/en\/shop\/selected-works-vincent-peters\/","title":{"rendered":"Selected Works. Vincent Peters"},"content":{"rendered":"<p>Vincent Peters&#8217; photographs have left the fast-moving trends of fashion photography behind and become timeless works of art. Born in Bremen in 1969, Peters has been one of the most sought-after fashion and portrait photographers for over 25 years. With his signature black-and-white photography and exquisite lighting, his portraits look like snapshots from classic movies. Supermodels, stars, and legends have all stood before his camera \u2015 from Pen\u00e9lope Cruz and Rosamund Pike to Mickey Rourke and Matt Dillon. This new Collector&#8217;s Edition with luxurious linen finish expands on Peters&#8217; bestselling book with 30 new images, all personally selected by Peters. A collection of astonishing portraits, in which the intimate urgency of the moment creates a timeless image.<\/p>\n","protected":false},"excerpt":{"rendered":"<p>Vincent Peters&#8217; photographs have left the fast-moving trends of fashion photography behind and become timeless works of art. Born in Bremen in 1969, Peters has been one of the most sought-after fashion and portrait photographers for over 25 years. With his signature black-and-white photography and exquisite lighting, his portraits look like snapshots from classic movies&#8230;.<\/p>\n","protected":false},"featured_media":61868,"comment_status":"closed","ping_status":"closed","template":"","meta":[],"product_brand":[],"product_cat":[13533,4517],"product_tag":[6308,154,6632,6121],"class_list":{"0":"post-61886","1":"product","2":"type-product","3":"status-publish","4":"has-post-thumbnail","6":"product_cat-books","7":"product_cat-photography-en","8":"product_tag-actors","9":"product_tag-monographs","10":"product_tag-photographers","11":"product_tag-photography","12":"pa_author_att-vincent-peters-en","13":"pa_cover-hardcover","14":"pa_format-275-x-34-cm-en","15":"pa_isbn-9783961713752-en","16":"pa_language-eng","17":"pa_pages-192-en","18":"pa_published-2021-12-01-en","19":"pa_publisher-teneues-en","21":"first","22":"outofstock","23":"sold-individually","24":"shipping-taxable","25":"purchasable","26":"product-type-simple"},"yoast_head":"<!-- This site is optimized with the Yoast SEO plugin v27.4 - https:\/\/yoast.com\/product\/yoast-seo-wordpress\/ -->\n<title>Selected Works. Vincent Peters (Vincent Peters) - book \/ album - Folio<\/title>\n<meta name=\"description\" content=\"Wejd\u017a i kup ksi\u0105\u017ck\u0119 Selected Works. Vincent Peters autorstwa Vincent Peters wydan\u0105 przez teNeues (2021-12-01) w formacie 27,5 x 34 cm (ISBN: 9783961713752). Zapraszamy!\" \/>\n<meta name=\"robots\" content=\"index, follow, max-snippet:-1, max-image-preview:large, max-video-preview:-1\" \/>\n<link rel=\"canonical\" href=\"https:\/\/foliobooks.pl\/en\/shop\/selected-works-vincent-peters\/\" \/>\n<meta property=\"og:locale\" content=\"en_US\" \/>\n<meta property=\"og:type\" content=\"article\" \/>\n<meta property=\"og:title\" content=\"Selected Works. Vincent Peters (Vincent Peters) - book \/ album - Folio\" \/>\n<meta property=\"og:description\" content=\"Wejd\u017a i kup ksi\u0105\u017ck\u0119 Selected Works. Vincent Peters autorstwa Vincent Peters wydan\u0105 przez teNeues (2021-12-01) w formacie 27,5 x 34 cm (ISBN: 9783961713752). Zapraszamy!\" \/>\n<meta property=\"og:url\" content=\"https:\/\/foliobooks.pl\/en\/shop\/selected-works-vincent-peters\/\" \/>\n<meta property=\"og:site_name\" content=\"Folio\" \/>\n<meta property=\"article:modified_time\" content=\"2022-03-03T12:07:56+00:00\" \/>\n<meta property=\"og:image\" content=\"https:\/\/foliobooks.pl\/wp-content\/uploads\/2022\/03\/9783961713752.png\" \/>\n\t<meta property=\"og:image:width\" content=\"570\" \/>\n\t<meta property=\"og:image:height\" content=\"708\" \/>\n\t<meta property=\"og:image:type\" content=\"image\/png\" \/>\n<meta name=\"twitter:card\" content=\"summary_large_image\" \/>\n<meta name=\"twitter:label1\" content=\"Est. reading time\" \/>\n\t<meta name=\"twitter:data1\" content=\"1 minute\" \/>\n<script type=\"application\/ld+json\" class=\"yoast-schema-graph\">{\"@context\":\"https:\\\/\\\/schema.org\",\"@graph\":[{\"@type\":\"WebPage\",\"@id\":\"https:\\\/\\\/foliobooks.pl\\\/en\\\/shop\\\/selected-works-vincent-peters\\\/\",\"url\":\"https:\\\/\\\/foliobooks.pl\\\/en\\\/shop\\\/selected-works-vincent-peters\\\/\",\"name\":\"Selected Works. Vincent Peters (Vincent Peters) - book \\\/ album - Folio\",\"isPartOf\":{\"@id\":\"https:\\\/\\\/foliobooks.pl\\\/en\\\/#website\"},\"primaryImageOfPage\":{\"@id\":\"https:\\\/\\\/foliobooks.pl\\\/en\\\/shop\\\/selected-works-vincent-peters\\\/#primaryimage\"},\"image\":{\"@id\":\"https:\\\/\\\/foliobooks.pl\\\/en\\\/shop\\\/selected-works-vincent-peters\\\/#primaryimage\"},\"thumbnailUrl\":\"https:\\\/\\\/foliobooks.pl\\\/wp-content\\\/uploads\\\/2022\\\/03\\\/9783961713752.png\",\"datePublished\":\"2022-03-02T21:17:57+00:00\",\"dateModified\":\"2022-03-03T12:07:56+00:00\",\"description\":\"Wejd\u017a i kup ksi\u0105\u017ck\u0119 Selected Works. Vincent Peters autorstwa Vincent Peters wydan\u0105 przez teNeues (2021-12-01) w formacie 27,5 x 34 cm (ISBN: 9783961713752). Zapraszamy!\",\"breadcrumb\":{\"@id\":\"https:\\\/\\\/foliobooks.pl\\\/en\\\/shop\\\/selected-works-vincent-peters\\\/#breadcrumb\"},\"inLanguage\":\"en-US\",\"potentialAction\":[{\"@type\":\"ReadAction\",\"target\":[\"https:\\\/\\\/foliobooks.pl\\\/en\\\/shop\\\/selected-works-vincent-peters\\\/\"]}]},{\"@type\":\"ImageObject\",\"inLanguage\":\"en-US\",\"@id\":\"https:\\\/\\\/foliobooks.pl\\\/en\\\/shop\\\/selected-works-vincent-peters\\\/#primaryimage\",\"url\":\"https:\\\/\\\/foliobooks.pl\\\/wp-content\\\/uploads\\\/2022\\\/03\\\/9783961713752.png\",\"contentUrl\":\"https:\\\/\\\/foliobooks.pl\\\/wp-content\\\/uploads\\\/2022\\\/03\\\/9783961713752.png\",\"width\":570,\"height\":708},{\"@type\":\"BreadcrumbList\",\"@id\":\"https:\\\/\\\/foliobooks.pl\\\/en\\\/shop\\\/selected-works-vincent-peters\\\/#breadcrumb\",\"itemListElement\":[{\"@type\":\"ListItem\",\"position\":1,\"name\":\"Strona g\u0142\u00f3wna\",\"item\":\"https:\\\/\\\/foliobooks.pl\\\/en\\\/\"},{\"@type\":\"ListItem\",\"position\":2,\"name\":\"Shop\",\"item\":\"https:\\\/\\\/foliobooks.pl\\\/en\\\/shop\\\/\"},{\"@type\":\"ListItem\",\"position\":3,\"name\":\"Selected Works. Vincent Peters\"}]},{\"@type\":\"WebSite\",\"@id\":\"https:\\\/\\\/foliobooks.pl\\\/en\\\/#website\",\"url\":\"https:\\\/\\\/foliobooks.pl\\\/en\\\/\",\"name\":\"Folio\",\"description\":\"Ksi\u0119garnia internetowa\",\"potentialAction\":[{\"@type\":\"SearchAction\",\"target\":{\"@type\":\"EntryPoint\",\"urlTemplate\":\"https:\\\/\\\/foliobooks.pl\\\/en\\\/?s={search_term_string}\"},\"query-input\":{\"@type\":\"PropertyValueSpecification\",\"valueRequired\":true,\"valueName\":\"search_term_string\"}}],\"inLanguage\":\"en-US\"}]}<\/script>\n<!-- \/ Yoast SEO plugin. -->","yoast_head_json":{"title":"Selected Works. Vincent Peters (Vincent Peters) - book \/ album - Folio","description":"Wejd\u017a i kup ksi\u0105\u017ck\u0119 Selected Works. Vincent Peters autorstwa Vincent Peters wydan\u0105 przez teNeues (2021-12-01) w formacie 27,5 x 34 cm (ISBN: 9783961713752). Zapraszamy!","robots":{"index":"index","follow":"follow","max-snippet":"max-snippet:-1","max-image-preview":"max-image-preview:large","max-video-preview":"max-video-preview:-1"},"canonical":"https:\/\/foliobooks.pl\/en\/shop\/selected-works-vincent-peters\/","og_locale":"en_US","og_type":"article","og_title":"Selected Works. Vincent Peters (Vincent Peters) - book \/ album - Folio","og_description":"Wejd\u017a i kup ksi\u0105\u017ck\u0119 Selected Works. Vincent Peters autorstwa Vincent Peters wydan\u0105 przez teNeues (2021-12-01) w formacie 27,5 x 34 cm (ISBN: 9783961713752). Zapraszamy!","og_url":"https:\/\/foliobooks.pl\/en\/shop\/selected-works-vincent-peters\/","og_site_name":"Folio","article_modified_time":"2022-03-03T12:07:56+00:00","og_image":[{"width":570,"height":708,"url":"https:\/\/foliobooks.pl\/wp-content\/uploads\/2022\/03\/9783961713752.png","type":"image\/png"}],"twitter_card":"summary_large_image","twitter_misc":{"Est. reading time":"1 minute"},"schema":{"@context":"https:\/\/schema.org","@graph":[{"@type":"WebPage","@id":"https:\/\/foliobooks.pl\/en\/shop\/selected-works-vincent-peters\/","url":"https:\/\/foliobooks.pl\/en\/shop\/selected-works-vincent-peters\/","name":"Selected Works. Vincent Peters (Vincent Peters) - book \/ album - Folio","isPartOf":{"@id":"https:\/\/foliobooks.pl\/en\/#website"},"primaryImageOfPage":{"@id":"https:\/\/foliobooks.pl\/en\/shop\/selected-works-vincent-peters\/#primaryimage"},"image":{"@id":"https:\/\/foliobooks.pl\/en\/shop\/selected-works-vincent-peters\/#primaryimage"},"thumbnailUrl":"https:\/\/foliobooks.pl\/wp-content\/uploads\/2022\/03\/9783961713752.png","datePublished":"2022-03-02T21:17:57+00:00","dateModified":"2022-03-03T12:07:56+00:00","description":"Wejd\u017a i kup ksi\u0105\u017ck\u0119 Selected Works. Vincent Peters autorstwa Vincent Peters wydan\u0105 przez teNeues (2021-12-01) w formacie 27,5 x 34 cm (ISBN: 9783961713752). Zapraszamy!","breadcrumb":{"@id":"https:\/\/foliobooks.pl\/en\/shop\/selected-works-vincent-peters\/#breadcrumb"},"inLanguage":"en-US","potentialAction":[{"@type":"ReadAction","target":["https:\/\/foliobooks.pl\/en\/shop\/selected-works-vincent-peters\/"]}]},{"@type":"ImageObject","inLanguage":"en-US","@id":"https:\/\/foliobooks.pl\/en\/shop\/selected-works-vincent-peters\/#primaryimage","url":"https:\/\/foliobooks.pl\/wp-content\/uploads\/2022\/03\/9783961713752.png","contentUrl":"https:\/\/foliobooks.pl\/wp-content\/uploads\/2022\/03\/9783961713752.png","width":570,"height":708},{"@type":"BreadcrumbList","@id":"https:\/\/foliobooks.pl\/en\/shop\/selected-works-vincent-peters\/#breadcrumb","itemListElement":[{"@type":"ListItem","position":1,"name":"Strona g\u0142\u00f3wna","item":"https:\/\/foliobooks.pl\/en\/"},{"@type":"ListItem","position":2,"name":"Shop","item":"https:\/\/foliobooks.pl\/en\/shop\/"},{"@type":"ListItem","position":3,"name":"Selected Works. Vincent Peters"}]},{"@type":"WebSite","@id":"https:\/\/foliobooks.pl\/en\/#website","url":"https:\/\/foliobooks.pl\/en\/","name":"Folio","description":"Ksi\u0119garnia internetowa","potentialAction":[{"@type":"SearchAction","target":{"@type":"EntryPoint","urlTemplate":"https:\/\/foliobooks.pl\/en\/?s={search_term_string}"},"query-input":{"@type":"PropertyValueSpecification","valueRequired":true,"valueName":"search_term_string"}}],"inLanguage":"en-US"}]}},"_links":{"self":[{"href":"https:\/\/foliobooks.pl\/en\/wp-json\/wp\/v2\/product\/61886","targetHints":{"allow":["GET"]}}],"collection":[{"href":"https:\/\/foliobooks.pl\/en\/wp-json\/wp\/v2\/product"}],"about":[{"href":"https:\/\/foliobooks.pl\/en\/wp-json\/wp\/v2\/types\/product"}],"replies":[{"embeddable":true,"href":"https:\/\/foliobooks.pl\/en\/wp-json\/wp\/v2\/comments?post=61886"}],"wp:featuredmedia":[{"embeddable":true,"href":"https:\/\/foliobooks.pl\/en\/wp-json\/wp\/v2\/media\/61868"}],"wp:attachment":[{"href":"https:\/\/foliobooks.pl\/en\/wp-json\/wp\/v2\/media?parent=61886"}],"wp:term":[{"taxonomy":"product_brand","embeddable":true,"href":"https:\/\/foliobooks.pl\/en\/wp-json\/wp\/v2\/product_brand?post=61886"},{"taxonomy":"product_cat","embeddable":true,"href":"https:\/\/foliobooks.pl\/en\/wp-json\/wp\/v2\/product_cat?post=61886"},{"taxonomy":"product_tag","embeddable":true,"href":"https:\/\/foliobooks.pl\/en\/wp-json\/wp\/v2\/product_tag?post=61886"}],"curies":[{"name":"wp","href":"https:\/\/api.w.org\/{rel}","templated":true}]}}