{"id":61866,"date":"2022-03-02T22:10:11","date_gmt":"2022-03-02T21:10:11","guid":{"rendered":"https:\/\/foliobooks.pl\/sklep\/tom-ford-002\/"},"modified":"2024-05-10T14:50:21","modified_gmt":"2024-05-10T12:50:21","slug":"tom-ford-002","status":"publish","type":"product","link":"https:\/\/foliobooks.pl\/en\/shop\/tom-ford-002\/","title":{"rendered":"Tom Ford 002"},"content":{"rendered":"<p>Synonymous with high-octane glamour, opulent sexuality, and fearless fashion, Tom Ford is an iconic designer whose namesake label has devout followers across the globe, from Milan and New Delhi to Shanghai and New York. Seventeen years after his best-selling debut book Tom Ford (2004), which detailed his time as creative director for the Italian label Gucci, this second volume is a visual ode to Ford\u2019s eponymous brand created in 2005 and encompasses cosmetics, eyewear, menswear, and his critically acclaimed womenswear line.<\/p>\n<p>The revered designer not only catapulted his brand to the highest echelons of the fashion world\u2014receiving accolades from the Council of Fashion Designers of America and Time magazine\u2019s Best Designer of the Year\u2014but also commanded the attention of Hollywood by featuring loyal A-list fans such as Julianne Moore, Lauren Hutton, Pat Cleveland, and Nicholas Hoult in his runway shows and advertising campaigns. This gorgeous slipcased volume includes dazzling imagery of Ford\u2019s clothing and accessories designs, fashion editorials featuring top models such as Gigi Hadid, Joan Smalls, Mica Arga\u00f1araz, and Jon Kortajarena, and his signature sexually-charged advertising campaigns by photographers such as Inez &amp; Vinoodh, Nick Knight, Steven Meisel, and Mert &amp; Marcus.<\/p>\n<p>This volume, printed with Forest Stewardship Council approved materials and edited by Ford personally, reflects his exceptional taste and unapologetic sensual aesthetic and is a true collector\u2019s item for his devotees and connoisseurs of fashion, style, and design.<\/p>\n","protected":false},"excerpt":{"rendered":"<p>Synonymous with high-octane glamour, opulent sexuality, and fearless fashion, Tom Ford is an iconic designer whose namesake label has devout followers across the globe, from Milan and New Delhi to Shanghai and New York. Seventeen years after his best-selling debut book Tom Ford (2004), which detailed his time as creative director for the Italian label&#8230;<\/p>\n","protected":false},"featured_media":61865,"comment_status":"closed","ping_status":"closed","template":"","meta":[],"product_brand":[],"product_cat":[13533,4519,4517],"product_tag":[157,6125,11253,6121],"class_list":{"0":"post-61866","1":"product","2":"type-product","3":"status-publish","4":"has-post-thumbnail","6":"product_cat-books","7":"product_cat-fashion-en-en","8":"product_cat-photography-en","9":"product_tag-designers","10":"product_tag-fashion","11":"product_tag-fashion-design-en","12":"product_tag-photography","13":"pa_author_att-tom-ford-en","14":"pa_cover-hardcover","15":"pa_format-273-x-356-cm-en","16":"pa_isbn-9780847864379-en","17":"pa_language-eng","18":"pa_pages-416-en-2","19":"pa_published-2021-11-16-en","20":"pa_publisher-rizzoli-en","22":"first","23":"instock","24":"sold-individually","25":"shipping-taxable","26":"purchasable","27":"product-type-simple"},"yoast_head":"<!-- This site is optimized with the Yoast SEO plugin v27.4 - https:\/\/yoast.com\/product\/yoast-seo-wordpress\/ -->\n<title>Tom Ford 002 (Tom Ford) - book \/ album - Folio<\/title>\n<meta name=\"description\" content=\"Wejd\u017a i kup ksi\u0105\u017ck\u0119 Tom Ford 002 autorstwa Tom Ford wydan\u0105 przez Rizzoli (2021-11-16) w formacie 27,3 x 35,6 cm (ISBN: 9780847864379). Zapraszamy!\" \/>\n<meta name=\"robots\" content=\"index, follow, max-snippet:-1, max-image-preview:large, max-video-preview:-1\" \/>\n<link rel=\"canonical\" href=\"https:\/\/foliobooks.pl\/en\/shop\/tom-ford-002\/\" \/>\n<meta property=\"og:locale\" content=\"en_US\" \/>\n<meta property=\"og:type\" content=\"article\" \/>\n<meta property=\"og:title\" content=\"Tom Ford 002 (Tom Ford) - book \/ album - Folio\" \/>\n<meta property=\"og:description\" content=\"Wejd\u017a i kup ksi\u0105\u017ck\u0119 Tom Ford 002 autorstwa Tom Ford wydan\u0105 przez Rizzoli (2021-11-16) w formacie 27,3 x 35,6 cm (ISBN: 9780847864379). Zapraszamy!\" \/>\n<meta property=\"og:url\" content=\"https:\/\/foliobooks.pl\/en\/shop\/tom-ford-002\/\" \/>\n<meta property=\"og:site_name\" content=\"Folio\" \/>\n<meta property=\"article:modified_time\" content=\"2024-05-10T12:50:21+00:00\" \/>\n<meta property=\"og:image\" content=\"https:\/\/foliobooks.pl\/wp-content\/uploads\/2022\/03\/9780847864379.png\" \/>\n\t<meta property=\"og:image:width\" content=\"570\" \/>\n\t<meta property=\"og:image:height\" content=\"708\" \/>\n\t<meta property=\"og:image:type\" content=\"image\/png\" \/>\n<meta name=\"twitter:card\" content=\"summary_large_image\" \/>\n<meta name=\"twitter:label1\" content=\"Est. reading time\" \/>\n\t<meta name=\"twitter:data1\" content=\"2 minutes\" \/>\n<script type=\"application\/ld+json\" class=\"yoast-schema-graph\">{\"@context\":\"https:\\\/\\\/schema.org\",\"@graph\":[{\"@type\":\"WebPage\",\"@id\":\"https:\\\/\\\/foliobooks.pl\\\/en\\\/shop\\\/tom-ford-002\\\/\",\"url\":\"https:\\\/\\\/foliobooks.pl\\\/en\\\/shop\\\/tom-ford-002\\\/\",\"name\":\"Tom Ford 002 (Tom Ford) - book \\\/ album - Folio\",\"isPartOf\":{\"@id\":\"https:\\\/\\\/foliobooks.pl\\\/en\\\/#website\"},\"primaryImageOfPage\":{\"@id\":\"https:\\\/\\\/foliobooks.pl\\\/en\\\/shop\\\/tom-ford-002\\\/#primaryimage\"},\"image\":{\"@id\":\"https:\\\/\\\/foliobooks.pl\\\/en\\\/shop\\\/tom-ford-002\\\/#primaryimage\"},\"thumbnailUrl\":\"https:\\\/\\\/foliobooks.pl\\\/wp-content\\\/uploads\\\/2022\\\/03\\\/9780847864379.png\",\"datePublished\":\"2022-03-02T21:10:11+00:00\",\"dateModified\":\"2024-05-10T12:50:21+00:00\",\"description\":\"Wejd\u017a i kup ksi\u0105\u017ck\u0119 Tom Ford 002 autorstwa Tom Ford wydan\u0105 przez Rizzoli (2021-11-16) w formacie 27,3 x 35,6 cm (ISBN: 9780847864379). Zapraszamy!\",\"breadcrumb\":{\"@id\":\"https:\\\/\\\/foliobooks.pl\\\/en\\\/shop\\\/tom-ford-002\\\/#breadcrumb\"},\"inLanguage\":\"en-US\",\"potentialAction\":[{\"@type\":\"ReadAction\",\"target\":[\"https:\\\/\\\/foliobooks.pl\\\/en\\\/shop\\\/tom-ford-002\\\/\"]}]},{\"@type\":\"ImageObject\",\"inLanguage\":\"en-US\",\"@id\":\"https:\\\/\\\/foliobooks.pl\\\/en\\\/shop\\\/tom-ford-002\\\/#primaryimage\",\"url\":\"https:\\\/\\\/foliobooks.pl\\\/wp-content\\\/uploads\\\/2022\\\/03\\\/9780847864379.png\",\"contentUrl\":\"https:\\\/\\\/foliobooks.pl\\\/wp-content\\\/uploads\\\/2022\\\/03\\\/9780847864379.png\",\"width\":570,\"height\":708},{\"@type\":\"BreadcrumbList\",\"@id\":\"https:\\\/\\\/foliobooks.pl\\\/en\\\/shop\\\/tom-ford-002\\\/#breadcrumb\",\"itemListElement\":[{\"@type\":\"ListItem\",\"position\":1,\"name\":\"Strona g\u0142\u00f3wna\",\"item\":\"https:\\\/\\\/foliobooks.pl\\\/en\\\/\"},{\"@type\":\"ListItem\",\"position\":2,\"name\":\"Shop\",\"item\":\"https:\\\/\\\/foliobooks.pl\\\/en\\\/shop\\\/\"},{\"@type\":\"ListItem\",\"position\":3,\"name\":\"Tom Ford 002\"}]},{\"@type\":\"WebSite\",\"@id\":\"https:\\\/\\\/foliobooks.pl\\\/en\\\/#website\",\"url\":\"https:\\\/\\\/foliobooks.pl\\\/en\\\/\",\"name\":\"Folio\",\"description\":\"Ksi\u0119garnia internetowa\",\"potentialAction\":[{\"@type\":\"SearchAction\",\"target\":{\"@type\":\"EntryPoint\",\"urlTemplate\":\"https:\\\/\\\/foliobooks.pl\\\/en\\\/?s={search_term_string}\"},\"query-input\":{\"@type\":\"PropertyValueSpecification\",\"valueRequired\":true,\"valueName\":\"search_term_string\"}}],\"inLanguage\":\"en-US\"}]}<\/script>\n<!-- \/ Yoast SEO plugin. -->","yoast_head_json":{"title":"Tom Ford 002 (Tom Ford) - book \/ album - Folio","description":"Wejd\u017a i kup ksi\u0105\u017ck\u0119 Tom Ford 002 autorstwa Tom Ford wydan\u0105 przez Rizzoli (2021-11-16) w formacie 27,3 x 35,6 cm (ISBN: 9780847864379). Zapraszamy!","robots":{"index":"index","follow":"follow","max-snippet":"max-snippet:-1","max-image-preview":"max-image-preview:large","max-video-preview":"max-video-preview:-1"},"canonical":"https:\/\/foliobooks.pl\/en\/shop\/tom-ford-002\/","og_locale":"en_US","og_type":"article","og_title":"Tom Ford 002 (Tom Ford) - book \/ album - Folio","og_description":"Wejd\u017a i kup ksi\u0105\u017ck\u0119 Tom Ford 002 autorstwa Tom Ford wydan\u0105 przez Rizzoli (2021-11-16) w formacie 27,3 x 35,6 cm (ISBN: 9780847864379). Zapraszamy!","og_url":"https:\/\/foliobooks.pl\/en\/shop\/tom-ford-002\/","og_site_name":"Folio","article_modified_time":"2024-05-10T12:50:21+00:00","og_image":[{"width":570,"height":708,"url":"https:\/\/foliobooks.pl\/wp-content\/uploads\/2022\/03\/9780847864379.png","type":"image\/png"}],"twitter_card":"summary_large_image","twitter_misc":{"Est. reading time":"2 minutes"},"schema":{"@context":"https:\/\/schema.org","@graph":[{"@type":"WebPage","@id":"https:\/\/foliobooks.pl\/en\/shop\/tom-ford-002\/","url":"https:\/\/foliobooks.pl\/en\/shop\/tom-ford-002\/","name":"Tom Ford 002 (Tom Ford) - book \/ album - Folio","isPartOf":{"@id":"https:\/\/foliobooks.pl\/en\/#website"},"primaryImageOfPage":{"@id":"https:\/\/foliobooks.pl\/en\/shop\/tom-ford-002\/#primaryimage"},"image":{"@id":"https:\/\/foliobooks.pl\/en\/shop\/tom-ford-002\/#primaryimage"},"thumbnailUrl":"https:\/\/foliobooks.pl\/wp-content\/uploads\/2022\/03\/9780847864379.png","datePublished":"2022-03-02T21:10:11+00:00","dateModified":"2024-05-10T12:50:21+00:00","description":"Wejd\u017a i kup ksi\u0105\u017ck\u0119 Tom Ford 002 autorstwa Tom Ford wydan\u0105 przez Rizzoli (2021-11-16) w formacie 27,3 x 35,6 cm (ISBN: 9780847864379). Zapraszamy!","breadcrumb":{"@id":"https:\/\/foliobooks.pl\/en\/shop\/tom-ford-002\/#breadcrumb"},"inLanguage":"en-US","potentialAction":[{"@type":"ReadAction","target":["https:\/\/foliobooks.pl\/en\/shop\/tom-ford-002\/"]}]},{"@type":"ImageObject","inLanguage":"en-US","@id":"https:\/\/foliobooks.pl\/en\/shop\/tom-ford-002\/#primaryimage","url":"https:\/\/foliobooks.pl\/wp-content\/uploads\/2022\/03\/9780847864379.png","contentUrl":"https:\/\/foliobooks.pl\/wp-content\/uploads\/2022\/03\/9780847864379.png","width":570,"height":708},{"@type":"BreadcrumbList","@id":"https:\/\/foliobooks.pl\/en\/shop\/tom-ford-002\/#breadcrumb","itemListElement":[{"@type":"ListItem","position":1,"name":"Strona g\u0142\u00f3wna","item":"https:\/\/foliobooks.pl\/en\/"},{"@type":"ListItem","position":2,"name":"Shop","item":"https:\/\/foliobooks.pl\/en\/shop\/"},{"@type":"ListItem","position":3,"name":"Tom Ford 002"}]},{"@type":"WebSite","@id":"https:\/\/foliobooks.pl\/en\/#website","url":"https:\/\/foliobooks.pl\/en\/","name":"Folio","description":"Ksi\u0119garnia internetowa","potentialAction":[{"@type":"SearchAction","target":{"@type":"EntryPoint","urlTemplate":"https:\/\/foliobooks.pl\/en\/?s={search_term_string}"},"query-input":{"@type":"PropertyValueSpecification","valueRequired":true,"valueName":"search_term_string"}}],"inLanguage":"en-US"}]}},"_links":{"self":[{"href":"https:\/\/foliobooks.pl\/en\/wp-json\/wp\/v2\/product\/61866","targetHints":{"allow":["GET"]}}],"collection":[{"href":"https:\/\/foliobooks.pl\/en\/wp-json\/wp\/v2\/product"}],"about":[{"href":"https:\/\/foliobooks.pl\/en\/wp-json\/wp\/v2\/types\/product"}],"replies":[{"embeddable":true,"href":"https:\/\/foliobooks.pl\/en\/wp-json\/wp\/v2\/comments?post=61866"}],"wp:featuredmedia":[{"embeddable":true,"href":"https:\/\/foliobooks.pl\/en\/wp-json\/wp\/v2\/media\/61865"}],"wp:attachment":[{"href":"https:\/\/foliobooks.pl\/en\/wp-json\/wp\/v2\/media?parent=61866"}],"wp:term":[{"taxonomy":"product_brand","embeddable":true,"href":"https:\/\/foliobooks.pl\/en\/wp-json\/wp\/v2\/product_brand?post=61866"},{"taxonomy":"product_cat","embeddable":true,"href":"https:\/\/foliobooks.pl\/en\/wp-json\/wp\/v2\/product_cat?post=61866"},{"taxonomy":"product_tag","embeddable":true,"href":"https:\/\/foliobooks.pl\/en\/wp-json\/wp\/v2\/product_tag?post=61866"}],"curies":[{"name":"wp","href":"https:\/\/api.w.org\/{rel}","templated":true}]}}