{"id":6043,"date":"2015-07-09T10:11:28","date_gmt":"2015-07-09T08:11:28","guid":{"rendered":"http:\/\/foliobooks.pl\/?post_type=product&#038;p=6043"},"modified":"2024-06-10T13:40:26","modified_gmt":"2024-06-10T11:40:26","slug":"tree-houses-fairy-tale-castles-in-the-air","status":"publish","type":"product","link":"https:\/\/foliobooks.pl\/en\/shop\/tree-houses-fairy-tale-castles-in-the-air\/","title":{"rendered":"Tree Houses. Fairy Tale Castles in the Air"},"content":{"rendered":"<p>The idea of climbing a tree for shelter, or just to see the earth from another perspective, is surely as old as humanity. Tree houses are chronicled in ancient civilizations and their lore crosses through the history of every part of the world where trees grow. This stunningly-illustrated study offers a tour of the best tree houses in the world, some designed by architects, others the work of unknown craftsmen. A teahouse, a restaurant, a hotel, a playhouse for children, or a perch from which to contemplate life\u2014the tree house can take as many forms as the imagination can offer. In times of concern for sustainability and ecological responsibility, the tree house may also be the ultimate symbol of life in symbiosis with nature. Whether rustic or contemporary in style, tree houses make the most of space. Climb into this trove of tree houses and enjoy a new perspective on the world.<\/p>\n<ul>\n<li>50 tree houses from around the world<\/li>\n<li>Covers all different styles, from romantic to modern<\/li>\n<li>Every house is depicted in several photos as well as one illustration by artist Patrick Hruby from Los Angeles (who also created the book\u2019s cover artwork)<\/li>\n<li>Helpful short biographies of all architects<\/li>\n<\/ul>\n","protected":false},"excerpt":{"rendered":"<p>The idea of climbing a tree for shelter, or just to see the earth from another perspective, is surely as old as humanity. Tree houses are chronicled in ancient civilizations and their lore crosses through the history of every part of the world where trees grow. This stunningly-illustrated study offers a tour of the best&#8230;<\/p>\n","protected":false},"featured_media":6202,"comment_status":"closed","ping_status":"closed","template":"","meta":[],"product_brand":[],"product_cat":[4516],"product_tag":[1156,4524,157,1605,1122,290,156],"class_list":{"0":"post-6043","1":"product","2":"type-product","3":"status-publish","4":"has-post-thumbnail","6":"product_cat-architecture-en","7":"product_tag-appliedarts-en","8":"product_tag-design-en-en","9":"product_tag-designers","10":"product_tag-ecology","11":"product_tag-houses-en","12":"product_tag-interiors-en","13":"product_tag-travel","14":"pa_author_att-philip-jodidio-en","15":"pa_cover-hardcover","16":"pa_format-34-x-26-cm-en","17":"pa_isbn-9783836526647-en","18":"pa_language-multi","19":"pa_pages-352-en","20":"pa_published-2012-11-15-en","21":"pa_publisher-taschen-en-en","23":"first","24":"instock","25":"sold-individually","26":"shipping-taxable","27":"purchasable","28":"product-type-simple"},"yoast_head":"<!-- This site is optimized with the Yoast SEO plugin v27.4 - https:\/\/yoast.com\/product\/yoast-seo-wordpress\/ -->\n<title>Tree Houses. Fairy Tale Castles in the Air (Philip Jodidio) - book \/ album - Folio<\/title>\n<meta name=\"description\" content=\"Wejd\u017a i kup ksi\u0105\u017ck\u0119 Tree Houses. Fairy Tale Castles in the Air autorstwa Philip Jodidio wydan\u0105 przez TASCHEN (2012-11-15) w formacie 34 x 26 cm (ISBN: 9783836526647). Zapraszamy!\" \/>\n<meta name=\"robots\" content=\"index, follow, max-snippet:-1, max-image-preview:large, max-video-preview:-1\" \/>\n<link rel=\"canonical\" href=\"https:\/\/foliobooks.pl\/en\/shop\/tree-houses-fairy-tale-castles-in-the-air\/\" \/>\n<meta property=\"og:locale\" content=\"en_US\" \/>\n<meta property=\"og:type\" content=\"article\" \/>\n<meta property=\"og:title\" content=\"Tree Houses. Fairy Tale Castles in the Air (Philip Jodidio) - book \/ album - Folio\" \/>\n<meta property=\"og:description\" content=\"Wejd\u017a i kup ksi\u0105\u017ck\u0119 Tree Houses. Fairy Tale Castles in the Air autorstwa Philip Jodidio wydan\u0105 przez TASCHEN (2012-11-15) w formacie 34 x 26 cm (ISBN: 9783836526647). Zapraszamy!\" \/>\n<meta property=\"og:url\" content=\"https:\/\/foliobooks.pl\/en\/shop\/tree-houses-fairy-tale-castles-in-the-air\/\" \/>\n<meta property=\"og:site_name\" content=\"Folio\" \/>\n<meta property=\"article:modified_time\" content=\"2024-06-10T11:40:26+00:00\" \/>\n<meta property=\"og:image\" content=\"https:\/\/foliobooks.pl\/wp-content\/uploads\/2015\/07\/9783836526647.png\" \/>\n\t<meta property=\"og:image:width\" content=\"570\" \/>\n\t<meta property=\"og:image:height\" content=\"708\" \/>\n\t<meta property=\"og:image:type\" content=\"image\/png\" \/>\n<meta name=\"twitter:card\" content=\"summary_large_image\" \/>\n<meta name=\"twitter:label1\" content=\"Est. reading time\" \/>\n\t<meta name=\"twitter:data1\" content=\"1 minute\" \/>\n<script type=\"application\/ld+json\" class=\"yoast-schema-graph\">{\"@context\":\"https:\\\/\\\/schema.org\",\"@graph\":[{\"@type\":\"WebPage\",\"@id\":\"https:\\\/\\\/foliobooks.pl\\\/en\\\/shop\\\/tree-houses-fairy-tale-castles-in-the-air\\\/\",\"url\":\"https:\\\/\\\/foliobooks.pl\\\/en\\\/shop\\\/tree-houses-fairy-tale-castles-in-the-air\\\/\",\"name\":\"Tree Houses. Fairy Tale Castles in the Air (Philip Jodidio) - book \\\/ album - Folio\",\"isPartOf\":{\"@id\":\"https:\\\/\\\/foliobooks.pl\\\/en\\\/#website\"},\"primaryImageOfPage\":{\"@id\":\"https:\\\/\\\/foliobooks.pl\\\/en\\\/shop\\\/tree-houses-fairy-tale-castles-in-the-air\\\/#primaryimage\"},\"image\":{\"@id\":\"https:\\\/\\\/foliobooks.pl\\\/en\\\/shop\\\/tree-houses-fairy-tale-castles-in-the-air\\\/#primaryimage\"},\"thumbnailUrl\":\"https:\\\/\\\/foliobooks.pl\\\/wp-content\\\/uploads\\\/2015\\\/07\\\/9783836526647.png\",\"datePublished\":\"2015-07-09T08:11:28+00:00\",\"dateModified\":\"2024-06-10T11:40:26+00:00\",\"description\":\"Wejd\u017a i kup ksi\u0105\u017ck\u0119 Tree Houses. Fairy Tale Castles in the Air autorstwa Philip Jodidio wydan\u0105 przez TASCHEN (2012-11-15) w formacie 34 x 26 cm (ISBN: 9783836526647). Zapraszamy!\",\"breadcrumb\":{\"@id\":\"https:\\\/\\\/foliobooks.pl\\\/en\\\/shop\\\/tree-houses-fairy-tale-castles-in-the-air\\\/#breadcrumb\"},\"inLanguage\":\"en-US\",\"potentialAction\":[{\"@type\":\"ReadAction\",\"target\":[\"https:\\\/\\\/foliobooks.pl\\\/en\\\/shop\\\/tree-houses-fairy-tale-castles-in-the-air\\\/\"]}]},{\"@type\":\"ImageObject\",\"inLanguage\":\"en-US\",\"@id\":\"https:\\\/\\\/foliobooks.pl\\\/en\\\/shop\\\/tree-houses-fairy-tale-castles-in-the-air\\\/#primaryimage\",\"url\":\"https:\\\/\\\/foliobooks.pl\\\/wp-content\\\/uploads\\\/2015\\\/07\\\/9783836526647.png\",\"contentUrl\":\"https:\\\/\\\/foliobooks.pl\\\/wp-content\\\/uploads\\\/2015\\\/07\\\/9783836526647.png\",\"width\":570,\"height\":708},{\"@type\":\"BreadcrumbList\",\"@id\":\"https:\\\/\\\/foliobooks.pl\\\/en\\\/shop\\\/tree-houses-fairy-tale-castles-in-the-air\\\/#breadcrumb\",\"itemListElement\":[{\"@type\":\"ListItem\",\"position\":1,\"name\":\"Strona g\u0142\u00f3wna\",\"item\":\"https:\\\/\\\/foliobooks.pl\\\/en\\\/\"},{\"@type\":\"ListItem\",\"position\":2,\"name\":\"Shop\",\"item\":\"https:\\\/\\\/foliobooks.pl\\\/en\\\/shop\\\/\"},{\"@type\":\"ListItem\",\"position\":3,\"name\":\"Tree Houses. Fairy Tale Castles in the Air\"}]},{\"@type\":\"WebSite\",\"@id\":\"https:\\\/\\\/foliobooks.pl\\\/en\\\/#website\",\"url\":\"https:\\\/\\\/foliobooks.pl\\\/en\\\/\",\"name\":\"Folio\",\"description\":\"Ksi\u0119garnia internetowa\",\"potentialAction\":[{\"@type\":\"SearchAction\",\"target\":{\"@type\":\"EntryPoint\",\"urlTemplate\":\"https:\\\/\\\/foliobooks.pl\\\/en\\\/?s={search_term_string}\"},\"query-input\":{\"@type\":\"PropertyValueSpecification\",\"valueRequired\":true,\"valueName\":\"search_term_string\"}}],\"inLanguage\":\"en-US\"}]}<\/script>\n<!-- \/ Yoast SEO plugin. -->","yoast_head_json":{"title":"Tree Houses. Fairy Tale Castles in the Air (Philip Jodidio) - book \/ album - Folio","description":"Wejd\u017a i kup ksi\u0105\u017ck\u0119 Tree Houses. Fairy Tale Castles in the Air autorstwa Philip Jodidio wydan\u0105 przez TASCHEN (2012-11-15) w formacie 34 x 26 cm (ISBN: 9783836526647). Zapraszamy!","robots":{"index":"index","follow":"follow","max-snippet":"max-snippet:-1","max-image-preview":"max-image-preview:large","max-video-preview":"max-video-preview:-1"},"canonical":"https:\/\/foliobooks.pl\/en\/shop\/tree-houses-fairy-tale-castles-in-the-air\/","og_locale":"en_US","og_type":"article","og_title":"Tree Houses. Fairy Tale Castles in the Air (Philip Jodidio) - book \/ album - Folio","og_description":"Wejd\u017a i kup ksi\u0105\u017ck\u0119 Tree Houses. Fairy Tale Castles in the Air autorstwa Philip Jodidio wydan\u0105 przez TASCHEN (2012-11-15) w formacie 34 x 26 cm (ISBN: 9783836526647). Zapraszamy!","og_url":"https:\/\/foliobooks.pl\/en\/shop\/tree-houses-fairy-tale-castles-in-the-air\/","og_site_name":"Folio","article_modified_time":"2024-06-10T11:40:26+00:00","og_image":[{"width":570,"height":708,"url":"https:\/\/foliobooks.pl\/wp-content\/uploads\/2015\/07\/9783836526647.png","type":"image\/png"}],"twitter_card":"summary_large_image","twitter_misc":{"Est. reading time":"1 minute"},"schema":{"@context":"https:\/\/schema.org","@graph":[{"@type":"WebPage","@id":"https:\/\/foliobooks.pl\/en\/shop\/tree-houses-fairy-tale-castles-in-the-air\/","url":"https:\/\/foliobooks.pl\/en\/shop\/tree-houses-fairy-tale-castles-in-the-air\/","name":"Tree Houses. Fairy Tale Castles in the Air (Philip Jodidio) - book \/ album - Folio","isPartOf":{"@id":"https:\/\/foliobooks.pl\/en\/#website"},"primaryImageOfPage":{"@id":"https:\/\/foliobooks.pl\/en\/shop\/tree-houses-fairy-tale-castles-in-the-air\/#primaryimage"},"image":{"@id":"https:\/\/foliobooks.pl\/en\/shop\/tree-houses-fairy-tale-castles-in-the-air\/#primaryimage"},"thumbnailUrl":"https:\/\/foliobooks.pl\/wp-content\/uploads\/2015\/07\/9783836526647.png","datePublished":"2015-07-09T08:11:28+00:00","dateModified":"2024-06-10T11:40:26+00:00","description":"Wejd\u017a i kup ksi\u0105\u017ck\u0119 Tree Houses. Fairy Tale Castles in the Air autorstwa Philip Jodidio wydan\u0105 przez TASCHEN (2012-11-15) w formacie 34 x 26 cm (ISBN: 9783836526647). Zapraszamy!","breadcrumb":{"@id":"https:\/\/foliobooks.pl\/en\/shop\/tree-houses-fairy-tale-castles-in-the-air\/#breadcrumb"},"inLanguage":"en-US","potentialAction":[{"@type":"ReadAction","target":["https:\/\/foliobooks.pl\/en\/shop\/tree-houses-fairy-tale-castles-in-the-air\/"]}]},{"@type":"ImageObject","inLanguage":"en-US","@id":"https:\/\/foliobooks.pl\/en\/shop\/tree-houses-fairy-tale-castles-in-the-air\/#primaryimage","url":"https:\/\/foliobooks.pl\/wp-content\/uploads\/2015\/07\/9783836526647.png","contentUrl":"https:\/\/foliobooks.pl\/wp-content\/uploads\/2015\/07\/9783836526647.png","width":570,"height":708},{"@type":"BreadcrumbList","@id":"https:\/\/foliobooks.pl\/en\/shop\/tree-houses-fairy-tale-castles-in-the-air\/#breadcrumb","itemListElement":[{"@type":"ListItem","position":1,"name":"Strona g\u0142\u00f3wna","item":"https:\/\/foliobooks.pl\/en\/"},{"@type":"ListItem","position":2,"name":"Shop","item":"https:\/\/foliobooks.pl\/en\/shop\/"},{"@type":"ListItem","position":3,"name":"Tree Houses. Fairy Tale Castles in the Air"}]},{"@type":"WebSite","@id":"https:\/\/foliobooks.pl\/en\/#website","url":"https:\/\/foliobooks.pl\/en\/","name":"Folio","description":"Ksi\u0119garnia internetowa","potentialAction":[{"@type":"SearchAction","target":{"@type":"EntryPoint","urlTemplate":"https:\/\/foliobooks.pl\/en\/?s={search_term_string}"},"query-input":{"@type":"PropertyValueSpecification","valueRequired":true,"valueName":"search_term_string"}}],"inLanguage":"en-US"}]}},"_links":{"self":[{"href":"https:\/\/foliobooks.pl\/en\/wp-json\/wp\/v2\/product\/6043","targetHints":{"allow":["GET"]}}],"collection":[{"href":"https:\/\/foliobooks.pl\/en\/wp-json\/wp\/v2\/product"}],"about":[{"href":"https:\/\/foliobooks.pl\/en\/wp-json\/wp\/v2\/types\/product"}],"replies":[{"embeddable":true,"href":"https:\/\/foliobooks.pl\/en\/wp-json\/wp\/v2\/comments?post=6043"}],"wp:featuredmedia":[{"embeddable":true,"href":"https:\/\/foliobooks.pl\/en\/wp-json\/wp\/v2\/media\/6202"}],"wp:attachment":[{"href":"https:\/\/foliobooks.pl\/en\/wp-json\/wp\/v2\/media?parent=6043"}],"wp:term":[{"taxonomy":"product_brand","embeddable":true,"href":"https:\/\/foliobooks.pl\/en\/wp-json\/wp\/v2\/product_brand?post=6043"},{"taxonomy":"product_cat","embeddable":true,"href":"https:\/\/foliobooks.pl\/en\/wp-json\/wp\/v2\/product_cat?post=6043"},{"taxonomy":"product_tag","embeddable":true,"href":"https:\/\/foliobooks.pl\/en\/wp-json\/wp\/v2\/product_tag?post=6043"}],"curies":[{"name":"wp","href":"https:\/\/api.w.org\/{rel}","templated":true}]}}