{"id":59403,"date":"2022-01-19T14:56:35","date_gmt":"2022-01-19T13:56:35","guid":{"rendered":"https:\/\/foliobooks.pl\/sklep\/the-watch-a-twentieth-century-style-history\/"},"modified":"2022-02-24T18:44:35","modified_gmt":"2022-02-24T17:44:35","slug":"the-watch-a-twentieth-century-style-history","status":"publish","type":"product","link":"https:\/\/foliobooks.pl\/en\/shop\/the-watch-a-twentieth-century-style-history\/","title":{"rendered":"The Watch. A Twentieth Century Style History"},"content":{"rendered":"<p>Discover the stylistic evolution of the watch in this unparalleled guide to the greatest timepieces of the 20th century.<\/p>\n<p>Offering the perfect blend of high-quality imagery and impeccable research, this magnificent book takes readers through the 20th century to show how the watch, in all its forms, evolved. It charts the early rise of the wristwatch, shows how the cataclysmic events of the 1929 Wall Street Crash unexpectedly led to a golden age of watch production, and demonstrates how the electronic watch, which almost destroyed the traditional industry, led to a mechanical watch renaissance in the last two decades of the 20th century. Each decade opens with an introduction to the era&#8217;s stylistic and design highlights and then examines the development of specific genres of watches within each period. Hundreds of color photographs in this book feature full page close ups that reveal intricate details of form, texture, and design. Author Alexander Barter&#8217;s vast knowledge of the 20th-century watch informs his texts which discuss the major technological and design breakthroughs in a chronological format. This book also includes vintage advertisements and other promotional materials, helping to give a sense of the eras in which they were created. The perfect gift for watch aficionados, this beautiful and informative volume presents the world&#8217;s finest watches with an elegance and depth befitting its subject.<\/p>\n","protected":false},"excerpt":{"rendered":"<p>Discover the stylistic evolution of the watch in this unparalleled guide to the greatest timepieces of the 20th century. Offering the perfect blend of high-quality imagery and impeccable research, this magnificent book takes readers through the 20th century to show how the watch, in all its forms, evolved. It charts the early rise of the&#8230;<\/p>\n","protected":false},"featured_media":59402,"comment_status":"closed","ping_status":"closed","template":"","meta":[],"product_brand":[],"product_cat":[13533,4519],"product_tag":[6125,12010],"class_list":{"0":"post-59403","1":"product","2":"type-product","3":"status-publish","4":"has-post-thumbnail","6":"product_cat-books","7":"product_cat-fashion-en-en","8":"product_tag-fashion","9":"product_tag-watches-en","10":"pa_author_att-alexander-barter-en","11":"pa_author_att-daryn-schnipper-en","12":"pa_cover-hardcover","13":"pa_format-245-x-30-cm-en","14":"pa_isbn-9783791385068-en","15":"pa_language-eng","16":"pa_pages-336-en","17":"pa_published-2019-10-15-en","18":"pa_publisher-prestel-en","20":"first","21":"outofstock","22":"sold-individually","23":"shipping-taxable","24":"purchasable","25":"product-type-simple"},"yoast_head":"<!-- This site is optimized with the Yoast SEO plugin v27.4 - https:\/\/yoast.com\/product\/yoast-seo-wordpress\/ -->\n<title>The Watch. A Twentieth Century Style History (Alexander Barter, Daryn Schnipper) - book \/ album - Folio<\/title>\n<meta name=\"description\" content=\"Wejd\u017a i kup ksi\u0105\u017ck\u0119 The Watch. A Twentieth Century Style History autorstwa Alexander Barter, Daryn Schnipper wydan\u0105 przez PRESTEL (2019-10-15) w formacie 24,5 x 30 cm (ISBN: 9783791385068). Zapraszamy!\" \/>\n<meta name=\"robots\" content=\"index, follow, max-snippet:-1, max-image-preview:large, max-video-preview:-1\" \/>\n<link rel=\"canonical\" href=\"https:\/\/foliobooks.pl\/en\/shop\/the-watch-a-twentieth-century-style-history\/\" \/>\n<meta property=\"og:locale\" content=\"en_US\" \/>\n<meta property=\"og:type\" content=\"article\" \/>\n<meta property=\"og:title\" content=\"The Watch. A Twentieth Century Style History (Alexander Barter, Daryn Schnipper) - book \/ album - Folio\" \/>\n<meta property=\"og:description\" content=\"Wejd\u017a i kup ksi\u0105\u017ck\u0119 The Watch. A Twentieth Century Style History autorstwa Alexander Barter, Daryn Schnipper wydan\u0105 przez PRESTEL (2019-10-15) w formacie 24,5 x 30 cm (ISBN: 9783791385068). Zapraszamy!\" \/>\n<meta property=\"og:url\" content=\"https:\/\/foliobooks.pl\/en\/shop\/the-watch-a-twentieth-century-style-history\/\" \/>\n<meta property=\"og:site_name\" content=\"Folio\" \/>\n<meta property=\"article:modified_time\" content=\"2022-02-24T17:44:35+00:00\" \/>\n<meta property=\"og:image\" content=\"https:\/\/foliobooks.pl\/wp-content\/uploads\/2022\/01\/9783791385068.png\" \/>\n\t<meta property=\"og:image:width\" content=\"570\" \/>\n\t<meta property=\"og:image:height\" content=\"708\" \/>\n\t<meta property=\"og:image:type\" content=\"image\/png\" \/>\n<meta name=\"twitter:card\" content=\"summary_large_image\" \/>\n<meta name=\"twitter:label1\" content=\"Est. reading time\" \/>\n\t<meta name=\"twitter:data1\" content=\"1 minute\" \/>\n<script type=\"application\/ld+json\" class=\"yoast-schema-graph\">{\"@context\":\"https:\\\/\\\/schema.org\",\"@graph\":[{\"@type\":\"WebPage\",\"@id\":\"https:\\\/\\\/foliobooks.pl\\\/en\\\/shop\\\/the-watch-a-twentieth-century-style-history\\\/\",\"url\":\"https:\\\/\\\/foliobooks.pl\\\/en\\\/shop\\\/the-watch-a-twentieth-century-style-history\\\/\",\"name\":\"The Watch. A Twentieth Century Style History (Alexander Barter, Daryn Schnipper) - book \\\/ album - Folio\",\"isPartOf\":{\"@id\":\"https:\\\/\\\/foliobooks.pl\\\/en\\\/#website\"},\"primaryImageOfPage\":{\"@id\":\"https:\\\/\\\/foliobooks.pl\\\/en\\\/shop\\\/the-watch-a-twentieth-century-style-history\\\/#primaryimage\"},\"image\":{\"@id\":\"https:\\\/\\\/foliobooks.pl\\\/en\\\/shop\\\/the-watch-a-twentieth-century-style-history\\\/#primaryimage\"},\"thumbnailUrl\":\"https:\\\/\\\/foliobooks.pl\\\/wp-content\\\/uploads\\\/2022\\\/01\\\/9783791385068.png\",\"datePublished\":\"2022-01-19T13:56:35+00:00\",\"dateModified\":\"2022-02-24T17:44:35+00:00\",\"description\":\"Wejd\u017a i kup ksi\u0105\u017ck\u0119 The Watch. A Twentieth Century Style History autorstwa Alexander Barter, Daryn Schnipper wydan\u0105 przez PRESTEL (2019-10-15) w formacie 24,5 x 30 cm (ISBN: 9783791385068). Zapraszamy!\",\"breadcrumb\":{\"@id\":\"https:\\\/\\\/foliobooks.pl\\\/en\\\/shop\\\/the-watch-a-twentieth-century-style-history\\\/#breadcrumb\"},\"inLanguage\":\"en-US\",\"potentialAction\":[{\"@type\":\"ReadAction\",\"target\":[\"https:\\\/\\\/foliobooks.pl\\\/en\\\/shop\\\/the-watch-a-twentieth-century-style-history\\\/\"]}]},{\"@type\":\"ImageObject\",\"inLanguage\":\"en-US\",\"@id\":\"https:\\\/\\\/foliobooks.pl\\\/en\\\/shop\\\/the-watch-a-twentieth-century-style-history\\\/#primaryimage\",\"url\":\"https:\\\/\\\/foliobooks.pl\\\/wp-content\\\/uploads\\\/2022\\\/01\\\/9783791385068.png\",\"contentUrl\":\"https:\\\/\\\/foliobooks.pl\\\/wp-content\\\/uploads\\\/2022\\\/01\\\/9783791385068.png\",\"width\":570,\"height\":708},{\"@type\":\"BreadcrumbList\",\"@id\":\"https:\\\/\\\/foliobooks.pl\\\/en\\\/shop\\\/the-watch-a-twentieth-century-style-history\\\/#breadcrumb\",\"itemListElement\":[{\"@type\":\"ListItem\",\"position\":1,\"name\":\"Strona g\u0142\u00f3wna\",\"item\":\"https:\\\/\\\/foliobooks.pl\\\/en\\\/\"},{\"@type\":\"ListItem\",\"position\":2,\"name\":\"Shop\",\"item\":\"https:\\\/\\\/foliobooks.pl\\\/en\\\/shop\\\/\"},{\"@type\":\"ListItem\",\"position\":3,\"name\":\"The Watch. A Twentieth Century Style History\"}]},{\"@type\":\"WebSite\",\"@id\":\"https:\\\/\\\/foliobooks.pl\\\/en\\\/#website\",\"url\":\"https:\\\/\\\/foliobooks.pl\\\/en\\\/\",\"name\":\"Folio\",\"description\":\"Ksi\u0119garnia internetowa\",\"potentialAction\":[{\"@type\":\"SearchAction\",\"target\":{\"@type\":\"EntryPoint\",\"urlTemplate\":\"https:\\\/\\\/foliobooks.pl\\\/en\\\/?s={search_term_string}\"},\"query-input\":{\"@type\":\"PropertyValueSpecification\",\"valueRequired\":true,\"valueName\":\"search_term_string\"}}],\"inLanguage\":\"en-US\"}]}<\/script>\n<!-- \/ Yoast SEO plugin. -->","yoast_head_json":{"title":"The Watch. A Twentieth Century Style History (Alexander Barter, Daryn Schnipper) - book \/ album - Folio","description":"Wejd\u017a i kup ksi\u0105\u017ck\u0119 The Watch. A Twentieth Century Style History autorstwa Alexander Barter, Daryn Schnipper wydan\u0105 przez PRESTEL (2019-10-15) w formacie 24,5 x 30 cm (ISBN: 9783791385068). Zapraszamy!","robots":{"index":"index","follow":"follow","max-snippet":"max-snippet:-1","max-image-preview":"max-image-preview:large","max-video-preview":"max-video-preview:-1"},"canonical":"https:\/\/foliobooks.pl\/en\/shop\/the-watch-a-twentieth-century-style-history\/","og_locale":"en_US","og_type":"article","og_title":"The Watch. A Twentieth Century Style History (Alexander Barter, Daryn Schnipper) - book \/ album - Folio","og_description":"Wejd\u017a i kup ksi\u0105\u017ck\u0119 The Watch. A Twentieth Century Style History autorstwa Alexander Barter, Daryn Schnipper wydan\u0105 przez PRESTEL (2019-10-15) w formacie 24,5 x 30 cm (ISBN: 9783791385068). Zapraszamy!","og_url":"https:\/\/foliobooks.pl\/en\/shop\/the-watch-a-twentieth-century-style-history\/","og_site_name":"Folio","article_modified_time":"2022-02-24T17:44:35+00:00","og_image":[{"width":570,"height":708,"url":"https:\/\/foliobooks.pl\/wp-content\/uploads\/2022\/01\/9783791385068.png","type":"image\/png"}],"twitter_card":"summary_large_image","twitter_misc":{"Est. reading time":"1 minute"},"schema":{"@context":"https:\/\/schema.org","@graph":[{"@type":"WebPage","@id":"https:\/\/foliobooks.pl\/en\/shop\/the-watch-a-twentieth-century-style-history\/","url":"https:\/\/foliobooks.pl\/en\/shop\/the-watch-a-twentieth-century-style-history\/","name":"The Watch. A Twentieth Century Style History (Alexander Barter, Daryn Schnipper) - book \/ album - Folio","isPartOf":{"@id":"https:\/\/foliobooks.pl\/en\/#website"},"primaryImageOfPage":{"@id":"https:\/\/foliobooks.pl\/en\/shop\/the-watch-a-twentieth-century-style-history\/#primaryimage"},"image":{"@id":"https:\/\/foliobooks.pl\/en\/shop\/the-watch-a-twentieth-century-style-history\/#primaryimage"},"thumbnailUrl":"https:\/\/foliobooks.pl\/wp-content\/uploads\/2022\/01\/9783791385068.png","datePublished":"2022-01-19T13:56:35+00:00","dateModified":"2022-02-24T17:44:35+00:00","description":"Wejd\u017a i kup ksi\u0105\u017ck\u0119 The Watch. A Twentieth Century Style History autorstwa Alexander Barter, Daryn Schnipper wydan\u0105 przez PRESTEL (2019-10-15) w formacie 24,5 x 30 cm (ISBN: 9783791385068). Zapraszamy!","breadcrumb":{"@id":"https:\/\/foliobooks.pl\/en\/shop\/the-watch-a-twentieth-century-style-history\/#breadcrumb"},"inLanguage":"en-US","potentialAction":[{"@type":"ReadAction","target":["https:\/\/foliobooks.pl\/en\/shop\/the-watch-a-twentieth-century-style-history\/"]}]},{"@type":"ImageObject","inLanguage":"en-US","@id":"https:\/\/foliobooks.pl\/en\/shop\/the-watch-a-twentieth-century-style-history\/#primaryimage","url":"https:\/\/foliobooks.pl\/wp-content\/uploads\/2022\/01\/9783791385068.png","contentUrl":"https:\/\/foliobooks.pl\/wp-content\/uploads\/2022\/01\/9783791385068.png","width":570,"height":708},{"@type":"BreadcrumbList","@id":"https:\/\/foliobooks.pl\/en\/shop\/the-watch-a-twentieth-century-style-history\/#breadcrumb","itemListElement":[{"@type":"ListItem","position":1,"name":"Strona g\u0142\u00f3wna","item":"https:\/\/foliobooks.pl\/en\/"},{"@type":"ListItem","position":2,"name":"Shop","item":"https:\/\/foliobooks.pl\/en\/shop\/"},{"@type":"ListItem","position":3,"name":"The Watch. A Twentieth Century Style History"}]},{"@type":"WebSite","@id":"https:\/\/foliobooks.pl\/en\/#website","url":"https:\/\/foliobooks.pl\/en\/","name":"Folio","description":"Ksi\u0119garnia internetowa","potentialAction":[{"@type":"SearchAction","target":{"@type":"EntryPoint","urlTemplate":"https:\/\/foliobooks.pl\/en\/?s={search_term_string}"},"query-input":{"@type":"PropertyValueSpecification","valueRequired":true,"valueName":"search_term_string"}}],"inLanguage":"en-US"}]}},"_links":{"self":[{"href":"https:\/\/foliobooks.pl\/en\/wp-json\/wp\/v2\/product\/59403","targetHints":{"allow":["GET"]}}],"collection":[{"href":"https:\/\/foliobooks.pl\/en\/wp-json\/wp\/v2\/product"}],"about":[{"href":"https:\/\/foliobooks.pl\/en\/wp-json\/wp\/v2\/types\/product"}],"replies":[{"embeddable":true,"href":"https:\/\/foliobooks.pl\/en\/wp-json\/wp\/v2\/comments?post=59403"}],"wp:featuredmedia":[{"embeddable":true,"href":"https:\/\/foliobooks.pl\/en\/wp-json\/wp\/v2\/media\/59402"}],"wp:attachment":[{"href":"https:\/\/foliobooks.pl\/en\/wp-json\/wp\/v2\/media?parent=59403"}],"wp:term":[{"taxonomy":"product_brand","embeddable":true,"href":"https:\/\/foliobooks.pl\/en\/wp-json\/wp\/v2\/product_brand?post=59403"},{"taxonomy":"product_cat","embeddable":true,"href":"https:\/\/foliobooks.pl\/en\/wp-json\/wp\/v2\/product_cat?post=59403"},{"taxonomy":"product_tag","embeddable":true,"href":"https:\/\/foliobooks.pl\/en\/wp-json\/wp\/v2\/product_tag?post=59403"}],"curies":[{"name":"wp","href":"https:\/\/api.w.org\/{rel}","templated":true}]}}