{"id":59375,"date":"2022-01-19T13:58:49","date_gmt":"2022-01-19T12:58:49","guid":{"rendered":"https:\/\/foliobooks.pl\/sklep\/retro-watches-the-modern-collectors-guide\/"},"modified":"2022-02-24T19:39:16","modified_gmt":"2022-02-24T18:39:16","slug":"retro-watches-the-modern-collectors-guide","status":"publish","type":"product","link":"https:\/\/foliobooks.pl\/en\/shop\/retro-watches-the-modern-collectors-guide\/","title":{"rendered":"Retro Watches. The Modern Collector&#8217;s Guide"},"content":{"rendered":"<p>A popular collector\u2019s guide to discovering the world of unusual, rare, and dazzlingly retro watches.<\/p>\n<p>What you wear on your wrist can be more than merely functional. Eschewing the common categories of the \u201cclassics,\u201d the ostentatiously high-priced, and the \u201cblingy,\u201d this book brings together individualist pieces that few have seen and even fewer own.<\/p>\n<p>Retro Watches is a collector\u2019s guide for those who want to make a statement with the watch they wear, but who are looking for something a little different. It collects the most intriguing, visually striking, and out-there watch designs from little-known but influential watch brands, along with overlooked but brilliant pieces from the major players. Over one hundred watch models are featured, specially photographed for the book and accompanied by accessible, informative texts discussing the watch\u2019s design, history, and intriguing features, as well as info panels detailing rarity, value, and other key attributes. Additional breakout spreads dive into the cultural and fashion history of watch design and the many innovations of the \u201960s, \u201970s, and \u201980s.<\/p>\n<p>Beautifully presented, Retro Watches is the volume for the watch wearer who wants to stand out from the crowd.<\/p>\n<p>400 color illustrations<\/p>\n","protected":false},"excerpt":{"rendered":"<p>A popular collector\u2019s guide to discovering the world of unusual, rare, and dazzlingly retro watches. What you wear on your wrist can be more than merely functional. Eschewing the common categories of the \u201cclassics,\u201d the ostentatiously high-priced, and the \u201cblingy,\u201d this book brings together individualist pieces that few have seen and even fewer own. Retro&#8230;<\/p>\n","protected":false},"featured_media":59374,"comment_status":"closed","ping_status":"closed","template":"","meta":[],"product_brand":[],"product_cat":[13533,4519],"product_tag":[6125,12010],"class_list":{"0":"post-59375","1":"product","2":"type-product","3":"status-publish","4":"has-post-thumbnail","6":"product_cat-books","7":"product_cat-fashion-en-en","8":"product_tag-fashion","9":"product_tag-watches-en","10":"pa_author_att-josh-sims-en","11":"pa_author_att-mitch-greenblatt-en","12":"pa_cover-hardcover","13":"pa_format-215-x-197-cm-en","14":"pa_isbn-9780500022962-en","15":"pa_language-eng","16":"pa_pages-256-en-2","17":"pa_published-2020-06-23-en","18":"pa_publisher-thames-hudson-en","20":"first","21":"outofstock","22":"sold-individually","23":"shipping-taxable","24":"purchasable","25":"product-type-simple"},"yoast_head":"<!-- This site is optimized with the Yoast SEO plugin v27.4 - https:\/\/yoast.com\/product\/yoast-seo-wordpress\/ -->\n<title>Retro Watches. The Modern Collector&#039;s Guide (Josh Sims, Mitch Greenblatt) - book \/ album - Folio<\/title>\n<meta name=\"description\" content=\"Wejd\u017a i kup ksi\u0105\u017ck\u0119 Retro Watches. The Modern Collector&#039;s Guide autorstwa Josh Sims, Mitch Greenblatt wydan\u0105 przez Thames &amp; Hudson (2020-06-23) w formacie 21,5 x 19,7 cm (ISBN: 9780500022962). Zapraszamy!\" \/>\n<meta name=\"robots\" content=\"index, follow, max-snippet:-1, max-image-preview:large, max-video-preview:-1\" \/>\n<link rel=\"canonical\" href=\"https:\/\/foliobooks.pl\/en\/shop\/retro-watches-the-modern-collectors-guide\/\" \/>\n<meta property=\"og:locale\" content=\"en_US\" \/>\n<meta property=\"og:type\" content=\"article\" \/>\n<meta property=\"og:title\" content=\"Retro Watches. The Modern Collector&#039;s Guide (Josh Sims, Mitch Greenblatt) - book \/ album - Folio\" \/>\n<meta property=\"og:description\" content=\"Wejd\u017a i kup ksi\u0105\u017ck\u0119 Retro Watches. The Modern Collector&#039;s Guide autorstwa Josh Sims, Mitch Greenblatt wydan\u0105 przez Thames &amp; Hudson (2020-06-23) w formacie 21,5 x 19,7 cm (ISBN: 9780500022962). Zapraszamy!\" \/>\n<meta property=\"og:url\" content=\"https:\/\/foliobooks.pl\/en\/shop\/retro-watches-the-modern-collectors-guide\/\" \/>\n<meta property=\"og:site_name\" content=\"Folio\" \/>\n<meta property=\"article:modified_time\" content=\"2022-02-24T18:39:16+00:00\" \/>\n<meta property=\"og:image\" content=\"https:\/\/foliobooks.pl\/wp-content\/uploads\/2022\/01\/9780500022962.png\" \/>\n\t<meta property=\"og:image:width\" content=\"570\" \/>\n\t<meta property=\"og:image:height\" content=\"708\" \/>\n\t<meta property=\"og:image:type\" content=\"image\/png\" \/>\n<meta name=\"twitter:card\" content=\"summary_large_image\" \/>\n<meta name=\"twitter:label1\" content=\"Est. reading time\" \/>\n\t<meta name=\"twitter:data1\" content=\"2 minutes\" \/>\n<script type=\"application\/ld+json\" class=\"yoast-schema-graph\">{\"@context\":\"https:\\\/\\\/schema.org\",\"@graph\":[{\"@type\":\"WebPage\",\"@id\":\"https:\\\/\\\/foliobooks.pl\\\/en\\\/shop\\\/retro-watches-the-modern-collectors-guide\\\/\",\"url\":\"https:\\\/\\\/foliobooks.pl\\\/en\\\/shop\\\/retro-watches-the-modern-collectors-guide\\\/\",\"name\":\"Retro Watches. The Modern Collector's Guide (Josh Sims, Mitch Greenblatt) - book \\\/ album - Folio\",\"isPartOf\":{\"@id\":\"https:\\\/\\\/foliobooks.pl\\\/en\\\/#website\"},\"primaryImageOfPage\":{\"@id\":\"https:\\\/\\\/foliobooks.pl\\\/en\\\/shop\\\/retro-watches-the-modern-collectors-guide\\\/#primaryimage\"},\"image\":{\"@id\":\"https:\\\/\\\/foliobooks.pl\\\/en\\\/shop\\\/retro-watches-the-modern-collectors-guide\\\/#primaryimage\"},\"thumbnailUrl\":\"https:\\\/\\\/foliobooks.pl\\\/wp-content\\\/uploads\\\/2022\\\/01\\\/9780500022962.png\",\"datePublished\":\"2022-01-19T12:58:49+00:00\",\"dateModified\":\"2022-02-24T18:39:16+00:00\",\"description\":\"Wejd\u017a i kup ksi\u0105\u017ck\u0119 Retro Watches. The Modern Collector's Guide autorstwa Josh Sims, Mitch Greenblatt wydan\u0105 przez Thames &amp; Hudson (2020-06-23) w formacie 21,5 x 19,7 cm (ISBN: 9780500022962). Zapraszamy!\",\"breadcrumb\":{\"@id\":\"https:\\\/\\\/foliobooks.pl\\\/en\\\/shop\\\/retro-watches-the-modern-collectors-guide\\\/#breadcrumb\"},\"inLanguage\":\"en-US\",\"potentialAction\":[{\"@type\":\"ReadAction\",\"target\":[\"https:\\\/\\\/foliobooks.pl\\\/en\\\/shop\\\/retro-watches-the-modern-collectors-guide\\\/\"]}]},{\"@type\":\"ImageObject\",\"inLanguage\":\"en-US\",\"@id\":\"https:\\\/\\\/foliobooks.pl\\\/en\\\/shop\\\/retro-watches-the-modern-collectors-guide\\\/#primaryimage\",\"url\":\"https:\\\/\\\/foliobooks.pl\\\/wp-content\\\/uploads\\\/2022\\\/01\\\/9780500022962.png\",\"contentUrl\":\"https:\\\/\\\/foliobooks.pl\\\/wp-content\\\/uploads\\\/2022\\\/01\\\/9780500022962.png\",\"width\":570,\"height\":708},{\"@type\":\"BreadcrumbList\",\"@id\":\"https:\\\/\\\/foliobooks.pl\\\/en\\\/shop\\\/retro-watches-the-modern-collectors-guide\\\/#breadcrumb\",\"itemListElement\":[{\"@type\":\"ListItem\",\"position\":1,\"name\":\"Strona g\u0142\u00f3wna\",\"item\":\"https:\\\/\\\/foliobooks.pl\\\/en\\\/\"},{\"@type\":\"ListItem\",\"position\":2,\"name\":\"Shop\",\"item\":\"https:\\\/\\\/foliobooks.pl\\\/en\\\/shop\\\/\"},{\"@type\":\"ListItem\",\"position\":3,\"name\":\"Retro Watches. The Modern Collector&#8217;s Guide\"}]},{\"@type\":\"WebSite\",\"@id\":\"https:\\\/\\\/foliobooks.pl\\\/en\\\/#website\",\"url\":\"https:\\\/\\\/foliobooks.pl\\\/en\\\/\",\"name\":\"Folio\",\"description\":\"Ksi\u0119garnia internetowa\",\"potentialAction\":[{\"@type\":\"SearchAction\",\"target\":{\"@type\":\"EntryPoint\",\"urlTemplate\":\"https:\\\/\\\/foliobooks.pl\\\/en\\\/?s={search_term_string}\"},\"query-input\":{\"@type\":\"PropertyValueSpecification\",\"valueRequired\":true,\"valueName\":\"search_term_string\"}}],\"inLanguage\":\"en-US\"}]}<\/script>\n<!-- \/ Yoast SEO plugin. -->","yoast_head_json":{"title":"Retro Watches. The Modern Collector's Guide (Josh Sims, Mitch Greenblatt) - book \/ album - Folio","description":"Wejd\u017a i kup ksi\u0105\u017ck\u0119 Retro Watches. The Modern Collector's Guide autorstwa Josh Sims, Mitch Greenblatt wydan\u0105 przez Thames &amp; Hudson (2020-06-23) w formacie 21,5 x 19,7 cm (ISBN: 9780500022962). Zapraszamy!","robots":{"index":"index","follow":"follow","max-snippet":"max-snippet:-1","max-image-preview":"max-image-preview:large","max-video-preview":"max-video-preview:-1"},"canonical":"https:\/\/foliobooks.pl\/en\/shop\/retro-watches-the-modern-collectors-guide\/","og_locale":"en_US","og_type":"article","og_title":"Retro Watches. The Modern Collector's Guide (Josh Sims, Mitch Greenblatt) - book \/ album - Folio","og_description":"Wejd\u017a i kup ksi\u0105\u017ck\u0119 Retro Watches. The Modern Collector's Guide autorstwa Josh Sims, Mitch Greenblatt wydan\u0105 przez Thames &amp; Hudson (2020-06-23) w formacie 21,5 x 19,7 cm (ISBN: 9780500022962). Zapraszamy!","og_url":"https:\/\/foliobooks.pl\/en\/shop\/retro-watches-the-modern-collectors-guide\/","og_site_name":"Folio","article_modified_time":"2022-02-24T18:39:16+00:00","og_image":[{"width":570,"height":708,"url":"https:\/\/foliobooks.pl\/wp-content\/uploads\/2022\/01\/9780500022962.png","type":"image\/png"}],"twitter_card":"summary_large_image","twitter_misc":{"Est. reading time":"2 minutes"},"schema":{"@context":"https:\/\/schema.org","@graph":[{"@type":"WebPage","@id":"https:\/\/foliobooks.pl\/en\/shop\/retro-watches-the-modern-collectors-guide\/","url":"https:\/\/foliobooks.pl\/en\/shop\/retro-watches-the-modern-collectors-guide\/","name":"Retro Watches. The Modern Collector's Guide (Josh Sims, Mitch Greenblatt) - book \/ album - Folio","isPartOf":{"@id":"https:\/\/foliobooks.pl\/en\/#website"},"primaryImageOfPage":{"@id":"https:\/\/foliobooks.pl\/en\/shop\/retro-watches-the-modern-collectors-guide\/#primaryimage"},"image":{"@id":"https:\/\/foliobooks.pl\/en\/shop\/retro-watches-the-modern-collectors-guide\/#primaryimage"},"thumbnailUrl":"https:\/\/foliobooks.pl\/wp-content\/uploads\/2022\/01\/9780500022962.png","datePublished":"2022-01-19T12:58:49+00:00","dateModified":"2022-02-24T18:39:16+00:00","description":"Wejd\u017a i kup ksi\u0105\u017ck\u0119 Retro Watches. The Modern Collector's Guide autorstwa Josh Sims, Mitch Greenblatt wydan\u0105 przez Thames &amp; Hudson (2020-06-23) w formacie 21,5 x 19,7 cm (ISBN: 9780500022962). Zapraszamy!","breadcrumb":{"@id":"https:\/\/foliobooks.pl\/en\/shop\/retro-watches-the-modern-collectors-guide\/#breadcrumb"},"inLanguage":"en-US","potentialAction":[{"@type":"ReadAction","target":["https:\/\/foliobooks.pl\/en\/shop\/retro-watches-the-modern-collectors-guide\/"]}]},{"@type":"ImageObject","inLanguage":"en-US","@id":"https:\/\/foliobooks.pl\/en\/shop\/retro-watches-the-modern-collectors-guide\/#primaryimage","url":"https:\/\/foliobooks.pl\/wp-content\/uploads\/2022\/01\/9780500022962.png","contentUrl":"https:\/\/foliobooks.pl\/wp-content\/uploads\/2022\/01\/9780500022962.png","width":570,"height":708},{"@type":"BreadcrumbList","@id":"https:\/\/foliobooks.pl\/en\/shop\/retro-watches-the-modern-collectors-guide\/#breadcrumb","itemListElement":[{"@type":"ListItem","position":1,"name":"Strona g\u0142\u00f3wna","item":"https:\/\/foliobooks.pl\/en\/"},{"@type":"ListItem","position":2,"name":"Shop","item":"https:\/\/foliobooks.pl\/en\/shop\/"},{"@type":"ListItem","position":3,"name":"Retro Watches. The Modern Collector&#8217;s Guide"}]},{"@type":"WebSite","@id":"https:\/\/foliobooks.pl\/en\/#website","url":"https:\/\/foliobooks.pl\/en\/","name":"Folio","description":"Ksi\u0119garnia internetowa","potentialAction":[{"@type":"SearchAction","target":{"@type":"EntryPoint","urlTemplate":"https:\/\/foliobooks.pl\/en\/?s={search_term_string}"},"query-input":{"@type":"PropertyValueSpecification","valueRequired":true,"valueName":"search_term_string"}}],"inLanguage":"en-US"}]}},"_links":{"self":[{"href":"https:\/\/foliobooks.pl\/en\/wp-json\/wp\/v2\/product\/59375","targetHints":{"allow":["GET"]}}],"collection":[{"href":"https:\/\/foliobooks.pl\/en\/wp-json\/wp\/v2\/product"}],"about":[{"href":"https:\/\/foliobooks.pl\/en\/wp-json\/wp\/v2\/types\/product"}],"replies":[{"embeddable":true,"href":"https:\/\/foliobooks.pl\/en\/wp-json\/wp\/v2\/comments?post=59375"}],"wp:featuredmedia":[{"embeddable":true,"href":"https:\/\/foliobooks.pl\/en\/wp-json\/wp\/v2\/media\/59374"}],"wp:attachment":[{"href":"https:\/\/foliobooks.pl\/en\/wp-json\/wp\/v2\/media?parent=59375"}],"wp:term":[{"taxonomy":"product_brand","embeddable":true,"href":"https:\/\/foliobooks.pl\/en\/wp-json\/wp\/v2\/product_brand?post=59375"},{"taxonomy":"product_cat","embeddable":true,"href":"https:\/\/foliobooks.pl\/en\/wp-json\/wp\/v2\/product_cat?post=59375"},{"taxonomy":"product_tag","embeddable":true,"href":"https:\/\/foliobooks.pl\/en\/wp-json\/wp\/v2\/product_tag?post=59375"}],"curies":[{"name":"wp","href":"https:\/\/api.w.org\/{rel}","templated":true}]}}