{"id":59367,"date":"2022-01-19T13:43:25","date_gmt":"2022-01-19T12:43:25","guid":{"rendered":"https:\/\/foliobooks.pl\/sklep\/man-ray-magician-on-paper-and-the-magic-of-objects\/"},"modified":"2025-10-16T16:00:24","modified_gmt":"2025-10-16T14:00:24","slug":"man-ray-magician-on-paper-and-the-magic-of-objects","status":"publish","type":"product","link":"https:\/\/foliobooks.pl\/en\/shop\/man-ray-magician-on-paper-and-the-magic-of-objects\/","title":{"rendered":"Man Ray: Magician on Paper. And the Magic of Objects"},"content":{"rendered":"<p>An affordable introduction to the Dada \u201cpoet of the darkroom\u201d and his diverse oeuvre<\/p>\n<p>American artist Man Ray (1890\u20131976) is one of the most important representatives of Dadaism and Surrealism and, based on the multifaceted character of his work, is regarded as the father of numerous avant-garde strains that would seed the future of photography and film throughout the 20th century.<\/p>\n<p>The catalog brings together roughly 100 works from various phases. Included in this comprehensive monograph are his photographs and drawings, objects such as his famous chess set, sculptures and more. One particular focus is on Man Ray\u2019s \u201cRayographs.\u201d Around 1919\u201320, the artist began experimenting with photograms, positioning everyday objects on photo paper and exposing them to various light sources. The blurred contours of these \u201cphotos without a camera\u201d exerted a great appeal on the Dadaists and subsequently the Surrealists; the poet Jean Cocteau described Man Ray as a \u201cpoet of the darkroom.\u201d<\/p>\n","protected":false},"excerpt":{"rendered":"<p>An affordable introduction to the Dada \u201cpoet of the darkroom\u201d and his diverse oeuvre American artist Man Ray (1890\u20131976) is one of the most important representatives of Dadaism and Surrealism and, based on the multifaceted character of his work, is regarded as the father of numerous avant-garde strains that would seed the future of photography&#8230;<\/p>\n","protected":false},"featured_media":59366,"comment_status":"closed","ping_status":"closed","template":"","meta":[],"product_brand":[],"product_cat":[4522,13533],"product_tag":[9083,1702,154],"class_list":{"0":"post-59367","1":"product","2":"type-product","3":"status-publish","4":"has-post-thumbnail","6":"product_cat-art-en","7":"product_cat-books","8":"product_tag-art-en","9":"product_tag-artists","10":"product_tag-monographs","11":"pa_author_att-christiane-ladleif-en","12":"pa_cover-hardcover","13":"pa_format-153-x-216-cm-en","14":"pa_isbn-9783735608024-en","15":"pa_language-eng-ger","16":"pa_pages-160-en-2","17":"pa_published-2022-01-15-en","18":"pa_publisher-kerber-verlag-en","20":"first","21":"instock","22":"sale","23":"sold-individually","24":"shipping-taxable","25":"purchasable","26":"product-type-simple"},"yoast_head":"<!-- This site is optimized with the Yoast SEO plugin v27.4 - https:\/\/yoast.com\/product\/yoast-seo-wordpress\/ -->\n<title>Man Ray: Magician on Paper. And the Magic of Objects (Christiane Ladleif) - book \/ album - Folio<\/title>\n<meta name=\"description\" content=\"Wejd\u017a i kup ksi\u0105\u017ck\u0119 Man Ray: Magician on Paper. And the Magic of Objects autorstwa Christiane Ladleif wydan\u0105 przez Kerber Verlag (2022-01-15) w formacie 15,3 x 21,6 cm (ISBN: 9783735608024). Zapraszamy!\" \/>\n<meta name=\"robots\" content=\"index, follow, max-snippet:-1, max-image-preview:large, max-video-preview:-1\" \/>\n<link rel=\"canonical\" href=\"https:\/\/foliobooks.pl\/en\/shop\/man-ray-magician-on-paper-and-the-magic-of-objects\/\" \/>\n<meta property=\"og:locale\" content=\"en_US\" \/>\n<meta property=\"og:type\" content=\"article\" \/>\n<meta property=\"og:title\" content=\"Man Ray: Magician on Paper. And the Magic of Objects (Christiane Ladleif) - book \/ album - Folio\" \/>\n<meta property=\"og:description\" content=\"Wejd\u017a i kup ksi\u0105\u017ck\u0119 Man Ray: Magician on Paper. And the Magic of Objects autorstwa Christiane Ladleif wydan\u0105 przez Kerber Verlag (2022-01-15) w formacie 15,3 x 21,6 cm (ISBN: 9783735608024). Zapraszamy!\" \/>\n<meta property=\"og:url\" content=\"https:\/\/foliobooks.pl\/en\/shop\/man-ray-magician-on-paper-and-the-magic-of-objects\/\" \/>\n<meta property=\"og:site_name\" content=\"Folio\" \/>\n<meta property=\"article:modified_time\" content=\"2025-10-16T14:00:24+00:00\" \/>\n<meta property=\"og:image\" content=\"https:\/\/foliobooks.pl\/wp-content\/uploads\/2022\/01\/9783735608024.png\" \/>\n\t<meta property=\"og:image:width\" content=\"570\" \/>\n\t<meta property=\"og:image:height\" content=\"708\" \/>\n\t<meta property=\"og:image:type\" content=\"image\/png\" \/>\n<meta name=\"twitter:card\" content=\"summary_large_image\" \/>\n<meta name=\"twitter:label1\" content=\"Est. reading time\" \/>\n\t<meta name=\"twitter:data1\" content=\"1 minute\" \/>\n<script type=\"application\/ld+json\" class=\"yoast-schema-graph\">{\"@context\":\"https:\\\/\\\/schema.org\",\"@graph\":[{\"@type\":\"WebPage\",\"@id\":\"https:\\\/\\\/foliobooks.pl\\\/en\\\/shop\\\/man-ray-magician-on-paper-and-the-magic-of-objects\\\/\",\"url\":\"https:\\\/\\\/foliobooks.pl\\\/en\\\/shop\\\/man-ray-magician-on-paper-and-the-magic-of-objects\\\/\",\"name\":\"Man Ray: Magician on Paper. And the Magic of Objects (Christiane Ladleif) - book \\\/ album - Folio\",\"isPartOf\":{\"@id\":\"https:\\\/\\\/foliobooks.pl\\\/en\\\/#website\"},\"primaryImageOfPage\":{\"@id\":\"https:\\\/\\\/foliobooks.pl\\\/en\\\/shop\\\/man-ray-magician-on-paper-and-the-magic-of-objects\\\/#primaryimage\"},\"image\":{\"@id\":\"https:\\\/\\\/foliobooks.pl\\\/en\\\/shop\\\/man-ray-magician-on-paper-and-the-magic-of-objects\\\/#primaryimage\"},\"thumbnailUrl\":\"https:\\\/\\\/foliobooks.pl\\\/wp-content\\\/uploads\\\/2022\\\/01\\\/9783735608024.png\",\"datePublished\":\"2022-01-19T12:43:25+00:00\",\"dateModified\":\"2025-10-16T14:00:24+00:00\",\"description\":\"Wejd\u017a i kup ksi\u0105\u017ck\u0119 Man Ray: Magician on Paper. And the Magic of Objects autorstwa Christiane Ladleif wydan\u0105 przez Kerber Verlag (2022-01-15) w formacie 15,3 x 21,6 cm (ISBN: 9783735608024). Zapraszamy!\",\"breadcrumb\":{\"@id\":\"https:\\\/\\\/foliobooks.pl\\\/en\\\/shop\\\/man-ray-magician-on-paper-and-the-magic-of-objects\\\/#breadcrumb\"},\"inLanguage\":\"en-US\",\"potentialAction\":[{\"@type\":\"ReadAction\",\"target\":[\"https:\\\/\\\/foliobooks.pl\\\/en\\\/shop\\\/man-ray-magician-on-paper-and-the-magic-of-objects\\\/\"]}]},{\"@type\":\"ImageObject\",\"inLanguage\":\"en-US\",\"@id\":\"https:\\\/\\\/foliobooks.pl\\\/en\\\/shop\\\/man-ray-magician-on-paper-and-the-magic-of-objects\\\/#primaryimage\",\"url\":\"https:\\\/\\\/foliobooks.pl\\\/wp-content\\\/uploads\\\/2022\\\/01\\\/9783735608024.png\",\"contentUrl\":\"https:\\\/\\\/foliobooks.pl\\\/wp-content\\\/uploads\\\/2022\\\/01\\\/9783735608024.png\",\"width\":570,\"height\":708},{\"@type\":\"BreadcrumbList\",\"@id\":\"https:\\\/\\\/foliobooks.pl\\\/en\\\/shop\\\/man-ray-magician-on-paper-and-the-magic-of-objects\\\/#breadcrumb\",\"itemListElement\":[{\"@type\":\"ListItem\",\"position\":1,\"name\":\"Strona g\u0142\u00f3wna\",\"item\":\"https:\\\/\\\/foliobooks.pl\\\/en\\\/\"},{\"@type\":\"ListItem\",\"position\":2,\"name\":\"Shop\",\"item\":\"https:\\\/\\\/foliobooks.pl\\\/en\\\/shop\\\/\"},{\"@type\":\"ListItem\",\"position\":3,\"name\":\"Man Ray: Magician on Paper. And the Magic of Objects\"}]},{\"@type\":\"WebSite\",\"@id\":\"https:\\\/\\\/foliobooks.pl\\\/en\\\/#website\",\"url\":\"https:\\\/\\\/foliobooks.pl\\\/en\\\/\",\"name\":\"Folio\",\"description\":\"Ksi\u0119garnia internetowa\",\"potentialAction\":[{\"@type\":\"SearchAction\",\"target\":{\"@type\":\"EntryPoint\",\"urlTemplate\":\"https:\\\/\\\/foliobooks.pl\\\/en\\\/?s={search_term_string}\"},\"query-input\":{\"@type\":\"PropertyValueSpecification\",\"valueRequired\":true,\"valueName\":\"search_term_string\"}}],\"inLanguage\":\"en-US\"}]}<\/script>\n<!-- \/ Yoast SEO plugin. -->","yoast_head_json":{"title":"Man Ray: Magician on Paper. And the Magic of Objects (Christiane Ladleif) - book \/ album - Folio","description":"Wejd\u017a i kup ksi\u0105\u017ck\u0119 Man Ray: Magician on Paper. And the Magic of Objects autorstwa Christiane Ladleif wydan\u0105 przez Kerber Verlag (2022-01-15) w formacie 15,3 x 21,6 cm (ISBN: 9783735608024). Zapraszamy!","robots":{"index":"index","follow":"follow","max-snippet":"max-snippet:-1","max-image-preview":"max-image-preview:large","max-video-preview":"max-video-preview:-1"},"canonical":"https:\/\/foliobooks.pl\/en\/shop\/man-ray-magician-on-paper-and-the-magic-of-objects\/","og_locale":"en_US","og_type":"article","og_title":"Man Ray: Magician on Paper. And the Magic of Objects (Christiane Ladleif) - book \/ album - Folio","og_description":"Wejd\u017a i kup ksi\u0105\u017ck\u0119 Man Ray: Magician on Paper. And the Magic of Objects autorstwa Christiane Ladleif wydan\u0105 przez Kerber Verlag (2022-01-15) w formacie 15,3 x 21,6 cm (ISBN: 9783735608024). Zapraszamy!","og_url":"https:\/\/foliobooks.pl\/en\/shop\/man-ray-magician-on-paper-and-the-magic-of-objects\/","og_site_name":"Folio","article_modified_time":"2025-10-16T14:00:24+00:00","og_image":[{"width":570,"height":708,"url":"https:\/\/foliobooks.pl\/wp-content\/uploads\/2022\/01\/9783735608024.png","type":"image\/png"}],"twitter_card":"summary_large_image","twitter_misc":{"Est. reading time":"1 minute"},"schema":{"@context":"https:\/\/schema.org","@graph":[{"@type":"WebPage","@id":"https:\/\/foliobooks.pl\/en\/shop\/man-ray-magician-on-paper-and-the-magic-of-objects\/","url":"https:\/\/foliobooks.pl\/en\/shop\/man-ray-magician-on-paper-and-the-magic-of-objects\/","name":"Man Ray: Magician on Paper. And the Magic of Objects (Christiane Ladleif) - book \/ album - Folio","isPartOf":{"@id":"https:\/\/foliobooks.pl\/en\/#website"},"primaryImageOfPage":{"@id":"https:\/\/foliobooks.pl\/en\/shop\/man-ray-magician-on-paper-and-the-magic-of-objects\/#primaryimage"},"image":{"@id":"https:\/\/foliobooks.pl\/en\/shop\/man-ray-magician-on-paper-and-the-magic-of-objects\/#primaryimage"},"thumbnailUrl":"https:\/\/foliobooks.pl\/wp-content\/uploads\/2022\/01\/9783735608024.png","datePublished":"2022-01-19T12:43:25+00:00","dateModified":"2025-10-16T14:00:24+00:00","description":"Wejd\u017a i kup ksi\u0105\u017ck\u0119 Man Ray: Magician on Paper. And the Magic of Objects autorstwa Christiane Ladleif wydan\u0105 przez Kerber Verlag (2022-01-15) w formacie 15,3 x 21,6 cm (ISBN: 9783735608024). Zapraszamy!","breadcrumb":{"@id":"https:\/\/foliobooks.pl\/en\/shop\/man-ray-magician-on-paper-and-the-magic-of-objects\/#breadcrumb"},"inLanguage":"en-US","potentialAction":[{"@type":"ReadAction","target":["https:\/\/foliobooks.pl\/en\/shop\/man-ray-magician-on-paper-and-the-magic-of-objects\/"]}]},{"@type":"ImageObject","inLanguage":"en-US","@id":"https:\/\/foliobooks.pl\/en\/shop\/man-ray-magician-on-paper-and-the-magic-of-objects\/#primaryimage","url":"https:\/\/foliobooks.pl\/wp-content\/uploads\/2022\/01\/9783735608024.png","contentUrl":"https:\/\/foliobooks.pl\/wp-content\/uploads\/2022\/01\/9783735608024.png","width":570,"height":708},{"@type":"BreadcrumbList","@id":"https:\/\/foliobooks.pl\/en\/shop\/man-ray-magician-on-paper-and-the-magic-of-objects\/#breadcrumb","itemListElement":[{"@type":"ListItem","position":1,"name":"Strona g\u0142\u00f3wna","item":"https:\/\/foliobooks.pl\/en\/"},{"@type":"ListItem","position":2,"name":"Shop","item":"https:\/\/foliobooks.pl\/en\/shop\/"},{"@type":"ListItem","position":3,"name":"Man Ray: Magician on Paper. And the Magic of Objects"}]},{"@type":"WebSite","@id":"https:\/\/foliobooks.pl\/en\/#website","url":"https:\/\/foliobooks.pl\/en\/","name":"Folio","description":"Ksi\u0119garnia internetowa","potentialAction":[{"@type":"SearchAction","target":{"@type":"EntryPoint","urlTemplate":"https:\/\/foliobooks.pl\/en\/?s={search_term_string}"},"query-input":{"@type":"PropertyValueSpecification","valueRequired":true,"valueName":"search_term_string"}}],"inLanguage":"en-US"}]}},"_links":{"self":[{"href":"https:\/\/foliobooks.pl\/en\/wp-json\/wp\/v2\/product\/59367","targetHints":{"allow":["GET"]}}],"collection":[{"href":"https:\/\/foliobooks.pl\/en\/wp-json\/wp\/v2\/product"}],"about":[{"href":"https:\/\/foliobooks.pl\/en\/wp-json\/wp\/v2\/types\/product"}],"replies":[{"embeddable":true,"href":"https:\/\/foliobooks.pl\/en\/wp-json\/wp\/v2\/comments?post=59367"}],"wp:featuredmedia":[{"embeddable":true,"href":"https:\/\/foliobooks.pl\/en\/wp-json\/wp\/v2\/media\/59366"}],"wp:attachment":[{"href":"https:\/\/foliobooks.pl\/en\/wp-json\/wp\/v2\/media?parent=59367"}],"wp:term":[{"taxonomy":"product_brand","embeddable":true,"href":"https:\/\/foliobooks.pl\/en\/wp-json\/wp\/v2\/product_brand?post=59367"},{"taxonomy":"product_cat","embeddable":true,"href":"https:\/\/foliobooks.pl\/en\/wp-json\/wp\/v2\/product_cat?post=59367"},{"taxonomy":"product_tag","embeddable":true,"href":"https:\/\/foliobooks.pl\/en\/wp-json\/wp\/v2\/product_tag?post=59367"}],"curies":[{"name":"wp","href":"https:\/\/api.w.org\/{rel}","templated":true}]}}