{"id":59354,"date":"2022-01-19T13:22:57","date_gmt":"2022-01-19T12:22:57","guid":{"rendered":"https:\/\/foliobooks.pl\/sklep\/the-conservatory-a-celebration-of-architecture-nature-and-light\/"},"modified":"2023-12-13T16:59:44","modified_gmt":"2023-12-13T15:59:44","slug":"the-conservatory-a-celebration-of-architecture-nature-and-light","status":"publish","type":"product","link":"https:\/\/foliobooks.pl\/en\/shop\/the-conservatory-a-celebration-of-architecture-nature-and-light\/","title":{"rendered":"The Conservatory. A Celebration of Architecture, Nature, and Light"},"content":{"rendered":"<p>Elegant and magnificent, conservatories reveal fascinating social, cultural, botanical, and engineering advances as they have evolved across history. First appearing in the eighteenth century as simple structures designed to protect fruit trees and other delicate plants from harsh European winters, conservatories became grand glass houses that spread across the European continent, to the Americas, and ultimately around the world.<\/p>\n<p>Through evocative archival and contemporary photographs, drawings of landmark structures, and graceful, accessible text, The Conservatory celebrates the patrons and designers who advanced the technology and architectural majesty of these light-filled structures. The importance of conservatories continues to grow with efforts to conserve phenomenal plants and their environments.<\/p>\n","protected":false},"excerpt":{"rendered":"<p>Elegant and magnificent, conservatories reveal fascinating social, cultural, botanical, and engineering advances as they have evolved across history. First appearing in the eighteenth century as simple structures designed to protect fruit trees and other delicate plants from harsh European winters, conservatories became grand glass houses that spread across the European continent, to the Americas, and&#8230;<\/p>\n","protected":false},"featured_media":59353,"comment_status":"closed","ping_status":"closed","template":"","meta":[],"product_brand":[],"product_cat":[4516,13533],"product_tag":[6124,11550,2856],"class_list":{"0":"post-59354","1":"product","2":"type-product","3":"status-publish","4":"has-post-thumbnail","6":"product_cat-architecture-en","7":"product_cat-books","8":"product_tag-architecture-en","9":"product_tag-buildings-en","10":"product_tag-gardens","11":"pa_author_att-alan-stein-en","12":"pa_author_att-nancy-virts-en","13":"pa_cover-hardcover","14":"pa_format-235-x-312-cm-en","15":"pa_isbn-9781616898274-en","16":"pa_language-eng","17":"pa_pages-256-en-2","18":"pa_published-2020-10-27-en","19":"pa_publisher-princeton-architectural-press-en","21":"first","22":"outofstock","23":"sale","24":"sold-individually","25":"shipping-taxable","26":"purchasable","27":"product-type-simple"},"yoast_head":"<!-- This site is optimized with the Yoast SEO plugin v27.5 - https:\/\/yoast.com\/product\/yoast-seo-wordpress\/ -->\n<title>The Conservatory. A Celebration of Architecture, Nature, and Light (Alan Stein, Nancy Virts) - book \/ album - Folio<\/title>\n<meta name=\"description\" content=\"Wejd\u017a i kup ksi\u0105\u017ck\u0119 The Conservatory. A Celebration of Architecture, Nature, and Light autorstwa Alan Stein, Nancy Virts wydan\u0105 przez Princeton Architectural Press (2020-10-27) w formacie 23,5 x 31,2 cm (ISBN: 9781616898274). Zapraszamy!\" \/>\n<meta name=\"robots\" content=\"index, follow, max-snippet:-1, max-image-preview:large, max-video-preview:-1\" \/>\n<link rel=\"canonical\" href=\"https:\/\/foliobooks.pl\/en\/shop\/the-conservatory-a-celebration-of-architecture-nature-and-light\/\" \/>\n<meta property=\"og:locale\" content=\"en_US\" \/>\n<meta property=\"og:type\" content=\"article\" \/>\n<meta property=\"og:title\" content=\"The Conservatory. A Celebration of Architecture, Nature, and Light (Alan Stein, Nancy Virts) - book \/ album - Folio\" \/>\n<meta property=\"og:description\" content=\"Wejd\u017a i kup ksi\u0105\u017ck\u0119 The Conservatory. A Celebration of Architecture, Nature, and Light autorstwa Alan Stein, Nancy Virts wydan\u0105 przez Princeton Architectural Press (2020-10-27) w formacie 23,5 x 31,2 cm (ISBN: 9781616898274). Zapraszamy!\" \/>\n<meta property=\"og:url\" content=\"https:\/\/foliobooks.pl\/en\/shop\/the-conservatory-a-celebration-of-architecture-nature-and-light\/\" \/>\n<meta property=\"og:site_name\" content=\"Folio\" \/>\n<meta property=\"article:modified_time\" content=\"2023-12-13T15:59:44+00:00\" \/>\n<meta property=\"og:image\" content=\"https:\/\/foliobooks.pl\/wp-content\/uploads\/2022\/01\/9781616898274.png\" \/>\n\t<meta property=\"og:image:width\" content=\"570\" \/>\n\t<meta property=\"og:image:height\" content=\"708\" \/>\n\t<meta property=\"og:image:type\" content=\"image\/png\" \/>\n<meta name=\"twitter:card\" content=\"summary_large_image\" \/>\n<meta name=\"twitter:label1\" content=\"Est. reading time\" \/>\n\t<meta name=\"twitter:data1\" content=\"1 minute\" \/>\n<script type=\"application\/ld+json\" class=\"yoast-schema-graph\">{\"@context\":\"https:\\\/\\\/schema.org\",\"@graph\":[{\"@type\":\"WebPage\",\"@id\":\"https:\\\/\\\/foliobooks.pl\\\/en\\\/shop\\\/the-conservatory-a-celebration-of-architecture-nature-and-light\\\/\",\"url\":\"https:\\\/\\\/foliobooks.pl\\\/en\\\/shop\\\/the-conservatory-a-celebration-of-architecture-nature-and-light\\\/\",\"name\":\"The Conservatory. A Celebration of Architecture, Nature, and Light (Alan Stein, Nancy Virts) - book \\\/ album - Folio\",\"isPartOf\":{\"@id\":\"https:\\\/\\\/foliobooks.pl\\\/en\\\/#website\"},\"primaryImageOfPage\":{\"@id\":\"https:\\\/\\\/foliobooks.pl\\\/en\\\/shop\\\/the-conservatory-a-celebration-of-architecture-nature-and-light\\\/#primaryimage\"},\"image\":{\"@id\":\"https:\\\/\\\/foliobooks.pl\\\/en\\\/shop\\\/the-conservatory-a-celebration-of-architecture-nature-and-light\\\/#primaryimage\"},\"thumbnailUrl\":\"https:\\\/\\\/foliobooks.pl\\\/wp-content\\\/uploads\\\/2022\\\/01\\\/9781616898274.png\",\"datePublished\":\"2022-01-19T12:22:57+00:00\",\"dateModified\":\"2023-12-13T15:59:44+00:00\",\"description\":\"Wejd\u017a i kup ksi\u0105\u017ck\u0119 The Conservatory. A Celebration of Architecture, Nature, and Light autorstwa Alan Stein, Nancy Virts wydan\u0105 przez Princeton Architectural Press (2020-10-27) w formacie 23,5 x 31,2 cm (ISBN: 9781616898274). Zapraszamy!\",\"breadcrumb\":{\"@id\":\"https:\\\/\\\/foliobooks.pl\\\/en\\\/shop\\\/the-conservatory-a-celebration-of-architecture-nature-and-light\\\/#breadcrumb\"},\"inLanguage\":\"en-US\",\"potentialAction\":[{\"@type\":\"ReadAction\",\"target\":[\"https:\\\/\\\/foliobooks.pl\\\/en\\\/shop\\\/the-conservatory-a-celebration-of-architecture-nature-and-light\\\/\"]}]},{\"@type\":\"ImageObject\",\"inLanguage\":\"en-US\",\"@id\":\"https:\\\/\\\/foliobooks.pl\\\/en\\\/shop\\\/the-conservatory-a-celebration-of-architecture-nature-and-light\\\/#primaryimage\",\"url\":\"https:\\\/\\\/foliobooks.pl\\\/wp-content\\\/uploads\\\/2022\\\/01\\\/9781616898274.png\",\"contentUrl\":\"https:\\\/\\\/foliobooks.pl\\\/wp-content\\\/uploads\\\/2022\\\/01\\\/9781616898274.png\",\"width\":570,\"height\":708},{\"@type\":\"BreadcrumbList\",\"@id\":\"https:\\\/\\\/foliobooks.pl\\\/en\\\/shop\\\/the-conservatory-a-celebration-of-architecture-nature-and-light\\\/#breadcrumb\",\"itemListElement\":[{\"@type\":\"ListItem\",\"position\":1,\"name\":\"Strona g\u0142\u00f3wna\",\"item\":\"https:\\\/\\\/foliobooks.pl\\\/en\\\/\"},{\"@type\":\"ListItem\",\"position\":2,\"name\":\"Shop\",\"item\":\"https:\\\/\\\/foliobooks.pl\\\/en\\\/shop\\\/\"},{\"@type\":\"ListItem\",\"position\":3,\"name\":\"The Conservatory. A Celebration of Architecture, Nature, and Light\"}]},{\"@type\":\"WebSite\",\"@id\":\"https:\\\/\\\/foliobooks.pl\\\/en\\\/#website\",\"url\":\"https:\\\/\\\/foliobooks.pl\\\/en\\\/\",\"name\":\"Folio\",\"description\":\"Ksi\u0119garnia internetowa\",\"potentialAction\":[{\"@type\":\"SearchAction\",\"target\":{\"@type\":\"EntryPoint\",\"urlTemplate\":\"https:\\\/\\\/foliobooks.pl\\\/en\\\/?s={search_term_string}\"},\"query-input\":{\"@type\":\"PropertyValueSpecification\",\"valueRequired\":true,\"valueName\":\"search_term_string\"}}],\"inLanguage\":\"en-US\"}]}<\/script>\n<!-- \/ Yoast SEO plugin. -->","yoast_head_json":{"title":"The Conservatory. A Celebration of Architecture, Nature, and Light (Alan Stein, Nancy Virts) - book \/ album - Folio","description":"Wejd\u017a i kup ksi\u0105\u017ck\u0119 The Conservatory. A Celebration of Architecture, Nature, and Light autorstwa Alan Stein, Nancy Virts wydan\u0105 przez Princeton Architectural Press (2020-10-27) w formacie 23,5 x 31,2 cm (ISBN: 9781616898274). Zapraszamy!","robots":{"index":"index","follow":"follow","max-snippet":"max-snippet:-1","max-image-preview":"max-image-preview:large","max-video-preview":"max-video-preview:-1"},"canonical":"https:\/\/foliobooks.pl\/en\/shop\/the-conservatory-a-celebration-of-architecture-nature-and-light\/","og_locale":"en_US","og_type":"article","og_title":"The Conservatory. A Celebration of Architecture, Nature, and Light (Alan Stein, Nancy Virts) - book \/ album - Folio","og_description":"Wejd\u017a i kup ksi\u0105\u017ck\u0119 The Conservatory. A Celebration of Architecture, Nature, and Light autorstwa Alan Stein, Nancy Virts wydan\u0105 przez Princeton Architectural Press (2020-10-27) w formacie 23,5 x 31,2 cm (ISBN: 9781616898274). Zapraszamy!","og_url":"https:\/\/foliobooks.pl\/en\/shop\/the-conservatory-a-celebration-of-architecture-nature-and-light\/","og_site_name":"Folio","article_modified_time":"2023-12-13T15:59:44+00:00","og_image":[{"width":570,"height":708,"url":"https:\/\/foliobooks.pl\/wp-content\/uploads\/2022\/01\/9781616898274.png","type":"image\/png"}],"twitter_card":"summary_large_image","twitter_misc":{"Est. reading time":"1 minute"},"schema":{"@context":"https:\/\/schema.org","@graph":[{"@type":"WebPage","@id":"https:\/\/foliobooks.pl\/en\/shop\/the-conservatory-a-celebration-of-architecture-nature-and-light\/","url":"https:\/\/foliobooks.pl\/en\/shop\/the-conservatory-a-celebration-of-architecture-nature-and-light\/","name":"The Conservatory. A Celebration of Architecture, Nature, and Light (Alan Stein, Nancy Virts) - book \/ album - Folio","isPartOf":{"@id":"https:\/\/foliobooks.pl\/en\/#website"},"primaryImageOfPage":{"@id":"https:\/\/foliobooks.pl\/en\/shop\/the-conservatory-a-celebration-of-architecture-nature-and-light\/#primaryimage"},"image":{"@id":"https:\/\/foliobooks.pl\/en\/shop\/the-conservatory-a-celebration-of-architecture-nature-and-light\/#primaryimage"},"thumbnailUrl":"https:\/\/foliobooks.pl\/wp-content\/uploads\/2022\/01\/9781616898274.png","datePublished":"2022-01-19T12:22:57+00:00","dateModified":"2023-12-13T15:59:44+00:00","description":"Wejd\u017a i kup ksi\u0105\u017ck\u0119 The Conservatory. A Celebration of Architecture, Nature, and Light autorstwa Alan Stein, Nancy Virts wydan\u0105 przez Princeton Architectural Press (2020-10-27) w formacie 23,5 x 31,2 cm (ISBN: 9781616898274). Zapraszamy!","breadcrumb":{"@id":"https:\/\/foliobooks.pl\/en\/shop\/the-conservatory-a-celebration-of-architecture-nature-and-light\/#breadcrumb"},"inLanguage":"en-US","potentialAction":[{"@type":"ReadAction","target":["https:\/\/foliobooks.pl\/en\/shop\/the-conservatory-a-celebration-of-architecture-nature-and-light\/"]}]},{"@type":"ImageObject","inLanguage":"en-US","@id":"https:\/\/foliobooks.pl\/en\/shop\/the-conservatory-a-celebration-of-architecture-nature-and-light\/#primaryimage","url":"https:\/\/foliobooks.pl\/wp-content\/uploads\/2022\/01\/9781616898274.png","contentUrl":"https:\/\/foliobooks.pl\/wp-content\/uploads\/2022\/01\/9781616898274.png","width":570,"height":708},{"@type":"BreadcrumbList","@id":"https:\/\/foliobooks.pl\/en\/shop\/the-conservatory-a-celebration-of-architecture-nature-and-light\/#breadcrumb","itemListElement":[{"@type":"ListItem","position":1,"name":"Strona g\u0142\u00f3wna","item":"https:\/\/foliobooks.pl\/en\/"},{"@type":"ListItem","position":2,"name":"Shop","item":"https:\/\/foliobooks.pl\/en\/shop\/"},{"@type":"ListItem","position":3,"name":"The Conservatory. A Celebration of Architecture, Nature, and Light"}]},{"@type":"WebSite","@id":"https:\/\/foliobooks.pl\/en\/#website","url":"https:\/\/foliobooks.pl\/en\/","name":"Folio","description":"Ksi\u0119garnia internetowa","potentialAction":[{"@type":"SearchAction","target":{"@type":"EntryPoint","urlTemplate":"https:\/\/foliobooks.pl\/en\/?s={search_term_string}"},"query-input":{"@type":"PropertyValueSpecification","valueRequired":true,"valueName":"search_term_string"}}],"inLanguage":"en-US"}]}},"_links":{"self":[{"href":"https:\/\/foliobooks.pl\/en\/wp-json\/wp\/v2\/product\/59354","targetHints":{"allow":["GET"]}}],"collection":[{"href":"https:\/\/foliobooks.pl\/en\/wp-json\/wp\/v2\/product"}],"about":[{"href":"https:\/\/foliobooks.pl\/en\/wp-json\/wp\/v2\/types\/product"}],"replies":[{"embeddable":true,"href":"https:\/\/foliobooks.pl\/en\/wp-json\/wp\/v2\/comments?post=59354"}],"wp:featuredmedia":[{"embeddable":true,"href":"https:\/\/foliobooks.pl\/en\/wp-json\/wp\/v2\/media\/59353"}],"wp:attachment":[{"href":"https:\/\/foliobooks.pl\/en\/wp-json\/wp\/v2\/media?parent=59354"}],"wp:term":[{"taxonomy":"product_brand","embeddable":true,"href":"https:\/\/foliobooks.pl\/en\/wp-json\/wp\/v2\/product_brand?post=59354"},{"taxonomy":"product_cat","embeddable":true,"href":"https:\/\/foliobooks.pl\/en\/wp-json\/wp\/v2\/product_cat?post=59354"},{"taxonomy":"product_tag","embeddable":true,"href":"https:\/\/foliobooks.pl\/en\/wp-json\/wp\/v2\/product_tag?post=59354"}],"curies":[{"name":"wp","href":"https:\/\/api.w.org\/{rel}","templated":true}]}}