{"id":59345,"date":"2022-01-19T13:11:05","date_gmt":"2022-01-19T12:11:05","guid":{"rendered":"https:\/\/foliobooks.pl\/sklep\/monique-lhuillier-dreaming-of-fashion-and-glamour\/"},"modified":"2025-09-09T15:36:23","modified_gmt":"2025-09-09T13:36:23","slug":"monique-lhuillier-dreaming-of-fashion-and-glamour","status":"publish","type":"product","link":"https:\/\/foliobooks.pl\/en\/shop\/monique-lhuillier-dreaming-of-fashion-and-glamour\/","title":{"rendered":"Monique Lhuillier. Dreaming of Fashion and Glamour"},"content":{"rendered":"<p>This ultra-stylish debut book celebrates the eternally feminine, whimsical, and divinely chic red-carpet dresses and bridal gowns created by one of fashion\u2019s foremost designers.<\/p>\n<p>Internationally acclaimed fashion designer Monique Lhuillier started by designing exquisite bridal wear in 1996 in Los Angeles. With collections that are sophisticated and feminine and appeal to modern women, Lhuillier expanded to include ready-to-wear, footwear, bags, accessories, and fragrances. Her distinct aesthetic is inspired by her mother\u2019s graceful style combined with Lhuillier\u2019s trademark refined touch of romance\u2014adding a splash of glamour and a playful fairy-tale element to each design. From dazzling red-carpet cocktail dresses and alluring eveningwear to her showstopping bridal gowns, every beautiful piece is created with the finest fabrics and unparalleled craftsmanship.<\/p>\n<p>This debut volume captures the joy, chic opulence, and modern femininity of the Monique Lhuillier brand. The designer takes us through page after page of gorgeous celebration gowns and ready-to-wear pieces: sequin-embellished tulle frocks, elegant long-sleeved sheath gowns with front slits, and luxurious couture wedding dresses with flutter sleeves\u2014all embodying Lhuillier\u2019s inventive romanticism with a modern tilt. Loyal celebrity fans include Emma Stone, Halle Berry, Blake Lively, Gwyneth Paltrow, Taylor Swift, Reese Witherspoon, Regina King, Jessica Alba, and former First Lady Michelle Obama, among others.<\/p>\n<p>Replete with eye-catching color photographs of Lhuillier\u2019s dreamy designs, this elegant book will appeal to lovers of fashion and style, as well as future brides-to-be looking for inspiration.<\/p>\n","protected":false},"excerpt":{"rendered":"<p>This ultra-stylish debut book celebrates the eternally feminine, whimsical, and divinely chic red-carpet dresses and bridal gowns created by one of fashion\u2019s foremost designers. Internationally acclaimed fashion designer Monique Lhuillier started by designing exquisite bridal wear in 1996 in Los Angeles. With collections that are sophisticated and feminine and appeal to modern women, Lhuillier expanded&#8230;<\/p>\n","protected":false},"featured_media":59344,"comment_status":"closed","ping_status":"closed","template":"","meta":[],"product_brand":[],"product_cat":[13533,4517],"product_tag":[6121,12447],"class_list":{"0":"post-59345","1":"product","2":"type-product","3":"status-publish","4":"has-post-thumbnail","6":"product_cat-books","7":"product_cat-photography-en","8":"product_tag-photography","9":"product_tag-weddings-en","10":"pa_author_att-monique-lhuillier-en","11":"pa_author_att-reese-witherspoon-en","12":"pa_cover-hardcover","13":"pa_format-24-x-34-cm-en","14":"pa_isbn-9780847870943-en","15":"pa_language-eng","16":"pa_pages-304-en-2","17":"pa_published-2021-09-28-en","18":"pa_publisher-rizzoli-en","20":"first","21":"instock","22":"sale","23":"sold-individually","24":"shipping-taxable","25":"purchasable","26":"product-type-simple"},"yoast_head":"<!-- This site is optimized with the Yoast SEO plugin v27.4 - https:\/\/yoast.com\/product\/yoast-seo-wordpress\/ -->\n<title>Monique Lhuillier. Dreaming of Fashion and Glamour (Monique Lhuillier, Reese Witherspoon) - book \/ album - Folio<\/title>\n<meta name=\"description\" content=\"Wejd\u017a i kup ksi\u0105\u017ck\u0119 Monique Lhuillier. Dreaming of Fashion and Glamour autorstwa Monique Lhuillier, Reese Witherspoon wydan\u0105 przez Rizzoli (2021-09-28) w formacie 24 x 34 cm (ISBN: 9780847870943). Zapraszamy!\" \/>\n<meta name=\"robots\" content=\"index, follow, max-snippet:-1, max-image-preview:large, max-video-preview:-1\" \/>\n<link rel=\"canonical\" href=\"https:\/\/foliobooks.pl\/en\/shop\/monique-lhuillier-dreaming-of-fashion-and-glamour\/\" \/>\n<meta property=\"og:locale\" content=\"en_US\" \/>\n<meta property=\"og:type\" content=\"article\" \/>\n<meta property=\"og:title\" content=\"Monique Lhuillier. Dreaming of Fashion and Glamour (Monique Lhuillier, Reese Witherspoon) - book \/ album - Folio\" \/>\n<meta property=\"og:description\" content=\"Wejd\u017a i kup ksi\u0105\u017ck\u0119 Monique Lhuillier. Dreaming of Fashion and Glamour autorstwa Monique Lhuillier, Reese Witherspoon wydan\u0105 przez Rizzoli (2021-09-28) w formacie 24 x 34 cm (ISBN: 9780847870943). Zapraszamy!\" \/>\n<meta property=\"og:url\" content=\"https:\/\/foliobooks.pl\/en\/shop\/monique-lhuillier-dreaming-of-fashion-and-glamour\/\" \/>\n<meta property=\"og:site_name\" content=\"Folio\" \/>\n<meta property=\"article:modified_time\" content=\"2025-09-09T13:36:23+00:00\" \/>\n<meta property=\"og:image\" content=\"https:\/\/foliobooks.pl\/wp-content\/uploads\/2022\/01\/9780847870943.png\" \/>\n\t<meta property=\"og:image:width\" content=\"570\" \/>\n\t<meta property=\"og:image:height\" content=\"708\" \/>\n\t<meta property=\"og:image:type\" content=\"image\/png\" \/>\n<meta name=\"twitter:card\" content=\"summary_large_image\" \/>\n<meta name=\"twitter:label1\" content=\"Est. reading time\" \/>\n\t<meta name=\"twitter:data1\" content=\"2 minutes\" \/>\n<script type=\"application\/ld+json\" class=\"yoast-schema-graph\">{\"@context\":\"https:\\\/\\\/schema.org\",\"@graph\":[{\"@type\":\"WebPage\",\"@id\":\"https:\\\/\\\/foliobooks.pl\\\/en\\\/shop\\\/monique-lhuillier-dreaming-of-fashion-and-glamour\\\/\",\"url\":\"https:\\\/\\\/foliobooks.pl\\\/en\\\/shop\\\/monique-lhuillier-dreaming-of-fashion-and-glamour\\\/\",\"name\":\"Monique Lhuillier. Dreaming of Fashion and Glamour (Monique Lhuillier, Reese Witherspoon) - book \\\/ album - Folio\",\"isPartOf\":{\"@id\":\"https:\\\/\\\/foliobooks.pl\\\/en\\\/#website\"},\"primaryImageOfPage\":{\"@id\":\"https:\\\/\\\/foliobooks.pl\\\/en\\\/shop\\\/monique-lhuillier-dreaming-of-fashion-and-glamour\\\/#primaryimage\"},\"image\":{\"@id\":\"https:\\\/\\\/foliobooks.pl\\\/en\\\/shop\\\/monique-lhuillier-dreaming-of-fashion-and-glamour\\\/#primaryimage\"},\"thumbnailUrl\":\"https:\\\/\\\/foliobooks.pl\\\/wp-content\\\/uploads\\\/2022\\\/01\\\/9780847870943.png\",\"datePublished\":\"2022-01-19T12:11:05+00:00\",\"dateModified\":\"2025-09-09T13:36:23+00:00\",\"description\":\"Wejd\u017a i kup ksi\u0105\u017ck\u0119 Monique Lhuillier. Dreaming of Fashion and Glamour autorstwa Monique Lhuillier, Reese Witherspoon wydan\u0105 przez Rizzoli (2021-09-28) w formacie 24 x 34 cm (ISBN: 9780847870943). Zapraszamy!\",\"breadcrumb\":{\"@id\":\"https:\\\/\\\/foliobooks.pl\\\/en\\\/shop\\\/monique-lhuillier-dreaming-of-fashion-and-glamour\\\/#breadcrumb\"},\"inLanguage\":\"en-US\",\"potentialAction\":[{\"@type\":\"ReadAction\",\"target\":[\"https:\\\/\\\/foliobooks.pl\\\/en\\\/shop\\\/monique-lhuillier-dreaming-of-fashion-and-glamour\\\/\"]}]},{\"@type\":\"ImageObject\",\"inLanguage\":\"en-US\",\"@id\":\"https:\\\/\\\/foliobooks.pl\\\/en\\\/shop\\\/monique-lhuillier-dreaming-of-fashion-and-glamour\\\/#primaryimage\",\"url\":\"https:\\\/\\\/foliobooks.pl\\\/wp-content\\\/uploads\\\/2022\\\/01\\\/9780847870943.png\",\"contentUrl\":\"https:\\\/\\\/foliobooks.pl\\\/wp-content\\\/uploads\\\/2022\\\/01\\\/9780847870943.png\",\"width\":570,\"height\":708},{\"@type\":\"BreadcrumbList\",\"@id\":\"https:\\\/\\\/foliobooks.pl\\\/en\\\/shop\\\/monique-lhuillier-dreaming-of-fashion-and-glamour\\\/#breadcrumb\",\"itemListElement\":[{\"@type\":\"ListItem\",\"position\":1,\"name\":\"Strona g\u0142\u00f3wna\",\"item\":\"https:\\\/\\\/foliobooks.pl\\\/en\\\/\"},{\"@type\":\"ListItem\",\"position\":2,\"name\":\"Shop\",\"item\":\"https:\\\/\\\/foliobooks.pl\\\/en\\\/shop\\\/\"},{\"@type\":\"ListItem\",\"position\":3,\"name\":\"Monique Lhuillier. Dreaming of Fashion and Glamour\"}]},{\"@type\":\"WebSite\",\"@id\":\"https:\\\/\\\/foliobooks.pl\\\/en\\\/#website\",\"url\":\"https:\\\/\\\/foliobooks.pl\\\/en\\\/\",\"name\":\"Folio\",\"description\":\"Ksi\u0119garnia internetowa\",\"potentialAction\":[{\"@type\":\"SearchAction\",\"target\":{\"@type\":\"EntryPoint\",\"urlTemplate\":\"https:\\\/\\\/foliobooks.pl\\\/en\\\/?s={search_term_string}\"},\"query-input\":{\"@type\":\"PropertyValueSpecification\",\"valueRequired\":true,\"valueName\":\"search_term_string\"}}],\"inLanguage\":\"en-US\"}]}<\/script>\n<!-- \/ Yoast SEO plugin. -->","yoast_head_json":{"title":"Monique Lhuillier. Dreaming of Fashion and Glamour (Monique Lhuillier, Reese Witherspoon) - book \/ album - Folio","description":"Wejd\u017a i kup ksi\u0105\u017ck\u0119 Monique Lhuillier. Dreaming of Fashion and Glamour autorstwa Monique Lhuillier, Reese Witherspoon wydan\u0105 przez Rizzoli (2021-09-28) w formacie 24 x 34 cm (ISBN: 9780847870943). Zapraszamy!","robots":{"index":"index","follow":"follow","max-snippet":"max-snippet:-1","max-image-preview":"max-image-preview:large","max-video-preview":"max-video-preview:-1"},"canonical":"https:\/\/foliobooks.pl\/en\/shop\/monique-lhuillier-dreaming-of-fashion-and-glamour\/","og_locale":"en_US","og_type":"article","og_title":"Monique Lhuillier. Dreaming of Fashion and Glamour (Monique Lhuillier, Reese Witherspoon) - book \/ album - Folio","og_description":"Wejd\u017a i kup ksi\u0105\u017ck\u0119 Monique Lhuillier. Dreaming of Fashion and Glamour autorstwa Monique Lhuillier, Reese Witherspoon wydan\u0105 przez Rizzoli (2021-09-28) w formacie 24 x 34 cm (ISBN: 9780847870943). Zapraszamy!","og_url":"https:\/\/foliobooks.pl\/en\/shop\/monique-lhuillier-dreaming-of-fashion-and-glamour\/","og_site_name":"Folio","article_modified_time":"2025-09-09T13:36:23+00:00","og_image":[{"width":570,"height":708,"url":"https:\/\/foliobooks.pl\/wp-content\/uploads\/2022\/01\/9780847870943.png","type":"image\/png"}],"twitter_card":"summary_large_image","twitter_misc":{"Est. reading time":"2 minutes"},"schema":{"@context":"https:\/\/schema.org","@graph":[{"@type":"WebPage","@id":"https:\/\/foliobooks.pl\/en\/shop\/monique-lhuillier-dreaming-of-fashion-and-glamour\/","url":"https:\/\/foliobooks.pl\/en\/shop\/monique-lhuillier-dreaming-of-fashion-and-glamour\/","name":"Monique Lhuillier. Dreaming of Fashion and Glamour (Monique Lhuillier, Reese Witherspoon) - book \/ album - Folio","isPartOf":{"@id":"https:\/\/foliobooks.pl\/en\/#website"},"primaryImageOfPage":{"@id":"https:\/\/foliobooks.pl\/en\/shop\/monique-lhuillier-dreaming-of-fashion-and-glamour\/#primaryimage"},"image":{"@id":"https:\/\/foliobooks.pl\/en\/shop\/monique-lhuillier-dreaming-of-fashion-and-glamour\/#primaryimage"},"thumbnailUrl":"https:\/\/foliobooks.pl\/wp-content\/uploads\/2022\/01\/9780847870943.png","datePublished":"2022-01-19T12:11:05+00:00","dateModified":"2025-09-09T13:36:23+00:00","description":"Wejd\u017a i kup ksi\u0105\u017ck\u0119 Monique Lhuillier. Dreaming of Fashion and Glamour autorstwa Monique Lhuillier, Reese Witherspoon wydan\u0105 przez Rizzoli (2021-09-28) w formacie 24 x 34 cm (ISBN: 9780847870943). Zapraszamy!","breadcrumb":{"@id":"https:\/\/foliobooks.pl\/en\/shop\/monique-lhuillier-dreaming-of-fashion-and-glamour\/#breadcrumb"},"inLanguage":"en-US","potentialAction":[{"@type":"ReadAction","target":["https:\/\/foliobooks.pl\/en\/shop\/monique-lhuillier-dreaming-of-fashion-and-glamour\/"]}]},{"@type":"ImageObject","inLanguage":"en-US","@id":"https:\/\/foliobooks.pl\/en\/shop\/monique-lhuillier-dreaming-of-fashion-and-glamour\/#primaryimage","url":"https:\/\/foliobooks.pl\/wp-content\/uploads\/2022\/01\/9780847870943.png","contentUrl":"https:\/\/foliobooks.pl\/wp-content\/uploads\/2022\/01\/9780847870943.png","width":570,"height":708},{"@type":"BreadcrumbList","@id":"https:\/\/foliobooks.pl\/en\/shop\/monique-lhuillier-dreaming-of-fashion-and-glamour\/#breadcrumb","itemListElement":[{"@type":"ListItem","position":1,"name":"Strona g\u0142\u00f3wna","item":"https:\/\/foliobooks.pl\/en\/"},{"@type":"ListItem","position":2,"name":"Shop","item":"https:\/\/foliobooks.pl\/en\/shop\/"},{"@type":"ListItem","position":3,"name":"Monique Lhuillier. Dreaming of Fashion and Glamour"}]},{"@type":"WebSite","@id":"https:\/\/foliobooks.pl\/en\/#website","url":"https:\/\/foliobooks.pl\/en\/","name":"Folio","description":"Ksi\u0119garnia internetowa","potentialAction":[{"@type":"SearchAction","target":{"@type":"EntryPoint","urlTemplate":"https:\/\/foliobooks.pl\/en\/?s={search_term_string}"},"query-input":{"@type":"PropertyValueSpecification","valueRequired":true,"valueName":"search_term_string"}}],"inLanguage":"en-US"}]}},"_links":{"self":[{"href":"https:\/\/foliobooks.pl\/en\/wp-json\/wp\/v2\/product\/59345","targetHints":{"allow":["GET"]}}],"collection":[{"href":"https:\/\/foliobooks.pl\/en\/wp-json\/wp\/v2\/product"}],"about":[{"href":"https:\/\/foliobooks.pl\/en\/wp-json\/wp\/v2\/types\/product"}],"replies":[{"embeddable":true,"href":"https:\/\/foliobooks.pl\/en\/wp-json\/wp\/v2\/comments?post=59345"}],"wp:featuredmedia":[{"embeddable":true,"href":"https:\/\/foliobooks.pl\/en\/wp-json\/wp\/v2\/media\/59344"}],"wp:attachment":[{"href":"https:\/\/foliobooks.pl\/en\/wp-json\/wp\/v2\/media?parent=59345"}],"wp:term":[{"taxonomy":"product_brand","embeddable":true,"href":"https:\/\/foliobooks.pl\/en\/wp-json\/wp\/v2\/product_brand?post=59345"},{"taxonomy":"product_cat","embeddable":true,"href":"https:\/\/foliobooks.pl\/en\/wp-json\/wp\/v2\/product_cat?post=59345"},{"taxonomy":"product_tag","embeddable":true,"href":"https:\/\/foliobooks.pl\/en\/wp-json\/wp\/v2\/product_tag?post=59345"}],"curies":[{"name":"wp","href":"https:\/\/api.w.org\/{rel}","templated":true}]}}