{"id":58063,"date":"2021-12-19T20:37:34","date_gmt":"2021-12-19T19:37:34","guid":{"rendered":"https:\/\/foliobooks.pl\/sklep\/paris-chic\/"},"modified":"2025-03-12T13:59:32","modified_gmt":"2025-03-12T12:59:32","slug":"paris-chic","status":"publish","type":"product","link":"https:\/\/foliobooks.pl\/en\/shop\/paris-chic\/","title":{"rendered":"Paris Chic"},"content":{"rendered":"<p>Paris is the city of chic\u2014and as such, its innate style shines throughout the city, even in the simplest spaces. Quaint bistros, picturesque alleyways, artists\u2019 studios and unique characters are elevated to a modern-day genre painting when set in Paris. From skateboarders to antiquarians, this volume is a glimpse into Parisian life, as if peering over the edge of the balcony at your own pied-a-terre.<\/p>\n<p>Collaboratively, author Alexandra Senes and photographer Oliver Pilcher open the doors to some of the most sophisticated homes in Paris, sharing an intimate portrait of various families. The quiet, daily moments of Parisian life are eternalized through Pilcher\u2019s lens. Monuments don\u2019t make a city; the people do.<\/p>\n","protected":false},"excerpt":{"rendered":"<p>Paris is the city of chic\u2014and as such, its innate style shines throughout the city, even in the simplest spaces. Quaint bistros, picturesque alleyways, artists\u2019 studios and unique characters are elevated to a modern-day genre painting when set in Paris. From skateboarders to antiquarians, this volume is a glimpse into Parisian life, as if peering&#8230;<\/p>\n","protected":false},"featured_media":58062,"comment_status":"closed","ping_status":"closed","template":"","meta":[],"product_brand":[],"product_cat":[13533,4517],"product_tag":[516,156],"class_list":{"0":"post-58063","1":"product","2":"type-product","3":"status-publish","4":"has-post-thumbnail","6":"product_cat-books","7":"product_cat-photography-en","8":"product_tag-places-en","9":"product_tag-travel","10":"pa_author_att-oliver-pilcher-en","11":"pa_cover-hardcover","12":"pa_format-25-x-33-cm-en","13":"pa_isbn-9781614289333-en","14":"pa_language-eng","15":"pa_pages-280-en-2","16":"pa_published-2020-09-15-en","17":"pa_publisher-assouline-en","19":"first","20":"outofstock","21":"sold-individually","22":"shipping-taxable","23":"purchasable","24":"product-type-simple"},"yoast_head":"<!-- This site is optimized with the Yoast SEO plugin v27.4 - https:\/\/yoast.com\/product\/yoast-seo-wordpress\/ -->\n<title>Paris Chic (Oliver Pilcher) - book \/ album - Folio<\/title>\n<meta name=\"description\" content=\"Wejd\u017a i kup ksi\u0105\u017ck\u0119 Paris Chic autorstwa Oliver Pilcher wydan\u0105 przez Assouline (2020-09-15) w formacie 25 x 33 cm (ISBN: 9781614289333). Zapraszamy!\" \/>\n<meta name=\"robots\" content=\"index, follow, max-snippet:-1, max-image-preview:large, max-video-preview:-1\" \/>\n<link rel=\"canonical\" href=\"https:\/\/foliobooks.pl\/en\/shop\/paris-chic\/\" \/>\n<meta property=\"og:locale\" content=\"en_US\" \/>\n<meta property=\"og:type\" content=\"article\" \/>\n<meta property=\"og:title\" content=\"Paris Chic (Oliver Pilcher) - book \/ album - Folio\" \/>\n<meta property=\"og:description\" content=\"Wejd\u017a i kup ksi\u0105\u017ck\u0119 Paris Chic autorstwa Oliver Pilcher wydan\u0105 przez Assouline (2020-09-15) w formacie 25 x 33 cm (ISBN: 9781614289333). Zapraszamy!\" \/>\n<meta property=\"og:url\" content=\"https:\/\/foliobooks.pl\/en\/shop\/paris-chic\/\" \/>\n<meta property=\"og:site_name\" content=\"Folio\" \/>\n<meta property=\"article:modified_time\" content=\"2025-03-12T12:59:32+00:00\" \/>\n<meta property=\"og:image\" content=\"https:\/\/foliobooks.pl\/wp-content\/uploads\/2021\/12\/9781614289333.png\" \/>\n\t<meta property=\"og:image:width\" content=\"570\" \/>\n\t<meta property=\"og:image:height\" content=\"708\" \/>\n\t<meta property=\"og:image:type\" content=\"image\/png\" \/>\n<meta name=\"twitter:card\" content=\"summary_large_image\" \/>\n<meta name=\"twitter:label1\" content=\"Est. reading time\" \/>\n\t<meta name=\"twitter:data1\" content=\"1 minute\" \/>\n<script type=\"application\/ld+json\" class=\"yoast-schema-graph\">{\"@context\":\"https:\\\/\\\/schema.org\",\"@graph\":[{\"@type\":\"WebPage\",\"@id\":\"https:\\\/\\\/foliobooks.pl\\\/en\\\/shop\\\/paris-chic\\\/\",\"url\":\"https:\\\/\\\/foliobooks.pl\\\/en\\\/shop\\\/paris-chic\\\/\",\"name\":\"Paris Chic (Oliver Pilcher) - book \\\/ album - Folio\",\"isPartOf\":{\"@id\":\"https:\\\/\\\/foliobooks.pl\\\/en\\\/#website\"},\"primaryImageOfPage\":{\"@id\":\"https:\\\/\\\/foliobooks.pl\\\/en\\\/shop\\\/paris-chic\\\/#primaryimage\"},\"image\":{\"@id\":\"https:\\\/\\\/foliobooks.pl\\\/en\\\/shop\\\/paris-chic\\\/#primaryimage\"},\"thumbnailUrl\":\"https:\\\/\\\/foliobooks.pl\\\/wp-content\\\/uploads\\\/2021\\\/12\\\/9781614289333.png\",\"datePublished\":\"2021-12-19T19:37:34+00:00\",\"dateModified\":\"2025-03-12T12:59:32+00:00\",\"description\":\"Wejd\u017a i kup ksi\u0105\u017ck\u0119 Paris Chic autorstwa Oliver Pilcher wydan\u0105 przez Assouline (2020-09-15) w formacie 25 x 33 cm (ISBN: 9781614289333). Zapraszamy!\",\"breadcrumb\":{\"@id\":\"https:\\\/\\\/foliobooks.pl\\\/en\\\/shop\\\/paris-chic\\\/#breadcrumb\"},\"inLanguage\":\"en-US\",\"potentialAction\":[{\"@type\":\"ReadAction\",\"target\":[\"https:\\\/\\\/foliobooks.pl\\\/en\\\/shop\\\/paris-chic\\\/\"]}]},{\"@type\":\"ImageObject\",\"inLanguage\":\"en-US\",\"@id\":\"https:\\\/\\\/foliobooks.pl\\\/en\\\/shop\\\/paris-chic\\\/#primaryimage\",\"url\":\"https:\\\/\\\/foliobooks.pl\\\/wp-content\\\/uploads\\\/2021\\\/12\\\/9781614289333.png\",\"contentUrl\":\"https:\\\/\\\/foliobooks.pl\\\/wp-content\\\/uploads\\\/2021\\\/12\\\/9781614289333.png\",\"width\":570,\"height\":708},{\"@type\":\"BreadcrumbList\",\"@id\":\"https:\\\/\\\/foliobooks.pl\\\/en\\\/shop\\\/paris-chic\\\/#breadcrumb\",\"itemListElement\":[{\"@type\":\"ListItem\",\"position\":1,\"name\":\"Strona g\u0142\u00f3wna\",\"item\":\"https:\\\/\\\/foliobooks.pl\\\/en\\\/\"},{\"@type\":\"ListItem\",\"position\":2,\"name\":\"Shop\",\"item\":\"https:\\\/\\\/foliobooks.pl\\\/en\\\/shop\\\/\"},{\"@type\":\"ListItem\",\"position\":3,\"name\":\"Paris Chic\"}]},{\"@type\":\"WebSite\",\"@id\":\"https:\\\/\\\/foliobooks.pl\\\/en\\\/#website\",\"url\":\"https:\\\/\\\/foliobooks.pl\\\/en\\\/\",\"name\":\"Folio\",\"description\":\"Ksi\u0119garnia internetowa\",\"potentialAction\":[{\"@type\":\"SearchAction\",\"target\":{\"@type\":\"EntryPoint\",\"urlTemplate\":\"https:\\\/\\\/foliobooks.pl\\\/en\\\/?s={search_term_string}\"},\"query-input\":{\"@type\":\"PropertyValueSpecification\",\"valueRequired\":true,\"valueName\":\"search_term_string\"}}],\"inLanguage\":\"en-US\"}]}<\/script>\n<!-- \/ Yoast SEO plugin. -->","yoast_head_json":{"title":"Paris Chic (Oliver Pilcher) - book \/ album - Folio","description":"Wejd\u017a i kup ksi\u0105\u017ck\u0119 Paris Chic autorstwa Oliver Pilcher wydan\u0105 przez Assouline (2020-09-15) w formacie 25 x 33 cm (ISBN: 9781614289333). Zapraszamy!","robots":{"index":"index","follow":"follow","max-snippet":"max-snippet:-1","max-image-preview":"max-image-preview:large","max-video-preview":"max-video-preview:-1"},"canonical":"https:\/\/foliobooks.pl\/en\/shop\/paris-chic\/","og_locale":"en_US","og_type":"article","og_title":"Paris Chic (Oliver Pilcher) - book \/ album - Folio","og_description":"Wejd\u017a i kup ksi\u0105\u017ck\u0119 Paris Chic autorstwa Oliver Pilcher wydan\u0105 przez Assouline (2020-09-15) w formacie 25 x 33 cm (ISBN: 9781614289333). Zapraszamy!","og_url":"https:\/\/foliobooks.pl\/en\/shop\/paris-chic\/","og_site_name":"Folio","article_modified_time":"2025-03-12T12:59:32+00:00","og_image":[{"width":570,"height":708,"url":"https:\/\/foliobooks.pl\/wp-content\/uploads\/2021\/12\/9781614289333.png","type":"image\/png"}],"twitter_card":"summary_large_image","twitter_misc":{"Est. reading time":"1 minute"},"schema":{"@context":"https:\/\/schema.org","@graph":[{"@type":"WebPage","@id":"https:\/\/foliobooks.pl\/en\/shop\/paris-chic\/","url":"https:\/\/foliobooks.pl\/en\/shop\/paris-chic\/","name":"Paris Chic (Oliver Pilcher) - book \/ album - Folio","isPartOf":{"@id":"https:\/\/foliobooks.pl\/en\/#website"},"primaryImageOfPage":{"@id":"https:\/\/foliobooks.pl\/en\/shop\/paris-chic\/#primaryimage"},"image":{"@id":"https:\/\/foliobooks.pl\/en\/shop\/paris-chic\/#primaryimage"},"thumbnailUrl":"https:\/\/foliobooks.pl\/wp-content\/uploads\/2021\/12\/9781614289333.png","datePublished":"2021-12-19T19:37:34+00:00","dateModified":"2025-03-12T12:59:32+00:00","description":"Wejd\u017a i kup ksi\u0105\u017ck\u0119 Paris Chic autorstwa Oliver Pilcher wydan\u0105 przez Assouline (2020-09-15) w formacie 25 x 33 cm (ISBN: 9781614289333). Zapraszamy!","breadcrumb":{"@id":"https:\/\/foliobooks.pl\/en\/shop\/paris-chic\/#breadcrumb"},"inLanguage":"en-US","potentialAction":[{"@type":"ReadAction","target":["https:\/\/foliobooks.pl\/en\/shop\/paris-chic\/"]}]},{"@type":"ImageObject","inLanguage":"en-US","@id":"https:\/\/foliobooks.pl\/en\/shop\/paris-chic\/#primaryimage","url":"https:\/\/foliobooks.pl\/wp-content\/uploads\/2021\/12\/9781614289333.png","contentUrl":"https:\/\/foliobooks.pl\/wp-content\/uploads\/2021\/12\/9781614289333.png","width":570,"height":708},{"@type":"BreadcrumbList","@id":"https:\/\/foliobooks.pl\/en\/shop\/paris-chic\/#breadcrumb","itemListElement":[{"@type":"ListItem","position":1,"name":"Strona g\u0142\u00f3wna","item":"https:\/\/foliobooks.pl\/en\/"},{"@type":"ListItem","position":2,"name":"Shop","item":"https:\/\/foliobooks.pl\/en\/shop\/"},{"@type":"ListItem","position":3,"name":"Paris Chic"}]},{"@type":"WebSite","@id":"https:\/\/foliobooks.pl\/en\/#website","url":"https:\/\/foliobooks.pl\/en\/","name":"Folio","description":"Ksi\u0119garnia internetowa","potentialAction":[{"@type":"SearchAction","target":{"@type":"EntryPoint","urlTemplate":"https:\/\/foliobooks.pl\/en\/?s={search_term_string}"},"query-input":{"@type":"PropertyValueSpecification","valueRequired":true,"valueName":"search_term_string"}}],"inLanguage":"en-US"}]}},"_links":{"self":[{"href":"https:\/\/foliobooks.pl\/en\/wp-json\/wp\/v2\/product\/58063","targetHints":{"allow":["GET"]}}],"collection":[{"href":"https:\/\/foliobooks.pl\/en\/wp-json\/wp\/v2\/product"}],"about":[{"href":"https:\/\/foliobooks.pl\/en\/wp-json\/wp\/v2\/types\/product"}],"replies":[{"embeddable":true,"href":"https:\/\/foliobooks.pl\/en\/wp-json\/wp\/v2\/comments?post=58063"}],"wp:featuredmedia":[{"embeddable":true,"href":"https:\/\/foliobooks.pl\/en\/wp-json\/wp\/v2\/media\/58062"}],"wp:attachment":[{"href":"https:\/\/foliobooks.pl\/en\/wp-json\/wp\/v2\/media?parent=58063"}],"wp:term":[{"taxonomy":"product_brand","embeddable":true,"href":"https:\/\/foliobooks.pl\/en\/wp-json\/wp\/v2\/product_brand?post=58063"},{"taxonomy":"product_cat","embeddable":true,"href":"https:\/\/foliobooks.pl\/en\/wp-json\/wp\/v2\/product_cat?post=58063"},{"taxonomy":"product_tag","embeddable":true,"href":"https:\/\/foliobooks.pl\/en\/wp-json\/wp\/v2\/product_tag?post=58063"}],"curies":[{"name":"wp","href":"https:\/\/api.w.org\/{rel}","templated":true}]}}