{"id":58054,"date":"2021-12-19T20:22:13","date_gmt":"2021-12-19T19:22:13","guid":{"rendered":"https:\/\/foliobooks.pl\/sklep\/tuscany-marvel\/"},"modified":"2026-01-17T03:41:28","modified_gmt":"2026-01-17T02:41:28","slug":"tuscany-marvel","status":"publish","type":"product","link":"https:\/\/foliobooks.pl\/en\/shop\/tuscany-marvel\/","title":{"rendered":"Tuscany Marvel"},"content":{"rendered":"<p>The Italian region of Tuscany is a feast for all senses. A creative incubator that has cultivated art and architecture for eras including Etruscan, Roman, Renaissance and modern times. Timeworn churches, once stops on nineteenth-century Grand Tours, stand tall in the towns\u2019 piazzas. Rolling hills of wheat and colorful olive groves, that inspire authentic Tuscan cuisine, are dotted with villas built by the prestigious Medici family. The Tyrrhenian Sea extends off its coast, lapping the shore of Elba, the island where the emperor Napoleon was exiled. Quaint villages, historic towns and bustling cities are scattered across its landscape, which is almost as varied as the communities themselves. From annual horse races at Piazza del Campo, and the centuries-old winemakin<span class=\"DspInfo\">g traditions of the Chianti region to the city of Pisa, an ancient Maritime Republic known for the youthful spirit of its Scuola Normale Superiore and Leaning Tower alike, Tuscany is the place of dreams, where thousands come to relive its history and take in the beauty of a region.<\/span><\/p>\n<p>&nbsp;<\/p>\n<p><span class=\"DspInfo\">In the fashion world, Ferragamo, Gucci and Pucci all have ties to Florence and its endless inspiration. However, what truly defines Tuscany is its timelessness. Masterpieces from centuries past still lure immense crowds. Brunelleschi\u2019s dome in Florence never fails to strike onlookers with awe.<\/span><\/p>\n","protected":false},"excerpt":{"rendered":"<p>The Italian region of Tuscany is a feast for all senses. A creative incubator that has cultivated art and architecture for eras including Etruscan, Roman, Renaissance and modern times. Timeworn churches, once stops on nineteenth-century Grand Tours, stand tall in the towns\u2019 piazzas. Rolling hills of wheat and colorful olive groves, that inspire authentic Tuscan&#8230;<\/p>\n","protected":false},"featured_media":58053,"comment_status":"closed","ping_status":"closed","template":"","meta":[],"product_brand":[],"product_cat":[13533,4517],"product_tag":[516,156],"class_list":{"0":"post-58054","1":"product","2":"type-product","3":"status-publish","4":"has-post-thumbnail","6":"product_cat-books","7":"product_cat-photography-en","8":"product_tag-places-en","9":"product_tag-travel","10":"pa_author_att-cesare-cunaccia-en","11":"pa_cover-hardcover","12":"pa_format-25-x-33-cm-en","13":"pa_isbn-9781649800015-en","14":"pa_language-eng","15":"pa_pages-312-en-2","16":"pa_published-2021-09-28-en","17":"pa_publisher-assouline-en","19":"first","20":"outofstock","21":"sold-individually","22":"shipping-taxable","23":"purchasable","24":"product-type-simple"},"yoast_head":"<!-- This site is optimized with the Yoast SEO plugin v27.6 - https:\/\/yoast.com\/product\/yoast-seo-wordpress\/ -->\n<title>Tuscany Marvel (Cesare Cunaccia) - book \/ album - Folio<\/title>\n<meta name=\"description\" content=\"Wejd\u017a i kup ksi\u0105\u017ck\u0119 Tuscany Marvel autorstwa Cesare Cunaccia wydan\u0105 przez Assouline (2021-09-28) w formacie 25 x 33 cm (ISBN: 9781649800015). Zapraszamy!\" \/>\n<meta name=\"robots\" content=\"index, follow, max-snippet:-1, max-image-preview:large, max-video-preview:-1\" \/>\n<link rel=\"canonical\" href=\"https:\/\/foliobooks.pl\/en\/shop\/tuscany-marvel\/\" \/>\n<meta property=\"og:locale\" content=\"en_US\" \/>\n<meta property=\"og:type\" content=\"article\" \/>\n<meta property=\"og:title\" content=\"Tuscany Marvel (Cesare Cunaccia) - book \/ album - Folio\" \/>\n<meta property=\"og:description\" content=\"Wejd\u017a i kup ksi\u0105\u017ck\u0119 Tuscany Marvel autorstwa Cesare Cunaccia wydan\u0105 przez Assouline (2021-09-28) w formacie 25 x 33 cm (ISBN: 9781649800015). Zapraszamy!\" \/>\n<meta property=\"og:url\" content=\"https:\/\/foliobooks.pl\/en\/shop\/tuscany-marvel\/\" \/>\n<meta property=\"og:site_name\" content=\"Folio\" \/>\n<meta property=\"article:modified_time\" content=\"2026-01-17T02:41:28+00:00\" \/>\n<meta property=\"og:image\" content=\"https:\/\/foliobooks.pl\/wp-content\/uploads\/2021\/12\/9781649800015.png\" \/>\n\t<meta property=\"og:image:width\" content=\"570\" \/>\n\t<meta property=\"og:image:height\" content=\"708\" \/>\n\t<meta property=\"og:image:type\" content=\"image\/png\" \/>\n<meta name=\"twitter:card\" content=\"summary_large_image\" \/>\n<meta name=\"twitter:label1\" content=\"Est. reading time\" \/>\n\t<meta name=\"twitter:data1\" content=\"2 minutes\" \/>\n<script type=\"application\/ld+json\" class=\"yoast-schema-graph\">{\"@context\":\"https:\\\/\\\/schema.org\",\"@graph\":[{\"@type\":\"WebPage\",\"@id\":\"https:\\\/\\\/foliobooks.pl\\\/en\\\/shop\\\/tuscany-marvel\\\/\",\"url\":\"https:\\\/\\\/foliobooks.pl\\\/en\\\/shop\\\/tuscany-marvel\\\/\",\"name\":\"Tuscany Marvel (Cesare Cunaccia) - book \\\/ album - Folio\",\"isPartOf\":{\"@id\":\"https:\\\/\\\/foliobooks.pl\\\/en\\\/#website\"},\"primaryImageOfPage\":{\"@id\":\"https:\\\/\\\/foliobooks.pl\\\/en\\\/shop\\\/tuscany-marvel\\\/#primaryimage\"},\"image\":{\"@id\":\"https:\\\/\\\/foliobooks.pl\\\/en\\\/shop\\\/tuscany-marvel\\\/#primaryimage\"},\"thumbnailUrl\":\"https:\\\/\\\/foliobooks.pl\\\/wp-content\\\/uploads\\\/2021\\\/12\\\/9781649800015.png\",\"datePublished\":\"2021-12-19T19:22:13+00:00\",\"dateModified\":\"2026-01-17T02:41:28+00:00\",\"description\":\"Wejd\u017a i kup ksi\u0105\u017ck\u0119 Tuscany Marvel autorstwa Cesare Cunaccia wydan\u0105 przez Assouline (2021-09-28) w formacie 25 x 33 cm (ISBN: 9781649800015). Zapraszamy!\",\"breadcrumb\":{\"@id\":\"https:\\\/\\\/foliobooks.pl\\\/en\\\/shop\\\/tuscany-marvel\\\/#breadcrumb\"},\"inLanguage\":\"en-US\",\"potentialAction\":[{\"@type\":\"ReadAction\",\"target\":[\"https:\\\/\\\/foliobooks.pl\\\/en\\\/shop\\\/tuscany-marvel\\\/\"]}]},{\"@type\":\"ImageObject\",\"inLanguage\":\"en-US\",\"@id\":\"https:\\\/\\\/foliobooks.pl\\\/en\\\/shop\\\/tuscany-marvel\\\/#primaryimage\",\"url\":\"https:\\\/\\\/foliobooks.pl\\\/wp-content\\\/uploads\\\/2021\\\/12\\\/9781649800015.png\",\"contentUrl\":\"https:\\\/\\\/foliobooks.pl\\\/wp-content\\\/uploads\\\/2021\\\/12\\\/9781649800015.png\",\"width\":570,\"height\":708},{\"@type\":\"BreadcrumbList\",\"@id\":\"https:\\\/\\\/foliobooks.pl\\\/en\\\/shop\\\/tuscany-marvel\\\/#breadcrumb\",\"itemListElement\":[{\"@type\":\"ListItem\",\"position\":1,\"name\":\"Strona g\u0142\u00f3wna\",\"item\":\"https:\\\/\\\/foliobooks.pl\\\/en\\\/\"},{\"@type\":\"ListItem\",\"position\":2,\"name\":\"Shop\",\"item\":\"https:\\\/\\\/foliobooks.pl\\\/en\\\/shop\\\/\"},{\"@type\":\"ListItem\",\"position\":3,\"name\":\"Tuscany Marvel\"}]},{\"@type\":\"WebSite\",\"@id\":\"https:\\\/\\\/foliobooks.pl\\\/en\\\/#website\",\"url\":\"https:\\\/\\\/foliobooks.pl\\\/en\\\/\",\"name\":\"Folio\",\"description\":\"Ksi\u0119garnia internetowa\",\"potentialAction\":[{\"@type\":\"SearchAction\",\"target\":{\"@type\":\"EntryPoint\",\"urlTemplate\":\"https:\\\/\\\/foliobooks.pl\\\/en\\\/?s={search_term_string}\"},\"query-input\":{\"@type\":\"PropertyValueSpecification\",\"valueRequired\":true,\"valueName\":\"search_term_string\"}}],\"inLanguage\":\"en-US\"}]}<\/script>\n<!-- \/ Yoast SEO plugin. -->","yoast_head_json":{"title":"Tuscany Marvel (Cesare Cunaccia) - book \/ album - Folio","description":"Wejd\u017a i kup ksi\u0105\u017ck\u0119 Tuscany Marvel autorstwa Cesare Cunaccia wydan\u0105 przez Assouline (2021-09-28) w formacie 25 x 33 cm (ISBN: 9781649800015). Zapraszamy!","robots":{"index":"index","follow":"follow","max-snippet":"max-snippet:-1","max-image-preview":"max-image-preview:large","max-video-preview":"max-video-preview:-1"},"canonical":"https:\/\/foliobooks.pl\/en\/shop\/tuscany-marvel\/","og_locale":"en_US","og_type":"article","og_title":"Tuscany Marvel (Cesare Cunaccia) - book \/ album - Folio","og_description":"Wejd\u017a i kup ksi\u0105\u017ck\u0119 Tuscany Marvel autorstwa Cesare Cunaccia wydan\u0105 przez Assouline (2021-09-28) w formacie 25 x 33 cm (ISBN: 9781649800015). Zapraszamy!","og_url":"https:\/\/foliobooks.pl\/en\/shop\/tuscany-marvel\/","og_site_name":"Folio","article_modified_time":"2026-01-17T02:41:28+00:00","og_image":[{"width":570,"height":708,"url":"https:\/\/foliobooks.pl\/wp-content\/uploads\/2021\/12\/9781649800015.png","type":"image\/png"}],"twitter_card":"summary_large_image","twitter_misc":{"Est. reading time":"2 minutes"},"schema":{"@context":"https:\/\/schema.org","@graph":[{"@type":"WebPage","@id":"https:\/\/foliobooks.pl\/en\/shop\/tuscany-marvel\/","url":"https:\/\/foliobooks.pl\/en\/shop\/tuscany-marvel\/","name":"Tuscany Marvel (Cesare Cunaccia) - book \/ album - Folio","isPartOf":{"@id":"https:\/\/foliobooks.pl\/en\/#website"},"primaryImageOfPage":{"@id":"https:\/\/foliobooks.pl\/en\/shop\/tuscany-marvel\/#primaryimage"},"image":{"@id":"https:\/\/foliobooks.pl\/en\/shop\/tuscany-marvel\/#primaryimage"},"thumbnailUrl":"https:\/\/foliobooks.pl\/wp-content\/uploads\/2021\/12\/9781649800015.png","datePublished":"2021-12-19T19:22:13+00:00","dateModified":"2026-01-17T02:41:28+00:00","description":"Wejd\u017a i kup ksi\u0105\u017ck\u0119 Tuscany Marvel autorstwa Cesare Cunaccia wydan\u0105 przez Assouline (2021-09-28) w formacie 25 x 33 cm (ISBN: 9781649800015). Zapraszamy!","breadcrumb":{"@id":"https:\/\/foliobooks.pl\/en\/shop\/tuscany-marvel\/#breadcrumb"},"inLanguage":"en-US","potentialAction":[{"@type":"ReadAction","target":["https:\/\/foliobooks.pl\/en\/shop\/tuscany-marvel\/"]}]},{"@type":"ImageObject","inLanguage":"en-US","@id":"https:\/\/foliobooks.pl\/en\/shop\/tuscany-marvel\/#primaryimage","url":"https:\/\/foliobooks.pl\/wp-content\/uploads\/2021\/12\/9781649800015.png","contentUrl":"https:\/\/foliobooks.pl\/wp-content\/uploads\/2021\/12\/9781649800015.png","width":570,"height":708},{"@type":"BreadcrumbList","@id":"https:\/\/foliobooks.pl\/en\/shop\/tuscany-marvel\/#breadcrumb","itemListElement":[{"@type":"ListItem","position":1,"name":"Strona g\u0142\u00f3wna","item":"https:\/\/foliobooks.pl\/en\/"},{"@type":"ListItem","position":2,"name":"Shop","item":"https:\/\/foliobooks.pl\/en\/shop\/"},{"@type":"ListItem","position":3,"name":"Tuscany Marvel"}]},{"@type":"WebSite","@id":"https:\/\/foliobooks.pl\/en\/#website","url":"https:\/\/foliobooks.pl\/en\/","name":"Folio","description":"Ksi\u0119garnia internetowa","potentialAction":[{"@type":"SearchAction","target":{"@type":"EntryPoint","urlTemplate":"https:\/\/foliobooks.pl\/en\/?s={search_term_string}"},"query-input":{"@type":"PropertyValueSpecification","valueRequired":true,"valueName":"search_term_string"}}],"inLanguage":"en-US"}]}},"_links":{"self":[{"href":"https:\/\/foliobooks.pl\/en\/wp-json\/wp\/v2\/product\/58054","targetHints":{"allow":["GET"]}}],"collection":[{"href":"https:\/\/foliobooks.pl\/en\/wp-json\/wp\/v2\/product"}],"about":[{"href":"https:\/\/foliobooks.pl\/en\/wp-json\/wp\/v2\/types\/product"}],"replies":[{"embeddable":true,"href":"https:\/\/foliobooks.pl\/en\/wp-json\/wp\/v2\/comments?post=58054"}],"wp:featuredmedia":[{"embeddable":true,"href":"https:\/\/foliobooks.pl\/en\/wp-json\/wp\/v2\/media\/58053"}],"wp:attachment":[{"href":"https:\/\/foliobooks.pl\/en\/wp-json\/wp\/v2\/media?parent=58054"}],"wp:term":[{"taxonomy":"product_brand","embeddable":true,"href":"https:\/\/foliobooks.pl\/en\/wp-json\/wp\/v2\/product_brand?post=58054"},{"taxonomy":"product_cat","embeddable":true,"href":"https:\/\/foliobooks.pl\/en\/wp-json\/wp\/v2\/product_cat?post=58054"},{"taxonomy":"product_tag","embeddable":true,"href":"https:\/\/foliobooks.pl\/en\/wp-json\/wp\/v2\/product_tag?post=58054"}],"curies":[{"name":"wp","href":"https:\/\/api.w.org\/{rel}","templated":true}]}}