{"id":58045,"date":"2021-12-19T20:09:19","date_gmt":"2021-12-19T19:09:19","guid":{"rendered":"https:\/\/foliobooks.pl\/sklep\/havana-blues\/"},"modified":"2026-01-17T03:41:28","modified_gmt":"2026-01-17T02:41:28","slug":"havana-blues","status":"publish","type":"product","link":"https:\/\/foliobooks.pl\/en\/shop\/havana-blues\/","title":{"rendered":"Havana Blues"},"content":{"rendered":"<p>Crumbling pastel-colored facades line its streets, parked vintage cars evoke times past, live music permeates the air. Welcome to Havana, home to an overwhelming energy. Situated along the Straits of Florida, the capital of Cuba has been through several identities: Spanish colonial settlement, mobster rule in the 1930s, glamour of the 1950s, Cuban revolution and, most recently, a cultural renaissance. Havana\u2019s bold, provocative approach to art, cuisine and entertainment\u2014as well as the eclectic blend of African, French, Spanish and North American influences\u2014including its range of architecture styles from the sixteenth century to the modern day, confer this epic city with a legendary status on par with the world\u2019s greatest cities. While some of the building are in dis<span class=\"DspInfo\">repair, the beauty of the baroque, neoclassical and art deco features triumphs. The iconic Copa Room cabaret that hosted Ginger Rogers and Abbott and Costello still stands. The Gran Teatro de la Habana, built in the early twentieth century, is now home to the Cuban National Ballet. Habana Vieja is undergoing a massive restoration to its former glory. Havana could be seen as a work-in-progress, but it is more a testament to its never-ending determination to improve and progress, which might be the allure that attracts so many visitors. So take a seat at an authentic\u00a0<em>paladar<\/em>\u00a0(family-run restaurant) and enjoy the vibrant evolution of Havana.<\/span><\/p>\n","protected":false},"excerpt":{"rendered":"<p>Crumbling pastel-colored facades line its streets, parked vintage cars evoke times past, live music permeates the air. Welcome to Havana, home to an overwhelming energy. Situated along the Straits of Florida, the capital of Cuba has been through several identities: Spanish colonial settlement, mobster rule in the 1930s, glamour of the 1950s, Cuban revolution and,&#8230;<\/p>\n","protected":false},"featured_media":58043,"comment_status":"closed","ping_status":"closed","template":"","meta":[],"product_brand":[],"product_cat":[13533,4517],"product_tag":[516,156],"class_list":{"0":"post-58045","1":"product","2":"type-product","3":"status-publish","4":"has-post-thumbnail","6":"product_cat-books","7":"product_cat-photography-en","8":"product_tag-places-en","9":"product_tag-travel","10":"pa_author_att-pamela-ruiz-en","11":"pa_cover-hardcover","12":"pa_format-25-x-33-cm-en","13":"pa_isbn-9781649800046-en","14":"pa_language-eng","15":"pa_pages-296-en","16":"pa_published-2021-11-01-en","17":"pa_publisher-assouline-en","19":"first","20":"instock","21":"sold-individually","22":"shipping-taxable","23":"purchasable","24":"product-type-simple"},"yoast_head":"<!-- This site is optimized with the Yoast SEO plugin v27.4 - https:\/\/yoast.com\/product\/yoast-seo-wordpress\/ -->\n<title>Havana Blues (Pamela Ruiz) - book \/ album - Folio<\/title>\n<meta name=\"description\" content=\"Wejd\u017a i kup ksi\u0105\u017ck\u0119 Havana Blues autorstwa Pamela Ruiz wydan\u0105 przez Assouline (2021-11-01) w formacie 25 x 33 cm (ISBN: 9781649800046). Zapraszamy!\" \/>\n<meta name=\"robots\" content=\"index, follow, max-snippet:-1, max-image-preview:large, max-video-preview:-1\" \/>\n<link rel=\"canonical\" href=\"https:\/\/foliobooks.pl\/en\/shop\/havana-blues\/\" \/>\n<meta property=\"og:locale\" content=\"en_US\" \/>\n<meta property=\"og:type\" content=\"article\" \/>\n<meta property=\"og:title\" content=\"Havana Blues (Pamela Ruiz) - book \/ album - Folio\" \/>\n<meta property=\"og:description\" content=\"Wejd\u017a i kup ksi\u0105\u017ck\u0119 Havana Blues autorstwa Pamela Ruiz wydan\u0105 przez Assouline (2021-11-01) w formacie 25 x 33 cm (ISBN: 9781649800046). Zapraszamy!\" \/>\n<meta property=\"og:url\" content=\"https:\/\/foliobooks.pl\/en\/shop\/havana-blues\/\" \/>\n<meta property=\"og:site_name\" content=\"Folio\" \/>\n<meta property=\"article:modified_time\" content=\"2026-01-17T02:41:28+00:00\" \/>\n<meta property=\"og:image\" content=\"https:\/\/foliobooks.pl\/wp-content\/uploads\/2021\/12\/9781649800046.png\" \/>\n\t<meta property=\"og:image:width\" content=\"570\" \/>\n\t<meta property=\"og:image:height\" content=\"708\" \/>\n\t<meta property=\"og:image:type\" content=\"image\/png\" \/>\n<meta name=\"twitter:card\" content=\"summary_large_image\" \/>\n<meta name=\"twitter:label1\" content=\"Est. reading time\" \/>\n\t<meta name=\"twitter:data1\" content=\"2 minutes\" \/>\n<script type=\"application\/ld+json\" class=\"yoast-schema-graph\">{\"@context\":\"https:\\\/\\\/schema.org\",\"@graph\":[{\"@type\":\"WebPage\",\"@id\":\"https:\\\/\\\/foliobooks.pl\\\/en\\\/shop\\\/havana-blues\\\/\",\"url\":\"https:\\\/\\\/foliobooks.pl\\\/en\\\/shop\\\/havana-blues\\\/\",\"name\":\"Havana Blues (Pamela Ruiz) - book \\\/ album - Folio\",\"isPartOf\":{\"@id\":\"https:\\\/\\\/foliobooks.pl\\\/en\\\/#website\"},\"primaryImageOfPage\":{\"@id\":\"https:\\\/\\\/foliobooks.pl\\\/en\\\/shop\\\/havana-blues\\\/#primaryimage\"},\"image\":{\"@id\":\"https:\\\/\\\/foliobooks.pl\\\/en\\\/shop\\\/havana-blues\\\/#primaryimage\"},\"thumbnailUrl\":\"https:\\\/\\\/foliobooks.pl\\\/wp-content\\\/uploads\\\/2021\\\/12\\\/9781649800046.png\",\"datePublished\":\"2021-12-19T19:09:19+00:00\",\"dateModified\":\"2026-01-17T02:41:28+00:00\",\"description\":\"Wejd\u017a i kup ksi\u0105\u017ck\u0119 Havana Blues autorstwa Pamela Ruiz wydan\u0105 przez Assouline (2021-11-01) w formacie 25 x 33 cm (ISBN: 9781649800046). Zapraszamy!\",\"breadcrumb\":{\"@id\":\"https:\\\/\\\/foliobooks.pl\\\/en\\\/shop\\\/havana-blues\\\/#breadcrumb\"},\"inLanguage\":\"en-US\",\"potentialAction\":[{\"@type\":\"ReadAction\",\"target\":[\"https:\\\/\\\/foliobooks.pl\\\/en\\\/shop\\\/havana-blues\\\/\"]}]},{\"@type\":\"ImageObject\",\"inLanguage\":\"en-US\",\"@id\":\"https:\\\/\\\/foliobooks.pl\\\/en\\\/shop\\\/havana-blues\\\/#primaryimage\",\"url\":\"https:\\\/\\\/foliobooks.pl\\\/wp-content\\\/uploads\\\/2021\\\/12\\\/9781649800046.png\",\"contentUrl\":\"https:\\\/\\\/foliobooks.pl\\\/wp-content\\\/uploads\\\/2021\\\/12\\\/9781649800046.png\",\"width\":570,\"height\":708},{\"@type\":\"BreadcrumbList\",\"@id\":\"https:\\\/\\\/foliobooks.pl\\\/en\\\/shop\\\/havana-blues\\\/#breadcrumb\",\"itemListElement\":[{\"@type\":\"ListItem\",\"position\":1,\"name\":\"Strona g\u0142\u00f3wna\",\"item\":\"https:\\\/\\\/foliobooks.pl\\\/en\\\/\"},{\"@type\":\"ListItem\",\"position\":2,\"name\":\"Shop\",\"item\":\"https:\\\/\\\/foliobooks.pl\\\/en\\\/shop\\\/\"},{\"@type\":\"ListItem\",\"position\":3,\"name\":\"Havana Blues\"}]},{\"@type\":\"WebSite\",\"@id\":\"https:\\\/\\\/foliobooks.pl\\\/en\\\/#website\",\"url\":\"https:\\\/\\\/foliobooks.pl\\\/en\\\/\",\"name\":\"Folio\",\"description\":\"Ksi\u0119garnia internetowa\",\"potentialAction\":[{\"@type\":\"SearchAction\",\"target\":{\"@type\":\"EntryPoint\",\"urlTemplate\":\"https:\\\/\\\/foliobooks.pl\\\/en\\\/?s={search_term_string}\"},\"query-input\":{\"@type\":\"PropertyValueSpecification\",\"valueRequired\":true,\"valueName\":\"search_term_string\"}}],\"inLanguage\":\"en-US\"}]}<\/script>\n<!-- \/ Yoast SEO plugin. -->","yoast_head_json":{"title":"Havana Blues (Pamela Ruiz) - book \/ album - Folio","description":"Wejd\u017a i kup ksi\u0105\u017ck\u0119 Havana Blues autorstwa Pamela Ruiz wydan\u0105 przez Assouline (2021-11-01) w formacie 25 x 33 cm (ISBN: 9781649800046). Zapraszamy!","robots":{"index":"index","follow":"follow","max-snippet":"max-snippet:-1","max-image-preview":"max-image-preview:large","max-video-preview":"max-video-preview:-1"},"canonical":"https:\/\/foliobooks.pl\/en\/shop\/havana-blues\/","og_locale":"en_US","og_type":"article","og_title":"Havana Blues (Pamela Ruiz) - book \/ album - Folio","og_description":"Wejd\u017a i kup ksi\u0105\u017ck\u0119 Havana Blues autorstwa Pamela Ruiz wydan\u0105 przez Assouline (2021-11-01) w formacie 25 x 33 cm (ISBN: 9781649800046). Zapraszamy!","og_url":"https:\/\/foliobooks.pl\/en\/shop\/havana-blues\/","og_site_name":"Folio","article_modified_time":"2026-01-17T02:41:28+00:00","og_image":[{"width":570,"height":708,"url":"https:\/\/foliobooks.pl\/wp-content\/uploads\/2021\/12\/9781649800046.png","type":"image\/png"}],"twitter_card":"summary_large_image","twitter_misc":{"Est. reading time":"2 minutes"},"schema":{"@context":"https:\/\/schema.org","@graph":[{"@type":"WebPage","@id":"https:\/\/foliobooks.pl\/en\/shop\/havana-blues\/","url":"https:\/\/foliobooks.pl\/en\/shop\/havana-blues\/","name":"Havana Blues (Pamela Ruiz) - book \/ album - Folio","isPartOf":{"@id":"https:\/\/foliobooks.pl\/en\/#website"},"primaryImageOfPage":{"@id":"https:\/\/foliobooks.pl\/en\/shop\/havana-blues\/#primaryimage"},"image":{"@id":"https:\/\/foliobooks.pl\/en\/shop\/havana-blues\/#primaryimage"},"thumbnailUrl":"https:\/\/foliobooks.pl\/wp-content\/uploads\/2021\/12\/9781649800046.png","datePublished":"2021-12-19T19:09:19+00:00","dateModified":"2026-01-17T02:41:28+00:00","description":"Wejd\u017a i kup ksi\u0105\u017ck\u0119 Havana Blues autorstwa Pamela Ruiz wydan\u0105 przez Assouline (2021-11-01) w formacie 25 x 33 cm (ISBN: 9781649800046). Zapraszamy!","breadcrumb":{"@id":"https:\/\/foliobooks.pl\/en\/shop\/havana-blues\/#breadcrumb"},"inLanguage":"en-US","potentialAction":[{"@type":"ReadAction","target":["https:\/\/foliobooks.pl\/en\/shop\/havana-blues\/"]}]},{"@type":"ImageObject","inLanguage":"en-US","@id":"https:\/\/foliobooks.pl\/en\/shop\/havana-blues\/#primaryimage","url":"https:\/\/foliobooks.pl\/wp-content\/uploads\/2021\/12\/9781649800046.png","contentUrl":"https:\/\/foliobooks.pl\/wp-content\/uploads\/2021\/12\/9781649800046.png","width":570,"height":708},{"@type":"BreadcrumbList","@id":"https:\/\/foliobooks.pl\/en\/shop\/havana-blues\/#breadcrumb","itemListElement":[{"@type":"ListItem","position":1,"name":"Strona g\u0142\u00f3wna","item":"https:\/\/foliobooks.pl\/en\/"},{"@type":"ListItem","position":2,"name":"Shop","item":"https:\/\/foliobooks.pl\/en\/shop\/"},{"@type":"ListItem","position":3,"name":"Havana Blues"}]},{"@type":"WebSite","@id":"https:\/\/foliobooks.pl\/en\/#website","url":"https:\/\/foliobooks.pl\/en\/","name":"Folio","description":"Ksi\u0119garnia internetowa","potentialAction":[{"@type":"SearchAction","target":{"@type":"EntryPoint","urlTemplate":"https:\/\/foliobooks.pl\/en\/?s={search_term_string}"},"query-input":{"@type":"PropertyValueSpecification","valueRequired":true,"valueName":"search_term_string"}}],"inLanguage":"en-US"}]}},"_links":{"self":[{"href":"https:\/\/foliobooks.pl\/en\/wp-json\/wp\/v2\/product\/58045","targetHints":{"allow":["GET"]}}],"collection":[{"href":"https:\/\/foliobooks.pl\/en\/wp-json\/wp\/v2\/product"}],"about":[{"href":"https:\/\/foliobooks.pl\/en\/wp-json\/wp\/v2\/types\/product"}],"replies":[{"embeddable":true,"href":"https:\/\/foliobooks.pl\/en\/wp-json\/wp\/v2\/comments?post=58045"}],"wp:featuredmedia":[{"embeddable":true,"href":"https:\/\/foliobooks.pl\/en\/wp-json\/wp\/v2\/media\/58043"}],"wp:attachment":[{"href":"https:\/\/foliobooks.pl\/en\/wp-json\/wp\/v2\/media?parent=58045"}],"wp:term":[{"taxonomy":"product_brand","embeddable":true,"href":"https:\/\/foliobooks.pl\/en\/wp-json\/wp\/v2\/product_brand?post=58045"},{"taxonomy":"product_cat","embeddable":true,"href":"https:\/\/foliobooks.pl\/en\/wp-json\/wp\/v2\/product_cat?post=58045"},{"taxonomy":"product_tag","embeddable":true,"href":"https:\/\/foliobooks.pl\/en\/wp-json\/wp\/v2\/product_tag?post=58045"}],"curies":[{"name":"wp","href":"https:\/\/api.w.org\/{rel}","templated":true}]}}