{"id":58023,"date":"2021-12-19T19:42:35","date_gmt":"2021-12-19T18:42:35","guid":{"rendered":"https:\/\/foliobooks.pl\/sklep\/art-deco-style\/"},"modified":"2026-02-18T15:14:54","modified_gmt":"2026-02-18T14:14:54","slug":"art-deco-style","status":"publish","type":"product","link":"https:\/\/foliobooks.pl\/en\/shop\/art-deco-style\/","title":{"rendered":"Art Deco Style"},"content":{"rendered":"<p>At the dawn of the twentieth century, the world yearned for a new design style that would embody contemporary culture. Efforts to create a design language suited to the needs and tastes of the modern world took shape during the first decades of the new century, crystallizing in Paris with the 1925 Exposition International des Arts D\u00e9coratifs et Industriels Modernes. The Art Deco period encompassed a multitude of decorative influences, including the updating of historical styles, the introduction of exotic elements and the adaptation of avant-garde art currents such as the geometric abstraction of Cubism.<br \/>\nNot a single style or a unified movement, Art Deco is a design idiom that reflects a decorative approach to designing appealing consumer goods during the interwar period. Encompassing every discipline within the applied arts, Art Deco manifested itself to some extent everywhere around the world, perhaps the first design idiom ever to do so. Art Deco\u2019s fundamental appeal lay in its decorative qualities, which consumers found attractive and glamorous. From skyscrapers, locomotives, automobiles and ocean liners to fashion, advertising and everyday home furnishings and appliances, Art Deco style captured the imagination of designers and consumers alike.<br \/>\nEvolving between the two World Wars, taking on unique stylistic expressions in different places around the world, Art Deco symbolized modernity, sophistication, glamour and the optimism of technological progress. The taste for Art Deco came to an end with World War II, but interest emerged again in the 1960s and its fascination remains strong today. Featuring an Introduction by expert Jared Goss, and brimming with captivating imagery, Art Deco Style expresses the multifaceted allure of this global design phenomenon and its perennial appeal.<br \/>\nFollowing our successful Travel series, Assouline introduces the Style series, spotlighting some of the most iconic art movements and design styles, revealing their impact and continuing influence on our culture today.<\/p>\n","protected":false},"excerpt":{"rendered":"<p>At the dawn of the twentieth century, the world yearned for a new design style that would embody contemporary culture. Efforts to create a design language suited to the needs and tastes of the modern world took shape during the first decades of the new century, crystallizing in Paris with the 1925 Exposition International des&#8230;<\/p>\n","protected":false},"featured_media":58022,"comment_status":"closed","ping_status":"closed","template":"","meta":[],"product_brand":[],"product_cat":[13533,4517],"product_tag":[516,156],"class_list":{"0":"post-58023","1":"product","2":"type-product","3":"status-publish","4":"has-post-thumbnail","6":"product_cat-books","7":"product_cat-photography-en","8":"product_tag-places-en","9":"product_tag-travel","10":"pa_cover-hardcover","11":"pa_format-33-x-25-cm-en","12":"pa_isbn-9781649800220-en","13":"pa_language-eng","14":"pa_pages-300-en","15":"pa_published-2021-10-01-en","16":"pa_publisher-assouline-en","18":"first","19":"instock","20":"sale","21":"sold-individually","22":"shipping-taxable","23":"purchasable","24":"product-type-simple"},"yoast_head":"<!-- This site is optimized with the Yoast SEO plugin v27.4 - https:\/\/yoast.com\/product\/yoast-seo-wordpress\/ -->\n<title>Art Deco Style () - book \/ album - Folio<\/title>\n<meta name=\"description\" content=\"Wejd\u017a i kup ksi\u0105\u017ck\u0119 Art Deco Style autorstwa wydan\u0105 przez Assouline (2021-10-01) w formacie 33 x 25 cm (ISBN: 9781649800220). Zapraszamy!\" \/>\n<meta name=\"robots\" content=\"index, follow, max-snippet:-1, max-image-preview:large, max-video-preview:-1\" \/>\n<link rel=\"canonical\" href=\"https:\/\/foliobooks.pl\/en\/shop\/art-deco-style\/\" \/>\n<meta property=\"og:locale\" content=\"en_US\" \/>\n<meta property=\"og:type\" content=\"article\" \/>\n<meta property=\"og:title\" content=\"Art Deco Style () - book \/ album - Folio\" \/>\n<meta property=\"og:description\" content=\"Wejd\u017a i kup ksi\u0105\u017ck\u0119 Art Deco Style autorstwa wydan\u0105 przez Assouline (2021-10-01) w formacie 33 x 25 cm (ISBN: 9781649800220). Zapraszamy!\" \/>\n<meta property=\"og:url\" content=\"https:\/\/foliobooks.pl\/en\/shop\/art-deco-style\/\" \/>\n<meta property=\"og:site_name\" content=\"Folio\" \/>\n<meta property=\"article:modified_time\" content=\"2026-02-18T14:14:54+00:00\" \/>\n<meta property=\"og:image\" content=\"https:\/\/foliobooks.pl\/wp-content\/uploads\/2021\/12\/9781649800220.png\" \/>\n\t<meta property=\"og:image:width\" content=\"570\" \/>\n\t<meta property=\"og:image:height\" content=\"708\" \/>\n\t<meta property=\"og:image:type\" content=\"image\/png\" \/>\n<meta name=\"twitter:card\" content=\"summary_large_image\" \/>\n<meta name=\"twitter:label1\" content=\"Est. reading time\" \/>\n\t<meta name=\"twitter:data1\" content=\"2 minutes\" \/>\n<script type=\"application\/ld+json\" class=\"yoast-schema-graph\">{\"@context\":\"https:\\\/\\\/schema.org\",\"@graph\":[{\"@type\":\"WebPage\",\"@id\":\"https:\\\/\\\/foliobooks.pl\\\/en\\\/shop\\\/art-deco-style\\\/\",\"url\":\"https:\\\/\\\/foliobooks.pl\\\/en\\\/shop\\\/art-deco-style\\\/\",\"name\":\"Art Deco Style () - book \\\/ album - Folio\",\"isPartOf\":{\"@id\":\"https:\\\/\\\/foliobooks.pl\\\/en\\\/#website\"},\"primaryImageOfPage\":{\"@id\":\"https:\\\/\\\/foliobooks.pl\\\/en\\\/shop\\\/art-deco-style\\\/#primaryimage\"},\"image\":{\"@id\":\"https:\\\/\\\/foliobooks.pl\\\/en\\\/shop\\\/art-deco-style\\\/#primaryimage\"},\"thumbnailUrl\":\"https:\\\/\\\/foliobooks.pl\\\/wp-content\\\/uploads\\\/2021\\\/12\\\/9781649800220.png\",\"datePublished\":\"2021-12-19T18:42:35+00:00\",\"dateModified\":\"2026-02-18T14:14:54+00:00\",\"description\":\"Wejd\u017a i kup ksi\u0105\u017ck\u0119 Art Deco Style autorstwa wydan\u0105 przez Assouline (2021-10-01) w formacie 33 x 25 cm (ISBN: 9781649800220). Zapraszamy!\",\"breadcrumb\":{\"@id\":\"https:\\\/\\\/foliobooks.pl\\\/en\\\/shop\\\/art-deco-style\\\/#breadcrumb\"},\"inLanguage\":\"en-US\",\"potentialAction\":[{\"@type\":\"ReadAction\",\"target\":[\"https:\\\/\\\/foliobooks.pl\\\/en\\\/shop\\\/art-deco-style\\\/\"]}]},{\"@type\":\"ImageObject\",\"inLanguage\":\"en-US\",\"@id\":\"https:\\\/\\\/foliobooks.pl\\\/en\\\/shop\\\/art-deco-style\\\/#primaryimage\",\"url\":\"https:\\\/\\\/foliobooks.pl\\\/wp-content\\\/uploads\\\/2021\\\/12\\\/9781649800220.png\",\"contentUrl\":\"https:\\\/\\\/foliobooks.pl\\\/wp-content\\\/uploads\\\/2021\\\/12\\\/9781649800220.png\",\"width\":570,\"height\":708},{\"@type\":\"BreadcrumbList\",\"@id\":\"https:\\\/\\\/foliobooks.pl\\\/en\\\/shop\\\/art-deco-style\\\/#breadcrumb\",\"itemListElement\":[{\"@type\":\"ListItem\",\"position\":1,\"name\":\"Strona g\u0142\u00f3wna\",\"item\":\"https:\\\/\\\/foliobooks.pl\\\/en\\\/\"},{\"@type\":\"ListItem\",\"position\":2,\"name\":\"Shop\",\"item\":\"https:\\\/\\\/foliobooks.pl\\\/en\\\/shop\\\/\"},{\"@type\":\"ListItem\",\"position\":3,\"name\":\"Art Deco Style\"}]},{\"@type\":\"WebSite\",\"@id\":\"https:\\\/\\\/foliobooks.pl\\\/en\\\/#website\",\"url\":\"https:\\\/\\\/foliobooks.pl\\\/en\\\/\",\"name\":\"Folio\",\"description\":\"Ksi\u0119garnia internetowa\",\"potentialAction\":[{\"@type\":\"SearchAction\",\"target\":{\"@type\":\"EntryPoint\",\"urlTemplate\":\"https:\\\/\\\/foliobooks.pl\\\/en\\\/?s={search_term_string}\"},\"query-input\":{\"@type\":\"PropertyValueSpecification\",\"valueRequired\":true,\"valueName\":\"search_term_string\"}}],\"inLanguage\":\"en-US\"}]}<\/script>\n<!-- \/ Yoast SEO plugin. -->","yoast_head_json":{"title":"Art Deco Style () - book \/ album - Folio","description":"Wejd\u017a i kup ksi\u0105\u017ck\u0119 Art Deco Style autorstwa wydan\u0105 przez Assouline (2021-10-01) w formacie 33 x 25 cm (ISBN: 9781649800220). Zapraszamy!","robots":{"index":"index","follow":"follow","max-snippet":"max-snippet:-1","max-image-preview":"max-image-preview:large","max-video-preview":"max-video-preview:-1"},"canonical":"https:\/\/foliobooks.pl\/en\/shop\/art-deco-style\/","og_locale":"en_US","og_type":"article","og_title":"Art Deco Style () - book \/ album - Folio","og_description":"Wejd\u017a i kup ksi\u0105\u017ck\u0119 Art Deco Style autorstwa wydan\u0105 przez Assouline (2021-10-01) w formacie 33 x 25 cm (ISBN: 9781649800220). Zapraszamy!","og_url":"https:\/\/foliobooks.pl\/en\/shop\/art-deco-style\/","og_site_name":"Folio","article_modified_time":"2026-02-18T14:14:54+00:00","og_image":[{"width":570,"height":708,"url":"https:\/\/foliobooks.pl\/wp-content\/uploads\/2021\/12\/9781649800220.png","type":"image\/png"}],"twitter_card":"summary_large_image","twitter_misc":{"Est. reading time":"2 minutes"},"schema":{"@context":"https:\/\/schema.org","@graph":[{"@type":"WebPage","@id":"https:\/\/foliobooks.pl\/en\/shop\/art-deco-style\/","url":"https:\/\/foliobooks.pl\/en\/shop\/art-deco-style\/","name":"Art Deco Style () - book \/ album - Folio","isPartOf":{"@id":"https:\/\/foliobooks.pl\/en\/#website"},"primaryImageOfPage":{"@id":"https:\/\/foliobooks.pl\/en\/shop\/art-deco-style\/#primaryimage"},"image":{"@id":"https:\/\/foliobooks.pl\/en\/shop\/art-deco-style\/#primaryimage"},"thumbnailUrl":"https:\/\/foliobooks.pl\/wp-content\/uploads\/2021\/12\/9781649800220.png","datePublished":"2021-12-19T18:42:35+00:00","dateModified":"2026-02-18T14:14:54+00:00","description":"Wejd\u017a i kup ksi\u0105\u017ck\u0119 Art Deco Style autorstwa wydan\u0105 przez Assouline (2021-10-01) w formacie 33 x 25 cm (ISBN: 9781649800220). Zapraszamy!","breadcrumb":{"@id":"https:\/\/foliobooks.pl\/en\/shop\/art-deco-style\/#breadcrumb"},"inLanguage":"en-US","potentialAction":[{"@type":"ReadAction","target":["https:\/\/foliobooks.pl\/en\/shop\/art-deco-style\/"]}]},{"@type":"ImageObject","inLanguage":"en-US","@id":"https:\/\/foliobooks.pl\/en\/shop\/art-deco-style\/#primaryimage","url":"https:\/\/foliobooks.pl\/wp-content\/uploads\/2021\/12\/9781649800220.png","contentUrl":"https:\/\/foliobooks.pl\/wp-content\/uploads\/2021\/12\/9781649800220.png","width":570,"height":708},{"@type":"BreadcrumbList","@id":"https:\/\/foliobooks.pl\/en\/shop\/art-deco-style\/#breadcrumb","itemListElement":[{"@type":"ListItem","position":1,"name":"Strona g\u0142\u00f3wna","item":"https:\/\/foliobooks.pl\/en\/"},{"@type":"ListItem","position":2,"name":"Shop","item":"https:\/\/foliobooks.pl\/en\/shop\/"},{"@type":"ListItem","position":3,"name":"Art Deco Style"}]},{"@type":"WebSite","@id":"https:\/\/foliobooks.pl\/en\/#website","url":"https:\/\/foliobooks.pl\/en\/","name":"Folio","description":"Ksi\u0119garnia internetowa","potentialAction":[{"@type":"SearchAction","target":{"@type":"EntryPoint","urlTemplate":"https:\/\/foliobooks.pl\/en\/?s={search_term_string}"},"query-input":{"@type":"PropertyValueSpecification","valueRequired":true,"valueName":"search_term_string"}}],"inLanguage":"en-US"}]}},"_links":{"self":[{"href":"https:\/\/foliobooks.pl\/en\/wp-json\/wp\/v2\/product\/58023","targetHints":{"allow":["GET"]}}],"collection":[{"href":"https:\/\/foliobooks.pl\/en\/wp-json\/wp\/v2\/product"}],"about":[{"href":"https:\/\/foliobooks.pl\/en\/wp-json\/wp\/v2\/types\/product"}],"replies":[{"embeddable":true,"href":"https:\/\/foliobooks.pl\/en\/wp-json\/wp\/v2\/comments?post=58023"}],"wp:featuredmedia":[{"embeddable":true,"href":"https:\/\/foliobooks.pl\/en\/wp-json\/wp\/v2\/media\/58022"}],"wp:attachment":[{"href":"https:\/\/foliobooks.pl\/en\/wp-json\/wp\/v2\/media?parent=58023"}],"wp:term":[{"taxonomy":"product_brand","embeddable":true,"href":"https:\/\/foliobooks.pl\/en\/wp-json\/wp\/v2\/product_brand?post=58023"},{"taxonomy":"product_cat","embeddable":true,"href":"https:\/\/foliobooks.pl\/en\/wp-json\/wp\/v2\/product_cat?post=58023"},{"taxonomy":"product_tag","embeddable":true,"href":"https:\/\/foliobooks.pl\/en\/wp-json\/wp\/v2\/product_tag?post=58023"}],"curies":[{"name":"wp","href":"https:\/\/api.w.org\/{rel}","templated":true}]}}