{"id":58019,"date":"2021-12-19T19:35:05","date_gmt":"2021-12-19T18:35:05","guid":{"rendered":"https:\/\/foliobooks.pl\/sklep\/marrakech-flair\/"},"modified":"2025-07-14T16:41:48","modified_gmt":"2025-07-14T14:41:48","slug":"marrakech-flair","status":"publish","type":"product","link":"https:\/\/foliobooks.pl\/en\/shop\/marrakech-flair\/","title":{"rendered":"Marrakech Flair"},"content":{"rendered":"<p>It has been said that Marrakech awakens all of the senses. Whether it is seeing the intricate zellige tilework; smelling the various spices sold at the souks; hearing the call to prayer emanate from the nearby mosques; touching the supple leather used to make a pair of babouches (leather sandals); tasting a flavorful tagine, Marrakech never fails to excite. Located just west of the Atlas Mountains, the city has been inhabited by Berber farmers for centuries. It has been dubbed the \u201cOchre City\u201d because of the proliferation of red sandstone buildings and the red city walls, which now enclose the Medina, home to Jemaa el-Fnaa, one of the busiest squares in Africa.<br \/>\nMarrakech overflows with culture and has been inspiring visitors for decades. From Yves Saint Laurent to Talitha Getty, Winston Churchill to Mick Jagger, Marrakech has attracted great icons inspired by its eternal spirit as well as its sweet, beautiful life. Yves Saint Laurent\u2019s intimate relationship to this city lead to the opening of a museum dedicated to his legendary work. The annual Marrakech International Film Festival draws a prominent crowd. Museums abound, exhibiting Moroccan arts, photography, carpets, and the Andalusian design aesthetic that permeates the city\u2019s architecture. La Mamounia hotel, opened in 1923, offers a storied history, which includes hosting guests such as Winston Churchill. Vanessa Branson\u2019s El Fenn is a collection of traditional riads that form a stunning boutique hotel. There are countless ways to be immersed in the culture of Marrakech, but perhaps the best place to start is with a simple glass of mint tea.<\/p>\n","protected":false},"excerpt":{"rendered":"<p>It has been said that Marrakech awakens all of the senses. Whether it is seeing the intricate zellige tilework; smelling the various spices sold at the souks; hearing the call to prayer emanate from the nearby mosques; touching the supple leather used to make a pair of babouches (leather sandals); tasting a flavorful tagine, Marrakech&#8230;<\/p>\n","protected":false},"featured_media":58018,"comment_status":"closed","ping_status":"closed","template":"","meta":[],"product_brand":[],"product_cat":[13533,4517],"product_tag":[516,156],"class_list":{"0":"post-58019","1":"product","2":"type-product","3":"status-publish","4":"has-post-thumbnail","6":"product_cat-books","7":"product_cat-photography-en","8":"product_tag-places-en","9":"product_tag-travel","10":"pa_author_att-marisa-berenson-en","11":"pa_cover-hardcover","12":"pa_format-33-x-25-cm-en","13":"pa_isbn-9781614289616-en","14":"pa_language-eng","15":"pa_pages-304-en-2","16":"pa_published-2020-09-15-en","17":"pa_publisher-assouline-en","19":"first","20":"outofstock","21":"sold-individually","22":"shipping-taxable","23":"purchasable","24":"product-type-simple"},"yoast_head":"<!-- This site is optimized with the Yoast SEO plugin v27.6 - https:\/\/yoast.com\/product\/yoast-seo-wordpress\/ -->\n<title>Marrakech Flair (Marisa Berenson) - book \/ album - Folio<\/title>\n<meta name=\"description\" content=\"Wejd\u017a i kup ksi\u0105\u017ck\u0119 Marrakech Flair autorstwa Marisa Berenson wydan\u0105 przez Assouline (2020-09-15) w formacie 33 x 25 cm (ISBN: 9781614289616). Zapraszamy!\" \/>\n<meta name=\"robots\" content=\"index, follow, max-snippet:-1, max-image-preview:large, max-video-preview:-1\" \/>\n<link rel=\"canonical\" href=\"https:\/\/foliobooks.pl\/en\/shop\/marrakech-flair\/\" \/>\n<meta property=\"og:locale\" content=\"en_US\" \/>\n<meta property=\"og:type\" content=\"article\" \/>\n<meta property=\"og:title\" content=\"Marrakech Flair (Marisa Berenson) - book \/ album - Folio\" \/>\n<meta property=\"og:description\" content=\"Wejd\u017a i kup ksi\u0105\u017ck\u0119 Marrakech Flair autorstwa Marisa Berenson wydan\u0105 przez Assouline (2020-09-15) w formacie 33 x 25 cm (ISBN: 9781614289616). Zapraszamy!\" \/>\n<meta property=\"og:url\" content=\"https:\/\/foliobooks.pl\/en\/shop\/marrakech-flair\/\" \/>\n<meta property=\"og:site_name\" content=\"Folio\" \/>\n<meta property=\"article:modified_time\" content=\"2025-07-14T14:41:48+00:00\" \/>\n<meta property=\"og:image\" content=\"https:\/\/foliobooks.pl\/wp-content\/uploads\/2021\/12\/9781614289616.png\" \/>\n\t<meta property=\"og:image:width\" content=\"570\" \/>\n\t<meta property=\"og:image:height\" content=\"708\" \/>\n\t<meta property=\"og:image:type\" content=\"image\/png\" \/>\n<meta name=\"twitter:card\" content=\"summary_large_image\" \/>\n<meta name=\"twitter:label1\" content=\"Est. reading time\" \/>\n\t<meta name=\"twitter:data1\" content=\"2 minutes\" \/>\n<script type=\"application\/ld+json\" class=\"yoast-schema-graph\">{\"@context\":\"https:\\\/\\\/schema.org\",\"@graph\":[{\"@type\":\"WebPage\",\"@id\":\"https:\\\/\\\/foliobooks.pl\\\/en\\\/shop\\\/marrakech-flair\\\/\",\"url\":\"https:\\\/\\\/foliobooks.pl\\\/en\\\/shop\\\/marrakech-flair\\\/\",\"name\":\"Marrakech Flair (Marisa Berenson) - book \\\/ album - Folio\",\"isPartOf\":{\"@id\":\"https:\\\/\\\/foliobooks.pl\\\/en\\\/#website\"},\"primaryImageOfPage\":{\"@id\":\"https:\\\/\\\/foliobooks.pl\\\/en\\\/shop\\\/marrakech-flair\\\/#primaryimage\"},\"image\":{\"@id\":\"https:\\\/\\\/foliobooks.pl\\\/en\\\/shop\\\/marrakech-flair\\\/#primaryimage\"},\"thumbnailUrl\":\"https:\\\/\\\/foliobooks.pl\\\/wp-content\\\/uploads\\\/2021\\\/12\\\/9781614289616.png\",\"datePublished\":\"2021-12-19T18:35:05+00:00\",\"dateModified\":\"2025-07-14T14:41:48+00:00\",\"description\":\"Wejd\u017a i kup ksi\u0105\u017ck\u0119 Marrakech Flair autorstwa Marisa Berenson wydan\u0105 przez Assouline (2020-09-15) w formacie 33 x 25 cm (ISBN: 9781614289616). Zapraszamy!\",\"breadcrumb\":{\"@id\":\"https:\\\/\\\/foliobooks.pl\\\/en\\\/shop\\\/marrakech-flair\\\/#breadcrumb\"},\"inLanguage\":\"en-US\",\"potentialAction\":[{\"@type\":\"ReadAction\",\"target\":[\"https:\\\/\\\/foliobooks.pl\\\/en\\\/shop\\\/marrakech-flair\\\/\"]}]},{\"@type\":\"ImageObject\",\"inLanguage\":\"en-US\",\"@id\":\"https:\\\/\\\/foliobooks.pl\\\/en\\\/shop\\\/marrakech-flair\\\/#primaryimage\",\"url\":\"https:\\\/\\\/foliobooks.pl\\\/wp-content\\\/uploads\\\/2021\\\/12\\\/9781614289616.png\",\"contentUrl\":\"https:\\\/\\\/foliobooks.pl\\\/wp-content\\\/uploads\\\/2021\\\/12\\\/9781614289616.png\",\"width\":570,\"height\":708},{\"@type\":\"BreadcrumbList\",\"@id\":\"https:\\\/\\\/foliobooks.pl\\\/en\\\/shop\\\/marrakech-flair\\\/#breadcrumb\",\"itemListElement\":[{\"@type\":\"ListItem\",\"position\":1,\"name\":\"Strona g\u0142\u00f3wna\",\"item\":\"https:\\\/\\\/foliobooks.pl\\\/en\\\/\"},{\"@type\":\"ListItem\",\"position\":2,\"name\":\"Shop\",\"item\":\"https:\\\/\\\/foliobooks.pl\\\/en\\\/shop\\\/\"},{\"@type\":\"ListItem\",\"position\":3,\"name\":\"Marrakech Flair\"}]},{\"@type\":\"WebSite\",\"@id\":\"https:\\\/\\\/foliobooks.pl\\\/en\\\/#website\",\"url\":\"https:\\\/\\\/foliobooks.pl\\\/en\\\/\",\"name\":\"Folio\",\"description\":\"Ksi\u0119garnia internetowa\",\"potentialAction\":[{\"@type\":\"SearchAction\",\"target\":{\"@type\":\"EntryPoint\",\"urlTemplate\":\"https:\\\/\\\/foliobooks.pl\\\/en\\\/?s={search_term_string}\"},\"query-input\":{\"@type\":\"PropertyValueSpecification\",\"valueRequired\":true,\"valueName\":\"search_term_string\"}}],\"inLanguage\":\"en-US\"}]}<\/script>\n<!-- \/ Yoast SEO plugin. -->","yoast_head_json":{"title":"Marrakech Flair (Marisa Berenson) - book \/ album - Folio","description":"Wejd\u017a i kup ksi\u0105\u017ck\u0119 Marrakech Flair autorstwa Marisa Berenson wydan\u0105 przez Assouline (2020-09-15) w formacie 33 x 25 cm (ISBN: 9781614289616). Zapraszamy!","robots":{"index":"index","follow":"follow","max-snippet":"max-snippet:-1","max-image-preview":"max-image-preview:large","max-video-preview":"max-video-preview:-1"},"canonical":"https:\/\/foliobooks.pl\/en\/shop\/marrakech-flair\/","og_locale":"en_US","og_type":"article","og_title":"Marrakech Flair (Marisa Berenson) - book \/ album - Folio","og_description":"Wejd\u017a i kup ksi\u0105\u017ck\u0119 Marrakech Flair autorstwa Marisa Berenson wydan\u0105 przez Assouline (2020-09-15) w formacie 33 x 25 cm (ISBN: 9781614289616). Zapraszamy!","og_url":"https:\/\/foliobooks.pl\/en\/shop\/marrakech-flair\/","og_site_name":"Folio","article_modified_time":"2025-07-14T14:41:48+00:00","og_image":[{"width":570,"height":708,"url":"https:\/\/foliobooks.pl\/wp-content\/uploads\/2021\/12\/9781614289616.png","type":"image\/png"}],"twitter_card":"summary_large_image","twitter_misc":{"Est. reading time":"2 minutes"},"schema":{"@context":"https:\/\/schema.org","@graph":[{"@type":"WebPage","@id":"https:\/\/foliobooks.pl\/en\/shop\/marrakech-flair\/","url":"https:\/\/foliobooks.pl\/en\/shop\/marrakech-flair\/","name":"Marrakech Flair (Marisa Berenson) - book \/ album - Folio","isPartOf":{"@id":"https:\/\/foliobooks.pl\/en\/#website"},"primaryImageOfPage":{"@id":"https:\/\/foliobooks.pl\/en\/shop\/marrakech-flair\/#primaryimage"},"image":{"@id":"https:\/\/foliobooks.pl\/en\/shop\/marrakech-flair\/#primaryimage"},"thumbnailUrl":"https:\/\/foliobooks.pl\/wp-content\/uploads\/2021\/12\/9781614289616.png","datePublished":"2021-12-19T18:35:05+00:00","dateModified":"2025-07-14T14:41:48+00:00","description":"Wejd\u017a i kup ksi\u0105\u017ck\u0119 Marrakech Flair autorstwa Marisa Berenson wydan\u0105 przez Assouline (2020-09-15) w formacie 33 x 25 cm (ISBN: 9781614289616). Zapraszamy!","breadcrumb":{"@id":"https:\/\/foliobooks.pl\/en\/shop\/marrakech-flair\/#breadcrumb"},"inLanguage":"en-US","potentialAction":[{"@type":"ReadAction","target":["https:\/\/foliobooks.pl\/en\/shop\/marrakech-flair\/"]}]},{"@type":"ImageObject","inLanguage":"en-US","@id":"https:\/\/foliobooks.pl\/en\/shop\/marrakech-flair\/#primaryimage","url":"https:\/\/foliobooks.pl\/wp-content\/uploads\/2021\/12\/9781614289616.png","contentUrl":"https:\/\/foliobooks.pl\/wp-content\/uploads\/2021\/12\/9781614289616.png","width":570,"height":708},{"@type":"BreadcrumbList","@id":"https:\/\/foliobooks.pl\/en\/shop\/marrakech-flair\/#breadcrumb","itemListElement":[{"@type":"ListItem","position":1,"name":"Strona g\u0142\u00f3wna","item":"https:\/\/foliobooks.pl\/en\/"},{"@type":"ListItem","position":2,"name":"Shop","item":"https:\/\/foliobooks.pl\/en\/shop\/"},{"@type":"ListItem","position":3,"name":"Marrakech Flair"}]},{"@type":"WebSite","@id":"https:\/\/foliobooks.pl\/en\/#website","url":"https:\/\/foliobooks.pl\/en\/","name":"Folio","description":"Ksi\u0119garnia internetowa","potentialAction":[{"@type":"SearchAction","target":{"@type":"EntryPoint","urlTemplate":"https:\/\/foliobooks.pl\/en\/?s={search_term_string}"},"query-input":{"@type":"PropertyValueSpecification","valueRequired":true,"valueName":"search_term_string"}}],"inLanguage":"en-US"}]}},"_links":{"self":[{"href":"https:\/\/foliobooks.pl\/en\/wp-json\/wp\/v2\/product\/58019","targetHints":{"allow":["GET"]}}],"collection":[{"href":"https:\/\/foliobooks.pl\/en\/wp-json\/wp\/v2\/product"}],"about":[{"href":"https:\/\/foliobooks.pl\/en\/wp-json\/wp\/v2\/types\/product"}],"replies":[{"embeddable":true,"href":"https:\/\/foliobooks.pl\/en\/wp-json\/wp\/v2\/comments?post=58019"}],"wp:featuredmedia":[{"embeddable":true,"href":"https:\/\/foliobooks.pl\/en\/wp-json\/wp\/v2\/media\/58018"}],"wp:attachment":[{"href":"https:\/\/foliobooks.pl\/en\/wp-json\/wp\/v2\/media?parent=58019"}],"wp:term":[{"taxonomy":"product_brand","embeddable":true,"href":"https:\/\/foliobooks.pl\/en\/wp-json\/wp\/v2\/product_brand?post=58019"},{"taxonomy":"product_cat","embeddable":true,"href":"https:\/\/foliobooks.pl\/en\/wp-json\/wp\/v2\/product_cat?post=58019"},{"taxonomy":"product_tag","embeddable":true,"href":"https:\/\/foliobooks.pl\/en\/wp-json\/wp\/v2\/product_tag?post=58019"}],"curies":[{"name":"wp","href":"https:\/\/api.w.org\/{rel}","templated":true}]}}