{"id":57586,"date":"2021-12-16T18:02:09","date_gmt":"2021-12-16T17:02:09","guid":{"rendered":"https:\/\/foliobooks.pl\/sklep\/versace-catwalk\/"},"modified":"2021-12-16T18:02:09","modified_gmt":"2021-12-16T17:02:09","slug":"versace-catwalk","status":"publish","type":"product","link":"https:\/\/foliobooks.pl\/en\/shop\/versace-catwalk\/","title":{"rendered":"Versace Catwalk"},"content":{"rendered":"<p>Founded by Gianni Versace in 1978, the family-run fashion house soon grew into a symbol of high glamour and luxury known the world over, dressing the biggest personalities of the 1980s and 1990s, from Madonna to Princess Diana. After Gianni Versace&#8217;s tragic death in 1997, his sister Donatella became artistic director of the brand, steering it into the 21st century and cementing its legendary status for new generations of fans.<\/p>\n<p>This definitive publication opens with a concise history of the house, followed by brief biographical profiles of Gianni Versace and Donatella Versace, before exploring the collections themselves, organized chronologically. Each collection is introduced by a short text unveiling its influences and highlights, and illustrated with carefully curated catwalk images that showcase hundreds of spectacular clothes, details, accessories, beauty looks and set designs &#8211; and, of course, the top fashion models who wore them on the runway, from Naomi Campbell and Claudia Schiffer to Jennifer Lopez and Kaia Gerber. A rich reference section, including an extensive index, concludes the book.<\/p>\n","protected":false},"excerpt":{"rendered":"<p>Founded by Gianni Versace in 1978, the family-run fashion house soon grew into a symbol of high glamour and luxury known the world over, dressing the biggest personalities of the 1980s and 1990s, from Madonna to Princess Diana. After Gianni Versace&#8217;s tragic death in 1997, his sister Donatella became artistic director of the brand, steering&#8230;<\/p>\n","protected":false},"featured_media":57585,"comment_status":"closed","ping_status":"closed","template":"","meta":[],"product_brand":[],"product_cat":[13533,4519],"product_tag":[157,6125,11253],"class_list":{"0":"post-57586","1":"product","2":"type-product","3":"status-publish","4":"has-post-thumbnail","6":"product_cat-books","7":"product_cat-fashion-en-en","8":"product_tag-designers","9":"product_tag-fashion","10":"product_tag-fashion-design-en","11":"pa_author_att-tim-blank-en","12":"pa_cover-hardcover","13":"pa_format-19-x-277-cm-en","14":"pa_isbn-9780500023808-en","15":"pa_language-eng","16":"pa_pages-632-en","17":"pa_published-2021-10-28-en","18":"pa_publisher-thames-hudson-en","20":"first","21":"instock","22":"sold-individually","23":"shipping-taxable","24":"purchasable","25":"product-type-simple"},"yoast_head":"<!-- This site is optimized with the Yoast SEO plugin v27.4 - https:\/\/yoast.com\/product\/yoast-seo-wordpress\/ -->\n<title>Versace Catwalk (Tim Blank) - book \/ album - Folio<\/title>\n<meta name=\"description\" content=\"Wejd\u017a i kup ksi\u0105\u017ck\u0119 Versace Catwalk autorstwa Tim Blank wydan\u0105 przez Thames &amp; Hudson (2021-10-28) w formacie 19 x 27,7 cm (ISBN: 9780500023808). Zapraszamy!\" \/>\n<meta name=\"robots\" content=\"index, follow, max-snippet:-1, max-image-preview:large, max-video-preview:-1\" \/>\n<link rel=\"canonical\" href=\"https:\/\/foliobooks.pl\/en\/shop\/versace-catwalk\/\" \/>\n<meta property=\"og:locale\" content=\"en_US\" \/>\n<meta property=\"og:type\" content=\"article\" \/>\n<meta property=\"og:title\" content=\"Versace Catwalk (Tim Blank) - book \/ album - Folio\" \/>\n<meta property=\"og:description\" content=\"Wejd\u017a i kup ksi\u0105\u017ck\u0119 Versace Catwalk autorstwa Tim Blank wydan\u0105 przez Thames &amp; Hudson (2021-10-28) w formacie 19 x 27,7 cm (ISBN: 9780500023808). Zapraszamy!\" \/>\n<meta property=\"og:url\" content=\"https:\/\/foliobooks.pl\/en\/shop\/versace-catwalk\/\" \/>\n<meta property=\"og:site_name\" content=\"Folio\" \/>\n<meta property=\"og:image\" content=\"https:\/\/foliobooks.pl\/wp-content\/uploads\/2021\/12\/9780500023808.png\" \/>\n\t<meta property=\"og:image:width\" content=\"570\" \/>\n\t<meta property=\"og:image:height\" content=\"708\" \/>\n\t<meta property=\"og:image:type\" content=\"image\/png\" \/>\n<meta name=\"twitter:card\" content=\"summary_large_image\" \/>\n<meta name=\"twitter:label1\" content=\"Est. reading time\" \/>\n\t<meta name=\"twitter:data1\" content=\"2 minutes\" \/>\n<script type=\"application\/ld+json\" class=\"yoast-schema-graph\">{\"@context\":\"https:\\\/\\\/schema.org\",\"@graph\":[{\"@type\":\"WebPage\",\"@id\":\"https:\\\/\\\/foliobooks.pl\\\/en\\\/shop\\\/versace-catwalk\\\/\",\"url\":\"https:\\\/\\\/foliobooks.pl\\\/en\\\/shop\\\/versace-catwalk\\\/\",\"name\":\"Versace Catwalk (Tim Blank) - book \\\/ album - Folio\",\"isPartOf\":{\"@id\":\"https:\\\/\\\/foliobooks.pl\\\/en\\\/#website\"},\"primaryImageOfPage\":{\"@id\":\"https:\\\/\\\/foliobooks.pl\\\/en\\\/shop\\\/versace-catwalk\\\/#primaryimage\"},\"image\":{\"@id\":\"https:\\\/\\\/foliobooks.pl\\\/en\\\/shop\\\/versace-catwalk\\\/#primaryimage\"},\"thumbnailUrl\":\"https:\\\/\\\/foliobooks.pl\\\/wp-content\\\/uploads\\\/2021\\\/12\\\/9780500023808.png\",\"datePublished\":\"2021-12-16T17:02:09+00:00\",\"description\":\"Wejd\u017a i kup ksi\u0105\u017ck\u0119 Versace Catwalk autorstwa Tim Blank wydan\u0105 przez Thames &amp; Hudson (2021-10-28) w formacie 19 x 27,7 cm (ISBN: 9780500023808). Zapraszamy!\",\"breadcrumb\":{\"@id\":\"https:\\\/\\\/foliobooks.pl\\\/en\\\/shop\\\/versace-catwalk\\\/#breadcrumb\"},\"inLanguage\":\"en-US\",\"potentialAction\":[{\"@type\":\"ReadAction\",\"target\":[\"https:\\\/\\\/foliobooks.pl\\\/en\\\/shop\\\/versace-catwalk\\\/\"]}]},{\"@type\":\"ImageObject\",\"inLanguage\":\"en-US\",\"@id\":\"https:\\\/\\\/foliobooks.pl\\\/en\\\/shop\\\/versace-catwalk\\\/#primaryimage\",\"url\":\"https:\\\/\\\/foliobooks.pl\\\/wp-content\\\/uploads\\\/2021\\\/12\\\/9780500023808.png\",\"contentUrl\":\"https:\\\/\\\/foliobooks.pl\\\/wp-content\\\/uploads\\\/2021\\\/12\\\/9780500023808.png\",\"width\":570,\"height\":708},{\"@type\":\"BreadcrumbList\",\"@id\":\"https:\\\/\\\/foliobooks.pl\\\/en\\\/shop\\\/versace-catwalk\\\/#breadcrumb\",\"itemListElement\":[{\"@type\":\"ListItem\",\"position\":1,\"name\":\"Strona g\u0142\u00f3wna\",\"item\":\"https:\\\/\\\/foliobooks.pl\\\/en\\\/\"},{\"@type\":\"ListItem\",\"position\":2,\"name\":\"Shop\",\"item\":\"https:\\\/\\\/foliobooks.pl\\\/en\\\/shop\\\/\"},{\"@type\":\"ListItem\",\"position\":3,\"name\":\"Versace Catwalk\"}]},{\"@type\":\"WebSite\",\"@id\":\"https:\\\/\\\/foliobooks.pl\\\/en\\\/#website\",\"url\":\"https:\\\/\\\/foliobooks.pl\\\/en\\\/\",\"name\":\"Folio\",\"description\":\"Ksi\u0119garnia internetowa\",\"potentialAction\":[{\"@type\":\"SearchAction\",\"target\":{\"@type\":\"EntryPoint\",\"urlTemplate\":\"https:\\\/\\\/foliobooks.pl\\\/en\\\/?s={search_term_string}\"},\"query-input\":{\"@type\":\"PropertyValueSpecification\",\"valueRequired\":true,\"valueName\":\"search_term_string\"}}],\"inLanguage\":\"en-US\"}]}<\/script>\n<!-- \/ Yoast SEO plugin. -->","yoast_head_json":{"title":"Versace Catwalk (Tim Blank) - book \/ album - Folio","description":"Wejd\u017a i kup ksi\u0105\u017ck\u0119 Versace Catwalk autorstwa Tim Blank wydan\u0105 przez Thames &amp; Hudson (2021-10-28) w formacie 19 x 27,7 cm (ISBN: 9780500023808). Zapraszamy!","robots":{"index":"index","follow":"follow","max-snippet":"max-snippet:-1","max-image-preview":"max-image-preview:large","max-video-preview":"max-video-preview:-1"},"canonical":"https:\/\/foliobooks.pl\/en\/shop\/versace-catwalk\/","og_locale":"en_US","og_type":"article","og_title":"Versace Catwalk (Tim Blank) - book \/ album - Folio","og_description":"Wejd\u017a i kup ksi\u0105\u017ck\u0119 Versace Catwalk autorstwa Tim Blank wydan\u0105 przez Thames &amp; Hudson (2021-10-28) w formacie 19 x 27,7 cm (ISBN: 9780500023808). Zapraszamy!","og_url":"https:\/\/foliobooks.pl\/en\/shop\/versace-catwalk\/","og_site_name":"Folio","og_image":[{"width":570,"height":708,"url":"https:\/\/foliobooks.pl\/wp-content\/uploads\/2021\/12\/9780500023808.png","type":"image\/png"}],"twitter_card":"summary_large_image","twitter_misc":{"Est. reading time":"2 minutes"},"schema":{"@context":"https:\/\/schema.org","@graph":[{"@type":"WebPage","@id":"https:\/\/foliobooks.pl\/en\/shop\/versace-catwalk\/","url":"https:\/\/foliobooks.pl\/en\/shop\/versace-catwalk\/","name":"Versace Catwalk (Tim Blank) - book \/ album - Folio","isPartOf":{"@id":"https:\/\/foliobooks.pl\/en\/#website"},"primaryImageOfPage":{"@id":"https:\/\/foliobooks.pl\/en\/shop\/versace-catwalk\/#primaryimage"},"image":{"@id":"https:\/\/foliobooks.pl\/en\/shop\/versace-catwalk\/#primaryimage"},"thumbnailUrl":"https:\/\/foliobooks.pl\/wp-content\/uploads\/2021\/12\/9780500023808.png","datePublished":"2021-12-16T17:02:09+00:00","description":"Wejd\u017a i kup ksi\u0105\u017ck\u0119 Versace Catwalk autorstwa Tim Blank wydan\u0105 przez Thames &amp; Hudson (2021-10-28) w formacie 19 x 27,7 cm (ISBN: 9780500023808). Zapraszamy!","breadcrumb":{"@id":"https:\/\/foliobooks.pl\/en\/shop\/versace-catwalk\/#breadcrumb"},"inLanguage":"en-US","potentialAction":[{"@type":"ReadAction","target":["https:\/\/foliobooks.pl\/en\/shop\/versace-catwalk\/"]}]},{"@type":"ImageObject","inLanguage":"en-US","@id":"https:\/\/foliobooks.pl\/en\/shop\/versace-catwalk\/#primaryimage","url":"https:\/\/foliobooks.pl\/wp-content\/uploads\/2021\/12\/9780500023808.png","contentUrl":"https:\/\/foliobooks.pl\/wp-content\/uploads\/2021\/12\/9780500023808.png","width":570,"height":708},{"@type":"BreadcrumbList","@id":"https:\/\/foliobooks.pl\/en\/shop\/versace-catwalk\/#breadcrumb","itemListElement":[{"@type":"ListItem","position":1,"name":"Strona g\u0142\u00f3wna","item":"https:\/\/foliobooks.pl\/en\/"},{"@type":"ListItem","position":2,"name":"Shop","item":"https:\/\/foliobooks.pl\/en\/shop\/"},{"@type":"ListItem","position":3,"name":"Versace Catwalk"}]},{"@type":"WebSite","@id":"https:\/\/foliobooks.pl\/en\/#website","url":"https:\/\/foliobooks.pl\/en\/","name":"Folio","description":"Ksi\u0119garnia internetowa","potentialAction":[{"@type":"SearchAction","target":{"@type":"EntryPoint","urlTemplate":"https:\/\/foliobooks.pl\/en\/?s={search_term_string}"},"query-input":{"@type":"PropertyValueSpecification","valueRequired":true,"valueName":"search_term_string"}}],"inLanguage":"en-US"}]}},"_links":{"self":[{"href":"https:\/\/foliobooks.pl\/en\/wp-json\/wp\/v2\/product\/57586","targetHints":{"allow":["GET"]}}],"collection":[{"href":"https:\/\/foliobooks.pl\/en\/wp-json\/wp\/v2\/product"}],"about":[{"href":"https:\/\/foliobooks.pl\/en\/wp-json\/wp\/v2\/types\/product"}],"replies":[{"embeddable":true,"href":"https:\/\/foliobooks.pl\/en\/wp-json\/wp\/v2\/comments?post=57586"}],"wp:featuredmedia":[{"embeddable":true,"href":"https:\/\/foliobooks.pl\/en\/wp-json\/wp\/v2\/media\/57585"}],"wp:attachment":[{"href":"https:\/\/foliobooks.pl\/en\/wp-json\/wp\/v2\/media?parent=57586"}],"wp:term":[{"taxonomy":"product_brand","embeddable":true,"href":"https:\/\/foliobooks.pl\/en\/wp-json\/wp\/v2\/product_brand?post=57586"},{"taxonomy":"product_cat","embeddable":true,"href":"https:\/\/foliobooks.pl\/en\/wp-json\/wp\/v2\/product_cat?post=57586"},{"taxonomy":"product_tag","embeddable":true,"href":"https:\/\/foliobooks.pl\/en\/wp-json\/wp\/v2\/product_tag?post=57586"}],"curies":[{"name":"wp","href":"https:\/\/api.w.org\/{rel}","templated":true}]}}