{"id":57322,"date":"2021-11-25T23:39:02","date_gmt":"2021-11-25T22:39:02","guid":{"rendered":"https:\/\/foliobooks.pl\/sklep\/vivienne-westwood-catwalk\/"},"modified":"2025-11-07T16:21:30","modified_gmt":"2025-11-07T15:21:30","slug":"vivienne-westwood-catwalk","status":"publish","type":"product","link":"https:\/\/foliobooks.pl\/en\/shop\/vivienne-westwood-catwalk\/","title":{"rendered":"Vivienne Westwood Catwalk"},"content":{"rendered":"<p>One of the most thought-provoking and influential designers in the world &#8211; she once declared &#8216;the only reason I&#8217;m in fashion is to destroy the word &#8220;conformity&#8221;&#8216; &#8211; Vivienne Westwood has been reinventing, changing and challenging the world of fashion for over five decades.<\/p>\n<p>Celebrating 40 years of catwalk collections, this book records the inimitable creations imagined by Vivienne Westwood since her first runway show in 1981, as well as those designed by her husband and long-time collaborator, Andreas Kronthaler. Complete with an introduction and collection texts by Alexander Fury, and biographies written by the designers themselves, Vivienne Westwood Catwalk offers a rare opportunity to chart the development of a uniquely creative fashion house.<\/p>\n<p>After Chanel, Dior, Louis Vuitton, Yves Saint Laurent and Prada, Vivienne Westwood &#8211; publishing in Spring 2021 &#8211; is the sixth new volume in the best-selling Catwalk series, which offers an unrivalled overview of the collections of the world&#8217;s top fashion houses through original catwalk photography.<\/p>\n","protected":false},"excerpt":{"rendered":"<p>One of the most thought-provoking and influential designers in the world &#8211; she once declared &#8216;the only reason I&#8217;m in fashion is to destroy the word &#8220;conformity&#8221;&#8216; &#8211; Vivienne Westwood has been reinventing, changing and challenging the world of fashion for over five decades. Celebrating 40 years of catwalk collections, this book records the inimitable&#8230;<\/p>\n","protected":false},"featured_media":57321,"comment_status":"closed","ping_status":"closed","template":"","meta":[],"product_brand":[],"product_cat":[13533,4519],"product_tag":[6125,11263],"class_list":{"0":"post-57322","1":"product","2":"type-product","3":"status-publish","4":"has-post-thumbnail","6":"product_cat-books","7":"product_cat-fashion-en-en","8":"product_tag-fashion","9":"product_tag-textiles-en","10":"pa_author_att-alexander-fury-en","11":"pa_cover-hardcover","12":"pa_format-19-x-277-cm-en","13":"pa_isbn-9780500023792-en","14":"pa_language-eng","15":"pa_pages-632-en","16":"pa_published-2021-06-24-en","17":"pa_publisher-thames-hudson-en","19":"first","20":"instock","21":"sold-individually","22":"shipping-taxable","23":"purchasable","24":"product-type-simple"},"yoast_head":"<!-- This site is optimized with the Yoast SEO plugin v27.4 - https:\/\/yoast.com\/product\/yoast-seo-wordpress\/ -->\n<title>Vivienne Westwood Catwalk (Alexander Fury) - book \/ album - Folio<\/title>\n<meta name=\"description\" content=\"Wejd\u017a i kup ksi\u0105\u017ck\u0119 Vivienne Westwood Catwalk autorstwa Alexander Fury wydan\u0105 przez Thames &amp; Hudson (2021-06-24) w formacie 19 x 27,7 cm (ISBN: 9780500023792). Zapraszamy!\" \/>\n<meta name=\"robots\" content=\"index, follow, max-snippet:-1, max-image-preview:large, max-video-preview:-1\" \/>\n<link rel=\"canonical\" href=\"https:\/\/foliobooks.pl\/en\/shop\/vivienne-westwood-catwalk\/\" \/>\n<meta property=\"og:locale\" content=\"en_US\" \/>\n<meta property=\"og:type\" content=\"article\" \/>\n<meta property=\"og:title\" content=\"Vivienne Westwood Catwalk (Alexander Fury) - book \/ album - Folio\" \/>\n<meta property=\"og:description\" content=\"Wejd\u017a i kup ksi\u0105\u017ck\u0119 Vivienne Westwood Catwalk autorstwa Alexander Fury wydan\u0105 przez Thames &amp; Hudson (2021-06-24) w formacie 19 x 27,7 cm (ISBN: 9780500023792). Zapraszamy!\" \/>\n<meta property=\"og:url\" content=\"https:\/\/foliobooks.pl\/en\/shop\/vivienne-westwood-catwalk\/\" \/>\n<meta property=\"og:site_name\" content=\"Folio\" \/>\n<meta property=\"article:modified_time\" content=\"2025-11-07T15:21:30+00:00\" \/>\n<meta property=\"og:image\" content=\"https:\/\/foliobooks.pl\/wp-content\/uploads\/2021\/11\/9780500023792.png\" \/>\n\t<meta property=\"og:image:width\" content=\"570\" \/>\n\t<meta property=\"og:image:height\" content=\"708\" \/>\n\t<meta property=\"og:image:type\" content=\"image\/png\" \/>\n<meta name=\"twitter:card\" content=\"summary_large_image\" \/>\n<meta name=\"twitter:label1\" content=\"Est. reading time\" \/>\n\t<meta name=\"twitter:data1\" content=\"1 minute\" \/>\n<script type=\"application\/ld+json\" class=\"yoast-schema-graph\">{\"@context\":\"https:\\\/\\\/schema.org\",\"@graph\":[{\"@type\":\"WebPage\",\"@id\":\"https:\\\/\\\/foliobooks.pl\\\/en\\\/shop\\\/vivienne-westwood-catwalk\\\/\",\"url\":\"https:\\\/\\\/foliobooks.pl\\\/en\\\/shop\\\/vivienne-westwood-catwalk\\\/\",\"name\":\"Vivienne Westwood Catwalk (Alexander Fury) - book \\\/ album - Folio\",\"isPartOf\":{\"@id\":\"https:\\\/\\\/foliobooks.pl\\\/en\\\/#website\"},\"primaryImageOfPage\":{\"@id\":\"https:\\\/\\\/foliobooks.pl\\\/en\\\/shop\\\/vivienne-westwood-catwalk\\\/#primaryimage\"},\"image\":{\"@id\":\"https:\\\/\\\/foliobooks.pl\\\/en\\\/shop\\\/vivienne-westwood-catwalk\\\/#primaryimage\"},\"thumbnailUrl\":\"https:\\\/\\\/foliobooks.pl\\\/wp-content\\\/uploads\\\/2021\\\/11\\\/9780500023792.png\",\"datePublished\":\"2021-11-25T22:39:02+00:00\",\"dateModified\":\"2025-11-07T15:21:30+00:00\",\"description\":\"Wejd\u017a i kup ksi\u0105\u017ck\u0119 Vivienne Westwood Catwalk autorstwa Alexander Fury wydan\u0105 przez Thames &amp; Hudson (2021-06-24) w formacie 19 x 27,7 cm (ISBN: 9780500023792). Zapraszamy!\",\"breadcrumb\":{\"@id\":\"https:\\\/\\\/foliobooks.pl\\\/en\\\/shop\\\/vivienne-westwood-catwalk\\\/#breadcrumb\"},\"inLanguage\":\"en-US\",\"potentialAction\":[{\"@type\":\"ReadAction\",\"target\":[\"https:\\\/\\\/foliobooks.pl\\\/en\\\/shop\\\/vivienne-westwood-catwalk\\\/\"]}]},{\"@type\":\"ImageObject\",\"inLanguage\":\"en-US\",\"@id\":\"https:\\\/\\\/foliobooks.pl\\\/en\\\/shop\\\/vivienne-westwood-catwalk\\\/#primaryimage\",\"url\":\"https:\\\/\\\/foliobooks.pl\\\/wp-content\\\/uploads\\\/2021\\\/11\\\/9780500023792.png\",\"contentUrl\":\"https:\\\/\\\/foliobooks.pl\\\/wp-content\\\/uploads\\\/2021\\\/11\\\/9780500023792.png\",\"width\":570,\"height\":708},{\"@type\":\"BreadcrumbList\",\"@id\":\"https:\\\/\\\/foliobooks.pl\\\/en\\\/shop\\\/vivienne-westwood-catwalk\\\/#breadcrumb\",\"itemListElement\":[{\"@type\":\"ListItem\",\"position\":1,\"name\":\"Strona g\u0142\u00f3wna\",\"item\":\"https:\\\/\\\/foliobooks.pl\\\/en\\\/\"},{\"@type\":\"ListItem\",\"position\":2,\"name\":\"Shop\",\"item\":\"https:\\\/\\\/foliobooks.pl\\\/en\\\/shop\\\/\"},{\"@type\":\"ListItem\",\"position\":3,\"name\":\"Vivienne Westwood Catwalk\"}]},{\"@type\":\"WebSite\",\"@id\":\"https:\\\/\\\/foliobooks.pl\\\/en\\\/#website\",\"url\":\"https:\\\/\\\/foliobooks.pl\\\/en\\\/\",\"name\":\"Folio\",\"description\":\"Ksi\u0119garnia internetowa\",\"potentialAction\":[{\"@type\":\"SearchAction\",\"target\":{\"@type\":\"EntryPoint\",\"urlTemplate\":\"https:\\\/\\\/foliobooks.pl\\\/en\\\/?s={search_term_string}\"},\"query-input\":{\"@type\":\"PropertyValueSpecification\",\"valueRequired\":true,\"valueName\":\"search_term_string\"}}],\"inLanguage\":\"en-US\"}]}<\/script>\n<!-- \/ Yoast SEO plugin. -->","yoast_head_json":{"title":"Vivienne Westwood Catwalk (Alexander Fury) - book \/ album - Folio","description":"Wejd\u017a i kup ksi\u0105\u017ck\u0119 Vivienne Westwood Catwalk autorstwa Alexander Fury wydan\u0105 przez Thames &amp; Hudson (2021-06-24) w formacie 19 x 27,7 cm (ISBN: 9780500023792). Zapraszamy!","robots":{"index":"index","follow":"follow","max-snippet":"max-snippet:-1","max-image-preview":"max-image-preview:large","max-video-preview":"max-video-preview:-1"},"canonical":"https:\/\/foliobooks.pl\/en\/shop\/vivienne-westwood-catwalk\/","og_locale":"en_US","og_type":"article","og_title":"Vivienne Westwood Catwalk (Alexander Fury) - book \/ album - Folio","og_description":"Wejd\u017a i kup ksi\u0105\u017ck\u0119 Vivienne Westwood Catwalk autorstwa Alexander Fury wydan\u0105 przez Thames &amp; Hudson (2021-06-24) w formacie 19 x 27,7 cm (ISBN: 9780500023792). Zapraszamy!","og_url":"https:\/\/foliobooks.pl\/en\/shop\/vivienne-westwood-catwalk\/","og_site_name":"Folio","article_modified_time":"2025-11-07T15:21:30+00:00","og_image":[{"width":570,"height":708,"url":"https:\/\/foliobooks.pl\/wp-content\/uploads\/2021\/11\/9780500023792.png","type":"image\/png"}],"twitter_card":"summary_large_image","twitter_misc":{"Est. reading time":"1 minute"},"schema":{"@context":"https:\/\/schema.org","@graph":[{"@type":"WebPage","@id":"https:\/\/foliobooks.pl\/en\/shop\/vivienne-westwood-catwalk\/","url":"https:\/\/foliobooks.pl\/en\/shop\/vivienne-westwood-catwalk\/","name":"Vivienne Westwood Catwalk (Alexander Fury) - book \/ album - Folio","isPartOf":{"@id":"https:\/\/foliobooks.pl\/en\/#website"},"primaryImageOfPage":{"@id":"https:\/\/foliobooks.pl\/en\/shop\/vivienne-westwood-catwalk\/#primaryimage"},"image":{"@id":"https:\/\/foliobooks.pl\/en\/shop\/vivienne-westwood-catwalk\/#primaryimage"},"thumbnailUrl":"https:\/\/foliobooks.pl\/wp-content\/uploads\/2021\/11\/9780500023792.png","datePublished":"2021-11-25T22:39:02+00:00","dateModified":"2025-11-07T15:21:30+00:00","description":"Wejd\u017a i kup ksi\u0105\u017ck\u0119 Vivienne Westwood Catwalk autorstwa Alexander Fury wydan\u0105 przez Thames &amp; Hudson (2021-06-24) w formacie 19 x 27,7 cm (ISBN: 9780500023792). Zapraszamy!","breadcrumb":{"@id":"https:\/\/foliobooks.pl\/en\/shop\/vivienne-westwood-catwalk\/#breadcrumb"},"inLanguage":"en-US","potentialAction":[{"@type":"ReadAction","target":["https:\/\/foliobooks.pl\/en\/shop\/vivienne-westwood-catwalk\/"]}]},{"@type":"ImageObject","inLanguage":"en-US","@id":"https:\/\/foliobooks.pl\/en\/shop\/vivienne-westwood-catwalk\/#primaryimage","url":"https:\/\/foliobooks.pl\/wp-content\/uploads\/2021\/11\/9780500023792.png","contentUrl":"https:\/\/foliobooks.pl\/wp-content\/uploads\/2021\/11\/9780500023792.png","width":570,"height":708},{"@type":"BreadcrumbList","@id":"https:\/\/foliobooks.pl\/en\/shop\/vivienne-westwood-catwalk\/#breadcrumb","itemListElement":[{"@type":"ListItem","position":1,"name":"Strona g\u0142\u00f3wna","item":"https:\/\/foliobooks.pl\/en\/"},{"@type":"ListItem","position":2,"name":"Shop","item":"https:\/\/foliobooks.pl\/en\/shop\/"},{"@type":"ListItem","position":3,"name":"Vivienne Westwood Catwalk"}]},{"@type":"WebSite","@id":"https:\/\/foliobooks.pl\/en\/#website","url":"https:\/\/foliobooks.pl\/en\/","name":"Folio","description":"Ksi\u0119garnia internetowa","potentialAction":[{"@type":"SearchAction","target":{"@type":"EntryPoint","urlTemplate":"https:\/\/foliobooks.pl\/en\/?s={search_term_string}"},"query-input":{"@type":"PropertyValueSpecification","valueRequired":true,"valueName":"search_term_string"}}],"inLanguage":"en-US"}]}},"_links":{"self":[{"href":"https:\/\/foliobooks.pl\/en\/wp-json\/wp\/v2\/product\/57322","targetHints":{"allow":["GET"]}}],"collection":[{"href":"https:\/\/foliobooks.pl\/en\/wp-json\/wp\/v2\/product"}],"about":[{"href":"https:\/\/foliobooks.pl\/en\/wp-json\/wp\/v2\/types\/product"}],"replies":[{"embeddable":true,"href":"https:\/\/foliobooks.pl\/en\/wp-json\/wp\/v2\/comments?post=57322"}],"wp:featuredmedia":[{"embeddable":true,"href":"https:\/\/foliobooks.pl\/en\/wp-json\/wp\/v2\/media\/57321"}],"wp:attachment":[{"href":"https:\/\/foliobooks.pl\/en\/wp-json\/wp\/v2\/media?parent=57322"}],"wp:term":[{"taxonomy":"product_brand","embeddable":true,"href":"https:\/\/foliobooks.pl\/en\/wp-json\/wp\/v2\/product_brand?post=57322"},{"taxonomy":"product_cat","embeddable":true,"href":"https:\/\/foliobooks.pl\/en\/wp-json\/wp\/v2\/product_cat?post=57322"},{"taxonomy":"product_tag","embeddable":true,"href":"https:\/\/foliobooks.pl\/en\/wp-json\/wp\/v2\/product_tag?post=57322"}],"curies":[{"name":"wp","href":"https:\/\/api.w.org\/{rel}","templated":true}]}}