{"id":57314,"date":"2021-11-25T22:58:37","date_gmt":"2021-11-25T21:58:37","guid":{"rendered":"https:\/\/foliobooks.pl\/sklep\/perfect-gentleman\/"},"modified":"2025-09-12T16:39:30","modified_gmt":"2025-09-12T14:39:30","slug":"perfect-gentleman","status":"publish","type":"product","link":"https:\/\/foliobooks.pl\/en\/shop\/perfect-gentleman\/","title":{"rendered":"Perfect Gentleman"},"content":{"rendered":"<p>This lavish publication celebrates the gentleman&#8217;s search for the perfect sartorial detail, the ideal accessory, or beautiful gift for a loved one. Presented through the eyes of a connoisseur looking for quality and bepoke goods in London&#8217;s key stylistic historic periods, it tells the stories of the personalities, shop-keepers and mastercraftsmen who have animated the business of luxury goods for centuries. The book is arranged chronologically in six chapters, each followed by three or four profiles of British luxury marques. A reference section presents the London gentleman&#8217;s social world, from the shopping arcades to classic hotels and the member&#8217;s clubs and antiquarians in between. This is the perfect book for the man who has everything.<\/p>\n","protected":false},"excerpt":{"rendered":"<p>This lavish publication celebrates the gentleman&#8217;s search for the perfect sartorial detail, the ideal accessory, or beautiful gift for a loved one. Presented through the eyes of a connoisseur looking for quality and bepoke goods in London&#8217;s key stylistic historic periods, it tells the stories of the personalities, shop-keepers and mastercraftsmen who have animated the&#8230;<\/p>\n","protected":false},"featured_media":57313,"comment_status":"closed","ping_status":"closed","template":"","meta":[],"product_brand":[],"product_cat":[13533,4519],"product_tag":[6125,11263],"class_list":{"0":"post-57314","1":"product","2":"type-product","3":"status-publish","4":"has-post-thumbnail","6":"product_cat-books","7":"product_cat-fashion-en-en","8":"product_tag-fashion","9":"product_tag-textiles-en","10":"pa_author_att-james-sherwood-en","11":"pa_cover-hardcover","12":"pa_format-206-x-259-cm-en","13":"pa_isbn-9780500023723-en","14":"pa_language-eng","15":"pa_pages-224-2-en","16":"pa_published-2021-04-20-en","17":"pa_publisher-thames-hudson-en","19":"first","20":"instock","21":"sale","22":"sold-individually","23":"shipping-taxable","24":"purchasable","25":"product-type-simple"},"yoast_head":"<!-- This site is optimized with the Yoast SEO plugin v27.4 - https:\/\/yoast.com\/product\/yoast-seo-wordpress\/ -->\n<title>Perfect Gentleman (James Sherwood) - book \/ album - Folio<\/title>\n<meta name=\"description\" content=\"Wejd\u017a i kup ksi\u0105\u017ck\u0119 Perfect Gentleman autorstwa James Sherwood wydan\u0105 przez Thames &amp; Hudson (2021-04-20) w formacie 20,6 x 25,9 cm (ISBN: 9780500023723). Zapraszamy!\" \/>\n<meta name=\"robots\" content=\"index, follow, max-snippet:-1, max-image-preview:large, max-video-preview:-1\" \/>\n<link rel=\"canonical\" href=\"https:\/\/foliobooks.pl\/en\/shop\/perfect-gentleman\/\" \/>\n<meta property=\"og:locale\" content=\"en_US\" \/>\n<meta property=\"og:type\" content=\"article\" \/>\n<meta property=\"og:title\" content=\"Perfect Gentleman (James Sherwood) - book \/ album - Folio\" \/>\n<meta property=\"og:description\" content=\"Wejd\u017a i kup ksi\u0105\u017ck\u0119 Perfect Gentleman autorstwa James Sherwood wydan\u0105 przez Thames &amp; Hudson (2021-04-20) w formacie 20,6 x 25,9 cm (ISBN: 9780500023723). Zapraszamy!\" \/>\n<meta property=\"og:url\" content=\"https:\/\/foliobooks.pl\/en\/shop\/perfect-gentleman\/\" \/>\n<meta property=\"og:site_name\" content=\"Folio\" \/>\n<meta property=\"article:modified_time\" content=\"2025-09-12T14:39:30+00:00\" \/>\n<meta property=\"og:image\" content=\"https:\/\/foliobooks.pl\/wp-content\/uploads\/2021\/11\/9780500023723.png\" \/>\n\t<meta property=\"og:image:width\" content=\"570\" \/>\n\t<meta property=\"og:image:height\" content=\"708\" \/>\n\t<meta property=\"og:image:type\" content=\"image\/png\" \/>\n<meta name=\"twitter:card\" content=\"summary_large_image\" \/>\n<meta name=\"twitter:label1\" content=\"Est. reading time\" \/>\n\t<meta name=\"twitter:data1\" content=\"1 minute\" \/>\n<script type=\"application\/ld+json\" class=\"yoast-schema-graph\">{\"@context\":\"https:\\\/\\\/schema.org\",\"@graph\":[{\"@type\":\"WebPage\",\"@id\":\"https:\\\/\\\/foliobooks.pl\\\/en\\\/shop\\\/perfect-gentleman\\\/\",\"url\":\"https:\\\/\\\/foliobooks.pl\\\/en\\\/shop\\\/perfect-gentleman\\\/\",\"name\":\"Perfect Gentleman (James Sherwood) - book \\\/ album - Folio\",\"isPartOf\":{\"@id\":\"https:\\\/\\\/foliobooks.pl\\\/en\\\/#website\"},\"primaryImageOfPage\":{\"@id\":\"https:\\\/\\\/foliobooks.pl\\\/en\\\/shop\\\/perfect-gentleman\\\/#primaryimage\"},\"image\":{\"@id\":\"https:\\\/\\\/foliobooks.pl\\\/en\\\/shop\\\/perfect-gentleman\\\/#primaryimage\"},\"thumbnailUrl\":\"https:\\\/\\\/foliobooks.pl\\\/wp-content\\\/uploads\\\/2021\\\/11\\\/9780500023723.png\",\"datePublished\":\"2021-11-25T21:58:37+00:00\",\"dateModified\":\"2025-09-12T14:39:30+00:00\",\"description\":\"Wejd\u017a i kup ksi\u0105\u017ck\u0119 Perfect Gentleman autorstwa James Sherwood wydan\u0105 przez Thames &amp; Hudson (2021-04-20) w formacie 20,6 x 25,9 cm (ISBN: 9780500023723). Zapraszamy!\",\"breadcrumb\":{\"@id\":\"https:\\\/\\\/foliobooks.pl\\\/en\\\/shop\\\/perfect-gentleman\\\/#breadcrumb\"},\"inLanguage\":\"en-US\",\"potentialAction\":[{\"@type\":\"ReadAction\",\"target\":[\"https:\\\/\\\/foliobooks.pl\\\/en\\\/shop\\\/perfect-gentleman\\\/\"]}]},{\"@type\":\"ImageObject\",\"inLanguage\":\"en-US\",\"@id\":\"https:\\\/\\\/foliobooks.pl\\\/en\\\/shop\\\/perfect-gentleman\\\/#primaryimage\",\"url\":\"https:\\\/\\\/foliobooks.pl\\\/wp-content\\\/uploads\\\/2021\\\/11\\\/9780500023723.png\",\"contentUrl\":\"https:\\\/\\\/foliobooks.pl\\\/wp-content\\\/uploads\\\/2021\\\/11\\\/9780500023723.png\",\"width\":570,\"height\":708},{\"@type\":\"BreadcrumbList\",\"@id\":\"https:\\\/\\\/foliobooks.pl\\\/en\\\/shop\\\/perfect-gentleman\\\/#breadcrumb\",\"itemListElement\":[{\"@type\":\"ListItem\",\"position\":1,\"name\":\"Strona g\u0142\u00f3wna\",\"item\":\"https:\\\/\\\/foliobooks.pl\\\/en\\\/\"},{\"@type\":\"ListItem\",\"position\":2,\"name\":\"Shop\",\"item\":\"https:\\\/\\\/foliobooks.pl\\\/en\\\/shop\\\/\"},{\"@type\":\"ListItem\",\"position\":3,\"name\":\"Perfect Gentleman\"}]},{\"@type\":\"WebSite\",\"@id\":\"https:\\\/\\\/foliobooks.pl\\\/en\\\/#website\",\"url\":\"https:\\\/\\\/foliobooks.pl\\\/en\\\/\",\"name\":\"Folio\",\"description\":\"Ksi\u0119garnia internetowa\",\"potentialAction\":[{\"@type\":\"SearchAction\",\"target\":{\"@type\":\"EntryPoint\",\"urlTemplate\":\"https:\\\/\\\/foliobooks.pl\\\/en\\\/?s={search_term_string}\"},\"query-input\":{\"@type\":\"PropertyValueSpecification\",\"valueRequired\":true,\"valueName\":\"search_term_string\"}}],\"inLanguage\":\"en-US\"}]}<\/script>\n<!-- \/ Yoast SEO plugin. -->","yoast_head_json":{"title":"Perfect Gentleman (James Sherwood) - book \/ album - Folio","description":"Wejd\u017a i kup ksi\u0105\u017ck\u0119 Perfect Gentleman autorstwa James Sherwood wydan\u0105 przez Thames &amp; Hudson (2021-04-20) w formacie 20,6 x 25,9 cm (ISBN: 9780500023723). Zapraszamy!","robots":{"index":"index","follow":"follow","max-snippet":"max-snippet:-1","max-image-preview":"max-image-preview:large","max-video-preview":"max-video-preview:-1"},"canonical":"https:\/\/foliobooks.pl\/en\/shop\/perfect-gentleman\/","og_locale":"en_US","og_type":"article","og_title":"Perfect Gentleman (James Sherwood) - book \/ album - Folio","og_description":"Wejd\u017a i kup ksi\u0105\u017ck\u0119 Perfect Gentleman autorstwa James Sherwood wydan\u0105 przez Thames &amp; Hudson (2021-04-20) w formacie 20,6 x 25,9 cm (ISBN: 9780500023723). Zapraszamy!","og_url":"https:\/\/foliobooks.pl\/en\/shop\/perfect-gentleman\/","og_site_name":"Folio","article_modified_time":"2025-09-12T14:39:30+00:00","og_image":[{"width":570,"height":708,"url":"https:\/\/foliobooks.pl\/wp-content\/uploads\/2021\/11\/9780500023723.png","type":"image\/png"}],"twitter_card":"summary_large_image","twitter_misc":{"Est. reading time":"1 minute"},"schema":{"@context":"https:\/\/schema.org","@graph":[{"@type":"WebPage","@id":"https:\/\/foliobooks.pl\/en\/shop\/perfect-gentleman\/","url":"https:\/\/foliobooks.pl\/en\/shop\/perfect-gentleman\/","name":"Perfect Gentleman (James Sherwood) - book \/ album - Folio","isPartOf":{"@id":"https:\/\/foliobooks.pl\/en\/#website"},"primaryImageOfPage":{"@id":"https:\/\/foliobooks.pl\/en\/shop\/perfect-gentleman\/#primaryimage"},"image":{"@id":"https:\/\/foliobooks.pl\/en\/shop\/perfect-gentleman\/#primaryimage"},"thumbnailUrl":"https:\/\/foliobooks.pl\/wp-content\/uploads\/2021\/11\/9780500023723.png","datePublished":"2021-11-25T21:58:37+00:00","dateModified":"2025-09-12T14:39:30+00:00","description":"Wejd\u017a i kup ksi\u0105\u017ck\u0119 Perfect Gentleman autorstwa James Sherwood wydan\u0105 przez Thames &amp; Hudson (2021-04-20) w formacie 20,6 x 25,9 cm (ISBN: 9780500023723). Zapraszamy!","breadcrumb":{"@id":"https:\/\/foliobooks.pl\/en\/shop\/perfect-gentleman\/#breadcrumb"},"inLanguage":"en-US","potentialAction":[{"@type":"ReadAction","target":["https:\/\/foliobooks.pl\/en\/shop\/perfect-gentleman\/"]}]},{"@type":"ImageObject","inLanguage":"en-US","@id":"https:\/\/foliobooks.pl\/en\/shop\/perfect-gentleman\/#primaryimage","url":"https:\/\/foliobooks.pl\/wp-content\/uploads\/2021\/11\/9780500023723.png","contentUrl":"https:\/\/foliobooks.pl\/wp-content\/uploads\/2021\/11\/9780500023723.png","width":570,"height":708},{"@type":"BreadcrumbList","@id":"https:\/\/foliobooks.pl\/en\/shop\/perfect-gentleman\/#breadcrumb","itemListElement":[{"@type":"ListItem","position":1,"name":"Strona g\u0142\u00f3wna","item":"https:\/\/foliobooks.pl\/en\/"},{"@type":"ListItem","position":2,"name":"Shop","item":"https:\/\/foliobooks.pl\/en\/shop\/"},{"@type":"ListItem","position":3,"name":"Perfect Gentleman"}]},{"@type":"WebSite","@id":"https:\/\/foliobooks.pl\/en\/#website","url":"https:\/\/foliobooks.pl\/en\/","name":"Folio","description":"Ksi\u0119garnia internetowa","potentialAction":[{"@type":"SearchAction","target":{"@type":"EntryPoint","urlTemplate":"https:\/\/foliobooks.pl\/en\/?s={search_term_string}"},"query-input":{"@type":"PropertyValueSpecification","valueRequired":true,"valueName":"search_term_string"}}],"inLanguage":"en-US"}]}},"_links":{"self":[{"href":"https:\/\/foliobooks.pl\/en\/wp-json\/wp\/v2\/product\/57314","targetHints":{"allow":["GET"]}}],"collection":[{"href":"https:\/\/foliobooks.pl\/en\/wp-json\/wp\/v2\/product"}],"about":[{"href":"https:\/\/foliobooks.pl\/en\/wp-json\/wp\/v2\/types\/product"}],"replies":[{"embeddable":true,"href":"https:\/\/foliobooks.pl\/en\/wp-json\/wp\/v2\/comments?post=57314"}],"wp:featuredmedia":[{"embeddable":true,"href":"https:\/\/foliobooks.pl\/en\/wp-json\/wp\/v2\/media\/57313"}],"wp:attachment":[{"href":"https:\/\/foliobooks.pl\/en\/wp-json\/wp\/v2\/media?parent=57314"}],"wp:term":[{"taxonomy":"product_brand","embeddable":true,"href":"https:\/\/foliobooks.pl\/en\/wp-json\/wp\/v2\/product_brand?post=57314"},{"taxonomy":"product_cat","embeddable":true,"href":"https:\/\/foliobooks.pl\/en\/wp-json\/wp\/v2\/product_cat?post=57314"},{"taxonomy":"product_tag","embeddable":true,"href":"https:\/\/foliobooks.pl\/en\/wp-json\/wp\/v2\/product_tag?post=57314"}],"curies":[{"name":"wp","href":"https:\/\/api.w.org\/{rel}","templated":true}]}}