{"id":57274,"date":"2021-11-21T22:55:11","date_gmt":"2021-11-21T21:55:11","guid":{"rendered":"https:\/\/foliobooks.pl\/?post_type=product&#038;p=57274"},"modified":"2025-06-18T16:24:31","modified_gmt":"2025-06-18T14:24:31","slug":"helmut-newton-legacy","status":"publish","type":"product","link":"https:\/\/foliobooks.pl\/en\/shop\/helmut-newton-legacy\/","title":{"rendered":"Helmut Newton. Legacy"},"content":{"rendered":"<p>Helmut Newton\u2019s prolific body of work<\/p>\n<p>Virtually unparalleled in scope and spanning more than five decades, the photography of visionary Helmut Newton (1920\u20132004) reached millions through publication in magazines like Vogue and Elle. His oeuvre transcended genres, bringing elegance, style, and voyeurism to fashion, portrait, and glamour photography through a body of work that remains as inimitable as it is unrivaled. Having mastered the art of fashion photography early in his career, Newton\u2019s shoots invariably went beyond standard practice, blurring the lines between reality and illusion. Newton\u2019s clear aesthetic pervades all areas of his work, particularly fashion, portraiture, and nude photography. Women take center stage \u2013 with subjects such as Catherine Deneuve, Liz Taylor, and Charlotte Rampling. Moving beyond traditional narrative approaches, Newton\u2019s fashion photography is imbued not only with luxurious elegance and subtle seduction, but also cultural references and a surprising sense of humor.<\/p>\n<p>During the 1990s, Newton shot for the German, American, Italian, French, and Russian editions of Vogue, primarily in and around Monte Carlo where he was living from 1981 onwards. Transforming locations like his own garage into starkly contrasting or particularly minimalist theatrical stages, Newton would often portray the eccentric lives of the beautiful and rich, full of eroticism and elegance, in unconventional scenarios. He made use of and simultaneously questioned visual clich\u00e9s, at times tinged with self-irony or mockery, but always full of empathy.<\/p>\n<p>Helmut Newton. Legacy, which accompanies an international exhibition tour of Newton\u2019s work, showcases highlights from one of the most published bodies of work in photography, including numerous rediscovered images. A prolific image maker and genuine visionary, this book celebrates Newton\u2019s lasting influence on modern photography and visual art to this day.<\/p>\n<p>The exhibition HELMUT NEWTON. LEGACY will be on view at the Helmut Newton Foundation, Jebensstra\u00dfe 2, 10623 Berlin from October 31, 2021 to May 22, 2022.<\/p>\n","protected":false},"excerpt":{"rendered":"<p>Helmut Newton\u2019s prolific body of work Virtually unparalleled in scope and spanning more than five decades, the photography of visionary Helmut Newton (1920\u20132004) reached millions through publication in magazines like Vogue and Elle. His oeuvre transcended genres, bringing elegance, style, and voyeurism to fashion, portrait, and glamour photography through a body of work that remains&#8230;<\/p>\n","protected":false},"featured_media":57257,"comment_status":"closed","ping_status":"closed","template":"","meta":[],"product_brand":[],"product_cat":[13533,4517],"product_tag":[154,6632,6121],"class_list":{"0":"post-57274","1":"product","2":"type-product","3":"status-publish","4":"has-post-thumbnail","6":"product_cat-books","7":"product_cat-photography-en","8":"product_tag-monographs","9":"product_tag-photographers","10":"product_tag-photography","11":"pa_author_att-matthias-harder-en","12":"pa_cover-hardcover","13":"pa_format-24-x-34-cm-en","14":"pa_isbn-9783836584586-en","15":"pa_language-eng-f-ger","16":"pa_pages-424-en","17":"pa_published-2021-12-25-en","18":"pa_publisher-taschen-en-en","20":"first","21":"instock","22":"sold-individually","23":"shipping-taxable","24":"purchasable","25":"product-type-simple"},"yoast_head":"<!-- This site is optimized with the Yoast SEO plugin v27.5 - https:\/\/yoast.com\/product\/yoast-seo-wordpress\/ -->\n<title>Helmut Newton. Legacy (Matthias Harder) - book \/ album - Folio<\/title>\n<meta name=\"description\" content=\"Wejd\u017a i kup ksi\u0105\u017ck\u0119 Helmut Newton. Legacy autorstwa Matthias Harder wydan\u0105 przez TASCHEN (2021-12-25) w formacie 24 x 34 cm (ISBN: 9783836584586). Zapraszamy!\" \/>\n<meta name=\"robots\" content=\"index, follow, max-snippet:-1, max-image-preview:large, max-video-preview:-1\" \/>\n<link rel=\"canonical\" href=\"https:\/\/foliobooks.pl\/en\/shop\/helmut-newton-legacy\/\" \/>\n<meta property=\"og:locale\" content=\"en_US\" \/>\n<meta property=\"og:type\" content=\"article\" \/>\n<meta property=\"og:title\" content=\"Helmut Newton. Legacy (Matthias Harder) - book \/ album - Folio\" \/>\n<meta property=\"og:description\" content=\"Wejd\u017a i kup ksi\u0105\u017ck\u0119 Helmut Newton. Legacy autorstwa Matthias Harder wydan\u0105 przez TASCHEN (2021-12-25) w formacie 24 x 34 cm (ISBN: 9783836584586). Zapraszamy!\" \/>\n<meta property=\"og:url\" content=\"https:\/\/foliobooks.pl\/en\/shop\/helmut-newton-legacy\/\" \/>\n<meta property=\"og:site_name\" content=\"Folio\" \/>\n<meta property=\"article:modified_time\" content=\"2025-06-18T14:24:31+00:00\" \/>\n<meta property=\"og:image\" content=\"https:\/\/foliobooks.pl\/wp-content\/uploads\/2021\/11\/9783836584586.png\" \/>\n\t<meta property=\"og:image:width\" content=\"570\" \/>\n\t<meta property=\"og:image:height\" content=\"708\" \/>\n\t<meta property=\"og:image:type\" content=\"image\/png\" \/>\n<meta name=\"twitter:card\" content=\"summary_large_image\" \/>\n<meta name=\"twitter:label1\" content=\"Est. reading time\" \/>\n\t<meta name=\"twitter:data1\" content=\"2 minutes\" \/>\n<script type=\"application\/ld+json\" class=\"yoast-schema-graph\">{\"@context\":\"https:\\\/\\\/schema.org\",\"@graph\":[{\"@type\":\"WebPage\",\"@id\":\"https:\\\/\\\/foliobooks.pl\\\/en\\\/shop\\\/helmut-newton-legacy\\\/\",\"url\":\"https:\\\/\\\/foliobooks.pl\\\/en\\\/shop\\\/helmut-newton-legacy\\\/\",\"name\":\"Helmut Newton. Legacy (Matthias Harder) - book \\\/ album - Folio\",\"isPartOf\":{\"@id\":\"https:\\\/\\\/foliobooks.pl\\\/en\\\/#website\"},\"primaryImageOfPage\":{\"@id\":\"https:\\\/\\\/foliobooks.pl\\\/en\\\/shop\\\/helmut-newton-legacy\\\/#primaryimage\"},\"image\":{\"@id\":\"https:\\\/\\\/foliobooks.pl\\\/en\\\/shop\\\/helmut-newton-legacy\\\/#primaryimage\"},\"thumbnailUrl\":\"https:\\\/\\\/foliobooks.pl\\\/wp-content\\\/uploads\\\/2021\\\/11\\\/9783836584586.png\",\"datePublished\":\"2021-11-21T21:55:11+00:00\",\"dateModified\":\"2025-06-18T14:24:31+00:00\",\"description\":\"Wejd\u017a i kup ksi\u0105\u017ck\u0119 Helmut Newton. Legacy autorstwa Matthias Harder wydan\u0105 przez TASCHEN (2021-12-25) w formacie 24 x 34 cm (ISBN: 9783836584586). Zapraszamy!\",\"breadcrumb\":{\"@id\":\"https:\\\/\\\/foliobooks.pl\\\/en\\\/shop\\\/helmut-newton-legacy\\\/#breadcrumb\"},\"inLanguage\":\"en-US\",\"potentialAction\":[{\"@type\":\"ReadAction\",\"target\":[\"https:\\\/\\\/foliobooks.pl\\\/en\\\/shop\\\/helmut-newton-legacy\\\/\"]}]},{\"@type\":\"ImageObject\",\"inLanguage\":\"en-US\",\"@id\":\"https:\\\/\\\/foliobooks.pl\\\/en\\\/shop\\\/helmut-newton-legacy\\\/#primaryimage\",\"url\":\"https:\\\/\\\/foliobooks.pl\\\/wp-content\\\/uploads\\\/2021\\\/11\\\/9783836584586.png\",\"contentUrl\":\"https:\\\/\\\/foliobooks.pl\\\/wp-content\\\/uploads\\\/2021\\\/11\\\/9783836584586.png\",\"width\":570,\"height\":708},{\"@type\":\"BreadcrumbList\",\"@id\":\"https:\\\/\\\/foliobooks.pl\\\/en\\\/shop\\\/helmut-newton-legacy\\\/#breadcrumb\",\"itemListElement\":[{\"@type\":\"ListItem\",\"position\":1,\"name\":\"Strona g\u0142\u00f3wna\",\"item\":\"https:\\\/\\\/foliobooks.pl\\\/en\\\/\"},{\"@type\":\"ListItem\",\"position\":2,\"name\":\"Shop\",\"item\":\"https:\\\/\\\/foliobooks.pl\\\/en\\\/shop\\\/\"},{\"@type\":\"ListItem\",\"position\":3,\"name\":\"Helmut Newton. Legacy\"}]},{\"@type\":\"WebSite\",\"@id\":\"https:\\\/\\\/foliobooks.pl\\\/en\\\/#website\",\"url\":\"https:\\\/\\\/foliobooks.pl\\\/en\\\/\",\"name\":\"Folio\",\"description\":\"Ksi\u0119garnia internetowa\",\"potentialAction\":[{\"@type\":\"SearchAction\",\"target\":{\"@type\":\"EntryPoint\",\"urlTemplate\":\"https:\\\/\\\/foliobooks.pl\\\/en\\\/?s={search_term_string}\"},\"query-input\":{\"@type\":\"PropertyValueSpecification\",\"valueRequired\":true,\"valueName\":\"search_term_string\"}}],\"inLanguage\":\"en-US\"}]}<\/script>\n<!-- \/ Yoast SEO plugin. -->","yoast_head_json":{"title":"Helmut Newton. Legacy (Matthias Harder) - book \/ album - Folio","description":"Wejd\u017a i kup ksi\u0105\u017ck\u0119 Helmut Newton. Legacy autorstwa Matthias Harder wydan\u0105 przez TASCHEN (2021-12-25) w formacie 24 x 34 cm (ISBN: 9783836584586). Zapraszamy!","robots":{"index":"index","follow":"follow","max-snippet":"max-snippet:-1","max-image-preview":"max-image-preview:large","max-video-preview":"max-video-preview:-1"},"canonical":"https:\/\/foliobooks.pl\/en\/shop\/helmut-newton-legacy\/","og_locale":"en_US","og_type":"article","og_title":"Helmut Newton. Legacy (Matthias Harder) - book \/ album - Folio","og_description":"Wejd\u017a i kup ksi\u0105\u017ck\u0119 Helmut Newton. Legacy autorstwa Matthias Harder wydan\u0105 przez TASCHEN (2021-12-25) w formacie 24 x 34 cm (ISBN: 9783836584586). Zapraszamy!","og_url":"https:\/\/foliobooks.pl\/en\/shop\/helmut-newton-legacy\/","og_site_name":"Folio","article_modified_time":"2025-06-18T14:24:31+00:00","og_image":[{"width":570,"height":708,"url":"https:\/\/foliobooks.pl\/wp-content\/uploads\/2021\/11\/9783836584586.png","type":"image\/png"}],"twitter_card":"summary_large_image","twitter_misc":{"Est. reading time":"2 minutes"},"schema":{"@context":"https:\/\/schema.org","@graph":[{"@type":"WebPage","@id":"https:\/\/foliobooks.pl\/en\/shop\/helmut-newton-legacy\/","url":"https:\/\/foliobooks.pl\/en\/shop\/helmut-newton-legacy\/","name":"Helmut Newton. Legacy (Matthias Harder) - book \/ album - Folio","isPartOf":{"@id":"https:\/\/foliobooks.pl\/en\/#website"},"primaryImageOfPage":{"@id":"https:\/\/foliobooks.pl\/en\/shop\/helmut-newton-legacy\/#primaryimage"},"image":{"@id":"https:\/\/foliobooks.pl\/en\/shop\/helmut-newton-legacy\/#primaryimage"},"thumbnailUrl":"https:\/\/foliobooks.pl\/wp-content\/uploads\/2021\/11\/9783836584586.png","datePublished":"2021-11-21T21:55:11+00:00","dateModified":"2025-06-18T14:24:31+00:00","description":"Wejd\u017a i kup ksi\u0105\u017ck\u0119 Helmut Newton. Legacy autorstwa Matthias Harder wydan\u0105 przez TASCHEN (2021-12-25) w formacie 24 x 34 cm (ISBN: 9783836584586). Zapraszamy!","breadcrumb":{"@id":"https:\/\/foliobooks.pl\/en\/shop\/helmut-newton-legacy\/#breadcrumb"},"inLanguage":"en-US","potentialAction":[{"@type":"ReadAction","target":["https:\/\/foliobooks.pl\/en\/shop\/helmut-newton-legacy\/"]}]},{"@type":"ImageObject","inLanguage":"en-US","@id":"https:\/\/foliobooks.pl\/en\/shop\/helmut-newton-legacy\/#primaryimage","url":"https:\/\/foliobooks.pl\/wp-content\/uploads\/2021\/11\/9783836584586.png","contentUrl":"https:\/\/foliobooks.pl\/wp-content\/uploads\/2021\/11\/9783836584586.png","width":570,"height":708},{"@type":"BreadcrumbList","@id":"https:\/\/foliobooks.pl\/en\/shop\/helmut-newton-legacy\/#breadcrumb","itemListElement":[{"@type":"ListItem","position":1,"name":"Strona g\u0142\u00f3wna","item":"https:\/\/foliobooks.pl\/en\/"},{"@type":"ListItem","position":2,"name":"Shop","item":"https:\/\/foliobooks.pl\/en\/shop\/"},{"@type":"ListItem","position":3,"name":"Helmut Newton. Legacy"}]},{"@type":"WebSite","@id":"https:\/\/foliobooks.pl\/en\/#website","url":"https:\/\/foliobooks.pl\/en\/","name":"Folio","description":"Ksi\u0119garnia internetowa","potentialAction":[{"@type":"SearchAction","target":{"@type":"EntryPoint","urlTemplate":"https:\/\/foliobooks.pl\/en\/?s={search_term_string}"},"query-input":{"@type":"PropertyValueSpecification","valueRequired":true,"valueName":"search_term_string"}}],"inLanguage":"en-US"}]}},"_links":{"self":[{"href":"https:\/\/foliobooks.pl\/en\/wp-json\/wp\/v2\/product\/57274","targetHints":{"allow":["GET"]}}],"collection":[{"href":"https:\/\/foliobooks.pl\/en\/wp-json\/wp\/v2\/product"}],"about":[{"href":"https:\/\/foliobooks.pl\/en\/wp-json\/wp\/v2\/types\/product"}],"replies":[{"embeddable":true,"href":"https:\/\/foliobooks.pl\/en\/wp-json\/wp\/v2\/comments?post=57274"}],"wp:featuredmedia":[{"embeddable":true,"href":"https:\/\/foliobooks.pl\/en\/wp-json\/wp\/v2\/media\/57257"}],"wp:attachment":[{"href":"https:\/\/foliobooks.pl\/en\/wp-json\/wp\/v2\/media?parent=57274"}],"wp:term":[{"taxonomy":"product_brand","embeddable":true,"href":"https:\/\/foliobooks.pl\/en\/wp-json\/wp\/v2\/product_brand?post=57274"},{"taxonomy":"product_cat","embeddable":true,"href":"https:\/\/foliobooks.pl\/en\/wp-json\/wp\/v2\/product_cat?post=57274"},{"taxonomy":"product_tag","embeddable":true,"href":"https:\/\/foliobooks.pl\/en\/wp-json\/wp\/v2\/product_tag?post=57274"}],"curies":[{"name":"wp","href":"https:\/\/api.w.org\/{rel}","templated":true}]}}