{"id":57186,"date":"2021-11-08T21:44:16","date_gmt":"2021-11-08T20:44:16","guid":{"rendered":"https:\/\/foliobooks.pl\/sklep\/vogue-essentials-heels\/"},"modified":"2021-11-08T21:44:16","modified_gmt":"2021-11-08T20:44:16","slug":"vogue-essentials-heels","status":"publish","type":"product","link":"https:\/\/foliobooks.pl\/en\/shop\/vogue-essentials-heels\/","title":{"rendered":"Vogue Essentials. Heels"},"content":{"rendered":"<p>&#8220;You can never take too much care over the choice of your shoes. Too many women think that they are unimportant, but the but the real proof of an elegant woman is what is on her feet.&#8221; &#8211; Christian Dior<\/p>\n<p>There is an indefinable magic, mystique and fascination about high-heeled shoes that defies all understanding or logic. How can you explain that the simple act of pointing your toes and gently slipping them into a pair of towering heels can be such a powerful experience physically, psychologically and emotionally? As British Vogue has charted over the last hundred years, by stepping into a pair of heels, a woman&#8217;s personality is instantly transformed.<\/p>\n<p>Divided into the categories of Fancy Footwork, Enduring Classics, Step Up and Rainbow Heels, British Vogue&#8217;s archive of fashion photos has been plundered to showcase the most beautiful, memorable, rule-breaking and trend-setting heels to be photographed in its 100-year history.<\/p>\n","protected":false},"excerpt":{"rendered":"<p>&#8220;You can never take too much care over the choice of your shoes. Too many women think that they are unimportant, but the but the real proof of an elegant woman is what is on her feet.&#8221; &#8211; Christian Dior There is an indefinable magic, mystique and fascination about high-heeled shoes that defies all understanding&#8230;<\/p>\n","protected":false},"featured_media":57185,"comment_status":"closed","ping_status":"closed","template":"","meta":[],"product_brand":[],"product_cat":[13533,4519],"product_tag":[6125,11253,12488],"class_list":{"0":"post-57186","1":"product","2":"type-product","3":"status-publish","4":"has-post-thumbnail","6":"product_cat-books","7":"product_cat-fashion-en-en","8":"product_tag-fashion","9":"product_tag-fashion-design-en","10":"product_tag-shoes-en","11":"pa_author_att-gail-rolfe-en","12":"pa_cover-hardcover","13":"pa_format-164-x-21-cm-en","14":"pa_isbn-9781840917673-en","15":"pa_language-eng","16":"pa_pages-160-en-2","17":"pa_published-2019-04-01-en","18":"pa_publisher-octopus-publishing-en","20":"first","21":"outofstock","22":"sold-individually","23":"shipping-taxable","24":"purchasable","25":"product-type-simple"},"yoast_head":"<!-- This site is optimized with the Yoast SEO plugin v27.5 - https:\/\/yoast.com\/product\/yoast-seo-wordpress\/ -->\n<title>Vogue Essentials. Heels (Gail Rolfe) - book \/ album - Folio<\/title>\n<meta name=\"description\" content=\"Wejd\u017a i kup ksi\u0105\u017ck\u0119 Vogue Essentials. Heels autorstwa Gail Rolfe wydan\u0105 przez Octopus Publishing (2019-04-01) w formacie 16,4 x 21 cm (ISBN: 9781840917673). Zapraszamy!\" \/>\n<meta name=\"robots\" content=\"index, follow, max-snippet:-1, max-image-preview:large, max-video-preview:-1\" \/>\n<link rel=\"canonical\" href=\"https:\/\/foliobooks.pl\/en\/shop\/vogue-essentials-heels\/\" \/>\n<meta property=\"og:locale\" content=\"en_US\" \/>\n<meta property=\"og:type\" content=\"article\" \/>\n<meta property=\"og:title\" content=\"Vogue Essentials. Heels (Gail Rolfe) - book \/ album - Folio\" \/>\n<meta property=\"og:description\" content=\"Wejd\u017a i kup ksi\u0105\u017ck\u0119 Vogue Essentials. Heels autorstwa Gail Rolfe wydan\u0105 przez Octopus Publishing (2019-04-01) w formacie 16,4 x 21 cm (ISBN: 9781840917673). Zapraszamy!\" \/>\n<meta property=\"og:url\" content=\"https:\/\/foliobooks.pl\/en\/shop\/vogue-essentials-heels\/\" \/>\n<meta property=\"og:site_name\" content=\"Folio\" \/>\n<meta property=\"og:image\" content=\"https:\/\/foliobooks.pl\/wp-content\/uploads\/2021\/11\/9781840917673.png\" \/>\n\t<meta property=\"og:image:width\" content=\"570\" \/>\n\t<meta property=\"og:image:height\" content=\"708\" \/>\n\t<meta property=\"og:image:type\" content=\"image\/png\" \/>\n<meta name=\"twitter:card\" content=\"summary_large_image\" \/>\n<meta name=\"twitter:label1\" content=\"Est. reading time\" \/>\n\t<meta name=\"twitter:data1\" content=\"1 minute\" \/>\n<script type=\"application\/ld+json\" class=\"yoast-schema-graph\">{\"@context\":\"https:\\\/\\\/schema.org\",\"@graph\":[{\"@type\":\"WebPage\",\"@id\":\"https:\\\/\\\/foliobooks.pl\\\/en\\\/shop\\\/vogue-essentials-heels\\\/\",\"url\":\"https:\\\/\\\/foliobooks.pl\\\/en\\\/shop\\\/vogue-essentials-heels\\\/\",\"name\":\"Vogue Essentials. Heels (Gail Rolfe) - book \\\/ album - Folio\",\"isPartOf\":{\"@id\":\"https:\\\/\\\/foliobooks.pl\\\/en\\\/#website\"},\"primaryImageOfPage\":{\"@id\":\"https:\\\/\\\/foliobooks.pl\\\/en\\\/shop\\\/vogue-essentials-heels\\\/#primaryimage\"},\"image\":{\"@id\":\"https:\\\/\\\/foliobooks.pl\\\/en\\\/shop\\\/vogue-essentials-heels\\\/#primaryimage\"},\"thumbnailUrl\":\"https:\\\/\\\/foliobooks.pl\\\/wp-content\\\/uploads\\\/2021\\\/11\\\/9781840917673.png\",\"datePublished\":\"2021-11-08T20:44:16+00:00\",\"description\":\"Wejd\u017a i kup ksi\u0105\u017ck\u0119 Vogue Essentials. Heels autorstwa Gail Rolfe wydan\u0105 przez Octopus Publishing (2019-04-01) w formacie 16,4 x 21 cm (ISBN: 9781840917673). Zapraszamy!\",\"breadcrumb\":{\"@id\":\"https:\\\/\\\/foliobooks.pl\\\/en\\\/shop\\\/vogue-essentials-heels\\\/#breadcrumb\"},\"inLanguage\":\"en-US\",\"potentialAction\":[{\"@type\":\"ReadAction\",\"target\":[\"https:\\\/\\\/foliobooks.pl\\\/en\\\/shop\\\/vogue-essentials-heels\\\/\"]}]},{\"@type\":\"ImageObject\",\"inLanguage\":\"en-US\",\"@id\":\"https:\\\/\\\/foliobooks.pl\\\/en\\\/shop\\\/vogue-essentials-heels\\\/#primaryimage\",\"url\":\"https:\\\/\\\/foliobooks.pl\\\/wp-content\\\/uploads\\\/2021\\\/11\\\/9781840917673.png\",\"contentUrl\":\"https:\\\/\\\/foliobooks.pl\\\/wp-content\\\/uploads\\\/2021\\\/11\\\/9781840917673.png\",\"width\":570,\"height\":708},{\"@type\":\"BreadcrumbList\",\"@id\":\"https:\\\/\\\/foliobooks.pl\\\/en\\\/shop\\\/vogue-essentials-heels\\\/#breadcrumb\",\"itemListElement\":[{\"@type\":\"ListItem\",\"position\":1,\"name\":\"Strona g\u0142\u00f3wna\",\"item\":\"https:\\\/\\\/foliobooks.pl\\\/en\\\/\"},{\"@type\":\"ListItem\",\"position\":2,\"name\":\"Shop\",\"item\":\"https:\\\/\\\/foliobooks.pl\\\/en\\\/shop\\\/\"},{\"@type\":\"ListItem\",\"position\":3,\"name\":\"Vogue Essentials. Heels\"}]},{\"@type\":\"WebSite\",\"@id\":\"https:\\\/\\\/foliobooks.pl\\\/en\\\/#website\",\"url\":\"https:\\\/\\\/foliobooks.pl\\\/en\\\/\",\"name\":\"Folio\",\"description\":\"Ksi\u0119garnia internetowa\",\"potentialAction\":[{\"@type\":\"SearchAction\",\"target\":{\"@type\":\"EntryPoint\",\"urlTemplate\":\"https:\\\/\\\/foliobooks.pl\\\/en\\\/?s={search_term_string}\"},\"query-input\":{\"@type\":\"PropertyValueSpecification\",\"valueRequired\":true,\"valueName\":\"search_term_string\"}}],\"inLanguage\":\"en-US\"}]}<\/script>\n<!-- \/ Yoast SEO plugin. -->","yoast_head_json":{"title":"Vogue Essentials. Heels (Gail Rolfe) - book \/ album - Folio","description":"Wejd\u017a i kup ksi\u0105\u017ck\u0119 Vogue Essentials. Heels autorstwa Gail Rolfe wydan\u0105 przez Octopus Publishing (2019-04-01) w formacie 16,4 x 21 cm (ISBN: 9781840917673). Zapraszamy!","robots":{"index":"index","follow":"follow","max-snippet":"max-snippet:-1","max-image-preview":"max-image-preview:large","max-video-preview":"max-video-preview:-1"},"canonical":"https:\/\/foliobooks.pl\/en\/shop\/vogue-essentials-heels\/","og_locale":"en_US","og_type":"article","og_title":"Vogue Essentials. Heels (Gail Rolfe) - book \/ album - Folio","og_description":"Wejd\u017a i kup ksi\u0105\u017ck\u0119 Vogue Essentials. Heels autorstwa Gail Rolfe wydan\u0105 przez Octopus Publishing (2019-04-01) w formacie 16,4 x 21 cm (ISBN: 9781840917673). Zapraszamy!","og_url":"https:\/\/foliobooks.pl\/en\/shop\/vogue-essentials-heels\/","og_site_name":"Folio","og_image":[{"width":570,"height":708,"url":"https:\/\/foliobooks.pl\/wp-content\/uploads\/2021\/11\/9781840917673.png","type":"image\/png"}],"twitter_card":"summary_large_image","twitter_misc":{"Est. reading time":"1 minute"},"schema":{"@context":"https:\/\/schema.org","@graph":[{"@type":"WebPage","@id":"https:\/\/foliobooks.pl\/en\/shop\/vogue-essentials-heels\/","url":"https:\/\/foliobooks.pl\/en\/shop\/vogue-essentials-heels\/","name":"Vogue Essentials. Heels (Gail Rolfe) - book \/ album - Folio","isPartOf":{"@id":"https:\/\/foliobooks.pl\/en\/#website"},"primaryImageOfPage":{"@id":"https:\/\/foliobooks.pl\/en\/shop\/vogue-essentials-heels\/#primaryimage"},"image":{"@id":"https:\/\/foliobooks.pl\/en\/shop\/vogue-essentials-heels\/#primaryimage"},"thumbnailUrl":"https:\/\/foliobooks.pl\/wp-content\/uploads\/2021\/11\/9781840917673.png","datePublished":"2021-11-08T20:44:16+00:00","description":"Wejd\u017a i kup ksi\u0105\u017ck\u0119 Vogue Essentials. Heels autorstwa Gail Rolfe wydan\u0105 przez Octopus Publishing (2019-04-01) w formacie 16,4 x 21 cm (ISBN: 9781840917673). Zapraszamy!","breadcrumb":{"@id":"https:\/\/foliobooks.pl\/en\/shop\/vogue-essentials-heels\/#breadcrumb"},"inLanguage":"en-US","potentialAction":[{"@type":"ReadAction","target":["https:\/\/foliobooks.pl\/en\/shop\/vogue-essentials-heels\/"]}]},{"@type":"ImageObject","inLanguage":"en-US","@id":"https:\/\/foliobooks.pl\/en\/shop\/vogue-essentials-heels\/#primaryimage","url":"https:\/\/foliobooks.pl\/wp-content\/uploads\/2021\/11\/9781840917673.png","contentUrl":"https:\/\/foliobooks.pl\/wp-content\/uploads\/2021\/11\/9781840917673.png","width":570,"height":708},{"@type":"BreadcrumbList","@id":"https:\/\/foliobooks.pl\/en\/shop\/vogue-essentials-heels\/#breadcrumb","itemListElement":[{"@type":"ListItem","position":1,"name":"Strona g\u0142\u00f3wna","item":"https:\/\/foliobooks.pl\/en\/"},{"@type":"ListItem","position":2,"name":"Shop","item":"https:\/\/foliobooks.pl\/en\/shop\/"},{"@type":"ListItem","position":3,"name":"Vogue Essentials. Heels"}]},{"@type":"WebSite","@id":"https:\/\/foliobooks.pl\/en\/#website","url":"https:\/\/foliobooks.pl\/en\/","name":"Folio","description":"Ksi\u0119garnia internetowa","potentialAction":[{"@type":"SearchAction","target":{"@type":"EntryPoint","urlTemplate":"https:\/\/foliobooks.pl\/en\/?s={search_term_string}"},"query-input":{"@type":"PropertyValueSpecification","valueRequired":true,"valueName":"search_term_string"}}],"inLanguage":"en-US"}]}},"_links":{"self":[{"href":"https:\/\/foliobooks.pl\/en\/wp-json\/wp\/v2\/product\/57186","targetHints":{"allow":["GET"]}}],"collection":[{"href":"https:\/\/foliobooks.pl\/en\/wp-json\/wp\/v2\/product"}],"about":[{"href":"https:\/\/foliobooks.pl\/en\/wp-json\/wp\/v2\/types\/product"}],"replies":[{"embeddable":true,"href":"https:\/\/foliobooks.pl\/en\/wp-json\/wp\/v2\/comments?post=57186"}],"wp:featuredmedia":[{"embeddable":true,"href":"https:\/\/foliobooks.pl\/en\/wp-json\/wp\/v2\/media\/57185"}],"wp:attachment":[{"href":"https:\/\/foliobooks.pl\/en\/wp-json\/wp\/v2\/media?parent=57186"}],"wp:term":[{"taxonomy":"product_brand","embeddable":true,"href":"https:\/\/foliobooks.pl\/en\/wp-json\/wp\/v2\/product_brand?post=57186"},{"taxonomy":"product_cat","embeddable":true,"href":"https:\/\/foliobooks.pl\/en\/wp-json\/wp\/v2\/product_cat?post=57186"},{"taxonomy":"product_tag","embeddable":true,"href":"https:\/\/foliobooks.pl\/en\/wp-json\/wp\/v2\/product_tag?post=57186"}],"curies":[{"name":"wp","href":"https:\/\/api.w.org\/{rel}","templated":true}]}}