{"id":57183,"date":"2021-11-08T21:40:31","date_gmt":"2021-11-08T20:40:31","guid":{"rendered":"https:\/\/foliobooks.pl\/sklep\/vogue-essentials-lingerie\/"},"modified":"2021-11-08T21:40:31","modified_gmt":"2021-11-08T20:40:31","slug":"vogue-essentials-lingerie","status":"publish","type":"product","link":"https:\/\/foliobooks.pl\/en\/shop\/vogue-essentials-lingerie\/","title":{"rendered":"Vogue Essentials. Lingerie"},"content":{"rendered":"<p>&#8220;Lingerie is what comes nearest to a woman&#8217;s heart and naturally it gives her more real and intimate satisfaction than any other part of her wardrobe.&#8221; Vogue, 1918<\/p>\n<p>Images of lingerie have been showcased in British Vogue since its launch in 1916. They demonstrate more than just changing fashion; they serve as a commentary on ideas of propriety, the progress of female emancipation and technological advancements as well as ever-changing ideals of the female silhouette and concepts of beauty.<\/p>\n<p>Divided into categories of Action, Pretty, Curvy and Boudoir, Vogue Essentials: Lingerie explores the evolution of lingerie over the 100 years of Vogue&#8217;s history, commenting on changing fashions, influence on popular culture, the psychology of lingerie and its role as a liberator, accompanied by more than 100 images from the British Vogue archive.<\/p>\n<p>Published simultaneously with Vogue Essentials: Heels. This irresistible series from Conran Octopus and British Vogue explores the key pieces in a stylish woman&#8217;s wardrobe and features photographs from Vogue&#8217;s peerless archive of more than a million pictures.<\/p>\n","protected":false},"excerpt":{"rendered":"<p>&#8220;Lingerie is what comes nearest to a woman&#8217;s heart and naturally it gives her more real and intimate satisfaction than any other part of her wardrobe.&#8221; Vogue, 1918 Images of lingerie have been showcased in British Vogue since its launch in 1916. They demonstrate more than just changing fashion; they serve as a commentary on&#8230;<\/p>\n","protected":false},"featured_media":57182,"comment_status":"closed","ping_status":"closed","template":"","meta":[],"product_brand":[],"product_cat":[13533,4519],"product_tag":[6125],"class_list":{"0":"post-57183","1":"product","2":"type-product","3":"status-publish","4":"has-post-thumbnail","6":"product_cat-books","7":"product_cat-fashion-en-en","8":"product_tag-fashion","9":"pa_author_att-anna-cryer-en","10":"pa_cover-hardcover","11":"pa_format-166-x-216-cm-en","12":"pa_isbn-9781840917680-en","13":"pa_language-eng","14":"pa_pages-160-en-2","15":"pa_published-2019-04-02-en","16":"pa_publisher-conran-octopus-en","18":"first","19":"outofstock","20":"sold-individually","21":"shipping-taxable","22":"purchasable","23":"product-type-simple"},"yoast_head":"<!-- This site is optimized with the Yoast SEO plugin v27.6 - https:\/\/yoast.com\/product\/yoast-seo-wordpress\/ -->\n<title>Vogue Essentials. Lingerie (Anna Cryer) - book \/ album - Folio<\/title>\n<meta name=\"description\" content=\"Wejd\u017a i kup ksi\u0105\u017ck\u0119 Vogue Essentials. Lingerie autorstwa Anna Cryer wydan\u0105 przez Conran Octopus (2019-04-02) w formacie 16,6 x 21,6 cm (ISBN: 9781840917680). Zapraszamy!\" \/>\n<meta name=\"robots\" content=\"index, follow, max-snippet:-1, max-image-preview:large, max-video-preview:-1\" \/>\n<link rel=\"canonical\" href=\"https:\/\/foliobooks.pl\/en\/shop\/vogue-essentials-lingerie\/\" \/>\n<meta property=\"og:locale\" content=\"en_US\" \/>\n<meta property=\"og:type\" content=\"article\" \/>\n<meta property=\"og:title\" content=\"Vogue Essentials. Lingerie (Anna Cryer) - book \/ album - Folio\" \/>\n<meta property=\"og:description\" content=\"Wejd\u017a i kup ksi\u0105\u017ck\u0119 Vogue Essentials. Lingerie autorstwa Anna Cryer wydan\u0105 przez Conran Octopus (2019-04-02) w formacie 16,6 x 21,6 cm (ISBN: 9781840917680). Zapraszamy!\" \/>\n<meta property=\"og:url\" content=\"https:\/\/foliobooks.pl\/en\/shop\/vogue-essentials-lingerie\/\" \/>\n<meta property=\"og:site_name\" content=\"Folio\" \/>\n<meta property=\"og:image\" content=\"https:\/\/foliobooks.pl\/wp-content\/uploads\/2021\/11\/9781840917680.png\" \/>\n\t<meta property=\"og:image:width\" content=\"570\" \/>\n\t<meta property=\"og:image:height\" content=\"708\" \/>\n\t<meta property=\"og:image:type\" content=\"image\/png\" \/>\n<meta name=\"twitter:card\" content=\"summary_large_image\" \/>\n<meta name=\"twitter:label1\" content=\"Est. reading time\" \/>\n\t<meta name=\"twitter:data1\" content=\"1 minute\" \/>\n<script type=\"application\/ld+json\" class=\"yoast-schema-graph\">{\"@context\":\"https:\\\/\\\/schema.org\",\"@graph\":[{\"@type\":\"WebPage\",\"@id\":\"https:\\\/\\\/foliobooks.pl\\\/en\\\/shop\\\/vogue-essentials-lingerie\\\/\",\"url\":\"https:\\\/\\\/foliobooks.pl\\\/en\\\/shop\\\/vogue-essentials-lingerie\\\/\",\"name\":\"Vogue Essentials. Lingerie (Anna Cryer) - book \\\/ album - Folio\",\"isPartOf\":{\"@id\":\"https:\\\/\\\/foliobooks.pl\\\/en\\\/#website\"},\"primaryImageOfPage\":{\"@id\":\"https:\\\/\\\/foliobooks.pl\\\/en\\\/shop\\\/vogue-essentials-lingerie\\\/#primaryimage\"},\"image\":{\"@id\":\"https:\\\/\\\/foliobooks.pl\\\/en\\\/shop\\\/vogue-essentials-lingerie\\\/#primaryimage\"},\"thumbnailUrl\":\"https:\\\/\\\/foliobooks.pl\\\/wp-content\\\/uploads\\\/2021\\\/11\\\/9781840917680.png\",\"datePublished\":\"2021-11-08T20:40:31+00:00\",\"description\":\"Wejd\u017a i kup ksi\u0105\u017ck\u0119 Vogue Essentials. Lingerie autorstwa Anna Cryer wydan\u0105 przez Conran Octopus (2019-04-02) w formacie 16,6 x 21,6 cm (ISBN: 9781840917680). Zapraszamy!\",\"breadcrumb\":{\"@id\":\"https:\\\/\\\/foliobooks.pl\\\/en\\\/shop\\\/vogue-essentials-lingerie\\\/#breadcrumb\"},\"inLanguage\":\"en-US\",\"potentialAction\":[{\"@type\":\"ReadAction\",\"target\":[\"https:\\\/\\\/foliobooks.pl\\\/en\\\/shop\\\/vogue-essentials-lingerie\\\/\"]}]},{\"@type\":\"ImageObject\",\"inLanguage\":\"en-US\",\"@id\":\"https:\\\/\\\/foliobooks.pl\\\/en\\\/shop\\\/vogue-essentials-lingerie\\\/#primaryimage\",\"url\":\"https:\\\/\\\/foliobooks.pl\\\/wp-content\\\/uploads\\\/2021\\\/11\\\/9781840917680.png\",\"contentUrl\":\"https:\\\/\\\/foliobooks.pl\\\/wp-content\\\/uploads\\\/2021\\\/11\\\/9781840917680.png\",\"width\":570,\"height\":708},{\"@type\":\"BreadcrumbList\",\"@id\":\"https:\\\/\\\/foliobooks.pl\\\/en\\\/shop\\\/vogue-essentials-lingerie\\\/#breadcrumb\",\"itemListElement\":[{\"@type\":\"ListItem\",\"position\":1,\"name\":\"Strona g\u0142\u00f3wna\",\"item\":\"https:\\\/\\\/foliobooks.pl\\\/en\\\/\"},{\"@type\":\"ListItem\",\"position\":2,\"name\":\"Shop\",\"item\":\"https:\\\/\\\/foliobooks.pl\\\/en\\\/shop\\\/\"},{\"@type\":\"ListItem\",\"position\":3,\"name\":\"Vogue Essentials. Lingerie\"}]},{\"@type\":\"WebSite\",\"@id\":\"https:\\\/\\\/foliobooks.pl\\\/en\\\/#website\",\"url\":\"https:\\\/\\\/foliobooks.pl\\\/en\\\/\",\"name\":\"Folio\",\"description\":\"Ksi\u0119garnia internetowa\",\"potentialAction\":[{\"@type\":\"SearchAction\",\"target\":{\"@type\":\"EntryPoint\",\"urlTemplate\":\"https:\\\/\\\/foliobooks.pl\\\/en\\\/?s={search_term_string}\"},\"query-input\":{\"@type\":\"PropertyValueSpecification\",\"valueRequired\":true,\"valueName\":\"search_term_string\"}}],\"inLanguage\":\"en-US\"}]}<\/script>\n<!-- \/ Yoast SEO plugin. -->","yoast_head_json":{"title":"Vogue Essentials. Lingerie (Anna Cryer) - book \/ album - Folio","description":"Wejd\u017a i kup ksi\u0105\u017ck\u0119 Vogue Essentials. Lingerie autorstwa Anna Cryer wydan\u0105 przez Conran Octopus (2019-04-02) w formacie 16,6 x 21,6 cm (ISBN: 9781840917680). Zapraszamy!","robots":{"index":"index","follow":"follow","max-snippet":"max-snippet:-1","max-image-preview":"max-image-preview:large","max-video-preview":"max-video-preview:-1"},"canonical":"https:\/\/foliobooks.pl\/en\/shop\/vogue-essentials-lingerie\/","og_locale":"en_US","og_type":"article","og_title":"Vogue Essentials. Lingerie (Anna Cryer) - book \/ album - Folio","og_description":"Wejd\u017a i kup ksi\u0105\u017ck\u0119 Vogue Essentials. Lingerie autorstwa Anna Cryer wydan\u0105 przez Conran Octopus (2019-04-02) w formacie 16,6 x 21,6 cm (ISBN: 9781840917680). Zapraszamy!","og_url":"https:\/\/foliobooks.pl\/en\/shop\/vogue-essentials-lingerie\/","og_site_name":"Folio","og_image":[{"width":570,"height":708,"url":"https:\/\/foliobooks.pl\/wp-content\/uploads\/2021\/11\/9781840917680.png","type":"image\/png"}],"twitter_card":"summary_large_image","twitter_misc":{"Est. reading time":"1 minute"},"schema":{"@context":"https:\/\/schema.org","@graph":[{"@type":"WebPage","@id":"https:\/\/foliobooks.pl\/en\/shop\/vogue-essentials-lingerie\/","url":"https:\/\/foliobooks.pl\/en\/shop\/vogue-essentials-lingerie\/","name":"Vogue Essentials. Lingerie (Anna Cryer) - book \/ album - Folio","isPartOf":{"@id":"https:\/\/foliobooks.pl\/en\/#website"},"primaryImageOfPage":{"@id":"https:\/\/foliobooks.pl\/en\/shop\/vogue-essentials-lingerie\/#primaryimage"},"image":{"@id":"https:\/\/foliobooks.pl\/en\/shop\/vogue-essentials-lingerie\/#primaryimage"},"thumbnailUrl":"https:\/\/foliobooks.pl\/wp-content\/uploads\/2021\/11\/9781840917680.png","datePublished":"2021-11-08T20:40:31+00:00","description":"Wejd\u017a i kup ksi\u0105\u017ck\u0119 Vogue Essentials. Lingerie autorstwa Anna Cryer wydan\u0105 przez Conran Octopus (2019-04-02) w formacie 16,6 x 21,6 cm (ISBN: 9781840917680). Zapraszamy!","breadcrumb":{"@id":"https:\/\/foliobooks.pl\/en\/shop\/vogue-essentials-lingerie\/#breadcrumb"},"inLanguage":"en-US","potentialAction":[{"@type":"ReadAction","target":["https:\/\/foliobooks.pl\/en\/shop\/vogue-essentials-lingerie\/"]}]},{"@type":"ImageObject","inLanguage":"en-US","@id":"https:\/\/foliobooks.pl\/en\/shop\/vogue-essentials-lingerie\/#primaryimage","url":"https:\/\/foliobooks.pl\/wp-content\/uploads\/2021\/11\/9781840917680.png","contentUrl":"https:\/\/foliobooks.pl\/wp-content\/uploads\/2021\/11\/9781840917680.png","width":570,"height":708},{"@type":"BreadcrumbList","@id":"https:\/\/foliobooks.pl\/en\/shop\/vogue-essentials-lingerie\/#breadcrumb","itemListElement":[{"@type":"ListItem","position":1,"name":"Strona g\u0142\u00f3wna","item":"https:\/\/foliobooks.pl\/en\/"},{"@type":"ListItem","position":2,"name":"Shop","item":"https:\/\/foliobooks.pl\/en\/shop\/"},{"@type":"ListItem","position":3,"name":"Vogue Essentials. Lingerie"}]},{"@type":"WebSite","@id":"https:\/\/foliobooks.pl\/en\/#website","url":"https:\/\/foliobooks.pl\/en\/","name":"Folio","description":"Ksi\u0119garnia internetowa","potentialAction":[{"@type":"SearchAction","target":{"@type":"EntryPoint","urlTemplate":"https:\/\/foliobooks.pl\/en\/?s={search_term_string}"},"query-input":{"@type":"PropertyValueSpecification","valueRequired":true,"valueName":"search_term_string"}}],"inLanguage":"en-US"}]}},"_links":{"self":[{"href":"https:\/\/foliobooks.pl\/en\/wp-json\/wp\/v2\/product\/57183","targetHints":{"allow":["GET"]}}],"collection":[{"href":"https:\/\/foliobooks.pl\/en\/wp-json\/wp\/v2\/product"}],"about":[{"href":"https:\/\/foliobooks.pl\/en\/wp-json\/wp\/v2\/types\/product"}],"replies":[{"embeddable":true,"href":"https:\/\/foliobooks.pl\/en\/wp-json\/wp\/v2\/comments?post=57183"}],"wp:featuredmedia":[{"embeddable":true,"href":"https:\/\/foliobooks.pl\/en\/wp-json\/wp\/v2\/media\/57182"}],"wp:attachment":[{"href":"https:\/\/foliobooks.pl\/en\/wp-json\/wp\/v2\/media?parent=57183"}],"wp:term":[{"taxonomy":"product_brand","embeddable":true,"href":"https:\/\/foliobooks.pl\/en\/wp-json\/wp\/v2\/product_brand?post=57183"},{"taxonomy":"product_cat","embeddable":true,"href":"https:\/\/foliobooks.pl\/en\/wp-json\/wp\/v2\/product_cat?post=57183"},{"taxonomy":"product_tag","embeddable":true,"href":"https:\/\/foliobooks.pl\/en\/wp-json\/wp\/v2\/product_tag?post=57183"}],"curies":[{"name":"wp","href":"https:\/\/api.w.org\/{rel}","templated":true}]}}