{"id":56923,"date":"2021-09-21T20:07:56","date_gmt":"2021-09-21T18:07:56","guid":{"rendered":"https:\/\/foliobooks.pl\/sklep\/frida-kahlo-the-complete-paintings\/"},"modified":"2024-08-14T15:48:54","modified_gmt":"2024-08-14T13:48:54","slug":"frida-kahlo-the-complete-paintings","status":"publish","type":"product","link":"https:\/\/foliobooks.pl\/en\/shop\/frida-kahlo-the-complete-paintings\/","title":{"rendered":"Frida Kahlo. The Complete Paintings"},"content":{"rendered":"<p>Pain and Passion<br \/>\nThe complete paintings of Frida Kahlo in an XXL edition<br \/>\nAmong the few women artists who have transcended art history, none had a meteoric rise quite like Mexican painter Frida Kahlo (1907\u20131954). Her unmistakable face, depicted in over fifty extraordinary self-portraits, has been admired by generations; along with hundreds of photographs taken by notable artists such as Edward Weston, Manuel and Lola \u00c1lvarez Bravo, Nickolas Muray, and Martin Munk\u00e1csi, they made Frida Kahlo an iconic image of 20th century art.<\/p>\n<p>After an accident in her early youth, Frida became a painter of her own free will. Her marriage to Diego Rivera in 1929 placed her at the forefront of an artistic scene not only in the cultural Renaissance of Mexico, but also in the United States. Her work garnered praise from the poet Andr\u00e9 Breton, who added the Mexican painter to the ranks of international surrealism and exhibited her work in Paris in 1939 to the admiration of Picasso, Kandinsky, and Duchamp.<\/p>\n<p>We access the intimacy of Frida\u2019s affections and passions through a selection of drawings, pages from her personal diary, letters, and an extensive illustrated biography featuring photos of Frida, Diego, and the Casa Azul, Frida\u2019s home and the center of her universe.<\/p>\n<p>This large-format XXL book allows readers to admire Frida Kahlo&#8217;s paintings like never before, including unprecedented detail shots and famous photographs. It presents pieces in private collections and reproduces works that were previously lost or have not been exhibited for more than 80 years, forming the most extensive study of Kahlo&#8217;s work and life to date.<\/p>\n","protected":false},"excerpt":{"rendered":"<p>Pain and Passion The complete paintings of Frida Kahlo in an XXL edition Among the few women artists who have transcended art history, none had a meteoric rise quite like Mexican painter Frida Kahlo (1907\u20131954). Her unmistakable face, depicted in over fifty extraordinary self-portraits, has been admired by generations; along with hundreds of photographs taken&#8230;<\/p>\n","protected":false},"featured_media":56898,"comment_status":"closed","ping_status":"closed","template":"","meta":[],"product_brand":[],"product_cat":[4522,13533],"product_tag":[9083,7307,524],"class_list":{"0":"post-56923","1":"product","2":"type-product","3":"status-publish","4":"has-post-thumbnail","6":"product_cat-art-en","7":"product_cat-books","8":"product_tag-art-en","9":"product_tag-limited-editions-en","10":"product_tag-painting-en","11":"pa_author_att-luis-martin-lozano-en","12":"pa_cover-hardcover","13":"pa_format-29-x-395-cm-en","14":"pa_isbn-9783836574204-en","15":"pa_language-eng","16":"pa_pages-624-en","17":"pa_published-2021-09-06-en","18":"pa_publisher-taschen-en-en","20":"first","21":"instock","22":"sold-individually","23":"shipping-taxable","24":"purchasable","25":"product-type-simple"},"yoast_head":"<!-- This site is optimized with the Yoast SEO plugin v27.5 - https:\/\/yoast.com\/product\/yoast-seo-wordpress\/ -->\n<title>Frida Kahlo. The Complete Paintings (Luis-Mart\u00edn Lozano) - book \/ album - Folio<\/title>\n<meta name=\"description\" content=\"Wejd\u017a i kup ksi\u0105\u017ck\u0119 Frida Kahlo. The Complete Paintings autorstwa Luis-Mart\u00edn Lozano wydan\u0105 przez TASCHEN (2021-09-06) w formacie 29 x 39,5 cm (ISBN: 9783836574204). Zapraszamy!\" \/>\n<meta name=\"robots\" content=\"index, follow, max-snippet:-1, max-image-preview:large, max-video-preview:-1\" \/>\n<link rel=\"canonical\" href=\"https:\/\/foliobooks.pl\/en\/shop\/frida-kahlo-the-complete-paintings\/\" \/>\n<meta property=\"og:locale\" content=\"en_US\" \/>\n<meta property=\"og:type\" content=\"article\" \/>\n<meta property=\"og:title\" content=\"Frida Kahlo. The Complete Paintings (Luis-Mart\u00edn Lozano) - book \/ album - Folio\" \/>\n<meta property=\"og:description\" content=\"Wejd\u017a i kup ksi\u0105\u017ck\u0119 Frida Kahlo. The Complete Paintings autorstwa Luis-Mart\u00edn Lozano wydan\u0105 przez TASCHEN (2021-09-06) w formacie 29 x 39,5 cm (ISBN: 9783836574204). Zapraszamy!\" \/>\n<meta property=\"og:url\" content=\"https:\/\/foliobooks.pl\/en\/shop\/frida-kahlo-the-complete-paintings\/\" \/>\n<meta property=\"og:site_name\" content=\"Folio\" \/>\n<meta property=\"article:modified_time\" content=\"2024-08-14T13:48:54+00:00\" \/>\n<meta property=\"og:image\" content=\"https:\/\/foliobooks.pl\/wp-content\/uploads\/2021\/09\/9783836574204.png\" \/>\n\t<meta property=\"og:image:width\" content=\"570\" \/>\n\t<meta property=\"og:image:height\" content=\"708\" \/>\n\t<meta property=\"og:image:type\" content=\"image\/png\" \/>\n<meta name=\"twitter:card\" content=\"summary_large_image\" \/>\n<meta name=\"twitter:label1\" content=\"Est. reading time\" \/>\n\t<meta name=\"twitter:data1\" content=\"2 minutes\" \/>\n<script type=\"application\/ld+json\" class=\"yoast-schema-graph\">{\"@context\":\"https:\\\/\\\/schema.org\",\"@graph\":[{\"@type\":\"WebPage\",\"@id\":\"https:\\\/\\\/foliobooks.pl\\\/en\\\/shop\\\/frida-kahlo-the-complete-paintings\\\/\",\"url\":\"https:\\\/\\\/foliobooks.pl\\\/en\\\/shop\\\/frida-kahlo-the-complete-paintings\\\/\",\"name\":\"Frida Kahlo. The Complete Paintings (Luis-Mart\u00edn Lozano) - book \\\/ album - Folio\",\"isPartOf\":{\"@id\":\"https:\\\/\\\/foliobooks.pl\\\/en\\\/#website\"},\"primaryImageOfPage\":{\"@id\":\"https:\\\/\\\/foliobooks.pl\\\/en\\\/shop\\\/frida-kahlo-the-complete-paintings\\\/#primaryimage\"},\"image\":{\"@id\":\"https:\\\/\\\/foliobooks.pl\\\/en\\\/shop\\\/frida-kahlo-the-complete-paintings\\\/#primaryimage\"},\"thumbnailUrl\":\"https:\\\/\\\/foliobooks.pl\\\/wp-content\\\/uploads\\\/2021\\\/09\\\/9783836574204.png\",\"datePublished\":\"2021-09-21T18:07:56+00:00\",\"dateModified\":\"2024-08-14T13:48:54+00:00\",\"description\":\"Wejd\u017a i kup ksi\u0105\u017ck\u0119 Frida Kahlo. The Complete Paintings autorstwa Luis-Mart\u00edn Lozano wydan\u0105 przez TASCHEN (2021-09-06) w formacie 29 x 39,5 cm (ISBN: 9783836574204). Zapraszamy!\",\"breadcrumb\":{\"@id\":\"https:\\\/\\\/foliobooks.pl\\\/en\\\/shop\\\/frida-kahlo-the-complete-paintings\\\/#breadcrumb\"},\"inLanguage\":\"en-US\",\"potentialAction\":[{\"@type\":\"ReadAction\",\"target\":[\"https:\\\/\\\/foliobooks.pl\\\/en\\\/shop\\\/frida-kahlo-the-complete-paintings\\\/\"]}]},{\"@type\":\"ImageObject\",\"inLanguage\":\"en-US\",\"@id\":\"https:\\\/\\\/foliobooks.pl\\\/en\\\/shop\\\/frida-kahlo-the-complete-paintings\\\/#primaryimage\",\"url\":\"https:\\\/\\\/foliobooks.pl\\\/wp-content\\\/uploads\\\/2021\\\/09\\\/9783836574204.png\",\"contentUrl\":\"https:\\\/\\\/foliobooks.pl\\\/wp-content\\\/uploads\\\/2021\\\/09\\\/9783836574204.png\",\"width\":570,\"height\":708},{\"@type\":\"BreadcrumbList\",\"@id\":\"https:\\\/\\\/foliobooks.pl\\\/en\\\/shop\\\/frida-kahlo-the-complete-paintings\\\/#breadcrumb\",\"itemListElement\":[{\"@type\":\"ListItem\",\"position\":1,\"name\":\"Strona g\u0142\u00f3wna\",\"item\":\"https:\\\/\\\/foliobooks.pl\\\/en\\\/\"},{\"@type\":\"ListItem\",\"position\":2,\"name\":\"Shop\",\"item\":\"https:\\\/\\\/foliobooks.pl\\\/en\\\/shop\\\/\"},{\"@type\":\"ListItem\",\"position\":3,\"name\":\"Frida Kahlo. The Complete Paintings\"}]},{\"@type\":\"WebSite\",\"@id\":\"https:\\\/\\\/foliobooks.pl\\\/en\\\/#website\",\"url\":\"https:\\\/\\\/foliobooks.pl\\\/en\\\/\",\"name\":\"Folio\",\"description\":\"Ksi\u0119garnia internetowa\",\"potentialAction\":[{\"@type\":\"SearchAction\",\"target\":{\"@type\":\"EntryPoint\",\"urlTemplate\":\"https:\\\/\\\/foliobooks.pl\\\/en\\\/?s={search_term_string}\"},\"query-input\":{\"@type\":\"PropertyValueSpecification\",\"valueRequired\":true,\"valueName\":\"search_term_string\"}}],\"inLanguage\":\"en-US\"}]}<\/script>\n<!-- \/ Yoast SEO plugin. -->","yoast_head_json":{"title":"Frida Kahlo. The Complete Paintings (Luis-Mart\u00edn Lozano) - book \/ album - Folio","description":"Wejd\u017a i kup ksi\u0105\u017ck\u0119 Frida Kahlo. The Complete Paintings autorstwa Luis-Mart\u00edn Lozano wydan\u0105 przez TASCHEN (2021-09-06) w formacie 29 x 39,5 cm (ISBN: 9783836574204). Zapraszamy!","robots":{"index":"index","follow":"follow","max-snippet":"max-snippet:-1","max-image-preview":"max-image-preview:large","max-video-preview":"max-video-preview:-1"},"canonical":"https:\/\/foliobooks.pl\/en\/shop\/frida-kahlo-the-complete-paintings\/","og_locale":"en_US","og_type":"article","og_title":"Frida Kahlo. The Complete Paintings (Luis-Mart\u00edn Lozano) - book \/ album - Folio","og_description":"Wejd\u017a i kup ksi\u0105\u017ck\u0119 Frida Kahlo. The Complete Paintings autorstwa Luis-Mart\u00edn Lozano wydan\u0105 przez TASCHEN (2021-09-06) w formacie 29 x 39,5 cm (ISBN: 9783836574204). Zapraszamy!","og_url":"https:\/\/foliobooks.pl\/en\/shop\/frida-kahlo-the-complete-paintings\/","og_site_name":"Folio","article_modified_time":"2024-08-14T13:48:54+00:00","og_image":[{"width":570,"height":708,"url":"https:\/\/foliobooks.pl\/wp-content\/uploads\/2021\/09\/9783836574204.png","type":"image\/png"}],"twitter_card":"summary_large_image","twitter_misc":{"Est. reading time":"2 minutes"},"schema":{"@context":"https:\/\/schema.org","@graph":[{"@type":"WebPage","@id":"https:\/\/foliobooks.pl\/en\/shop\/frida-kahlo-the-complete-paintings\/","url":"https:\/\/foliobooks.pl\/en\/shop\/frida-kahlo-the-complete-paintings\/","name":"Frida Kahlo. The Complete Paintings (Luis-Mart\u00edn Lozano) - book \/ album - Folio","isPartOf":{"@id":"https:\/\/foliobooks.pl\/en\/#website"},"primaryImageOfPage":{"@id":"https:\/\/foliobooks.pl\/en\/shop\/frida-kahlo-the-complete-paintings\/#primaryimage"},"image":{"@id":"https:\/\/foliobooks.pl\/en\/shop\/frida-kahlo-the-complete-paintings\/#primaryimage"},"thumbnailUrl":"https:\/\/foliobooks.pl\/wp-content\/uploads\/2021\/09\/9783836574204.png","datePublished":"2021-09-21T18:07:56+00:00","dateModified":"2024-08-14T13:48:54+00:00","description":"Wejd\u017a i kup ksi\u0105\u017ck\u0119 Frida Kahlo. The Complete Paintings autorstwa Luis-Mart\u00edn Lozano wydan\u0105 przez TASCHEN (2021-09-06) w formacie 29 x 39,5 cm (ISBN: 9783836574204). Zapraszamy!","breadcrumb":{"@id":"https:\/\/foliobooks.pl\/en\/shop\/frida-kahlo-the-complete-paintings\/#breadcrumb"},"inLanguage":"en-US","potentialAction":[{"@type":"ReadAction","target":["https:\/\/foliobooks.pl\/en\/shop\/frida-kahlo-the-complete-paintings\/"]}]},{"@type":"ImageObject","inLanguage":"en-US","@id":"https:\/\/foliobooks.pl\/en\/shop\/frida-kahlo-the-complete-paintings\/#primaryimage","url":"https:\/\/foliobooks.pl\/wp-content\/uploads\/2021\/09\/9783836574204.png","contentUrl":"https:\/\/foliobooks.pl\/wp-content\/uploads\/2021\/09\/9783836574204.png","width":570,"height":708},{"@type":"BreadcrumbList","@id":"https:\/\/foliobooks.pl\/en\/shop\/frida-kahlo-the-complete-paintings\/#breadcrumb","itemListElement":[{"@type":"ListItem","position":1,"name":"Strona g\u0142\u00f3wna","item":"https:\/\/foliobooks.pl\/en\/"},{"@type":"ListItem","position":2,"name":"Shop","item":"https:\/\/foliobooks.pl\/en\/shop\/"},{"@type":"ListItem","position":3,"name":"Frida Kahlo. The Complete Paintings"}]},{"@type":"WebSite","@id":"https:\/\/foliobooks.pl\/en\/#website","url":"https:\/\/foliobooks.pl\/en\/","name":"Folio","description":"Ksi\u0119garnia internetowa","potentialAction":[{"@type":"SearchAction","target":{"@type":"EntryPoint","urlTemplate":"https:\/\/foliobooks.pl\/en\/?s={search_term_string}"},"query-input":{"@type":"PropertyValueSpecification","valueRequired":true,"valueName":"search_term_string"}}],"inLanguage":"en-US"}]}},"_links":{"self":[{"href":"https:\/\/foliobooks.pl\/en\/wp-json\/wp\/v2\/product\/56923","targetHints":{"allow":["GET"]}}],"collection":[{"href":"https:\/\/foliobooks.pl\/en\/wp-json\/wp\/v2\/product"}],"about":[{"href":"https:\/\/foliobooks.pl\/en\/wp-json\/wp\/v2\/types\/product"}],"replies":[{"embeddable":true,"href":"https:\/\/foliobooks.pl\/en\/wp-json\/wp\/v2\/comments?post=56923"}],"wp:featuredmedia":[{"embeddable":true,"href":"https:\/\/foliobooks.pl\/en\/wp-json\/wp\/v2\/media\/56898"}],"wp:attachment":[{"href":"https:\/\/foliobooks.pl\/en\/wp-json\/wp\/v2\/media?parent=56923"}],"wp:term":[{"taxonomy":"product_brand","embeddable":true,"href":"https:\/\/foliobooks.pl\/en\/wp-json\/wp\/v2\/product_brand?post=56923"},{"taxonomy":"product_cat","embeddable":true,"href":"https:\/\/foliobooks.pl\/en\/wp-json\/wp\/v2\/product_cat?post=56923"},{"taxonomy":"product_tag","embeddable":true,"href":"https:\/\/foliobooks.pl\/en\/wp-json\/wp\/v2\/product_tag?post=56923"}],"curies":[{"name":"wp","href":"https:\/\/api.w.org\/{rel}","templated":true}]}}