{"id":56771,"date":"2021-09-17T12:16:58","date_gmt":"2021-09-17T10:16:58","guid":{"rendered":"https:\/\/foliobooks.pl\/sklep\/peter-lindbergh-azzedine-alaia\/"},"modified":"2021-12-17T15:25:12","modified_gmt":"2021-12-17T14:25:12","slug":"peter-lindbergh-azzedine-alaia","status":"publish","type":"product","link":"https:\/\/foliobooks.pl\/en\/shop\/peter-lindbergh-azzedine-alaia\/","title":{"rendered":"Peter Lindbergh. Azzedine Ala\u00efa"},"content":{"rendered":"<p>The powerful collaborations between Peter Lindbergh and Azzedine Ala\u00efa<br \/>\nPeter Lindbergh and Azzedine Ala\u00efa, the photographer and the couturier, were united by their love of black, a love that they would cultivate alike in silver print and solid color garments. Lindbergh ceaselessly turned to black and white to signify his search for authenticity in the faces he brought to light. Ala\u00efa drew on the monochrome of timeless clothes to create veritable sculptures for the body.<\/p>\n<p>In this book, the unique dialogue between the two artists is immortalized in print. Illustrating their community of spirit, its images are a celebration of their artistic partnership and testament to their history-making achievements in photography and fashion.<\/p>\n<p>Despite their geographically opposed origins, Lindbergh and Ala\u00efa pursued similar horizons. At the same time as Lindbergh\u2019s reputation in Germany was growing thanks to his work in Stern magazine, and he set up his studio in Paris in 1978, Ala\u00efa was the couturier shrouded in discretion whose sophisticated techniques were a treasured secret amongst the most important clients of Haute Couture.<\/p>\n<p>Ala\u00efa became the architect of bodies, revealing and unveiling them, while Lindbergh distinguished them by shining a light on their soul and personality. Step by step, they became the creators that dominated their respective disciplines. Both rejected any artifice that distracted from their true subject, and it is with great ease that they came together for a number of powerful collaborations.<\/p>\n<p>Shared inspirations and aesthetic values are visible throughout their work. A beach in Le Touquet and the streets of old Paris reference a mutual love of black and white cinema and vast panoramas. The backdrop of an engine room illustrates the memory of an industrial German landscape for one and references the inordinate passion for functional design and architecture held by the other. Ala\u00efa\u2019s clothes act as pedestals for the smiles and eyes of the women who wear them: Nadja Auermann, Mariacarla Boscono, Naomi Campbell, Anna Cleveland, Dilone, Lucy Dixon, Vanessa Duve, Helene Fischer, Pia Frithiof, Jade Jagger, Maria Johnson, Milla Jovovich, Lynne Koester, Ariane Koizumi, Yasmin Le Bon, Madonna, Kristen McMenamy, Tatjana Patitz, Linda Spierings, Tina Turner, Marie-Sophie Wilson, Lindsey Wixson. For Lindbergh, who built his notoriety on the images of these supermodels, the authenticity of their traits is all that matters. The result is a potent black and white catalogue that reverberates with truthfulness and beauty.<\/p>\n<p>The book accompanies the exhibition Azzedine Ala\u00efa, Peter Lindbergh at the Fondation Azzedine Ala\u00efa, 18 rue de la verrerie, Paris, France.<\/p>\n<p>With contritutions by Fabrice Hergott, director of the Mus\u00e9e d\u2019Art Moderne de la Ville de Paris, Paolo Roversi, photographer, and Olivier Saillard, fashion historian and director of the Fondation Azzedine Ala\u00efa, Paris.<\/p>\n","protected":false},"excerpt":{"rendered":"<p>The powerful collaborations between Peter Lindbergh and Azzedine Ala\u00efa Peter Lindbergh and Azzedine Ala\u00efa, the photographer and the couturier, were united by their love of black, a love that they would cultivate alike in silver print and solid color garments. Lindbergh ceaselessly turned to black and white to signify his search for authenticity in the&#8230;<\/p>\n","protected":false},"featured_media":56748,"comment_status":"closed","ping_status":"closed","template":"","meta":[],"product_brand":[],"product_cat":[13533,4517],"product_tag":[154,6632,6121],"class_list":{"0":"post-56771","1":"product","2":"type-product","3":"status-publish","4":"has-post-thumbnail","6":"product_cat-books","7":"product_cat-photography-en","8":"product_tag-monographs","9":"product_tag-photographers","10":"product_tag-photography","11":"pa_author_att-peter-lindbergh-en","12":"pa_cover-hardcover","13":"pa_format-24-x-327-cm-en","14":"pa_isbn-9783836586559-en","15":"pa_language-eng-f-ger","16":"pa_pages-240-en","17":"pa_published-2022-03-01-en","18":"pa_publisher-taschen-en-en","20":"first","21":"instock","22":"sold-individually","23":"shipping-taxable","24":"purchasable","25":"product-type-simple"},"yoast_head":"<!-- This site is optimized with the Yoast SEO plugin v27.4 - https:\/\/yoast.com\/product\/yoast-seo-wordpress\/ -->\n<title>Peter Lindbergh. Azzedine Ala\u00efa (Peter Lindbergh) - book \/ album - Folio<\/title>\n<meta name=\"description\" content=\"Wejd\u017a i kup ksi\u0105\u017ck\u0119 Peter Lindbergh. Azzedine Ala\u00efa autorstwa Peter Lindbergh wydan\u0105 przez TASCHEN (2022-03-01) w formacie 24 x 32,7 cm (ISBN: 9783836586559). Zapraszamy!\" \/>\n<meta name=\"robots\" content=\"index, follow, max-snippet:-1, max-image-preview:large, max-video-preview:-1\" \/>\n<link rel=\"canonical\" href=\"https:\/\/foliobooks.pl\/en\/shop\/peter-lindbergh-azzedine-alaia\/\" \/>\n<meta property=\"og:locale\" content=\"en_US\" \/>\n<meta property=\"og:type\" content=\"article\" \/>\n<meta property=\"og:title\" content=\"Peter Lindbergh. Azzedine Ala\u00efa (Peter Lindbergh) - book \/ album - Folio\" \/>\n<meta property=\"og:description\" content=\"Wejd\u017a i kup ksi\u0105\u017ck\u0119 Peter Lindbergh. Azzedine Ala\u00efa autorstwa Peter Lindbergh wydan\u0105 przez TASCHEN (2022-03-01) w formacie 24 x 32,7 cm (ISBN: 9783836586559). Zapraszamy!\" \/>\n<meta property=\"og:url\" content=\"https:\/\/foliobooks.pl\/en\/shop\/peter-lindbergh-azzedine-alaia\/\" \/>\n<meta property=\"og:site_name\" content=\"Folio\" \/>\n<meta property=\"article:modified_time\" content=\"2021-12-17T14:25:12+00:00\" \/>\n<meta property=\"og:image\" content=\"https:\/\/foliobooks.pl\/wp-content\/uploads\/2021\/09\/9783836586559.png\" \/>\n\t<meta property=\"og:image:width\" content=\"570\" \/>\n\t<meta property=\"og:image:height\" content=\"708\" \/>\n\t<meta property=\"og:image:type\" content=\"image\/png\" \/>\n<meta name=\"twitter:card\" content=\"summary_large_image\" \/>\n<meta name=\"twitter:label1\" content=\"Est. reading time\" \/>\n\t<meta name=\"twitter:data1\" content=\"2 minutes\" \/>\n<script type=\"application\/ld+json\" class=\"yoast-schema-graph\">{\"@context\":\"https:\\\/\\\/schema.org\",\"@graph\":[{\"@type\":\"WebPage\",\"@id\":\"https:\\\/\\\/foliobooks.pl\\\/en\\\/shop\\\/peter-lindbergh-azzedine-alaia\\\/\",\"url\":\"https:\\\/\\\/foliobooks.pl\\\/en\\\/shop\\\/peter-lindbergh-azzedine-alaia\\\/\",\"name\":\"Peter Lindbergh. Azzedine Ala\u00efa (Peter Lindbergh) - book \\\/ album - Folio\",\"isPartOf\":{\"@id\":\"https:\\\/\\\/foliobooks.pl\\\/en\\\/#website\"},\"primaryImageOfPage\":{\"@id\":\"https:\\\/\\\/foliobooks.pl\\\/en\\\/shop\\\/peter-lindbergh-azzedine-alaia\\\/#primaryimage\"},\"image\":{\"@id\":\"https:\\\/\\\/foliobooks.pl\\\/en\\\/shop\\\/peter-lindbergh-azzedine-alaia\\\/#primaryimage\"},\"thumbnailUrl\":\"https:\\\/\\\/foliobooks.pl\\\/wp-content\\\/uploads\\\/2021\\\/09\\\/9783836586559.png\",\"datePublished\":\"2021-09-17T10:16:58+00:00\",\"dateModified\":\"2021-12-17T14:25:12+00:00\",\"description\":\"Wejd\u017a i kup ksi\u0105\u017ck\u0119 Peter Lindbergh. Azzedine Ala\u00efa autorstwa Peter Lindbergh wydan\u0105 przez TASCHEN (2022-03-01) w formacie 24 x 32,7 cm (ISBN: 9783836586559). Zapraszamy!\",\"breadcrumb\":{\"@id\":\"https:\\\/\\\/foliobooks.pl\\\/en\\\/shop\\\/peter-lindbergh-azzedine-alaia\\\/#breadcrumb\"},\"inLanguage\":\"en-US\",\"potentialAction\":[{\"@type\":\"ReadAction\",\"target\":[\"https:\\\/\\\/foliobooks.pl\\\/en\\\/shop\\\/peter-lindbergh-azzedine-alaia\\\/\"]}]},{\"@type\":\"ImageObject\",\"inLanguage\":\"en-US\",\"@id\":\"https:\\\/\\\/foliobooks.pl\\\/en\\\/shop\\\/peter-lindbergh-azzedine-alaia\\\/#primaryimage\",\"url\":\"https:\\\/\\\/foliobooks.pl\\\/wp-content\\\/uploads\\\/2021\\\/09\\\/9783836586559.png\",\"contentUrl\":\"https:\\\/\\\/foliobooks.pl\\\/wp-content\\\/uploads\\\/2021\\\/09\\\/9783836586559.png\",\"width\":570,\"height\":708},{\"@type\":\"BreadcrumbList\",\"@id\":\"https:\\\/\\\/foliobooks.pl\\\/en\\\/shop\\\/peter-lindbergh-azzedine-alaia\\\/#breadcrumb\",\"itemListElement\":[{\"@type\":\"ListItem\",\"position\":1,\"name\":\"Strona g\u0142\u00f3wna\",\"item\":\"https:\\\/\\\/foliobooks.pl\\\/en\\\/\"},{\"@type\":\"ListItem\",\"position\":2,\"name\":\"Shop\",\"item\":\"https:\\\/\\\/foliobooks.pl\\\/en\\\/shop\\\/\"},{\"@type\":\"ListItem\",\"position\":3,\"name\":\"Peter Lindbergh. Azzedine Ala\u00efa\"}]},{\"@type\":\"WebSite\",\"@id\":\"https:\\\/\\\/foliobooks.pl\\\/en\\\/#website\",\"url\":\"https:\\\/\\\/foliobooks.pl\\\/en\\\/\",\"name\":\"Folio\",\"description\":\"Ksi\u0119garnia internetowa\",\"potentialAction\":[{\"@type\":\"SearchAction\",\"target\":{\"@type\":\"EntryPoint\",\"urlTemplate\":\"https:\\\/\\\/foliobooks.pl\\\/en\\\/?s={search_term_string}\"},\"query-input\":{\"@type\":\"PropertyValueSpecification\",\"valueRequired\":true,\"valueName\":\"search_term_string\"}}],\"inLanguage\":\"en-US\"}]}<\/script>\n<!-- \/ Yoast SEO plugin. -->","yoast_head_json":{"title":"Peter Lindbergh. Azzedine Ala\u00efa (Peter Lindbergh) - book \/ album - Folio","description":"Wejd\u017a i kup ksi\u0105\u017ck\u0119 Peter Lindbergh. Azzedine Ala\u00efa autorstwa Peter Lindbergh wydan\u0105 przez TASCHEN (2022-03-01) w formacie 24 x 32,7 cm (ISBN: 9783836586559). Zapraszamy!","robots":{"index":"index","follow":"follow","max-snippet":"max-snippet:-1","max-image-preview":"max-image-preview:large","max-video-preview":"max-video-preview:-1"},"canonical":"https:\/\/foliobooks.pl\/en\/shop\/peter-lindbergh-azzedine-alaia\/","og_locale":"en_US","og_type":"article","og_title":"Peter Lindbergh. Azzedine Ala\u00efa (Peter Lindbergh) - book \/ album - Folio","og_description":"Wejd\u017a i kup ksi\u0105\u017ck\u0119 Peter Lindbergh. Azzedine Ala\u00efa autorstwa Peter Lindbergh wydan\u0105 przez TASCHEN (2022-03-01) w formacie 24 x 32,7 cm (ISBN: 9783836586559). Zapraszamy!","og_url":"https:\/\/foliobooks.pl\/en\/shop\/peter-lindbergh-azzedine-alaia\/","og_site_name":"Folio","article_modified_time":"2021-12-17T14:25:12+00:00","og_image":[{"width":570,"height":708,"url":"https:\/\/foliobooks.pl\/wp-content\/uploads\/2021\/09\/9783836586559.png","type":"image\/png"}],"twitter_card":"summary_large_image","twitter_misc":{"Est. reading time":"2 minutes"},"schema":{"@context":"https:\/\/schema.org","@graph":[{"@type":"WebPage","@id":"https:\/\/foliobooks.pl\/en\/shop\/peter-lindbergh-azzedine-alaia\/","url":"https:\/\/foliobooks.pl\/en\/shop\/peter-lindbergh-azzedine-alaia\/","name":"Peter Lindbergh. Azzedine Ala\u00efa (Peter Lindbergh) - book \/ album - Folio","isPartOf":{"@id":"https:\/\/foliobooks.pl\/en\/#website"},"primaryImageOfPage":{"@id":"https:\/\/foliobooks.pl\/en\/shop\/peter-lindbergh-azzedine-alaia\/#primaryimage"},"image":{"@id":"https:\/\/foliobooks.pl\/en\/shop\/peter-lindbergh-azzedine-alaia\/#primaryimage"},"thumbnailUrl":"https:\/\/foliobooks.pl\/wp-content\/uploads\/2021\/09\/9783836586559.png","datePublished":"2021-09-17T10:16:58+00:00","dateModified":"2021-12-17T14:25:12+00:00","description":"Wejd\u017a i kup ksi\u0105\u017ck\u0119 Peter Lindbergh. Azzedine Ala\u00efa autorstwa Peter Lindbergh wydan\u0105 przez TASCHEN (2022-03-01) w formacie 24 x 32,7 cm (ISBN: 9783836586559). Zapraszamy!","breadcrumb":{"@id":"https:\/\/foliobooks.pl\/en\/shop\/peter-lindbergh-azzedine-alaia\/#breadcrumb"},"inLanguage":"en-US","potentialAction":[{"@type":"ReadAction","target":["https:\/\/foliobooks.pl\/en\/shop\/peter-lindbergh-azzedine-alaia\/"]}]},{"@type":"ImageObject","inLanguage":"en-US","@id":"https:\/\/foliobooks.pl\/en\/shop\/peter-lindbergh-azzedine-alaia\/#primaryimage","url":"https:\/\/foliobooks.pl\/wp-content\/uploads\/2021\/09\/9783836586559.png","contentUrl":"https:\/\/foliobooks.pl\/wp-content\/uploads\/2021\/09\/9783836586559.png","width":570,"height":708},{"@type":"BreadcrumbList","@id":"https:\/\/foliobooks.pl\/en\/shop\/peter-lindbergh-azzedine-alaia\/#breadcrumb","itemListElement":[{"@type":"ListItem","position":1,"name":"Strona g\u0142\u00f3wna","item":"https:\/\/foliobooks.pl\/en\/"},{"@type":"ListItem","position":2,"name":"Shop","item":"https:\/\/foliobooks.pl\/en\/shop\/"},{"@type":"ListItem","position":3,"name":"Peter Lindbergh. Azzedine Ala\u00efa"}]},{"@type":"WebSite","@id":"https:\/\/foliobooks.pl\/en\/#website","url":"https:\/\/foliobooks.pl\/en\/","name":"Folio","description":"Ksi\u0119garnia internetowa","potentialAction":[{"@type":"SearchAction","target":{"@type":"EntryPoint","urlTemplate":"https:\/\/foliobooks.pl\/en\/?s={search_term_string}"},"query-input":{"@type":"PropertyValueSpecification","valueRequired":true,"valueName":"search_term_string"}}],"inLanguage":"en-US"}]}},"_links":{"self":[{"href":"https:\/\/foliobooks.pl\/en\/wp-json\/wp\/v2\/product\/56771","targetHints":{"allow":["GET"]}}],"collection":[{"href":"https:\/\/foliobooks.pl\/en\/wp-json\/wp\/v2\/product"}],"about":[{"href":"https:\/\/foliobooks.pl\/en\/wp-json\/wp\/v2\/types\/product"}],"replies":[{"embeddable":true,"href":"https:\/\/foliobooks.pl\/en\/wp-json\/wp\/v2\/comments?post=56771"}],"wp:featuredmedia":[{"embeddable":true,"href":"https:\/\/foliobooks.pl\/en\/wp-json\/wp\/v2\/media\/56748"}],"wp:attachment":[{"href":"https:\/\/foliobooks.pl\/en\/wp-json\/wp\/v2\/media?parent=56771"}],"wp:term":[{"taxonomy":"product_brand","embeddable":true,"href":"https:\/\/foliobooks.pl\/en\/wp-json\/wp\/v2\/product_brand?post=56771"},{"taxonomy":"product_cat","embeddable":true,"href":"https:\/\/foliobooks.pl\/en\/wp-json\/wp\/v2\/product_cat?post=56771"},{"taxonomy":"product_tag","embeddable":true,"href":"https:\/\/foliobooks.pl\/en\/wp-json\/wp\/v2\/product_tag?post=56771"}],"curies":[{"name":"wp","href":"https:\/\/api.w.org\/{rel}","templated":true}]}}