{"id":56745,"date":"2021-09-17T12:12:05","date_gmt":"2021-09-17T10:12:05","guid":{"rendered":"https:\/\/foliobooks.pl\/sklep\/paris-pop-up\/"},"modified":"2024-11-29T14:27:29","modified_gmt":"2024-11-29T13:27:29","slug":"paris-pop-up","status":"publish","type":"product","link":"https:\/\/foliobooks.pl\/en\/shop\/paris-pop-up\/","title":{"rendered":"Paris Pop-up"},"content":{"rendered":"<p>A selection of the city&#8217;s most iconic monuments, landmarks, and architectural wonders unfold in seven pop-ups contained in a charming pint-sized package making it an easy impulse purchase. Easy to tuck in a bag or a pocket, this book is truly the perfect keepsake for tourists as well as the ideal gift for anyone who wants to share their love of the world&#8217;s favorite city &#8211; Paris.<\/p>\n<p>Each spread delivers an iconic building or monument accompanied by a two page spread of text provifing the historical background and cultural significance of the structure depicted by the pop-up. The package is designed with a retro feel like travel guides from the past lending it a nostalgic charm. This elegant, charming little book is the ideal gift or souvenir for anyone who wishes a keepsake of a visit to Paris.<\/p>\n<p>Represented as pop-ups are the most beautiful classic architectural sites of Paris: Arc de Triomphe, Eiffel Tower, Hotel des Invalides, the Louvre, Notre Dame, Place des Vosges, Centre Pompidou, and Sacre-coeur&#8230;<\/p>\n<p>Artist Dominique Ehrhard has conceived a one of a kind work that will delight all ages.<\/p>\n","protected":false},"excerpt":{"rendered":"<p>A selection of the city&#8217;s most iconic monuments, landmarks, and architectural wonders unfold in seven pop-ups contained in a charming pint-sized package making it an easy impulse purchase. Easy to tuck in a bag or a pocket, this book is truly the perfect keepsake for tourists as well as the ideal gift for anyone who&#8230;<\/p>\n","protected":false},"featured_media":56744,"comment_status":"closed","ping_status":"closed","template":"","meta":[],"product_brand":[],"product_cat":[13533,4523],"product_tag":[1617,156],"class_list":{"0":"post-56745","1":"product","2":"type-product","3":"status-publish","4":"has-post-thumbnail","6":"product_cat-books","7":"product_cat-design-en-en","8":"product_tag-pop-up-en","9":"product_tag-travel","10":"pa_author_att-dominique-erhard-en","11":"pa_cover-hardcover","12":"pa_format-114-x-152-cm-en","13":"pa_isbn-9780789336880-en","14":"pa_language-eng","15":"pa_pages-30-en","16":"pa_published-2020-03-03-en","17":"pa_publisher-universe-en","19":"first","20":"outofstock","21":"sale","22":"sold-individually","23":"shipping-taxable","24":"purchasable","25":"product-type-simple"},"yoast_head":"<!-- This site is optimized with the Yoast SEO plugin v27.6 - https:\/\/yoast.com\/product\/yoast-seo-wordpress\/ -->\n<title>Paris Pop-up (Dominique Erhard) - book \/ album - Folio<\/title>\n<meta name=\"description\" content=\"Wejd\u017a i kup ksi\u0105\u017ck\u0119 Paris Pop-up autorstwa Dominique Erhard wydan\u0105 przez Universe (2020-03-03) w formacie 11,4 x 15,2 cm (ISBN: 9780789336880). Zapraszamy!\" \/>\n<meta name=\"robots\" content=\"index, follow, max-snippet:-1, max-image-preview:large, max-video-preview:-1\" \/>\n<link rel=\"canonical\" href=\"https:\/\/foliobooks.pl\/en\/shop\/paris-pop-up\/\" \/>\n<meta property=\"og:locale\" content=\"en_US\" \/>\n<meta property=\"og:type\" content=\"article\" \/>\n<meta property=\"og:title\" content=\"Paris Pop-up (Dominique Erhard) - book \/ album - Folio\" \/>\n<meta property=\"og:description\" content=\"Wejd\u017a i kup ksi\u0105\u017ck\u0119 Paris Pop-up autorstwa Dominique Erhard wydan\u0105 przez Universe (2020-03-03) w formacie 11,4 x 15,2 cm (ISBN: 9780789336880). Zapraszamy!\" \/>\n<meta property=\"og:url\" content=\"https:\/\/foliobooks.pl\/en\/shop\/paris-pop-up\/\" \/>\n<meta property=\"og:site_name\" content=\"Folio\" \/>\n<meta property=\"article:modified_time\" content=\"2024-11-29T13:27:29+00:00\" \/>\n<meta property=\"og:image\" content=\"https:\/\/foliobooks.pl\/wp-content\/uploads\/2021\/09\/9780789336880.png\" \/>\n\t<meta property=\"og:image:width\" content=\"570\" \/>\n\t<meta property=\"og:image:height\" content=\"708\" \/>\n\t<meta property=\"og:image:type\" content=\"image\/png\" \/>\n<meta name=\"twitter:card\" content=\"summary_large_image\" \/>\n<meta name=\"twitter:label1\" content=\"Est. reading time\" \/>\n\t<meta name=\"twitter:data1\" content=\"1 minute\" \/>\n<script type=\"application\/ld+json\" class=\"yoast-schema-graph\">{\"@context\":\"https:\\\/\\\/schema.org\",\"@graph\":[{\"@type\":\"WebPage\",\"@id\":\"https:\\\/\\\/foliobooks.pl\\\/en\\\/shop\\\/paris-pop-up\\\/\",\"url\":\"https:\\\/\\\/foliobooks.pl\\\/en\\\/shop\\\/paris-pop-up\\\/\",\"name\":\"Paris Pop-up (Dominique Erhard) - book \\\/ album - Folio\",\"isPartOf\":{\"@id\":\"https:\\\/\\\/foliobooks.pl\\\/en\\\/#website\"},\"primaryImageOfPage\":{\"@id\":\"https:\\\/\\\/foliobooks.pl\\\/en\\\/shop\\\/paris-pop-up\\\/#primaryimage\"},\"image\":{\"@id\":\"https:\\\/\\\/foliobooks.pl\\\/en\\\/shop\\\/paris-pop-up\\\/#primaryimage\"},\"thumbnailUrl\":\"https:\\\/\\\/foliobooks.pl\\\/wp-content\\\/uploads\\\/2021\\\/09\\\/9780789336880.png\",\"datePublished\":\"2021-09-17T10:12:05+00:00\",\"dateModified\":\"2024-11-29T13:27:29+00:00\",\"description\":\"Wejd\u017a i kup ksi\u0105\u017ck\u0119 Paris Pop-up autorstwa Dominique Erhard wydan\u0105 przez Universe (2020-03-03) w formacie 11,4 x 15,2 cm (ISBN: 9780789336880). Zapraszamy!\",\"breadcrumb\":{\"@id\":\"https:\\\/\\\/foliobooks.pl\\\/en\\\/shop\\\/paris-pop-up\\\/#breadcrumb\"},\"inLanguage\":\"en-US\",\"potentialAction\":[{\"@type\":\"ReadAction\",\"target\":[\"https:\\\/\\\/foliobooks.pl\\\/en\\\/shop\\\/paris-pop-up\\\/\"]}]},{\"@type\":\"ImageObject\",\"inLanguage\":\"en-US\",\"@id\":\"https:\\\/\\\/foliobooks.pl\\\/en\\\/shop\\\/paris-pop-up\\\/#primaryimage\",\"url\":\"https:\\\/\\\/foliobooks.pl\\\/wp-content\\\/uploads\\\/2021\\\/09\\\/9780789336880.png\",\"contentUrl\":\"https:\\\/\\\/foliobooks.pl\\\/wp-content\\\/uploads\\\/2021\\\/09\\\/9780789336880.png\",\"width\":570,\"height\":708},{\"@type\":\"BreadcrumbList\",\"@id\":\"https:\\\/\\\/foliobooks.pl\\\/en\\\/shop\\\/paris-pop-up\\\/#breadcrumb\",\"itemListElement\":[{\"@type\":\"ListItem\",\"position\":1,\"name\":\"Strona g\u0142\u00f3wna\",\"item\":\"https:\\\/\\\/foliobooks.pl\\\/en\\\/\"},{\"@type\":\"ListItem\",\"position\":2,\"name\":\"Shop\",\"item\":\"https:\\\/\\\/foliobooks.pl\\\/en\\\/shop\\\/\"},{\"@type\":\"ListItem\",\"position\":3,\"name\":\"Paris Pop-up\"}]},{\"@type\":\"WebSite\",\"@id\":\"https:\\\/\\\/foliobooks.pl\\\/en\\\/#website\",\"url\":\"https:\\\/\\\/foliobooks.pl\\\/en\\\/\",\"name\":\"Folio\",\"description\":\"Ksi\u0119garnia internetowa\",\"potentialAction\":[{\"@type\":\"SearchAction\",\"target\":{\"@type\":\"EntryPoint\",\"urlTemplate\":\"https:\\\/\\\/foliobooks.pl\\\/en\\\/?s={search_term_string}\"},\"query-input\":{\"@type\":\"PropertyValueSpecification\",\"valueRequired\":true,\"valueName\":\"search_term_string\"}}],\"inLanguage\":\"en-US\"}]}<\/script>\n<!-- \/ Yoast SEO plugin. -->","yoast_head_json":{"title":"Paris Pop-up (Dominique Erhard) - book \/ album - Folio","description":"Wejd\u017a i kup ksi\u0105\u017ck\u0119 Paris Pop-up autorstwa Dominique Erhard wydan\u0105 przez Universe (2020-03-03) w formacie 11,4 x 15,2 cm (ISBN: 9780789336880). Zapraszamy!","robots":{"index":"index","follow":"follow","max-snippet":"max-snippet:-1","max-image-preview":"max-image-preview:large","max-video-preview":"max-video-preview:-1"},"canonical":"https:\/\/foliobooks.pl\/en\/shop\/paris-pop-up\/","og_locale":"en_US","og_type":"article","og_title":"Paris Pop-up (Dominique Erhard) - book \/ album - Folio","og_description":"Wejd\u017a i kup ksi\u0105\u017ck\u0119 Paris Pop-up autorstwa Dominique Erhard wydan\u0105 przez Universe (2020-03-03) w formacie 11,4 x 15,2 cm (ISBN: 9780789336880). Zapraszamy!","og_url":"https:\/\/foliobooks.pl\/en\/shop\/paris-pop-up\/","og_site_name":"Folio","article_modified_time":"2024-11-29T13:27:29+00:00","og_image":[{"width":570,"height":708,"url":"https:\/\/foliobooks.pl\/wp-content\/uploads\/2021\/09\/9780789336880.png","type":"image\/png"}],"twitter_card":"summary_large_image","twitter_misc":{"Est. reading time":"1 minute"},"schema":{"@context":"https:\/\/schema.org","@graph":[{"@type":"WebPage","@id":"https:\/\/foliobooks.pl\/en\/shop\/paris-pop-up\/","url":"https:\/\/foliobooks.pl\/en\/shop\/paris-pop-up\/","name":"Paris Pop-up (Dominique Erhard) - book \/ album - Folio","isPartOf":{"@id":"https:\/\/foliobooks.pl\/en\/#website"},"primaryImageOfPage":{"@id":"https:\/\/foliobooks.pl\/en\/shop\/paris-pop-up\/#primaryimage"},"image":{"@id":"https:\/\/foliobooks.pl\/en\/shop\/paris-pop-up\/#primaryimage"},"thumbnailUrl":"https:\/\/foliobooks.pl\/wp-content\/uploads\/2021\/09\/9780789336880.png","datePublished":"2021-09-17T10:12:05+00:00","dateModified":"2024-11-29T13:27:29+00:00","description":"Wejd\u017a i kup ksi\u0105\u017ck\u0119 Paris Pop-up autorstwa Dominique Erhard wydan\u0105 przez Universe (2020-03-03) w formacie 11,4 x 15,2 cm (ISBN: 9780789336880). Zapraszamy!","breadcrumb":{"@id":"https:\/\/foliobooks.pl\/en\/shop\/paris-pop-up\/#breadcrumb"},"inLanguage":"en-US","potentialAction":[{"@type":"ReadAction","target":["https:\/\/foliobooks.pl\/en\/shop\/paris-pop-up\/"]}]},{"@type":"ImageObject","inLanguage":"en-US","@id":"https:\/\/foliobooks.pl\/en\/shop\/paris-pop-up\/#primaryimage","url":"https:\/\/foliobooks.pl\/wp-content\/uploads\/2021\/09\/9780789336880.png","contentUrl":"https:\/\/foliobooks.pl\/wp-content\/uploads\/2021\/09\/9780789336880.png","width":570,"height":708},{"@type":"BreadcrumbList","@id":"https:\/\/foliobooks.pl\/en\/shop\/paris-pop-up\/#breadcrumb","itemListElement":[{"@type":"ListItem","position":1,"name":"Strona g\u0142\u00f3wna","item":"https:\/\/foliobooks.pl\/en\/"},{"@type":"ListItem","position":2,"name":"Shop","item":"https:\/\/foliobooks.pl\/en\/shop\/"},{"@type":"ListItem","position":3,"name":"Paris Pop-up"}]},{"@type":"WebSite","@id":"https:\/\/foliobooks.pl\/en\/#website","url":"https:\/\/foliobooks.pl\/en\/","name":"Folio","description":"Ksi\u0119garnia internetowa","potentialAction":[{"@type":"SearchAction","target":{"@type":"EntryPoint","urlTemplate":"https:\/\/foliobooks.pl\/en\/?s={search_term_string}"},"query-input":{"@type":"PropertyValueSpecification","valueRequired":true,"valueName":"search_term_string"}}],"inLanguage":"en-US"}]}},"_links":{"self":[{"href":"https:\/\/foliobooks.pl\/en\/wp-json\/wp\/v2\/product\/56745","targetHints":{"allow":["GET"]}}],"collection":[{"href":"https:\/\/foliobooks.pl\/en\/wp-json\/wp\/v2\/product"}],"about":[{"href":"https:\/\/foliobooks.pl\/en\/wp-json\/wp\/v2\/types\/product"}],"replies":[{"embeddable":true,"href":"https:\/\/foliobooks.pl\/en\/wp-json\/wp\/v2\/comments?post=56745"}],"wp:featuredmedia":[{"embeddable":true,"href":"https:\/\/foliobooks.pl\/en\/wp-json\/wp\/v2\/media\/56744"}],"wp:attachment":[{"href":"https:\/\/foliobooks.pl\/en\/wp-json\/wp\/v2\/media?parent=56745"}],"wp:term":[{"taxonomy":"product_brand","embeddable":true,"href":"https:\/\/foliobooks.pl\/en\/wp-json\/wp\/v2\/product_brand?post=56745"},{"taxonomy":"product_cat","embeddable":true,"href":"https:\/\/foliobooks.pl\/en\/wp-json\/wp\/v2\/product_cat?post=56745"},{"taxonomy":"product_tag","embeddable":true,"href":"https:\/\/foliobooks.pl\/en\/wp-json\/wp\/v2\/product_tag?post=56745"}],"curies":[{"name":"wp","href":"https:\/\/api.w.org\/{rel}","templated":true}]}}