{"id":56502,"date":"2021-09-14T13:01:23","date_gmt":"2021-09-14T11:01:23","guid":{"rendered":"https:\/\/foliobooks.pl\/sklep\/arts-crafts-churches\/"},"modified":"2025-09-01T11:34:42","modified_gmt":"2025-09-01T09:34:42","slug":"arts-crafts-churches","status":"publish","type":"product","link":"https:\/\/foliobooks.pl\/en\/shop\/arts-crafts-churches\/","title":{"rendered":"Arts &#038; Crafts Churches"},"content":{"rendered":"<p>This comprehensive overview provides the first detailed account of the phenomenon of the Arts &amp; Crafts church, examining 150 of the finest examples, mostly built between 1884 and 1918 in England, Scotland, and Wales. Arts &amp; Crafts studies tend to focus on houses and furniture; churches were no longer central to architects&#8217; practice. A handful of well-known churches have been written about extensively, but these famous examples obscure the existence of scores of churches that express Arts &amp; Crafts ideas every bit as vividly. They also are rarely set alongside each other, nor seen within the wider context of not only how they were built, but why. These churches are visually arresting, with often quaint, far-fetched, or capricious exteriors. Internally, they often contain beautiful elements, including reredoses, pulpits, stained glass, and altars. They also tell a fascinating story about religion as Britain entered the age of modernity. While the architects were often religiously skeptical, they were still committed to making beauty. Author Alec Hamilton sets out the social and political context in which these churches were designed and constructed in the introductory section. The book is then divided into regional sections. Each section is headed by a short essay highlighting key architects and descriptions of notable churches within each region.<\/p>\n","protected":false},"excerpt":{"rendered":"<p>This comprehensive overview provides the first detailed account of the phenomenon of the Arts &amp; Crafts church, examining 150 of the finest examples, mostly built between 1884 and 1918 in England, Scotland, and Wales. Arts &amp; Crafts studies tend to focus on houses and furniture; churches were no longer central to architects&#8217; practice. A handful&#8230;<\/p>\n","protected":false},"featured_media":56495,"comment_status":"closed","ping_status":"closed","template":"","meta":[],"product_brand":[],"product_cat":[4522,13533],"product_tag":[9083,7468],"class_list":{"0":"post-56502","1":"product","2":"type-product","3":"status-publish","4":"has-post-thumbnail","6":"product_cat-art-en","7":"product_cat-books","8":"product_tag-art-en","9":"product_tag-religion-en","10":"pa_author_att-alec-hamilton-en","11":"pa_cover-hardcover","12":"pa_format-19-x-25-cm-en","13":"pa_isbn-9781848223219-en","14":"pa_language-eng","15":"pa_pages-352-en","16":"pa_published-2021-01-08-en","17":"pa_publisher-lund-humphries-en","19":"first","20":"outofstock","21":"sale","22":"sold-individually","23":"shipping-taxable","24":"purchasable","25":"product-type-simple"},"yoast_head":"<!-- This site is optimized with the Yoast SEO plugin v27.5 - https:\/\/yoast.com\/product\/yoast-seo-wordpress\/ -->\n<title>Arts &amp; Crafts Churches (Alec Hamilton) - book \/ album - Folio<\/title>\n<meta name=\"description\" content=\"Wejd\u017a i kup ksi\u0105\u017ck\u0119 Arts &amp; Crafts Churches autorstwa Alec Hamilton wydan\u0105 przez Lund Humphries (2021-01-08) w formacie 19 x 25 cm (ISBN: 9781848223219). Zapraszamy!\" \/>\n<meta name=\"robots\" content=\"index, follow, max-snippet:-1, max-image-preview:large, max-video-preview:-1\" \/>\n<link rel=\"canonical\" href=\"https:\/\/foliobooks.pl\/en\/shop\/arts-crafts-churches\/\" \/>\n<meta property=\"og:locale\" content=\"en_US\" \/>\n<meta property=\"og:type\" content=\"article\" \/>\n<meta property=\"og:title\" content=\"Arts &amp; Crafts Churches (Alec Hamilton) - book \/ album - Folio\" \/>\n<meta property=\"og:description\" content=\"Wejd\u017a i kup ksi\u0105\u017ck\u0119 Arts &amp; Crafts Churches autorstwa Alec Hamilton wydan\u0105 przez Lund Humphries (2021-01-08) w formacie 19 x 25 cm (ISBN: 9781848223219). Zapraszamy!\" \/>\n<meta property=\"og:url\" content=\"https:\/\/foliobooks.pl\/en\/shop\/arts-crafts-churches\/\" \/>\n<meta property=\"og:site_name\" content=\"Folio\" \/>\n<meta property=\"article:modified_time\" content=\"2025-09-01T09:34:42+00:00\" \/>\n<meta property=\"og:image\" content=\"https:\/\/foliobooks.pl\/wp-content\/uploads\/2021\/09\/9781848223219.png\" \/>\n\t<meta property=\"og:image:width\" content=\"570\" \/>\n\t<meta property=\"og:image:height\" content=\"708\" \/>\n\t<meta property=\"og:image:type\" content=\"image\/png\" \/>\n<meta name=\"twitter:card\" content=\"summary_large_image\" \/>\n<meta name=\"twitter:label1\" content=\"Est. reading time\" \/>\n\t<meta name=\"twitter:data1\" content=\"1 minute\" \/>\n<script type=\"application\/ld+json\" class=\"yoast-schema-graph\">{\"@context\":\"https:\\\/\\\/schema.org\",\"@graph\":[{\"@type\":\"WebPage\",\"@id\":\"https:\\\/\\\/foliobooks.pl\\\/en\\\/shop\\\/arts-crafts-churches\\\/\",\"url\":\"https:\\\/\\\/foliobooks.pl\\\/en\\\/shop\\\/arts-crafts-churches\\\/\",\"name\":\"Arts & Crafts Churches (Alec Hamilton) - book \\\/ album - Folio\",\"isPartOf\":{\"@id\":\"https:\\\/\\\/foliobooks.pl\\\/en\\\/#website\"},\"primaryImageOfPage\":{\"@id\":\"https:\\\/\\\/foliobooks.pl\\\/en\\\/shop\\\/arts-crafts-churches\\\/#primaryimage\"},\"image\":{\"@id\":\"https:\\\/\\\/foliobooks.pl\\\/en\\\/shop\\\/arts-crafts-churches\\\/#primaryimage\"},\"thumbnailUrl\":\"https:\\\/\\\/foliobooks.pl\\\/wp-content\\\/uploads\\\/2021\\\/09\\\/9781848223219.png\",\"datePublished\":\"2021-09-14T11:01:23+00:00\",\"dateModified\":\"2025-09-01T09:34:42+00:00\",\"description\":\"Wejd\u017a i kup ksi\u0105\u017ck\u0119 Arts & Crafts Churches autorstwa Alec Hamilton wydan\u0105 przez Lund Humphries (2021-01-08) w formacie 19 x 25 cm (ISBN: 9781848223219). Zapraszamy!\",\"breadcrumb\":{\"@id\":\"https:\\\/\\\/foliobooks.pl\\\/en\\\/shop\\\/arts-crafts-churches\\\/#breadcrumb\"},\"inLanguage\":\"en-US\",\"potentialAction\":[{\"@type\":\"ReadAction\",\"target\":[\"https:\\\/\\\/foliobooks.pl\\\/en\\\/shop\\\/arts-crafts-churches\\\/\"]}]},{\"@type\":\"ImageObject\",\"inLanguage\":\"en-US\",\"@id\":\"https:\\\/\\\/foliobooks.pl\\\/en\\\/shop\\\/arts-crafts-churches\\\/#primaryimage\",\"url\":\"https:\\\/\\\/foliobooks.pl\\\/wp-content\\\/uploads\\\/2021\\\/09\\\/9781848223219.png\",\"contentUrl\":\"https:\\\/\\\/foliobooks.pl\\\/wp-content\\\/uploads\\\/2021\\\/09\\\/9781848223219.png\",\"width\":570,\"height\":708},{\"@type\":\"BreadcrumbList\",\"@id\":\"https:\\\/\\\/foliobooks.pl\\\/en\\\/shop\\\/arts-crafts-churches\\\/#breadcrumb\",\"itemListElement\":[{\"@type\":\"ListItem\",\"position\":1,\"name\":\"Strona g\u0142\u00f3wna\",\"item\":\"https:\\\/\\\/foliobooks.pl\\\/en\\\/\"},{\"@type\":\"ListItem\",\"position\":2,\"name\":\"Shop\",\"item\":\"https:\\\/\\\/foliobooks.pl\\\/en\\\/shop\\\/\"},{\"@type\":\"ListItem\",\"position\":3,\"name\":\"Arts &#038; Crafts Churches\"}]},{\"@type\":\"WebSite\",\"@id\":\"https:\\\/\\\/foliobooks.pl\\\/en\\\/#website\",\"url\":\"https:\\\/\\\/foliobooks.pl\\\/en\\\/\",\"name\":\"Folio\",\"description\":\"Ksi\u0119garnia internetowa\",\"potentialAction\":[{\"@type\":\"SearchAction\",\"target\":{\"@type\":\"EntryPoint\",\"urlTemplate\":\"https:\\\/\\\/foliobooks.pl\\\/en\\\/?s={search_term_string}\"},\"query-input\":{\"@type\":\"PropertyValueSpecification\",\"valueRequired\":true,\"valueName\":\"search_term_string\"}}],\"inLanguage\":\"en-US\"}]}<\/script>\n<!-- \/ Yoast SEO plugin. -->","yoast_head_json":{"title":"Arts & Crafts Churches (Alec Hamilton) - book \/ album - Folio","description":"Wejd\u017a i kup ksi\u0105\u017ck\u0119 Arts & Crafts Churches autorstwa Alec Hamilton wydan\u0105 przez Lund Humphries (2021-01-08) w formacie 19 x 25 cm (ISBN: 9781848223219). Zapraszamy!","robots":{"index":"index","follow":"follow","max-snippet":"max-snippet:-1","max-image-preview":"max-image-preview:large","max-video-preview":"max-video-preview:-1"},"canonical":"https:\/\/foliobooks.pl\/en\/shop\/arts-crafts-churches\/","og_locale":"en_US","og_type":"article","og_title":"Arts & Crafts Churches (Alec Hamilton) - book \/ album - Folio","og_description":"Wejd\u017a i kup ksi\u0105\u017ck\u0119 Arts & Crafts Churches autorstwa Alec Hamilton wydan\u0105 przez Lund Humphries (2021-01-08) w formacie 19 x 25 cm (ISBN: 9781848223219). Zapraszamy!","og_url":"https:\/\/foliobooks.pl\/en\/shop\/arts-crafts-churches\/","og_site_name":"Folio","article_modified_time":"2025-09-01T09:34:42+00:00","og_image":[{"width":570,"height":708,"url":"https:\/\/foliobooks.pl\/wp-content\/uploads\/2021\/09\/9781848223219.png","type":"image\/png"}],"twitter_card":"summary_large_image","twitter_misc":{"Est. reading time":"1 minute"},"schema":{"@context":"https:\/\/schema.org","@graph":[{"@type":"WebPage","@id":"https:\/\/foliobooks.pl\/en\/shop\/arts-crafts-churches\/","url":"https:\/\/foliobooks.pl\/en\/shop\/arts-crafts-churches\/","name":"Arts & Crafts Churches (Alec Hamilton) - book \/ album - Folio","isPartOf":{"@id":"https:\/\/foliobooks.pl\/en\/#website"},"primaryImageOfPage":{"@id":"https:\/\/foliobooks.pl\/en\/shop\/arts-crafts-churches\/#primaryimage"},"image":{"@id":"https:\/\/foliobooks.pl\/en\/shop\/arts-crafts-churches\/#primaryimage"},"thumbnailUrl":"https:\/\/foliobooks.pl\/wp-content\/uploads\/2021\/09\/9781848223219.png","datePublished":"2021-09-14T11:01:23+00:00","dateModified":"2025-09-01T09:34:42+00:00","description":"Wejd\u017a i kup ksi\u0105\u017ck\u0119 Arts & Crafts Churches autorstwa Alec Hamilton wydan\u0105 przez Lund Humphries (2021-01-08) w formacie 19 x 25 cm (ISBN: 9781848223219). Zapraszamy!","breadcrumb":{"@id":"https:\/\/foliobooks.pl\/en\/shop\/arts-crafts-churches\/#breadcrumb"},"inLanguage":"en-US","potentialAction":[{"@type":"ReadAction","target":["https:\/\/foliobooks.pl\/en\/shop\/arts-crafts-churches\/"]}]},{"@type":"ImageObject","inLanguage":"en-US","@id":"https:\/\/foliobooks.pl\/en\/shop\/arts-crafts-churches\/#primaryimage","url":"https:\/\/foliobooks.pl\/wp-content\/uploads\/2021\/09\/9781848223219.png","contentUrl":"https:\/\/foliobooks.pl\/wp-content\/uploads\/2021\/09\/9781848223219.png","width":570,"height":708},{"@type":"BreadcrumbList","@id":"https:\/\/foliobooks.pl\/en\/shop\/arts-crafts-churches\/#breadcrumb","itemListElement":[{"@type":"ListItem","position":1,"name":"Strona g\u0142\u00f3wna","item":"https:\/\/foliobooks.pl\/en\/"},{"@type":"ListItem","position":2,"name":"Shop","item":"https:\/\/foliobooks.pl\/en\/shop\/"},{"@type":"ListItem","position":3,"name":"Arts &#038; Crafts Churches"}]},{"@type":"WebSite","@id":"https:\/\/foliobooks.pl\/en\/#website","url":"https:\/\/foliobooks.pl\/en\/","name":"Folio","description":"Ksi\u0119garnia internetowa","potentialAction":[{"@type":"SearchAction","target":{"@type":"EntryPoint","urlTemplate":"https:\/\/foliobooks.pl\/en\/?s={search_term_string}"},"query-input":{"@type":"PropertyValueSpecification","valueRequired":true,"valueName":"search_term_string"}}],"inLanguage":"en-US"}]}},"_links":{"self":[{"href":"https:\/\/foliobooks.pl\/en\/wp-json\/wp\/v2\/product\/56502","targetHints":{"allow":["GET"]}}],"collection":[{"href":"https:\/\/foliobooks.pl\/en\/wp-json\/wp\/v2\/product"}],"about":[{"href":"https:\/\/foliobooks.pl\/en\/wp-json\/wp\/v2\/types\/product"}],"replies":[{"embeddable":true,"href":"https:\/\/foliobooks.pl\/en\/wp-json\/wp\/v2\/comments?post=56502"}],"wp:featuredmedia":[{"embeddable":true,"href":"https:\/\/foliobooks.pl\/en\/wp-json\/wp\/v2\/media\/56495"}],"wp:attachment":[{"href":"https:\/\/foliobooks.pl\/en\/wp-json\/wp\/v2\/media?parent=56502"}],"wp:term":[{"taxonomy":"product_brand","embeddable":true,"href":"https:\/\/foliobooks.pl\/en\/wp-json\/wp\/v2\/product_brand?post=56502"},{"taxonomy":"product_cat","embeddable":true,"href":"https:\/\/foliobooks.pl\/en\/wp-json\/wp\/v2\/product_cat?post=56502"},{"taxonomy":"product_tag","embeddable":true,"href":"https:\/\/foliobooks.pl\/en\/wp-json\/wp\/v2\/product_tag?post=56502"}],"curies":[{"name":"wp","href":"https:\/\/api.w.org\/{rel}","templated":true}]}}