{"id":5633,"date":"2015-07-06T19:58:43","date_gmt":"2015-07-06T17:58:43","guid":{"rendered":"http:\/\/foliobooks.pl\/?post_type=product&#038;p=5633"},"modified":"2025-09-09T14:57:28","modified_gmt":"2025-09-09T12:57:28","slug":"in-the-wake-japanese-photographers-respond-to-311","status":"publish","type":"product","link":"https:\/\/foliobooks.pl\/en\/shop\/in-the-wake-japanese-photographers-respond-to-311\/","title":{"rendered":"In the Wake. Japanese Photographers Respond to 3\/11"},"content":{"rendered":"<p>The catastrophic events of March 11, 2011-the earthquake, tsunami and ensuing nuclear meltdown of the Fukushima Daiichi Nuclear Power Plant-have been called &#8220;the triple disaster&#8221; in Japan. Among the first artists to respond to these experiences were photographers. Some attempted to document the devastation, while others ruminated on the meaning and use of photography in the wake of tragedy. As the immediate effects of the earthquake and tsunami gave way to nuclear disaster, artists began to respond to the challenges of depicting an invisible threat that calls up the collective memory of Hiroshima and Nagasaki. Artists include Takashi Arai, Nobuyoshi Araki, Ishu Han, Naoya Hatakeyama, Takashi Homma, Kikuji Kawada, Rinko Kawauchi, Keizo Kitajima, Kozo Miyoshi, Masato Seto, Lieko Shiga, Shimpei Takada, Masaru Tatsuki, Daisuke Yokota and Tomoko Yoneda.<\/p>\n","protected":false},"excerpt":{"rendered":"<p>The catastrophic events of March 11, 2011-the earthquake, tsunami and ensuing nuclear meltdown of the Fukushima Daiichi Nuclear Power Plant-have been called &#8220;the triple disaster&#8221; in Japan. Among the first artists to respond to these experiences were photographers. Some attempted to document the devastation, while others ruminated on the meaning and use of photography in&#8230;<\/p>\n","protected":false},"featured_media":5632,"comment_status":"closed","ping_status":"closed","template":"","meta":[],"product_brand":[],"product_cat":[4517],"product_tag":[1681,516,1267],"class_list":{"0":"post-5633","1":"product","2":"type-product","3":"status-publish","4":"has-post-thumbnail","6":"product_cat-photography-en","7":"product_tag-history","8":"product_tag-places-en","9":"product_tag-reportage","10":"pa_author_att-anne-e-havinga-en","11":"pa_author_att-anne-nishimura-morse-en","12":"pa_cover-hardcover","13":"pa_format-225-x-32-cm-en","14":"pa_isbn-9780878468270-en","15":"pa_language-eng","16":"pa_pages-208-en-3","17":"pa_published-2015-05-26-en","18":"pa_publisher-museum-of-fine-arts-boston-en","20":"first","21":"instock","22":"sale","23":"sold-individually","24":"shipping-taxable","25":"purchasable","26":"product-type-simple"},"yoast_head":"<!-- This site is optimized with the Yoast SEO plugin v27.5 - https:\/\/yoast.com\/product\/yoast-seo-wordpress\/ -->\n<title>In the Wake. Japanese Photographers Respond to 3\/11 (Anne E. Havinga, Anne Nishimura Morse) - book \/ album - Folio<\/title>\n<meta name=\"description\" content=\"Wejd\u017a i kup ksi\u0105\u017ck\u0119 In the Wake. Japanese Photographers Respond to 3\/11 autorstwa Anne E. Havinga, Anne Nishimura Morse wydan\u0105 przez Museum of Fine Arts Boston (2015-05-26) w formacie 22,5 x 32 cm (ISBN: 9780878468270). Zapraszamy!\" \/>\n<meta name=\"robots\" content=\"index, follow, max-snippet:-1, max-image-preview:large, max-video-preview:-1\" \/>\n<link rel=\"canonical\" href=\"https:\/\/foliobooks.pl\/en\/shop\/in-the-wake-japanese-photographers-respond-to-311\/\" \/>\n<meta property=\"og:locale\" content=\"en_US\" \/>\n<meta property=\"og:type\" content=\"article\" \/>\n<meta property=\"og:title\" content=\"In the Wake. Japanese Photographers Respond to 3\/11 (Anne E. Havinga, Anne Nishimura Morse) - book \/ album - Folio\" \/>\n<meta property=\"og:description\" content=\"Wejd\u017a i kup ksi\u0105\u017ck\u0119 In the Wake. Japanese Photographers Respond to 3\/11 autorstwa Anne E. Havinga, Anne Nishimura Morse wydan\u0105 przez Museum of Fine Arts Boston (2015-05-26) w formacie 22,5 x 32 cm (ISBN: 9780878468270). Zapraszamy!\" \/>\n<meta property=\"og:url\" content=\"https:\/\/foliobooks.pl\/en\/shop\/in-the-wake-japanese-photographers-respond-to-311\/\" \/>\n<meta property=\"og:site_name\" content=\"Folio\" \/>\n<meta property=\"article:modified_time\" content=\"2025-09-09T12:57:28+00:00\" \/>\n<meta property=\"og:image\" content=\"https:\/\/foliobooks.pl\/wp-content\/uploads\/2015\/07\/9780878468270.png\" \/>\n\t<meta property=\"og:image:width\" content=\"570\" \/>\n\t<meta property=\"og:image:height\" content=\"708\" \/>\n\t<meta property=\"og:image:type\" content=\"image\/png\" \/>\n<meta name=\"twitter:card\" content=\"summary_large_image\" \/>\n<meta name=\"twitter:label1\" content=\"Est. reading time\" \/>\n\t<meta name=\"twitter:data1\" content=\"1 minute\" \/>\n<script type=\"application\/ld+json\" class=\"yoast-schema-graph\">{\"@context\":\"https:\\\/\\\/schema.org\",\"@graph\":[{\"@type\":\"WebPage\",\"@id\":\"https:\\\/\\\/foliobooks.pl\\\/en\\\/shop\\\/in-the-wake-japanese-photographers-respond-to-311\\\/\",\"url\":\"https:\\\/\\\/foliobooks.pl\\\/en\\\/shop\\\/in-the-wake-japanese-photographers-respond-to-311\\\/\",\"name\":\"In the Wake. Japanese Photographers Respond to 3\\\/11 (Anne E. Havinga, Anne Nishimura Morse) - book \\\/ album - Folio\",\"isPartOf\":{\"@id\":\"https:\\\/\\\/foliobooks.pl\\\/en\\\/#website\"},\"primaryImageOfPage\":{\"@id\":\"https:\\\/\\\/foliobooks.pl\\\/en\\\/shop\\\/in-the-wake-japanese-photographers-respond-to-311\\\/#primaryimage\"},\"image\":{\"@id\":\"https:\\\/\\\/foliobooks.pl\\\/en\\\/shop\\\/in-the-wake-japanese-photographers-respond-to-311\\\/#primaryimage\"},\"thumbnailUrl\":\"https:\\\/\\\/foliobooks.pl\\\/wp-content\\\/uploads\\\/2015\\\/07\\\/9780878468270.png\",\"datePublished\":\"2015-07-06T17:58:43+00:00\",\"dateModified\":\"2025-09-09T12:57:28+00:00\",\"description\":\"Wejd\u017a i kup ksi\u0105\u017ck\u0119 In the Wake. Japanese Photographers Respond to 3\\\/11 autorstwa Anne E. Havinga, Anne Nishimura Morse wydan\u0105 przez Museum of Fine Arts Boston (2015-05-26) w formacie 22,5 x 32 cm (ISBN: 9780878468270). Zapraszamy!\",\"breadcrumb\":{\"@id\":\"https:\\\/\\\/foliobooks.pl\\\/en\\\/shop\\\/in-the-wake-japanese-photographers-respond-to-311\\\/#breadcrumb\"},\"inLanguage\":\"en-US\",\"potentialAction\":[{\"@type\":\"ReadAction\",\"target\":[\"https:\\\/\\\/foliobooks.pl\\\/en\\\/shop\\\/in-the-wake-japanese-photographers-respond-to-311\\\/\"]}]},{\"@type\":\"ImageObject\",\"inLanguage\":\"en-US\",\"@id\":\"https:\\\/\\\/foliobooks.pl\\\/en\\\/shop\\\/in-the-wake-japanese-photographers-respond-to-311\\\/#primaryimage\",\"url\":\"https:\\\/\\\/foliobooks.pl\\\/wp-content\\\/uploads\\\/2015\\\/07\\\/9780878468270.png\",\"contentUrl\":\"https:\\\/\\\/foliobooks.pl\\\/wp-content\\\/uploads\\\/2015\\\/07\\\/9780878468270.png\",\"width\":570,\"height\":708},{\"@type\":\"BreadcrumbList\",\"@id\":\"https:\\\/\\\/foliobooks.pl\\\/en\\\/shop\\\/in-the-wake-japanese-photographers-respond-to-311\\\/#breadcrumb\",\"itemListElement\":[{\"@type\":\"ListItem\",\"position\":1,\"name\":\"Strona g\u0142\u00f3wna\",\"item\":\"https:\\\/\\\/foliobooks.pl\\\/en\\\/\"},{\"@type\":\"ListItem\",\"position\":2,\"name\":\"Shop\",\"item\":\"https:\\\/\\\/foliobooks.pl\\\/en\\\/shop\\\/\"},{\"@type\":\"ListItem\",\"position\":3,\"name\":\"In the Wake. Japanese Photographers Respond to 3\\\/11\"}]},{\"@type\":\"WebSite\",\"@id\":\"https:\\\/\\\/foliobooks.pl\\\/en\\\/#website\",\"url\":\"https:\\\/\\\/foliobooks.pl\\\/en\\\/\",\"name\":\"Folio\",\"description\":\"Ksi\u0119garnia internetowa\",\"potentialAction\":[{\"@type\":\"SearchAction\",\"target\":{\"@type\":\"EntryPoint\",\"urlTemplate\":\"https:\\\/\\\/foliobooks.pl\\\/en\\\/?s={search_term_string}\"},\"query-input\":{\"@type\":\"PropertyValueSpecification\",\"valueRequired\":true,\"valueName\":\"search_term_string\"}}],\"inLanguage\":\"en-US\"}]}<\/script>\n<!-- \/ Yoast SEO plugin. -->","yoast_head_json":{"title":"In the Wake. Japanese Photographers Respond to 3\/11 (Anne E. Havinga, Anne Nishimura Morse) - book \/ album - Folio","description":"Wejd\u017a i kup ksi\u0105\u017ck\u0119 In the Wake. Japanese Photographers Respond to 3\/11 autorstwa Anne E. Havinga, Anne Nishimura Morse wydan\u0105 przez Museum of Fine Arts Boston (2015-05-26) w formacie 22,5 x 32 cm (ISBN: 9780878468270). Zapraszamy!","robots":{"index":"index","follow":"follow","max-snippet":"max-snippet:-1","max-image-preview":"max-image-preview:large","max-video-preview":"max-video-preview:-1"},"canonical":"https:\/\/foliobooks.pl\/en\/shop\/in-the-wake-japanese-photographers-respond-to-311\/","og_locale":"en_US","og_type":"article","og_title":"In the Wake. Japanese Photographers Respond to 3\/11 (Anne E. Havinga, Anne Nishimura Morse) - book \/ album - Folio","og_description":"Wejd\u017a i kup ksi\u0105\u017ck\u0119 In the Wake. Japanese Photographers Respond to 3\/11 autorstwa Anne E. Havinga, Anne Nishimura Morse wydan\u0105 przez Museum of Fine Arts Boston (2015-05-26) w formacie 22,5 x 32 cm (ISBN: 9780878468270). Zapraszamy!","og_url":"https:\/\/foliobooks.pl\/en\/shop\/in-the-wake-japanese-photographers-respond-to-311\/","og_site_name":"Folio","article_modified_time":"2025-09-09T12:57:28+00:00","og_image":[{"width":570,"height":708,"url":"https:\/\/foliobooks.pl\/wp-content\/uploads\/2015\/07\/9780878468270.png","type":"image\/png"}],"twitter_card":"summary_large_image","twitter_misc":{"Est. reading time":"1 minute"},"schema":{"@context":"https:\/\/schema.org","@graph":[{"@type":"WebPage","@id":"https:\/\/foliobooks.pl\/en\/shop\/in-the-wake-japanese-photographers-respond-to-311\/","url":"https:\/\/foliobooks.pl\/en\/shop\/in-the-wake-japanese-photographers-respond-to-311\/","name":"In the Wake. Japanese Photographers Respond to 3\/11 (Anne E. Havinga, Anne Nishimura Morse) - book \/ album - Folio","isPartOf":{"@id":"https:\/\/foliobooks.pl\/en\/#website"},"primaryImageOfPage":{"@id":"https:\/\/foliobooks.pl\/en\/shop\/in-the-wake-japanese-photographers-respond-to-311\/#primaryimage"},"image":{"@id":"https:\/\/foliobooks.pl\/en\/shop\/in-the-wake-japanese-photographers-respond-to-311\/#primaryimage"},"thumbnailUrl":"https:\/\/foliobooks.pl\/wp-content\/uploads\/2015\/07\/9780878468270.png","datePublished":"2015-07-06T17:58:43+00:00","dateModified":"2025-09-09T12:57:28+00:00","description":"Wejd\u017a i kup ksi\u0105\u017ck\u0119 In the Wake. Japanese Photographers Respond to 3\/11 autorstwa Anne E. Havinga, Anne Nishimura Morse wydan\u0105 przez Museum of Fine Arts Boston (2015-05-26) w formacie 22,5 x 32 cm (ISBN: 9780878468270). Zapraszamy!","breadcrumb":{"@id":"https:\/\/foliobooks.pl\/en\/shop\/in-the-wake-japanese-photographers-respond-to-311\/#breadcrumb"},"inLanguage":"en-US","potentialAction":[{"@type":"ReadAction","target":["https:\/\/foliobooks.pl\/en\/shop\/in-the-wake-japanese-photographers-respond-to-311\/"]}]},{"@type":"ImageObject","inLanguage":"en-US","@id":"https:\/\/foliobooks.pl\/en\/shop\/in-the-wake-japanese-photographers-respond-to-311\/#primaryimage","url":"https:\/\/foliobooks.pl\/wp-content\/uploads\/2015\/07\/9780878468270.png","contentUrl":"https:\/\/foliobooks.pl\/wp-content\/uploads\/2015\/07\/9780878468270.png","width":570,"height":708},{"@type":"BreadcrumbList","@id":"https:\/\/foliobooks.pl\/en\/shop\/in-the-wake-japanese-photographers-respond-to-311\/#breadcrumb","itemListElement":[{"@type":"ListItem","position":1,"name":"Strona g\u0142\u00f3wna","item":"https:\/\/foliobooks.pl\/en\/"},{"@type":"ListItem","position":2,"name":"Shop","item":"https:\/\/foliobooks.pl\/en\/shop\/"},{"@type":"ListItem","position":3,"name":"In the Wake. Japanese Photographers Respond to 3\/11"}]},{"@type":"WebSite","@id":"https:\/\/foliobooks.pl\/en\/#website","url":"https:\/\/foliobooks.pl\/en\/","name":"Folio","description":"Ksi\u0119garnia internetowa","potentialAction":[{"@type":"SearchAction","target":{"@type":"EntryPoint","urlTemplate":"https:\/\/foliobooks.pl\/en\/?s={search_term_string}"},"query-input":{"@type":"PropertyValueSpecification","valueRequired":true,"valueName":"search_term_string"}}],"inLanguage":"en-US"}]}},"_links":{"self":[{"href":"https:\/\/foliobooks.pl\/en\/wp-json\/wp\/v2\/product\/5633","targetHints":{"allow":["GET"]}}],"collection":[{"href":"https:\/\/foliobooks.pl\/en\/wp-json\/wp\/v2\/product"}],"about":[{"href":"https:\/\/foliobooks.pl\/en\/wp-json\/wp\/v2\/types\/product"}],"replies":[{"embeddable":true,"href":"https:\/\/foliobooks.pl\/en\/wp-json\/wp\/v2\/comments?post=5633"}],"wp:featuredmedia":[{"embeddable":true,"href":"https:\/\/foliobooks.pl\/en\/wp-json\/wp\/v2\/media\/5632"}],"wp:attachment":[{"href":"https:\/\/foliobooks.pl\/en\/wp-json\/wp\/v2\/media?parent=5633"}],"wp:term":[{"taxonomy":"product_brand","embeddable":true,"href":"https:\/\/foliobooks.pl\/en\/wp-json\/wp\/v2\/product_brand?post=5633"},{"taxonomy":"product_cat","embeddable":true,"href":"https:\/\/foliobooks.pl\/en\/wp-json\/wp\/v2\/product_cat?post=5633"},{"taxonomy":"product_tag","embeddable":true,"href":"https:\/\/foliobooks.pl\/en\/wp-json\/wp\/v2\/product_tag?post=5633"}],"curies":[{"name":"wp","href":"https:\/\/api.w.org\/{rel}","templated":true}]}}